{"id":1509,"date":"2023-09-13T02:18:12","date_gmt":"2023-09-13T00:18:12","guid":{"rendered":"https:\/\/apalion.com\/?page_id=1509"},"modified":"2023-09-13T02:18:12","modified_gmt":"2023-09-13T00:18:12","slug":"cose-il-seo","status":"publish","type":"page","link":"https:\/\/apalion.com\/it\/was-ist-seo\/","title":{"rendered":"Che cos'\u00e8 la SEO?"},"content":{"rendered":"<figure class=\"wp-block-image size-large\"><a href=\"https:\/\/apalion.com\/wp-content\/uploads\/2023\/09\/Helene_Berger_Bildbeschreibung_Eine_illustrierte_Darstellung_de_23554f11-37c1-4f24-9386-707a506c54fc.png\"><img decoding=\"async\" width=\"1024\" height=\"574\" src=\"https:\/\/apalion.com\/wp-content\/uploads\/2023\/09\/Helene_Berger_Bildbeschreibung_Eine_illustrierte_Darstellung_de_23554f11-37c1-4f24-9386-707a506c54fc-1024x574.png\" alt=\"SEO\" class=\"wp-image-1510\" title=\"\" srcset=\"https:\/\/apalion.com\/wp-content\/uploads\/2023\/09\/Helene_Berger_Bildbeschreibung_Eine_illustrierte_Darstellung_de_23554f11-37c1-4f24-9386-707a506c54fc-1024x574.png 1024w, https:\/\/apalion.com\/wp-content\/uploads\/2023\/09\/Helene_Berger_Bildbeschreibung_Eine_illustrierte_Darstellung_de_23554f11-37c1-4f24-9386-707a506c54fc-980x549.png 980w, https:\/\/apalion.com\/wp-content\/uploads\/2023\/09\/Helene_Berger_Bildbeschreibung_Eine_illustrierte_Darstellung_de_23554f11-37c1-4f24-9386-707a506c54fc-480x269.png 480w\" sizes=\"(min-width: 0px) and (max-width: 480px) 480px, (min-width: 481px) and (max-width: 980px) 980px, (min-width: 981px) 1024px, 100vw\" \/><\/a><figcaption><\/figcaption><\/figure>\n\n\n\n<h2 class=\"wp-block-heading\">Introduzione all'ottimizzazione dei motori di ricerca (SEO)<\/h2>\n\n\n\n<p>Nel dinamico mondo del marketing digitale, l'ottimizzazione dei motori di ricerca, meglio nota come SEO, \u00e8 uno strumento indispensabile. Si tratta di un processo continuo in cui i contenuti digitali vengono ottimizzati per ottenere una posizione pi\u00f9 elevata nei risultati di ricerca, soprattutto su piattaforme come Google. Lo scopo principale della SEO \u00e8 aumentare la visibilit\u00e0 del vostro sito web, generare pi\u00f9 traffico organico e, in ultima analisi, aumentare il tasso di conversione.<\/p>\n\n\n\n<h3 class=\"wp-block-heading\">L'importanza della ricerca delle parole chiave<\/h3>\n\n\n\n<p>La ricerca delle parole chiave \u00e8 una fase fondamentale della strategia SEO. Vi aiuta a identificare le parole chiave giuste che vi aiuteranno a posizionarvi pi\u00f9 in alto nei risultati di ricerca. La giusta selezione e implementazione delle parole chiave pu\u00f2 fare la differenza tra il successo e il fallimento della vostra presenza online. \u00c8 la chiave per raggiungere e indirizzare efficacemente il vostro pubblico.<\/p>\n\n\n\n<h2 class=\"wp-block-heading\">Ottimizzazione della pagina: un primo passo verso l'eccellenza SEO<\/h2>\n\n\n\n<p>L'ottimizzazione della pagina \u00e8 la prima e fondamentale fase del processo SEO. Si tratta di progettare i contenuti in modo che offrano un valore aggiunto ai lettori e che indichino chiaramente ai motori di ricerca le parole chiave per cui dovrebbero classificarsi.<\/p>\n\n\n\n<h3 class=\"wp-block-heading\">Aspetti tecnici dell'ottimizzazione on-page<\/h3>\n\n\n\n<p>Gli aspetti tecnici dell'ottimizzazione on-page non devono essere trascurati. Tra questi, l'implementazione di un certificato SSL, l'ottimizzazione dei tempi di caricamento del sito e la fornitura di una versione mobile del sito. Inoltre, \u00e8 importante creare contenuti di alta qualit\u00e0 che offrano un reale valore aggiunto agli utenti. Anche la lunghezza del testo gioca un ruolo importante: molti esperti raccomandano che i post informativi abbiano una lunghezza compresa tra le 1000 e le 2000 parole per avere serie possibilit\u00e0 di posizionamento.<\/p>\n\n\n\n<h3 class=\"wp-block-heading\">Strategia e qualit\u00e0 dei contenuti<\/h3>\n\n\n\n<p>La qualit\u00e0 dei contenuti \u00e8 un altro aspetto importante dell'ottimizzazione on-page. \u00c8 importante creare contenuti informativi, ben studiati e rilevanti per il pubblico di riferimento. Anche l'inserimento di elementi multimediali come immagini e video pu\u00f2 contribuire a migliorare l'esperienza dell'utente e ad aumentare il tempo di permanenza sul sito.<\/p>\n\n\n\n<h2 class=\"wp-block-heading\">Ottimizzazione off-page: la strada per l'autorevolezza del vostro sito web<\/h2>\n\n\n\n<p>L'ottimizzazione off-page si riferisce a tutte le misure SEO che si svolgono al di fuori del vostro sito web. Si tratta principalmente della creazione di link, in cui altri siti web si collegano al vostro, il che \u00e8 considerato un segnale positivo per i motori di ricerca come Google.<\/p>\n\n\n\n<h3 class=\"wp-block-heading\">I backlink e la loro importanza<\/h3>\n\n\n\n<p>I backlink sono collegamenti di altri siti web al vostro sito. Possono essere considerati come raccomandazioni o riferimenti che aumentano la credibilit\u00e0 e l'autorit\u00e0 del vostro sito web. I backlink di alta qualit\u00e0 provenienti da siti web affidabili possono avere un impatto positivo sul vostro posizionamento SEO. Tuttavia, \u00e8 importante seguire una strategia di link building naturale e organica per evitare penalizzazioni da parte dei motori di ricerca.<\/p>\n\n\n\n<h3 class=\"wp-block-heading\">Attributi del collegamento e loro ruolo<\/h3>\n\n\n\n<p>Gli attributi dei link svolgono un ruolo importante nell'ottimizzazione off-page. L'attributo NoFollow, che pu\u00f2 essere applicato a un link, segnala ai motori di ricerca che il link di riferimento non \u00e8 pienamente affidabile, il che pu\u00f2 influire sulla forza del backlink. \u00c8 quindi importante avere un mix equilibrato di link NoFollow e DoFollow per promuovere una strategia di link building naturale.<\/p>\n\n\n\n<h2 class=\"wp-block-heading\">Ulteriori risorse e suggerimenti<\/h2>\n\n\n\n<p>Se volete saperne di pi\u00f9 sulla SEO, scaricate il nostro PDF gratuito per ottenere preziosi consigli e informazioni sull'ottimizzazione dei motori di ricerca. Questo PDF creato professionalmente \u00e8 un must per chiunque voglia avere successo nel marketing online. Sfruttate questa opportunit\u00e0 per ottimizzare il vostro sito web per i motori di ricerca e per gli utenti, in modo da ottenere pi\u00f9 traffico e visibilit\u00e0.<\/p>\n\n\n\n<figure class=\"wp-block-image size-large\"><a href=\"https:\/\/apalion.com\/wp-content\/uploads\/2023\/09\/Helene_Berger_Bildbeschreibung_Eine_illustrierte_Darstellung_de_d6b5498d-2638-4b56-8a96-9d59dae98117.png\"><img decoding=\"async\" width=\"1024\" height=\"574\" src=\"https:\/\/apalion.com\/wp-content\/uploads\/2023\/09\/Helene_Berger_Bildbeschreibung_Eine_illustrierte_Darstellung_de_d6b5498d-2638-4b56-8a96-9d59dae98117-1024x574.png\" alt=\"SEO\" class=\"wp-image-1511\" title=\"\" srcset=\"https:\/\/apalion.com\/wp-content\/uploads\/2023\/09\/Helene_Berger_Bildbeschreibung_Eine_illustrierte_Darstellung_de_d6b5498d-2638-4b56-8a96-9d59dae98117-1024x574.png 1024w, https:\/\/apalion.com\/wp-content\/uploads\/2023\/09\/Helene_Berger_Bildbeschreibung_Eine_illustrierte_Darstellung_de_d6b5498d-2638-4b56-8a96-9d59dae98117-980x549.png 980w, https:\/\/apalion.com\/wp-content\/uploads\/2023\/09\/Helene_Berger_Bildbeschreibung_Eine_illustrierte_Darstellung_de_d6b5498d-2638-4b56-8a96-9d59dae98117-480x269.png 480w\" sizes=\"(min-width: 0px) and (max-width: 480px) 480px, (min-width: 481px) and (max-width: 980px) 980px, (min-width: 981px) 1024px, 100vw\" \/><\/a><figcaption><\/figcaption><\/figure>\n\n\n\n<h3 class=\"wp-block-heading\">Per saperne di pi\u00f9<\/h3>\n\n\n\n<p>Abbiamo raccolto per voi alcuni interessanti articoli sull'argomento:<\/p>\n\n\n\n<ol class=\"wp-block-list\">\n<li><a href=\"https:\/\/moz.com\/learn\/seo\/what-is-seo\" target=\"_blank\" rel=\"noopener\">Moz - Cos'\u00e8 la SEO?<\/a><\/li>\n\n\n\n<li><a href=\"https:\/\/searchengineland.com\/guide\/what-is-seo\" target=\"_blank\" rel=\"noopener\">Search Engine Land - Che cos'\u00e8 la SEO?<\/a><\/li>\n\n\n\n<li><a href=\"https:\/\/backlinko.com\/hub\/seo\/what-is-seo\" target=\"_blank\" rel=\"noopener\">Backlinko - Che cos'\u00e8 la SEO?<\/a><\/li>\n\n\n\n<li><a href=\"https:\/\/support.google.com\/webmasters\/answer\/7451184?hl=en\/\" target=\"_blank\" rel=\"noopener\">Supporto Google - Migliorare il SEO del sito<\/a><\/li>\n<\/ol>","protected":false},"excerpt":{"rendered":"<p>Einf\u00fchrung in die Suchmaschinenoptimierung (SEO) In der dynamischen Welt des digitalen Marketings ist die Suchmaschinenoptimierung, besser bekannt als SEO, ein unverzichtbares Werkzeug. Es handelt sich um einen fortlaufenden Prozess, bei dem Ihre digitalen Inhalte optimiert werden, um eine h\u00f6here Position in den Suchergebnissen zu erzielen, insbesondere auf Plattformen wie Google. Der Hauptzweck von SEO ist [&hellip;]<\/p>\n","protected":false},"author":2,"featured_media":0,"parent":0,"menu_order":0,"comment_status":"closed","ping_status":"closed","template":"","meta":{"_acf_changed":false,"_et_pb_use_builder":"off","_et_pb_old_content":"","_et_gb_content_width":"","footnotes":""},"difl_page_category":[],"class_list":["post-1509","page","type-page","status-publish","hentry"],"acf":[],"_links":{"self":[{"href":"https:\/\/apalion.com\/it\/wp-json\/wp\/v2\/pages\/1509","targetHints":{"allow":["GET"]}}],"collection":[{"href":"https:\/\/apalion.com\/it\/wp-json\/wp\/v2\/pages"}],"about":[{"href":"https:\/\/apalion.com\/it\/wp-json\/wp\/v2\/types\/page"}],"author":[{"embeddable":true,"href":"https:\/\/apalion.com\/it\/wp-json\/wp\/v2\/users\/2"}],"replies":[{"embeddable":true,"href":"https:\/\/apalion.com\/it\/wp-json\/wp\/v2\/comments?post=1509"}],"version-history":[{"count":0,"href":"https:\/\/apalion.com\/it\/wp-json\/wp\/v2\/pages\/1509\/revisions"}],"wp:attachment":[{"href":"https:\/\/apalion.com\/it\/wp-json\/wp\/v2\/media?parent=1509"}],"wp:term":[{"taxonomy":"difl_page_category","embeddable":true,"href":"https:\/\/apalion.com\/it\/wp-json\/wp\/v2\/difl_page_category?post=1509"}],"curies":[{"name":"wp","href":"https:\/\/api.w.org\/{rel}","templated":true}]}}