{"id":1503,"date":"2023-09-13T02:04:40","date_gmt":"2023-09-13T00:04:40","guid":{"rendered":"https:\/\/apalion.com\/?page_id=1503"},"modified":"2023-09-13T02:04:40","modified_gmt":"2023-09-13T00:04:40","slug":"cosa-sono-i-meta-tag-dei-robot","status":"publish","type":"page","link":"https:\/\/apalion.com\/it\/was-sind-robot-meta-tags\/","title":{"rendered":"Cosa sono i meta tag dei robot"},"content":{"rendered":"<figure class=\"wp-block-image size-large\"><a href=\"https:\/\/apalion.com\/wp-content\/uploads\/2023\/09\/Helene_Berger_Bildbeschreibung_Eine_visuelle_Darstellung_die_ze_7bc0346e-fa58-4de6-8a52-cce0b95bfc96.png\"><img decoding=\"async\" width=\"1024\" height=\"574\" src=\"https:\/\/apalion.com\/wp-content\/uploads\/2023\/09\/Helene_Berger_Bildbeschreibung_Eine_visuelle_Darstellung_die_ze_7bc0346e-fa58-4de6-8a52-cce0b95bfc96-1024x574.png\" alt=\"Meta tag del robot\" class=\"wp-image-1504\" title=\"\" srcset=\"https:\/\/apalion.com\/wp-content\/uploads\/2023\/09\/Helene_Berger_Bildbeschreibung_Eine_visuelle_Darstellung_die_ze_7bc0346e-fa58-4de6-8a52-cce0b95bfc96-1024x574.png 1024w, https:\/\/apalion.com\/wp-content\/uploads\/2023\/09\/Helene_Berger_Bildbeschreibung_Eine_visuelle_Darstellung_die_ze_7bc0346e-fa58-4de6-8a52-cce0b95bfc96-980x549.png 980w, https:\/\/apalion.com\/wp-content\/uploads\/2023\/09\/Helene_Berger_Bildbeschreibung_Eine_visuelle_Darstellung_die_ze_7bc0346e-fa58-4de6-8a52-cce0b95bfc96-480x269.png 480w\" sizes=\"(min-width: 0px) and (max-width: 480px) 480px, (min-width: 481px) and (max-width: 980px) 980px, (min-width: 981px) 1024px, 100vw\" \/><\/a><figcaption><\/figcaption><\/figure>\n\n\n\n<p><\/p>\n\n\n\n<h1 class=\"wp-block-heading\">Meta tag del robot<\/h1>\n\n\n\n<p>I meta tag robot sono tag speciali che vengono integrati nell'area dell'intestazione del codice HTML di un sito web. Svolgono un ruolo cruciale nell'ottimizzazione tecnica dei motori di ricerca, fornendo ai motori di ricerca come Google istruzioni specifiche per il crawling e l'indicizzazione dell'URL. Questi tag sono uno strumento essenziale per costruire una presenza efficace sul web, poich\u00e9 vengono utilizzati insieme al file robots.txt per controllare la frequenza di crawling ed evitare contenuti duplicati.<\/p>\n\n\n\n<h2 class=\"wp-block-heading\">I diversi tipi di meta tag robot e le loro funzioni<\/h2>\n\n\n\n<p>A prima vista, la struttura del meta tag robot pu\u00f2 sembrare complessa. \u00c8 quindi importante dare un'occhiata pi\u00f9 da vicino ai vari attributi che lo compongono. Gli attributi principali sono \u201ename\u201c e \u201econtent\u201c, a ciascuno dei quali deve essere assegnato un valore specifico.<\/p>\n\n\n\n<h3 class=\"wp-block-heading\">Struttura e utilizzo dell'attributo \u201ename<\/h3>\n\n\n\n<p>L'attributo \u201ename\u201c ha il compito di garantire che i bot e i crawler seguano le istruzioni contenute nel meta tag robots. Una struttura tipica potrebbe essere la seguente:<\/p>\n\n\n\n<p><\/p>\n\n\n\n<p><code>name=\"robot\"<\/code><\/p>\n\n\n\n<p>Tuttavia, \u00e8 anche possibile impartire comandi diversi per ogni crawler. Ad esempio, si pu\u00f2 utilizzare questo meta tag robots:<\/p>\n\n\n\n<p><\/p>\n\n\n\n<p><code>.<\/code><\/p>\n\n\n\n<p>impedire l'indicizzazione da parte del motore di ricerca Google.<\/p>\n\n\n\n<h3 class=\"wp-block-heading\">L'attributo \u201econtent\u201c e il suo significato<\/h3>\n\n\n\n<p>L'attributo \u201econtent\u201c viene utilizzato per fornire all'interprete informazioni specifiche. L'agente utente fa parte dell'intestazione HTTP che viene trasmessa con una richiesta. Su Internet, i client, come il browser, comunicano con i server Web tramite il protocollo HTTP. L'agente utente fornisce al server alcune informazioni sul client. Se il meta tag robots di un sito web non \u00e8 specificato, questo rimane impostato di default e viene indicizzato regolarmente.<\/p>\n\n\n\n<h3 class=\"wp-block-heading\">Controllo dell'indicizzazione da parte dei motori di ricerca<\/h3>\n\n\n\n<p>Non \u00e8 necessario che ogni contenuto del vostro sito web sia indicizzato da un motore di ricerca. Utilizzando i meta tag robots, \u00e8 possibile impedire che determinate informazioni vengano indicizzate dai motori di ricerca come Google e visualizzate nei risultati di ricerca. Ci\u00f2 si ottiene includendo istruzioni specifiche nel codice sorgente del vostro sito web, come ad esempio<\/p>\n\n\n\n<p><\/p>\n\n\n\n<p><code>.<\/code><\/p>\n\n\n\n<p>Questo codice impedisce alla pagina di apparire nei risultati di ricerca, memorizzandolo nel file robots.txt del sito web. Questo file consente di definire varie istruzioni per i bot, come la frequenza di crawling, la posizione della sitemap o la prevenzione dell'indicizzazione di contenuti duplicati.<\/p>\n\n\n\n<h2 class=\"wp-block-heading\">Apalion AG: il vostro partner affidabile per il SEO<\/h2>\n\n\n\n<p>Noi di Apalion AG ci impegniamo a rendere la vostra presenza online visibile e attraente per il vostro pubblico di riferimento. Ci concentriamo sulla corretta implementazione e applicazione di metadati rilevanti per ottenere i migliori risultati possibili. Il nostro approccio non \u00e8 solo orientato ai motori di ricerca, ma anche all'utente, con un'attenzione particolare alla creazione di contenuti e alla personalizzazione tecnica progettata da persone per persone.<\/p>\n\n\n\n<figure class=\"wp-block-image size-large\"><a href=\"https:\/\/apalion.com\/wp-content\/uploads\/2023\/09\/Helene_Berger_Bildbeschreibung_Eine_visuelle_Darstellung_die_ze_699dd307-4e0c-41ba-8b37-5aa264bdecbd-1.png\"><img decoding=\"async\" width=\"1024\" height=\"574\" src=\"https:\/\/apalion.com\/wp-content\/uploads\/2023\/09\/Helene_Berger_Bildbeschreibung_Eine_visuelle_Darstellung_die_ze_699dd307-4e0c-41ba-8b37-5aa264bdecbd-1-1024x574.png\" alt=\"Meta tag del robot\" class=\"wp-image-1505\" title=\"\" srcset=\"https:\/\/apalion.com\/wp-content\/uploads\/2023\/09\/Helene_Berger_Bildbeschreibung_Eine_visuelle_Darstellung_die_ze_699dd307-4e0c-41ba-8b37-5aa264bdecbd-1-1024x574.png 1024w, https:\/\/apalion.com\/wp-content\/uploads\/2023\/09\/Helene_Berger_Bildbeschreibung_Eine_visuelle_Darstellung_die_ze_699dd307-4e0c-41ba-8b37-5aa264bdecbd-1-980x549.png 980w, https:\/\/apalion.com\/wp-content\/uploads\/2023\/09\/Helene_Berger_Bildbeschreibung_Eine_visuelle_Darstellung_die_ze_699dd307-4e0c-41ba-8b37-5aa264bdecbd-1-480x269.png 480w\" sizes=\"(min-width: 0px) and (max-width: 480px) 480px, (min-width: 481px) and (max-width: 980px) 980px, (min-width: 981px) 1024px, 100vw\" \/><\/a><figcaption><\/figcaption><\/figure>\n\n\n\n<h3 class=\"wp-block-heading\">Per saperne di pi\u00f9<\/h3>\n\n\n\n<p>Abbiamo raccolto per voi alcuni articoli interessanti su questo tema:<\/p>\n\n\n\n<ol class=\"wp-block-list\">\n<li><a href=\"https:\/\/old.apalion.com\/effektive-seo-analyse-mit-apalion-ag\/\" data-type=\"page\" data-id=\"1371\">Meta tag di robot: un'introduzione<\/a><\/li>\n\n\n\n<li><a href=\"https:\/\/www.example.com\/article2\" target=\"_blank\" rel=\"noopener\">Le migliori pratiche per la <\/a><a href=\"https:\/\/old.apalion.com\/seo-selber-machen\/\" data-type=\"post\" data-id=\"1987\">Utilizzo <\/a><a href=\"https:\/\/developers.google.com\/search\/docs\/crawling-indexing\/special-tags?hl=de\" target=\"_blank\" rel=\"noopener\">dai meta tag di Robots<\/a><\/li>\n\n\n\n<li><a href=\"https:\/\/www.example.com\/article3\" target=\"_blank\" rel=\"noopener\">SEO tecnico: A <\/a><a href=\"https:\/\/old.apalion.com\/gute-seo-texte-erstellen-fuer-onpage-optimierung\/\" data-type=\"page\" data-id=\"1464\">Guida <\/a><a href=\"https:\/\/developers.google.com\/search\/docs\/crawling-indexing\/robots-meta-tag?hl=de\" target=\"_blank\" rel=\"noopener\">ai meta tag di robot<\/a><\/li>\n<\/ol>","protected":false},"excerpt":{"rendered":"<p>Robot-Meta-Tags Robot-Meta-Tags sind spezielle Tags, die in den Header-Bereich des HTML-Codes einer Webseite integriert werden. Sie spielen eine entscheidende Rolle in der technischen Suchmaschinenoptimierung, indem sie Suchmaschinen wie Google spezifische Anweisungen zum Crawlen und zur Indexierung der URL geben. Diese Tags sind ein wesentliches Werkzeug beim Aufbau einer effektiven Internetpr\u00e4senz, da sie zusammen mit der [&hellip;]<\/p>\n","protected":false},"author":2,"featured_media":0,"parent":0,"menu_order":0,"comment_status":"closed","ping_status":"closed","template":"","meta":{"_acf_changed":false,"_et_pb_use_builder":"off","_et_pb_old_content":"<!-- wp:image {\"id\":1504,\"sizeSlug\":\"large\",\"linkDestination\":\"media\"} -->\n<figure class=\"wp-block-image size-large\"><a href=\"https:\/\/apalion.com\/wp-content\/uploads\/2023\/09\/Helene_Berger_Bildbeschreibung_Eine_visuelle_Darstellung_die_ze_7bc0346e-fa58-4de6-8a52-cce0b95bfc96.png\"><img src=\"https:\/\/apalion.com\/wp-content\/uploads\/2023\/09\/Helene_Berger_Bildbeschreibung_Eine_visuelle_Darstellung_die_ze_7bc0346e-fa58-4de6-8a52-cce0b95bfc96-1024x574.png\" alt=\"Robot-Meta-Tags\" class=\"wp-image-1504\"\/><\/a><\/figure>\n<!-- \/wp:image -->\n\n<!-- wp:paragraph -->\n<p>Robot-Meta-Tags sind spezielle Tags, die in den Header-Bereich des HTML-Codes einer Webseite integriert werden. Sie spielen eine entscheidende Rolle in der technischen Suchmaschinenoptimierung, indem sie Suchmaschinen wie Google spezifische Anweisungen zum Crawlen und zur Indexierung der URL geben. Diese Tags sind ein wesentliches Werkzeug beim Aufbau einer effektiven Internetpr\u00e4senz, da sie zusammen mit der robots.txt Datei verwendet werden, um die Crawling-Frequenz zu steuern und Duplicate Content zu vermeiden.<\/p>\n<!-- \/wp:paragraph -->\n\n<!-- wp:heading -->\n<h2 class=\"wp-block-heading\">Die verschiedenen Arten von Robot-Meta-Tags und ihre Funktionen<\/h2>\n<!-- \/wp:heading -->\n\n<!-- wp:paragraph -->\n<p>Auf den ersten Blick mag der Aufbau des Robot-Meta-Tags komplex erscheinen. Daher ist es wichtig, die verschiedenen Attribute, die sich dahinter verbergen, genauer zu betrachten. Die Hauptattribute sind \u201ename\u201c und \u201econtent\u201c, die jeweils mit einem spezifischen Wert versehen werden m\u00fcssen.<\/p>\n<!-- \/wp:paragraph -->\n\n<!-- wp:heading {\"level\":3} -->\n<h3 class=\"wp-block-heading\">Der Aufbau und die Anwendung des \"name\"-Attributs<\/h3>\n<!-- \/wp:heading -->\n\n<!-- wp:paragraph -->\n<p>Das \u201ename\u201c-Attribut ist daf\u00fcr verantwortlich, dass die Bots und Crawler den im Robots Meta Tag enthaltenen Anweisungen folgen. Ein typischer Aufbau k\u00f6nnte so aussehen:<\/p>\n<!-- \/wp:paragraph -->\n\n<!-- wp:paragraph -->\n<p><\/p>\n<!-- \/wp:paragraph -->\n\n<!-- wp:paragraph -->\n<p><code>name=\"robots\"<\/code><\/p>\n<!-- \/wp:paragraph -->\n\n<!-- wp:paragraph -->\n<p>Es ist jedoch auch m\u00f6glich, unterschiedliche Befehle f\u00fcr jeden Crawler auszugeben. Zum Beispiel k\u00f6nnte die Verwendung dieses Robots Meta Tags:<\/p>\n<!-- \/wp:paragraph -->\n\n<!-- wp:paragraph -->\n<p><\/p>\n<!-- \/wp:paragraph -->\n\n<!-- wp:paragraph -->\n<p><code>&lt;meta name=\"googlebot\" content=\"noindex\"&gt;<\/code><\/p>\n<!-- \/wp:paragraph -->\n\n<!-- wp:paragraph -->\n<p>die Indexierung durch die Google-Suchmaschine verhindern.<\/p>\n<!-- \/wp:paragraph -->\n\n<!-- wp:heading {\"level\":3} -->\n<h3 class=\"wp-block-heading\">Der \"content\"-Attribut und seine Bedeutung<\/h3>\n<!-- \/wp:heading -->\n\n<!-- wp:paragraph -->\n<p>Das \u201econtent\u201c-Attribut dient dazu, dem User Agent spezifische Hinweise zu geben. Der User Agent ist ein Teil des HTTP-Headers, der bei einer Anfrage \u00fcbermittelt wird. Im Internet kommunizieren Clients, wie Ihr Browser, \u00fcber das HTTP-Protokoll mit Webservern. Der User Agent liefert dem Server bestimmte Informationen \u00fcber den Client. Wenn der Robots Meta Tag einer Webseite nicht spezifiziert ist, bleibt sie in der Standardeinstellung und wird regul\u00e4r indexiert.<\/p>\n<!-- \/wp:paragraph -->\n\n<!-- wp:heading {\"level\":3} -->\n<h3 class=\"wp-block-heading\">Kontrolle der Indexierung durch Suchmaschinen<\/h3>\n<!-- \/wp:heading -->\n\n<!-- wp:paragraph -->\n<p>Es ist nicht notwendig, dass jeder Inhalt Ihrer Website von einer Suchmaschine indexiert wird. Mit dem Einsatz von Robots Meta Tags k\u00f6nnen Sie verhindern, dass bestimmte Informationen von Suchmaschinen wie Google indexiert und in den Suchergebnissen angezeigt werden. Dies wird erreicht, indem spezifische Anweisungen im Quelltext Ihrer Website hinterlegt werden, wie zum Beispiel:<\/p>\n<!-- \/wp:paragraph -->\n\n<!-- wp:paragraph -->\n<p><\/p>\n<!-- \/wp:paragraph -->\n\n<!-- wp:paragraph -->\n<p><code>&lt;meta name=\"robots\" content=\"noindex\"&gt;<\/code><\/p>\n<!-- \/wp:paragraph -->\n\n<!-- wp:paragraph -->\n<p>Dieser Code verhindert, dass die Seite in den Suchergebnissen erscheint, indem er in der robots.txt Datei Ihrer Website hinterlegt wird. Diese Datei erm\u00f6glicht es Ihnen, verschiedene Anweisungen f\u00fcr Bots festzulegen, wie die Crawling-Frequenz, den Standort der Sitemap oder das Verhindern der Indexierung von Duplicate Content.<\/p>\n<!-- \/wp:paragraph -->\n\n<!-- wp:heading -->\n<h2 class=\"wp-block-heading\">Apalion AG: Ihr zuverl\u00e4ssiger Partner f\u00fcr SEO<\/h2>\n<!-- \/wp:heading -->\n\n<!-- wp:paragraph -->\n<p>Bei Apalion AG setzen wir uns daf\u00fcr ein, Ihre Online-Pr\u00e4senz sichtbar und attraktiv f\u00fcr Ihre Zielgruppe zu machen. Wir konzentrieren uns auf die korrekte Implementierung und Anwendung relevanter Metadaten, um die bestm\u00f6glichen Ergebnisse zu erzielen. Unser Ansatz ist nicht nur suchmaschinenorientiert, sondern auch nutzerfreundlich, mit einem Fokus auf die Erstellung von Inhalten und technischen Anpassungen, die von Menschen f\u00fcr Menschen entwickelt wurden.<\/p>\n<!-- \/wp:paragraph -->\n\n<!-- wp:image {\"id\":1505,\"sizeSlug\":\"large\",\"linkDestination\":\"media\"} -->\n<figure class=\"wp-block-image size-large\"><a href=\"https:\/\/apalion.com\/wp-content\/uploads\/2023\/09\/Helene_Berger_Bildbeschreibung_Eine_visuelle_Darstellung_die_ze_699dd307-4e0c-41ba-8b37-5aa264bdecbd-1.png\"><img src=\"https:\/\/apalion.com\/wp-content\/uploads\/2023\/09\/Helene_Berger_Bildbeschreibung_Eine_visuelle_Darstellung_die_ze_699dd307-4e0c-41ba-8b37-5aa264bdecbd-1-1024x574.png\" alt=\"Robot-Meta-Tags\" class=\"wp-image-1505\"\/><\/a><\/figure>\n<!-- \/wp:image -->\n\n<!-- wp:heading {\"level\":3} -->\n<h3 class=\"wp-block-heading\">Lernen Sie mehr<\/h3>\n<!-- \/wp:heading -->\n\n<!-- wp:paragraph -->\n<p>Wir haben hier einige interessante Artikel zum Thema f\u00fcr Sie zusammengestellt:<\/p>\n<!-- \/wp:paragraph -->\n\n<!-- wp:list {\"ordered\":true} -->\n<ol><!-- wp:list-item -->\n<li><a href=\"https:\/\/old.apalion.com\/effektive-seo-analyse-mit-apalion-ag\/\" data-type=\"page\" data-id=\"1371\">Robots Meta Tags: Eine Einf\u00fchrung<\/a><\/li>\n<!-- \/wp:list-item -->\n\n<!-- wp:list-item -->\n<li><a href=\"https:\/\/www.example.com\/article2\">Best Practices f\u00fcr die <\/a><a href=\"https:\/\/old.apalion.com\/seo-selber-machen\/\" data-type=\"post\" data-id=\"1987\">Verwendung <\/a><a href=\"https:\/\/www.example.com\/article2\">von Robots Meta Tags<\/a><\/li>\n<!-- \/wp:list-item -->\n\n<!-- wp:list-item -->\n<li><a href=\"https:\/\/www.example.com\/article3\">Technische SEO: Ein <\/a><a href=\"https:\/\/old.apalion.com\/gute-seo-texte-erstellen-fuer-onpage-optimierung\/\" data-type=\"page\" data-id=\"1464\">Leitfaden <\/a><a href=\"https:\/\/www.example.com\/article3\">zu Robots Meta Tags<\/a><\/li>\n<!-- \/wp:list-item --><\/ol>\n<!-- \/wp:list -->","_et_gb_content_width":"","footnotes":""},"difl_page_category":[],"class_list":["post-1503","page","type-page","status-publish","hentry"],"acf":[],"_links":{"self":[{"href":"https:\/\/apalion.com\/it\/wp-json\/wp\/v2\/pages\/1503","targetHints":{"allow":["GET"]}}],"collection":[{"href":"https:\/\/apalion.com\/it\/wp-json\/wp\/v2\/pages"}],"about":[{"href":"https:\/\/apalion.com\/it\/wp-json\/wp\/v2\/types\/page"}],"author":[{"embeddable":true,"href":"https:\/\/apalion.com\/it\/wp-json\/wp\/v2\/users\/2"}],"replies":[{"embeddable":true,"href":"https:\/\/apalion.com\/it\/wp-json\/wp\/v2\/comments?post=1503"}],"version-history":[{"count":0,"href":"https:\/\/apalion.com\/it\/wp-json\/wp\/v2\/pages\/1503\/revisions"}],"wp:attachment":[{"href":"https:\/\/apalion.com\/it\/wp-json\/wp\/v2\/media?parent=1503"}],"wp:term":[{"taxonomy":"difl_page_category","embeddable":true,"href":"https:\/\/apalion.com\/it\/wp-json\/wp\/v2\/difl_page_category?post=1503"}],"curies":[{"name":"wp","href":"https:\/\/api.w.org\/{rel}","templated":true}]}}