{"id":1499,"date":"2023-09-13T01:45:18","date_gmt":"2023-09-12T23:45:18","guid":{"rendered":"https:\/\/apalion.com\/?page_id=1499"},"modified":"2023-09-13T01:45:18","modified_gmt":"2023-09-12T23:45:18","slug":"meta-parole-chiave-onpage-seo","status":"publish","type":"page","link":"https:\/\/apalion.com\/it\/meta-keywords-onpage-seo\/","title":{"rendered":"Meta parole chiave: cosa c'\u00e8 da sapere"},"content":{"rendered":"<figure class=\"wp-block-image size-large\"><a href=\"https:\/\/apalion.com\/wp-content\/uploads\/2023\/09\/Helene_Berger_Ich_werde_nun_die_genaue_Wortanzahl_uberprufen_un_575e04d9-85be-40d3-a4e3-8cc68ff6f4a8.png\"><img decoding=\"async\" width=\"1024\" height=\"574\" src=\"https:\/\/apalion.com\/wp-content\/uploads\/2023\/09\/Helene_Berger_Ich_werde_nun_die_genaue_Wortanzahl_uberprufen_un_575e04d9-85be-40d3-a4e3-8cc68ff6f4a8-1024x574.png\" alt=\"Parole chiave\" class=\"wp-image-1500\" title=\"\" srcset=\"https:\/\/apalion.com\/wp-content\/uploads\/2023\/09\/Helene_Berger_Ich_werde_nun_die_genaue_Wortanzahl_uberprufen_un_575e04d9-85be-40d3-a4e3-8cc68ff6f4a8-1024x574.png 1024w, https:\/\/apalion.com\/wp-content\/uploads\/2023\/09\/Helene_Berger_Ich_werde_nun_die_genaue_Wortanzahl_uberprufen_un_575e04d9-85be-40d3-a4e3-8cc68ff6f4a8-980x549.png 980w, https:\/\/apalion.com\/wp-content\/uploads\/2023\/09\/Helene_Berger_Ich_werde_nun_die_genaue_Wortanzahl_uberprufen_un_575e04d9-85be-40d3-a4e3-8cc68ff6f4a8-480x269.png 480w\" sizes=\"(min-width: 0px) and (max-width: 480px) 480px, (min-width: 481px) and (max-width: 980px) 980px, (min-width: 981px) 1024px, 100vw\" \/><\/a><figcaption><\/figcaption><\/figure>\n\n\n\n<p>Le meta-parole chiave, un tempo parte essenziale dell'ottimizzazione dei motori di ricerca (SEO), sono diventate meno importanti nel corso degli anni. Agli albori di Internet, esse consentivano ai proprietari di siti web di etichettare parole e frasi chiave pertinenti nel codice HTML della loro pagina web per definire il focus tematico della pagina. Noi di Apalion AG poniamo l'accento sulla corretta implementazione di tutte le informazioni meta, compresi meta titolo e meta descrizione, per garantire un design del sito web efficace e di facile utilizzo.<\/p>\n\n\n\n<h2 class=\"wp-block-heading\">L'origine e lo sviluppo delle meta-parole chiave<\/h2>\n\n\n\n<p>I primi motori di ricerca a utilizzare le meta-parole chiave sono stati Infoseek e Altavista. La loro popolarit\u00e0 raggiunse l'apice alla fine degli anni '90, ma col tempo i motori di ricerca si resero conto che erano un indicatore inaffidabile del contenuto e della qualit\u00e0 di un sito web. Con l'avvento di Internet commerciale e l'introduzione dei primi motori di ricerca, \u00e8 iniziato un lavoro continuo per migliorare la visibilit\u00e0 dei siti web. Quello che oggi \u00e8 conosciuto come SEO era allora indicato come posizionamento nei motori di ricerca. A partire dal 2001, il termine SEO si \u00e8 affermato ed \u00e8 oggi utilizzato per l'ottimizzazione delle presenze online.<\/p>\n\n\n\n<h2 class=\"wp-block-heading\">L'uso corretto delle meta-parole chiave<\/h2>\n\n\n\n<p>\u00c8 importante capire che il semplice inserimento di centinaia di meta-parole chiave in un'area invisibile all'utente non crea contenuti rilevanti. In passato, le meta-parole chiave contenevano spesso informazioni che non avevano alcuna relazione con il contenuto effettivo del sito web, con il risultato di un'ottimizzazione poco intuitiva per l'utente. Questa pratica, nota come keyword stuffing, \u00e8 una caratteristica del black-hat SEO, in cui non vengono rispettate le linee guida degli operatori dei motori di ricerca.<\/p>\n\n\n\n<h2 class=\"wp-block-heading\">Evitare le tecniche di black-hat SEO<\/h2>\n\n\n\n<p>Nel mondo della SEO \u00e8 fondamentale evitare le tecniche di black hat SEO, spesso associate all'uso improprio delle meta-parole chiave. Queste tecniche possono avere conseguenze negative sul posizionamento del sito web e quindi non dovrebbero pi\u00f9 essere utilizzate. I motori di ricerca come Google prendono provvedimenti severi contro queste infrazioni e i siti web che utilizzano tali tecniche possono essere penalizzati o addirittura esclusi dall'indice di Google.<\/p>\n\n\n\n<h2 class=\"wp-block-heading\">La rilevanza delle meta-parole chiave oggi<\/h2>\n\n\n\n<p>Oggi i motori di ricerca come Google non attribuiscono pi\u00f9 alcuna importanza alle meta-parole chiave, come \u00e8 stato confermato gi\u00e0 nel 2012. Al contrario, il tag title, la meta description e i meta tag robots sono pi\u00f9 importanti per la SEO. Noi di Apalion AG ci concentriamo sull'aiutarvi a creare una presenza online efficace e facile da usare, conforme agli attuali standard SEO.<\/p>\n\n\n\n<h3 class=\"wp-block-heading\">SEO oggi: oltre le meta parole chiave<\/h3>\n\n\n\n<p>Nel panorama moderno della SEO, \u00e8 consigliabile concentrarsi sull'ottimizzazione dei contenuti, sull'utilizzo di parole chiave pertinenti nel testo, sul miglioramento dell'esperienza utente e sulla creazione di backlink di qualit\u00e0. Un'accurata ricerca di parole chiave \u00e8 inoltre essenziale per identificare le parole chiave ricercate dal vostro pubblico target e adatte al vostro argomento.<\/p>\n\n\n\n<h3 class=\"wp-block-heading\">Apalion AG: il vostro partner per una SEO sostenibile<\/h3>\n\n\n\n<p>Il nostro team di Apalion AG si concentra sullo sviluppo di concetti lungimiranti che consentono una visibilit\u00e0 adeguata. Poniamo particolare enfasi sulla corretta formulazione e applicazione dei metadati pertinenti per ottenere i migliori risultati possibili. La nostra attenzione non si concentra solo sui motori di ricerca, ma anche sull'ottimizzazione user-friendly - per contenuti e adattamenti tecnici creati da persone per persone.<\/p>\n\n\n\n<figure class=\"wp-block-image size-large\"><a href=\"https:\/\/apalion.com\/wp-content\/uploads\/2023\/09\/Helene_Berger_Ich_werde_nun_die_genaue_Wortanzahl_uberprufen_un_e934bb71-7d0f-43dd-8bce-7d58222be3d8.png\"><img decoding=\"async\" width=\"1024\" height=\"574\" src=\"https:\/\/apalion.com\/wp-content\/uploads\/2023\/09\/Helene_Berger_Ich_werde_nun_die_genaue_Wortanzahl_uberprufen_un_e934bb71-7d0f-43dd-8bce-7d58222be3d8-1024x574.png\" alt=\"Parole chiave\" class=\"wp-image-1501\" title=\"\" srcset=\"https:\/\/apalion.com\/wp-content\/uploads\/2023\/09\/Helene_Berger_Ich_werde_nun_die_genaue_Wortanzahl_uberprufen_un_e934bb71-7d0f-43dd-8bce-7d58222be3d8-1024x574.png 1024w, https:\/\/apalion.com\/wp-content\/uploads\/2023\/09\/Helene_Berger_Ich_werde_nun_die_genaue_Wortanzahl_uberprufen_un_e934bb71-7d0f-43dd-8bce-7d58222be3d8-980x549.png 980w, https:\/\/apalion.com\/wp-content\/uploads\/2023\/09\/Helene_Berger_Ich_werde_nun_die_genaue_Wortanzahl_uberprufen_un_e934bb71-7d0f-43dd-8bce-7d58222be3d8-480x269.png 480w\" sizes=\"(min-width: 0px) and (max-width: 480px) 480px, (min-width: 481px) and (max-width: 980px) 980px, (min-width: 981px) 1024px, 100vw\" \/><\/a><figcaption><\/figcaption><\/figure>\n\n\n\n<h3 class=\"wp-block-heading\">Per saperne di pi\u00f9<\/h3>\n\n\n\n<p>Abbiamo raccolto per voi alcuni articoli interessanti su questo tema:<\/p>\n\n\n\n<ol class=\"wp-block-list\">\n<li><a href=\"https:\/\/ahrefs.com\/blog\/de\/meta-keywords\/\" target=\"_blank\" rel=\"noopener\">Blog Ahrefs<\/a><\/li>\n\n\n\n<li><a href=\"https:\/\/de.semrush.com\/blog\/meta-keywords-in-seo\/\" target=\"_blank\" rel=\"noopener\">Blog di SEMrush<\/a><\/li>\n\n\n\n<li><a href=\"https:\/\/www.searchenginejournal.com\/meta-keywords-important-seo\/353698\/\" target=\"_blank\" rel=\"noopener\">Giornale dei motori di ricerca<\/a><\/li>\n<\/ol>","protected":false},"excerpt":{"rendered":"<p>Meta Keywords, einst ein wesentlicher Bestandteil der Suchmaschinenoptimierung (SEO), haben im Laufe der Jahre an Bedeutung verloren. In den Anfangszeiten des Internets erm\u00f6glichten sie es Website-Betreibern, relevante Schl\u00fcsselw\u00f6rter und Phrasen im HTML-Code ihrer Webseite zu kennzeichnen, um den thematischen Schwerpunkt der Seite zu definieren. Bei Apalion AG legen wir gro\u00dfen Wert auf die korrekte Implementierung [&hellip;]<\/p>\n","protected":false},"author":2,"featured_media":0,"parent":0,"menu_order":0,"comment_status":"closed","ping_status":"closed","template":"","meta":{"_acf_changed":false,"_et_pb_use_builder":"off","_et_pb_old_content":"","_et_gb_content_width":"","footnotes":""},"difl_page_category":[],"class_list":["post-1499","page","type-page","status-publish","hentry"],"acf":[],"_links":{"self":[{"href":"https:\/\/apalion.com\/it\/wp-json\/wp\/v2\/pages\/1499","targetHints":{"allow":["GET"]}}],"collection":[{"href":"https:\/\/apalion.com\/it\/wp-json\/wp\/v2\/pages"}],"about":[{"href":"https:\/\/apalion.com\/it\/wp-json\/wp\/v2\/types\/page"}],"author":[{"embeddable":true,"href":"https:\/\/apalion.com\/it\/wp-json\/wp\/v2\/users\/2"}],"replies":[{"embeddable":true,"href":"https:\/\/apalion.com\/it\/wp-json\/wp\/v2\/comments?post=1499"}],"version-history":[{"count":0,"href":"https:\/\/apalion.com\/it\/wp-json\/wp\/v2\/pages\/1499\/revisions"}],"wp:attachment":[{"href":"https:\/\/apalion.com\/it\/wp-json\/wp\/v2\/media?parent=1499"}],"wp:term":[{"taxonomy":"difl_page_category","embeddable":true,"href":"https:\/\/apalion.com\/it\/wp-json\/wp\/v2\/difl_page_category?post=1499"}],"curies":[{"name":"wp","href":"https:\/\/api.w.org\/{rel}","templated":true}]}}