{"id":1494,"date":"2023-09-13T01:19:44","date_gmt":"2023-09-12T23:19:44","guid":{"rendered":"https:\/\/apalion.com\/?page_id=1494"},"modified":"2023-09-13T01:19:44","modified_gmt":"2023-09-12T23:19:44","slug":"cose-una-meta-descrizione-e-come-usarla","status":"publish","type":"page","link":"https:\/\/apalion.com\/it\/cose-una-meta-descrizione-e-come-usarla\/","title":{"rendered":"Che cos'\u00e8 una meta descrizione?"},"content":{"rendered":"<figure class=\"wp-block-image size-large\"><a href=\"https:\/\/apalion.com\/wp-content\/uploads\/2023\/09\/Helene_Berger_Einfuhrung_in_die_Meta_Description_Die_Meta_Descr_f5682306-de93-4689-acf6-e749548364d1.png\"><img decoding=\"async\" width=\"1024\" height=\"574\" src=\"https:\/\/apalion.com\/wp-content\/uploads\/2023\/09\/Helene_Berger_Einfuhrung_in_die_Meta_Description_Die_Meta_Descr_f5682306-de93-4689-acf6-e749548364d1-1024x574.png\" alt=\"Meta descrizione\" class=\"wp-image-1497\" title=\"\" srcset=\"https:\/\/apalion.com\/wp-content\/uploads\/2023\/09\/Helene_Berger_Einfuhrung_in_die_Meta_Description_Die_Meta_Descr_f5682306-de93-4689-acf6-e749548364d1-1024x574.png 1024w, https:\/\/apalion.com\/wp-content\/uploads\/2023\/09\/Helene_Berger_Einfuhrung_in_die_Meta_Description_Die_Meta_Descr_f5682306-de93-4689-acf6-e749548364d1-980x549.png 980w, https:\/\/apalion.com\/wp-content\/uploads\/2023\/09\/Helene_Berger_Einfuhrung_in_die_Meta_Description_Die_Meta_Descr_f5682306-de93-4689-acf6-e749548364d1-480x269.png 480w\" sizes=\"(min-width: 0px) and (max-width: 480px) 480px, (min-width: 481px) and (max-width: 980px) 980px, (min-width: 981px) 1024px, 100vw\" \/><\/a><figcaption><\/figcaption><\/figure>\n\n\n\n<p>La meta descrizione \u00e8 una parte essenziale della strategia SEO di un sito web. Si tratta di un elemento HTML che fornisce un riassunto breve e conciso di una pagina web, facilmente riconoscibile dai motori di ricerca. Sebbene queste descrizioni non siano visibili all'utente, svolgono un ruolo cruciale nel migliorare il tasso di clic e il traffico verso il vostro sito web. Appaiono come parte dello snippet nei risultati di ricerca e dovrebbero dare all'utente un'idea del contenuto della pagina e della sua pertinenza rispetto alla sua domanda di ricerca.<\/p>\n\n\n\n<h2 class=\"wp-block-heading\">Significato della meta descrizione<\/h2>\n\n\n\n<p>I meta tag contenuti nella meta descrizione consentono ai motori di ricerca di leggere e utilizzare le informazioni contenute in una pagina web per generare risultati di ricerca pertinenti. Sebbene la meta descrizione non abbia un'influenza diretta sul posizionamento di un sito web, pu\u00f2 migliorare significativamente la visibilit\u00e0 e il tasso di clic di un sito web. Pu\u00f2 influenzare positivamente il tasso di click-through (CTR) nei risultati di ricerca di Google, che a sua volta pu\u00f2 influenzare la capacit\u00e0 di posizionamento di una pagina.<\/p>\n\n\n\n<h3 class=\"wp-block-heading\">Lunghezza ottimale della meta descrizione<\/h3>\n\n\n\n<p>La lunghezza ottimale di una meta descrizione \u00e8 compresa tra 50 e 160 caratteri. \u00c8 importante che sia sufficientemente lunga da essere sufficientemente descrittiva, fornendo al contempo valore e incoraggiando i clic. \u00c8 il testo promozionale che attira i lettori dai risultati di ricerca a una pagina web e deve utilizzare in modo intelligente le parole chiave di destinazione della pagina, senza risultare spammoso.<\/p>\n\n\n\n<h2 class=\"wp-block-heading\">Creazione di una meta descrizione efficace<\/h2>\n\n\n\n<h3 class=\"wp-block-heading\">Scegliere le parole chiave giuste<\/h3>\n\n\n\n<p>Il team di Apalion AG vi aiuta a trovare le parole chiave giuste per la vostra offerta. Analizziamo quali risultati di ricerca l'utente si aspetta di trovare e quali problemi vuole risolvere. Una meta descrizione ben fatta deve far capire che il vostro sito web offre la soluzione ideale alla domanda posta.<\/p>\n\n\n\n<h3 class=\"wp-block-heading\">Rivolgersi all'utente<\/h3>\n\n\n\n<p>Rivolgersi personalmente all'utente nella meta descrizione pu\u00f2 aumentare notevolmente l'efficacia. \u00c8 importante che la descrizione susciti l'interesse dell'utente e lo incoraggi a visitare il vostro sito ed eventualmente a diventare un cliente.<\/p>\n\n\n\n<h3 class=\"wp-block-heading\">Struttura e lunghezza<\/h3>\n\n\n\n<p>Una meta descrizione efficace deve soddisfare determinati criteri, tra cui una lunghezza adeguata, un indirizzo diretto all'utente e una descrizione precisa del vostro sito web. La lunghezza consigliata \u00e8 di circa 160 caratteri o 500 pixel per garantire una visualizzazione ottimale nei risultati di ricerca.<\/p>\n\n\n\n<h2 class=\"wp-block-heading\">SEO OnPage e meta descrizione<\/h2>\n\n\n\n<p>Per gli articoli di blog, si \u00e8 dimostrata una buona idea utilizzare due o tre frasi brevi e concise che riassumano il contenuto dell'articolo. \u00c8 inoltre importante evitare i contenuti duplicati per creare una meta descrizione unica ed efficace.<\/p>\n\n\n\n<h2 class=\"wp-block-heading\">Suggerimenti per creare una meta descrizione efficace<\/h2>\n\n\n\n<h3 class=\"wp-block-heading\">Voce attiva e invito all'azione<\/h3>\n\n\n\n<p>Considerate la meta descrizione come un invito a visitare il vostro sito. Deve essere scritta con voce attiva e parlare direttamente all'utente. Assicuratevi che la descrizione non sia noiosa, difficile o troppo criptica. Le persone devono sapere cosa aspettarsi dal vostro sito.<\/p>\n\n\n\n<h3 class=\"wp-block-heading\">Inclusione di un invito all'azione<\/h3>\n\n\n\n<p>Includete un invito all'azione nella vostra meta descrizione per incoraggiare gli utenti a cliccare sulla vostra offerta. Ad esempio: \u201eScopri subito il nostro nuovo prodotto e scopri come pu\u00f2 risolvere il tuo problema!\u201c.\u201c<\/p>\n\n\n\n<h3 class=\"wp-block-heading\">Utilizzo del termine chiave di focalizzazione<\/h3>\n\n\n\n<p>Integrate la parola chiave principale nella meta descrizione per sottolineare la rilevanza della vostra pagina per determinate query di ricerca. Ci\u00f2 contribuir\u00e0 ad aumentare la visibilit\u00e0 della pagina nei risultati di ricerca.<\/p>\n\n\n\n<h3 class=\"wp-block-heading\">Unicit\u00e0 e precisione<\/h3>\n\n\n\n<p>Assicuratevi che la vostra meta descrizione sia unica e rifletta accuratamente il contenuto della vostra pagina. Questo aiuter\u00e0 a soddisfare le aspettative degli utenti e a evitare delusioni.<\/p>\n\n\n\n<h3 class=\"wp-block-heading\">Risposta alla domanda dell'utente<\/h3>\n\n\n\n<p>Cercate di rispondere alla domanda o al problema dell'utente nella vostra meta descrizione. Offrite una soluzione o un vantaggio che dimostri che il vostro sito ha la risposta alla loro ricerca.<\/p>\n\n\n\n<h2 class=\"wp-block-heading\">Conclusione<\/h2>\n\n\n\n<p>La meta descrizione \u00e8 un potente strumento del vostro arsenale SEO. Se usata correttamente, pu\u00f2 non solo aumentare la visibilit\u00e0 del vostro sito nei risultati di ricerca, ma anche aumentare la probabilit\u00e0 che gli utenti facciano clic sul vostro sito. Ricordate che una meta descrizione ben scritta pu\u00f2 essere un fattore importante per il successo del vostro sito web.<\/p>\n\n\n\n<figure class=\"wp-block-image size-large\"><a href=\"https:\/\/apalion.com\/wp-content\/uploads\/2023\/09\/Helene_Berger_Einfuhrung_in_die_Meta_Description_Die_Meta_Descr_d2468106-b8f3-44dd-a10a-eb82ff316e97.png\"><img decoding=\"async\" width=\"1024\" height=\"574\" src=\"https:\/\/apalion.com\/wp-content\/uploads\/2023\/09\/Helene_Berger_Einfuhrung_in_die_Meta_Description_Die_Meta_Descr_d2468106-b8f3-44dd-a10a-eb82ff316e97-1024x574.png\" alt=\"Meta descrizione\" class=\"wp-image-1496\" title=\"\" srcset=\"https:\/\/apalion.com\/wp-content\/uploads\/2023\/09\/Helene_Berger_Einfuhrung_in_die_Meta_Description_Die_Meta_Descr_d2468106-b8f3-44dd-a10a-eb82ff316e97-1024x574.png 1024w, https:\/\/apalion.com\/wp-content\/uploads\/2023\/09\/Helene_Berger_Einfuhrung_in_die_Meta_Description_Die_Meta_Descr_d2468106-b8f3-44dd-a10a-eb82ff316e97-980x549.png 980w, https:\/\/apalion.com\/wp-content\/uploads\/2023\/09\/Helene_Berger_Einfuhrung_in_die_Meta_Description_Die_Meta_Descr_d2468106-b8f3-44dd-a10a-eb82ff316e97-480x269.png 480w\" sizes=\"(min-width: 0px) and (max-width: 480px) 480px, (min-width: 481px) and (max-width: 980px) 980px, (min-width: 981px) 1024px, 100vw\" \/><\/a><figcaption><\/figcaption><\/figure>\n\n\n\n<h2 class=\"wp-block-heading\">Per saperne di pi\u00f9<\/h2>\n\n\n\n<p>Qui abbiamo alcuni articoli interessanti sull'argomento:<\/p>\n\n\n\n<ol class=\"wp-block-list\">\n<li><a href=\"https:\/\/moz.com\/learn\/seo\/meta-description\" target=\"_blank\" rel=\"noopener\">Guida di Moz alle meta-descrizioni<\/a><\/li>\n\n\n\n<li><a href=\"https:\/\/developers.google.com\/search\/docs\/appearance\/snippet\" target=\"_blank\" rel=\"noopener\">Google Search Central sugli Snippet<\/a><\/li>\n\n\n\n<li><a href=\"https:\/\/yoast.com\/meta-descriptions\/\" target=\"_blank\" rel=\"noopener\">Guida di Yoast alle meta-descrizioni<\/a><\/li>\n\n\n\n<li><a href=\"https:\/\/blog.hubspot.com\/marketing\/how-to-write-a-meta-description\" target=\"_blank\" rel=\"noopener\">Blog di HubSpot sulla scrittura delle meta-descrizioni<\/a><\/li>\n<\/ol>","protected":false},"excerpt":{"rendered":"<p>Die Meta Description ist ein wesentlicher Bestandteil der SEO-Strategie einer Website. Sie ist ein HTML-Element, das eine kurze und pr\u00e4gnante Zusammenfassung einer Webseite bietet, die von Suchmaschinen leicht erkannt werden kann. Diese Beschreibungen sind zwar f\u00fcr den Benutzer nicht sichtbar, spielen jedoch eine entscheidende Rolle bei der Verbesserung der Click-Through-Rate und des Traffics auf Ihrer [&hellip;]<\/p>","protected":false},"author":2,"featured_media":0,"parent":0,"menu_order":0,"comment_status":"closed","ping_status":"closed","template":"","meta":{"_acf_changed":false,"_et_pb_use_builder":"off","_et_pb_old_content":"","_et_gb_content_width":"","footnotes":""},"difl_page_category":[],"class_list":["post-1494","page","type-page","status-publish","hentry"],"acf":[],"_links":{"self":[{"href":"https:\/\/apalion.com\/it\/wp-json\/wp\/v2\/pages\/1494","targetHints":{"allow":["GET"]}}],"collection":[{"href":"https:\/\/apalion.com\/it\/wp-json\/wp\/v2\/pages"}],"about":[{"href":"https:\/\/apalion.com\/it\/wp-json\/wp\/v2\/types\/page"}],"author":[{"embeddable":true,"href":"https:\/\/apalion.com\/it\/wp-json\/wp\/v2\/users\/2"}],"replies":[{"embeddable":true,"href":"https:\/\/apalion.com\/it\/wp-json\/wp\/v2\/comments?post=1494"}],"version-history":[{"count":0,"href":"https:\/\/apalion.com\/it\/wp-json\/wp\/v2\/pages\/1494\/revisions"}],"wp:attachment":[{"href":"https:\/\/apalion.com\/it\/wp-json\/wp\/v2\/media?parent=1494"}],"wp:term":[{"taxonomy":"difl_page_category","embeddable":true,"href":"https:\/\/apalion.com\/it\/wp-json\/wp\/v2\/difl_page_category?post=1494"}],"curies":[{"name":"wp","href":"https:\/\/api.w.org\/{rel}","templated":true}]}}