{"id":1490,"date":"2023-09-13T01:00:58","date_gmt":"2023-09-12T23:00:58","guid":{"rendered":"https:\/\/apalion.com\/?page_id=1490"},"modified":"2023-09-13T01:00:58","modified_gmt":"2023-09-12T23:00:58","slug":"crawling-e-indicizzazione-di-google","status":"publish","type":"page","link":"https:\/\/apalion.com\/it\/google-crawling-und-indexierung\/","title":{"rendered":"Che cosa sono il crawling e l'indicizzazione di Google?"},"content":{"rendered":"<figure class=\"wp-block-image size-large\"><a href=\"https:\/\/apalion.com\/wp-content\/uploads\/2023\/09\/Helene_Berger_Ein_Bild_das_den_Prozess_des_Google_Crawling_und__a3c30580-51d4-4400-9a07-6d69ba4beca8.png\"><img decoding=\"async\" width=\"1024\" height=\"574\" src=\"https:\/\/apalion.com\/wp-content\/uploads\/2023\/09\/Helene_Berger_Ein_Bild_das_den_Prozess_des_Google_Crawling_und__a3c30580-51d4-4400-9a07-6d69ba4beca8-1024x574.png\" alt=\"Crawling di Google - Indicizzazione\" class=\"wp-image-1492\" title=\"\" srcset=\"https:\/\/apalion.com\/wp-content\/uploads\/2023\/09\/Helene_Berger_Ein_Bild_das_den_Prozess_des_Google_Crawling_und__a3c30580-51d4-4400-9a07-6d69ba4beca8-1024x574.png 1024w, https:\/\/apalion.com\/wp-content\/uploads\/2023\/09\/Helene_Berger_Ein_Bild_das_den_Prozess_des_Google_Crawling_und__a3c30580-51d4-4400-9a07-6d69ba4beca8-980x549.png 980w, https:\/\/apalion.com\/wp-content\/uploads\/2023\/09\/Helene_Berger_Ein_Bild_das_den_Prozess_des_Google_Crawling_und__a3c30580-51d4-4400-9a07-6d69ba4beca8-480x269.png 480w\" sizes=\"(min-width: 0px) and (max-width: 480px) 480px, (min-width: 481px) and (max-width: 980px) 980px, (min-width: 981px) 1024px, 100vw\" \/><\/a><figcaption><\/figcaption><\/figure>\n\n\n\n<p>Nel mondo digitale, \u201eGoogle crawling\u201c e \u201eindexing\u201c sono due processi chiave che definiscono il funzionamento dei motori di ricerca. Questi processi sono fondamentali per la scoperta dei siti web nei risultati di ricerca. In questo articolo approfondiremo i concetti di crawling e indicizzazione di Google per comprendere meglio questi processi.<\/p>\n\n\n\n<h2 class=\"wp-block-heading\">Google Crawling: un viaggio attraverso il web<\/h2>\n\n\n\n<p>Il crawling di Google \u00e8 il processo mediante il quale Googlebot, noto anche come crawler, robot, bot o spider, effettua ricerche su Internet per trovare pagine nuove e aggiornate. Questo bot \u00e8 un programma completamente automatizzato che esplora regolarmente il web per aggiungere pagine all'indice di Google. La scoperta di nuovi URL avviene attraverso vari metodi, tra cui la ricerca di link da pagine note a nuove pagine e l'invio di sitemap da parte dei proprietari dei siti web.<\/p>\n\n\n\n<h3 class=\"wp-block-heading\">Crawler di siti web personali<\/h3>\n\n\n\n<p>Questi piccoli crawler possono essere utilizzati da privati o aziende per svolgere compiti specifici. Possono monitorare la frequenza di determinati termini di ricerca o determinare l'accessibilit\u00e0 degli URL.<\/p>\n\n\n\n<h3 class=\"wp-block-heading\">Crawler di siti web commerciali<\/h3>\n\n\n\n<p>Le aziende che vendono crawler web possono offrire soluzioni software complesse, note come crawler commerciali. Questi servizi offrono funzionalit\u00e0 aggiuntive e possono essere utilizzati per far risparmiare alle aziende tempo e denaro non necessari per lo sviluppo interno dei crawler.<\/p>\n\n\n\n<h3 class=\"wp-block-heading\">Crawler di siti web nel cloud<\/h3>\n\n\n\n<p>I crawler di siti web possono anche essere archiviati nel cloud. Spesso vengono venduti come servizio alle aziende di software. Gli strumenti di analisi e i database sono indipendenti dai computer locali. Possono essere utilizzati su qualsiasi dispositivo che disponga dell'accesso appropriato e sono scalabili.<\/p>\n\n\n\n<h2 class=\"wp-block-heading\">Indicizzazione di Google: l'organizzazione delle informazioni<\/h2>\n\n\n\n<p>Il processo di crawling \u00e8 seguito dall'indicizzazione, in cui Google analizza il contenuto della pagina e lo memorizza nel suo database. Durante questo processo, il testo, le immagini e i video della pagina vengono analizzati e le informazioni vengono memorizzate nell'indice di Google, un ampio database ospitato su migliaia di computer. Google analizza anche tag e attributi importanti del contenuto, come gli elementi del titolo e gli attributi alt.<\/p>\n\n\n\n<h3 class=\"wp-block-heading\">Il ruolo dei bot<\/h3>\n\n\n\n<p>I bot assomigliano a ragni e vagano per Internet per raccogliere informazioni e memorizzarle negli indici. Quali sono gli altri usi dei web crawler? Il WWW wanderer \u00e8 stato seguito nel 1994 dal web crawler, il pi\u00f9 antico motore di ricerca fino ad oggi. Grazie ai crawler, i motori di ricerca possono aggiungere automaticamente nuovi contenuti web ai loro indici e aggiornare e cancellare quelli vecchi.<\/p>\n\n\n\n<h3 class=\"wp-block-heading\">Compito di un crawler<\/h3>\n\n\n\n<p>I crawler sono paragonabili ai chatbot e ai social bot. Anch'essi contengono una serie di script e algoritmi che impartiscono comandi e compiti chiari. Il crawler esegue le funzioni del codice in modo indipendente e continua a farlo. I crawler navigano in Internet tramite collegamenti ipertestuali a siti web esistenti. I crawler analizzano parole chiave e hashtag e indicizzano il contenuto e gli URL dei singoli siti web. Quindi copiano le pagine web e aprono tutti gli URL trovati per analizzare nuovi siti web. I crawler controllano anche il codice HTML e se \u00e8 aggiornato.<\/p>\n\n\n\n<h2 class=\"wp-block-heading\">Conclusione<\/h2>\n\n\n\n<p>I processi di crawling e indicizzazione di Google sono fondamentali per il funzionamento dei motori di ricerca. Una comprensione pi\u00f9 approfondita di questi processi pu\u00f2 aiutare a migliorare la visibilit\u00e0 di un sito web nei risultati di ricerca e consentire una SEO pi\u00f9 efficace.<\/p>\n\n\n\n<figure class=\"wp-block-image size-large\"><a href=\"https:\/\/apalion.com\/wp-content\/uploads\/2023\/09\/Helene_Berger_Ein_Bild_das_den_Prozess_des_Google_Crawling_und__d40e6e31-6efa-4535-a5e9-6aef9c27d3e6.png\"><img decoding=\"async\" width=\"1024\" height=\"574\" src=\"https:\/\/apalion.com\/wp-content\/uploads\/2023\/09\/Helene_Berger_Ein_Bild_das_den_Prozess_des_Google_Crawling_und__d40e6e31-6efa-4535-a5e9-6aef9c27d3e6-1024x574.png\" alt=\"Crawling di Google - Indicizzazione\" class=\"wp-image-1491\" title=\"\" srcset=\"https:\/\/apalion.com\/wp-content\/uploads\/2023\/09\/Helene_Berger_Ein_Bild_das_den_Prozess_des_Google_Crawling_und__d40e6e31-6efa-4535-a5e9-6aef9c27d3e6-1024x574.png 1024w, https:\/\/apalion.com\/wp-content\/uploads\/2023\/09\/Helene_Berger_Ein_Bild_das_den_Prozess_des_Google_Crawling_und__d40e6e31-6efa-4535-a5e9-6aef9c27d3e6-980x549.png 980w, https:\/\/apalion.com\/wp-content\/uploads\/2023\/09\/Helene_Berger_Ein_Bild_das_den_Prozess_des_Google_Crawling_und__d40e6e31-6efa-4535-a5e9-6aef9c27d3e6-480x269.png 480w\" sizes=\"(min-width: 0px) and (max-width: 480px) 480px, (min-width: 481px) and (max-width: 980px) 980px, (min-width: 981px) 1024px, 100vw\" \/><\/a><figcaption><\/figcaption><\/figure>\n\n\n\n<p>Qui abbiamo alcuni articoli interessanti sull'argomento:<\/p>\n\n\n\n<ol class=\"wp-block-list\">\n<li><a href=\"https:\/\/developers.google.com\/search\/docs\/crawling-indexing\" target=\"_blank\" rel=\"noopener\">Crawling e indicizzazione di Google | Google Search Central | Documentazione<\/a><\/li>\n\n\n\n<li><a href=\"https:\/\/developers.google.com\/search\/help\/crawling-index-faq\" target=\"_blank\" rel=\"noopener\">Domande frequenti sulla ricerca e l'indicizzazione di Google - Sviluppatori Google<\/a><\/li>\n\n\n\n<li><a href=\"https:\/\/developers.google.com\/search\/docs\/fundamentals\/how-search-works\" target=\"_blank\" rel=\"noopener\">Guida approfondita al funzionamento di Google Search - Google Developers<\/a><\/li>\n<\/ol>","protected":false},"excerpt":{"rendered":"<p>In der digitalen Welt sind &#8222;Google Crawling&#8220; und &#8222;Indexierung&#8220; zwei wesentliche Prozesse, die die Funktionsweise von Suchmaschinen definieren. Diese Prozesse sind entscheidend f\u00fcr die Auffindbarkeit von Webseiten in den Suchergebnissen. In diesem Artikel werden wir tief in die Konzepte von Google Crawling und Indexierung eintauchen, um ein besseres Verst\u00e4ndnis dieser Prozesse zu erhalten. Google Crawling: [&hellip;]<\/p>\n","protected":false},"author":2,"featured_media":0,"parent":0,"menu_order":0,"comment_status":"closed","ping_status":"closed","template":"","meta":{"_acf_changed":false,"_et_pb_use_builder":"off","_et_pb_old_content":"","_et_gb_content_width":"","footnotes":""},"difl_page_category":[],"class_list":["post-1490","page","type-page","status-publish","hentry"],"acf":[],"_links":{"self":[{"href":"https:\/\/apalion.com\/it\/wp-json\/wp\/v2\/pages\/1490","targetHints":{"allow":["GET"]}}],"collection":[{"href":"https:\/\/apalion.com\/it\/wp-json\/wp\/v2\/pages"}],"about":[{"href":"https:\/\/apalion.com\/it\/wp-json\/wp\/v2\/types\/page"}],"author":[{"embeddable":true,"href":"https:\/\/apalion.com\/it\/wp-json\/wp\/v2\/users\/2"}],"replies":[{"embeddable":true,"href":"https:\/\/apalion.com\/it\/wp-json\/wp\/v2\/comments?post=1490"}],"version-history":[{"count":0,"href":"https:\/\/apalion.com\/it\/wp-json\/wp\/v2\/pages\/1490\/revisions"}],"wp:attachment":[{"href":"https:\/\/apalion.com\/it\/wp-json\/wp\/v2\/media?parent=1490"}],"wp:term":[{"taxonomy":"difl_page_category","embeddable":true,"href":"https:\/\/apalion.com\/it\/wp-json\/wp\/v2\/difl_page_category?post=1490"}],"curies":[{"name":"wp","href":"https:\/\/api.w.org\/{rel}","templated":true}]}}