{"id":1486,"date":"2023-09-13T00:53:53","date_gmt":"2023-09-12T22:53:53","guid":{"rendered":"https:\/\/apalion.com\/?page_id=1486"},"modified":"2023-09-13T00:53:53","modified_gmt":"2023-09-12T22:53:53","slug":"che-cose-google-analytics","status":"publish","type":"page","link":"https:\/\/apalion.com\/it\/che-cose-google-analytics\/","title":{"rendered":"Che cos'\u00e8 Google Analytics?"},"content":{"rendered":"<figure class=\"wp-block-image size-large\"><a href=\"https:\/\/apalion.com\/wp-content\/uploads\/2023\/09\/Helene_Berger_Bildbeschreibung_Ein_Marketing-Experte_analysiert_09f30631-b61f-4a95-934e-196f0c964cde.png\"><img decoding=\"async\" width=\"1024\" height=\"574\" src=\"https:\/\/apalion.com\/wp-content\/uploads\/2023\/09\/Helene_Berger_Bildbeschreibung_Ein_Marketing-Experte_analysiert_09f30631-b61f-4a95-934e-196f0c964cde-1024x574.png\" alt=\"Google Analytics\" class=\"wp-image-1487\" title=\"\" srcset=\"https:\/\/apalion.com\/wp-content\/uploads\/2023\/09\/Helene_Berger_Bildbeschreibung_Ein_Marketing-Experte_analysiert_09f30631-b61f-4a95-934e-196f0c964cde-1024x574.png 1024w, https:\/\/apalion.com\/wp-content\/uploads\/2023\/09\/Helene_Berger_Bildbeschreibung_Ein_Marketing-Experte_analysiert_09f30631-b61f-4a95-934e-196f0c964cde-980x549.png 980w, https:\/\/apalion.com\/wp-content\/uploads\/2023\/09\/Helene_Berger_Bildbeschreibung_Ein_Marketing-Experte_analysiert_09f30631-b61f-4a95-934e-196f0c964cde-480x269.png 480w\" sizes=\"(min-width: 0px) and (max-width: 480px) 480px, (min-width: 481px) and (max-width: 980px) 980px, (min-width: 981px) 1024px, 100vw\" \/><\/a><figcaption><\/figcaption><\/figure>\n\n\n\n<p>Google Analytics, un famoso prodotto di Google, \u00e8 un potente strumento per analizzare e valutare i contenuti dei siti web. Consente di ottenere una conoscenza approfondita dei clienti su diversi dispositivi e piattaforme, permettendo di migliorare il ROI del marketing.<\/p>\n\n\n\n<h2 class=\"wp-block-heading\">Riconoscere i visitatori del sito web<\/h2>\n\n\n\n<p>L'utilizzo di Google Analytics consente di ottenere informazioni approfondite sul comportamento dei visitatori del vostro sito web. Ci\u00f2 consente di identificare i contenuti rilevanti per il pubblico di riferimento e di creare rapporti pertinenti basati su dati statistici. La piattaforma fornisce approfondimenti intelligenti che aiutano a migliorare il ROI e ad anticipare le azioni future dei clienti grazie all'apprendimento automatico.<\/p>\n\n\n\n<h2 class=\"wp-block-heading\">Integrazione con altri strumenti<\/h2>\n\n\n\n<p>Grazie alla possibilit\u00e0 di collegare il vostro account Analytics con altri strumenti come Google Ads, potete ottenere una visione completa del vostro marketing sui motori di ricerca. In questo modo \u00e8 pi\u00f9 facile analizzare e visualizzare le campagne direttamente nella piattaforma Analytics. Inoltre, \u00e8 possibile ottimizzare le prestazioni di marketing grazie alle integrazioni con altri strumenti pubblicitari e di pubblicazione di Google.<\/p>\n\n\n\n<h2 class=\"wp-block-heading\">Analisi e interpretazione dei dati<\/h2>\n\n\n\n<h3 class=\"wp-block-heading\">Come funziona l'analisi dei dati con Google Analytics?<\/h3>\n\n\n\n<p>Per sfruttare appieno i vantaggi di Google Analytics, \u00e8 necessario integrare lo speciale codice di tracciamento nel codice sorgente di ogni pagina da analizzare. Per una gestione pi\u00f9 efficiente, \u00e8 possibile utilizzare Google Tag Manager, che elimina l'integrazione manuale del codice in ogni pagina. La piattaforma raccoglie informazioni pseudonimizzate sulle modalit\u00e0 di interazione degli utenti con una pagina ed elabora questi dati in rapporti significativi.<\/p>\n\n\n\n<h2 class=\"wp-block-heading\">Costi e opzioni di espansione<\/h2>\n\n\n\n<h3 class=\"wp-block-heading\">Quali sono i costi di Google Analytics?<\/h3>\n\n\n\n<p>La versione base di Google Analytics \u00e8 disponibile gratuitamente e offre un'ampia gamma di opzioni di reporting. Le funzionalit\u00e0 possono essere ampliate con l'integrazione di altri prodotti Google, consentendo di ottenere una comprensione completa dei propri sforzi di marketing e di migliorare le prestazioni.<\/p>\n\n\n\n<h2 class=\"wp-block-heading\">Dati ricevuti e loro utilizzo<\/h2>\n\n\n\n<h3 class=\"wp-block-heading\">Quali informazioni si possono ottenere da Google Analytics?<\/h3>\n\n\n\n<p>Google Analytics fornisce informazioni dettagliate sui visitatori del vostro sito web. Ad esempio, \u00e8 possibile tenere traccia dei canali utilizzati dai visitatori per raggiungere il vostro sito. Inoltre, consente di analizzare il comportamento dei visitatori, fornendo informazioni sulle sottopagine visitate e sul tempo trascorso su queste pagine. Questi dati possono essere utilizzati per ottenere informazioni preziose e migliorare la qualit\u00e0 dei contenuti. Tempi di visita brevi potrebbero indicare che i contenuti non soddisfano le aspettative dei visitatori o non offrono alcun valore aggiunto.<\/p>\n\n\n\n<p>Inoltre, ricevete informazioni sulla provenienza geografica dei visitatori e sui loro orari di connessione, il che vi aiuta a pubblicare i post nei momenti in cui il vostro gruppo target \u00e8 pi\u00f9 attivo. Nelle statistiche vengono registrati anche dettagli tecnici, come i dispositivi utilizzati dai visitatori.<\/p>\n\n\n\n<figure class=\"wp-block-image size-large\"><a href=\"https:\/\/apalion.com\/wp-content\/uploads\/2023\/09\/Helene_Berger_Bildbeschreibung_Ein_Marketing-Experte_analysiert_a0caa06d-e3a8-4f92-9a6b-78e4e19bcc9c.png\"><img decoding=\"async\" width=\"1024\" height=\"574\" src=\"https:\/\/apalion.com\/wp-content\/uploads\/2023\/09\/Helene_Berger_Bildbeschreibung_Ein_Marketing-Experte_analysiert_a0caa06d-e3a8-4f92-9a6b-78e4e19bcc9c-1024x574.png\" alt=\"Google Analytics\" class=\"wp-image-1488\" title=\"\" srcset=\"https:\/\/apalion.com\/wp-content\/uploads\/2023\/09\/Helene_Berger_Bildbeschreibung_Ein_Marketing-Experte_analysiert_a0caa06d-e3a8-4f92-9a6b-78e4e19bcc9c-1024x574.png 1024w, https:\/\/apalion.com\/wp-content\/uploads\/2023\/09\/Helene_Berger_Bildbeschreibung_Ein_Marketing-Experte_analysiert_a0caa06d-e3a8-4f92-9a6b-78e4e19bcc9c-980x549.png 980w, https:\/\/apalion.com\/wp-content\/uploads\/2023\/09\/Helene_Berger_Bildbeschreibung_Ein_Marketing-Experte_analysiert_a0caa06d-e3a8-4f92-9a6b-78e4e19bcc9c-480x269.png 480w\" sizes=\"(min-width: 0px) and (max-width: 480px) 480px, (min-width: 481px) and (max-width: 980px) 980px, (min-width: 981px) 1024px, 100vw\" \/><\/a><figcaption><\/figcaption><\/figure>\n\n\n\n<h3 class=\"wp-block-heading\">Per saperne di pi\u00f9, abbiamo alcuni articoli interessanti sull'argomento qui:<\/h3>\n\n\n\n<ol class=\"wp-block-list\">\n<li><a href=\"https:\/\/marketingplatform.google.com\/about\/analytics\/\" target=\"_blank\" rel=\"noopener\">Piattaforma di marketing di Google<\/a><\/li>\n\n\n\n<li><a href=\"https:\/\/360suite.google.com\/\" target=\"_blank\" rel=\"noopener\">Suite Google 360<\/a><\/li>\n\n\n\n<li><a href=\"https:\/\/support.google.com\/analytics\/?hl=en\" target=\"_blank\" rel=\"noopener\">Guida a Google Analytics<\/a><\/li>\n\n\n\n<li><a href=\"https:\/\/analytics.withgoogle.com\/\" target=\"_blank\" rel=\"noopener\">Analisi con Google<\/a><\/li>\n\n\n\n<li><a href=\"https:\/\/support.google.com\/analytics\/answer\/12159447?hl=en\" target=\"_blank\" rel=\"noopener\">Come funziona Google Analytics<\/a><\/li>\n<\/ol>","protected":false},"excerpt":{"rendered":"<p>Google Analytics, ein renommiertes Produkt von Google, dient als leistungsstarkes Instrument zur Untersuchung und Bewertung von Inhalten auf Websites. Es erm\u00f6glicht Ihnen, ein tiefes Verst\u00e4ndnis Ihrer Kunden \u00fcber verschiedene Ger\u00e4te und Plattformen hinweg zu erlangen, wodurch Sie Ihre Marketing-ROI verbessern k\u00f6nnen. Erkennen Sie Ihre Website-Besucher Durch die Nutzung von Google Analytics erhalten Sie tiefe Einblicke [&hellip;]<\/p>","protected":false},"author":2,"featured_media":0,"parent":0,"menu_order":0,"comment_status":"closed","ping_status":"closed","template":"","meta":{"_acf_changed":false,"_et_pb_use_builder":"off","_et_pb_old_content":"","_et_gb_content_width":"","footnotes":""},"difl_page_category":[],"class_list":["post-1486","page","type-page","status-publish","hentry"],"acf":[],"_links":{"self":[{"href":"https:\/\/apalion.com\/it\/wp-json\/wp\/v2\/pages\/1486","targetHints":{"allow":["GET"]}}],"collection":[{"href":"https:\/\/apalion.com\/it\/wp-json\/wp\/v2\/pages"}],"about":[{"href":"https:\/\/apalion.com\/it\/wp-json\/wp\/v2\/types\/page"}],"author":[{"embeddable":true,"href":"https:\/\/apalion.com\/it\/wp-json\/wp\/v2\/users\/2"}],"replies":[{"embeddable":true,"href":"https:\/\/apalion.com\/it\/wp-json\/wp\/v2\/comments?post=1486"}],"version-history":[{"count":0,"href":"https:\/\/apalion.com\/it\/wp-json\/wp\/v2\/pages\/1486\/revisions"}],"wp:attachment":[{"href":"https:\/\/apalion.com\/it\/wp-json\/wp\/v2\/media?parent=1486"}],"wp:term":[{"taxonomy":"difl_page_category","embeddable":true,"href":"https:\/\/apalion.com\/it\/wp-json\/wp\/v2\/difl_page_category?post=1486"}],"curies":[{"name":"wp","href":"https:\/\/api.w.org\/{rel}","templated":true}]}}