{"id":1482,"date":"2023-09-13T00:38:30","date_gmt":"2023-09-12T22:38:30","guid":{"rendered":"https:\/\/apalion.com\/?page_id=1482"},"modified":"2023-09-13T00:38:30","modified_gmt":"2023-09-12T22:38:30","slug":"google-cose-piu-di-un-motore-di-ricerca","status":"publish","type":"page","link":"https:\/\/apalion.com\/it\/google-cose-piu-di-un-motore-di-ricerca\/","title":{"rendered":"Google: pi\u00f9 di un semplice motore di ricerca"},"content":{"rendered":"<figure class=\"wp-block-image size-large\"><a href=\"https:\/\/apalion.com\/wp-content\/uploads\/2023\/09\/Helene_Berger_n_diesem_Artikel_wird_die_beeindruckende_Reise_vo_e4474a67-5b2b-412b-af87-b3f1b59adebf.png\"><img decoding=\"async\" width=\"1024\" height=\"574\" src=\"https:\/\/apalion.com\/wp-content\/uploads\/2023\/09\/Helene_Berger_n_diesem_Artikel_wird_die_beeindruckende_Reise_vo_e4474a67-5b2b-412b-af87-b3f1b59adebf-1024x574.png\" alt=\"Che cos&#039;\u00e8 Google? Pi\u00f9 di un motore di ricerca\" class=\"wp-image-1484\" title=\"\" srcset=\"https:\/\/apalion.com\/wp-content\/uploads\/2023\/09\/Helene_Berger_n_diesem_Artikel_wird_die_beeindruckende_Reise_vo_e4474a67-5b2b-412b-af87-b3f1b59adebf-1024x574.png 1024w, https:\/\/apalion.com\/wp-content\/uploads\/2023\/09\/Helene_Berger_n_diesem_Artikel_wird_die_beeindruckende_Reise_vo_e4474a67-5b2b-412b-af87-b3f1b59adebf-980x549.png 980w, https:\/\/apalion.com\/wp-content\/uploads\/2023\/09\/Helene_Berger_n_diesem_Artikel_wird_die_beeindruckende_Reise_vo_e4474a67-5b2b-412b-af87-b3f1b59adebf-480x269.png 480w\" sizes=\"(min-width: 0px) and (max-width: 480px) 480px, (min-width: 481px) and (max-width: 980px) 980px, (min-width: 981px) 1024px, 100vw\" \/><\/a><figcaption><\/figcaption><\/figure>\n\n\n\n<p><\/p>\n\n\n\n<p>Google, un nome che per molti \u00e8 sinonimo di \u201emotore di ricerca\u201c, si \u00e8 evoluto ben oltre i suoi confini originari. In questo articolo, diamo uno sguardo dettagliato all'azienda, ai suoi sviluppi e alle sue visioni.<\/p>\n\n\n\n<h2 class=\"wp-block-heading\">Offerte diversificate da parte di Google<\/h2>\n\n\n\n<p>Google non si \u00e8 solo affermato come motore di ricerca leader, ma offre anche una serie di altri servizi e prodotti. Eccone alcuni:<\/p>\n\n\n\n<ul class=\"wp-block-list\">\n<li><strong>Google Analytics<\/strong>Uno strumento gratuito per i webmaster per analizzare il traffico di un sito web.<\/li>\n\n\n\n<li><strong>Android<\/strong>Il sistema operativo predominante per i dispositivi mobili.<\/li>\n\n\n\n<li><strong>Chrome OS<\/strong>Un sistema operativo che si armonizza perfettamente con Google Docs, Sheets e Mail.<\/li>\n<\/ul>\n\n\n\n<p>Inoltre, Google \u00e8 attivo nei settori dell'energia e della mobilit\u00e0 e ha un'influenza significativa sulle strategie SEO globali. L'obiettivo finale di Google \u00e8 organizzare le vaste informazioni del mondo e renderle universalmente accessibili per creare valore aggiunto per tutti.<\/p>\n\n\n\n<h2 class=\"wp-block-heading\">L'emergere di Google<\/h2>\n\n\n\n<p>La storia di Google inizia nel 1995 all'Universit\u00e0 di Stanford, quando Larry Page e Sergey Brin, i fondatori di Google, stabiliscono la loro partnership. Originariamente conosciuto come \u201eBackrub\u201c, svilupparono un motore di ricerca che utilizzava i link per determinare l'importanza dei singoli siti web sul World Wide Web. Nel 1998, Google \u00e8 stata ufficialmente fondata e da allora ha sede a Mountain View, in California.<\/p>\n\n\n\n<p>Il motore di ricerca, originariamente chiamato \u201eBackrub\u201c, divenne rapidamente un successo e l'azienda si espanse rapidamente, trasferendosi pi\u00f9 volte prima di stabilirsi finalmente a Mountain View nel 2003. Questo ha segnato un periodo di rapida crescita, con una IPO nel 2004 e il rapido sviluppo in una delle pi\u00f9 grandi aziende di media al mondo.<\/p>\n\n\n\n<h2 class=\"wp-block-heading\">Servizio di ricerca Google<\/h2>\n\n\n\n<h3 class=\"wp-block-heading\">Dalla ricerca delle parole chiave al posizionamento in cima alla classifica<\/h3>\n\n\n\n<p>Google ha rivoluzionato il servizio di ricerca sviluppando un algoritmo che valuta la qualit\u00e0 dei siti web in base a una serie di fattori, tra cui la popolarit\u00e0 dei link. Per essere trovati nella marea di offerte presenti su Internet, \u00e8 essenziale conoscere l'ottimizzazione per i motori di ricerca (SEO). Esistono numerosi fornitori di servizi specializzati in SEO, in grado di ottimizzare i siti web in modo che possano essere trovati su Internet.<\/p>\n\n\n\n<h2 class=\"wp-block-heading\">Turbo Boosting<\/h2>\n\n\n\n<p>Il posizionamento di un sito web dipende in larga misura dal suo collegamento, in quanto la popolarit\u00e0 dei link \u00e8 oggi un criterio fondamentale. Google utilizza un complesso algoritmo che prende in considerazione circa 200 diversi fattori di ranking per valutare i siti web. Questi algoritmi vengono costantemente ottimizzati per fornire i migliori risultati.<\/p>\n\n\n\n<h2 class=\"wp-block-heading\">Altri servizi di ricerca<\/h2>\n\n\n\n<p>Google offre anche una serie di altri servizi di ricerca a cui si pu\u00f2 accedere direttamente dalla homepage. Questa barra di funzioni consente agli utenti di effettuare ricerche specifiche per immagini, video, notizie, mappe, libri, viaggi aerei, finanza e offerte di shopping.<\/p>\n\n\n\n<figure class=\"wp-block-image size-large\"><a href=\"https:\/\/apalion.com\/wp-content\/uploads\/2023\/09\/Helene_Berger_n_diesem_Artikel_wird_die_beeindruckende_Reise_vo_f9d72ff2-569b-44dc-a0c4-92651efd8c0d.png\"><img decoding=\"async\" width=\"1024\" height=\"574\" src=\"https:\/\/apalion.com\/wp-content\/uploads\/2023\/09\/Helene_Berger_n_diesem_Artikel_wird_die_beeindruckende_Reise_vo_f9d72ff2-569b-44dc-a0c4-92651efd8c0d-1024x574.png\" alt=\"Che cos&#039;\u00e8 Google? Pi\u00f9 di un motore di ricerca\" class=\"wp-image-1483\" title=\"\" srcset=\"https:\/\/apalion.com\/wp-content\/uploads\/2023\/09\/Helene_Berger_n_diesem_Artikel_wird_die_beeindruckende_Reise_vo_f9d72ff2-569b-44dc-a0c4-92651efd8c0d-1024x574.png 1024w, https:\/\/apalion.com\/wp-content\/uploads\/2023\/09\/Helene_Berger_n_diesem_Artikel_wird_die_beeindruckende_Reise_vo_f9d72ff2-569b-44dc-a0c4-92651efd8c0d-980x549.png 980w, https:\/\/apalion.com\/wp-content\/uploads\/2023\/09\/Helene_Berger_n_diesem_Artikel_wird_die_beeindruckende_Reise_vo_f9d72ff2-569b-44dc-a0c4-92651efd8c0d-480x269.png 480w\" sizes=\"(min-width: 0px) and (max-width: 480px) 480px, (min-width: 481px) and (max-width: 980px) 980px, (min-width: 981px) 1024px, 100vw\" \/><\/a><figcaption><\/figcaption><\/figure>\n\n\n\n<h3 class=\"wp-block-heading\">Per saperne di pi\u00f9<\/h3>\n\n\n\n<p>Qui abbiamo alcuni articoli interessanti sull'argomento:<\/p>\n\n\n\n<ol class=\"wp-block-list\">\n<li><a href=\"https:\/\/about.google\/intl\/ALL_us\/our-story\/\" target=\"_blank\" rel=\"noopener\">Come abbiamo iniziato e dove siamo oggi - Google<\/a><\/li>\n\n\n\n<li><a href=\"https:\/\/en.wikipedia.org\/wiki\/History_of_Google\" target=\"_blank\" rel=\"noopener\">Storia di Google - Wikipedia<\/a><\/li>\n<\/ol>","protected":false},"excerpt":{"rendered":"<p>Google, ein Name, der f\u00fcr viele gleichbedeutend mit dem Begriff &#8222;Suchmaschine&#8220; ist, hat sich weit \u00fcber seine urspr\u00fcnglichen Grenzen hinaus entwickelt. In diesem Artikel werfen wir einen detaillierten Blick auf das Unternehmen, seine Entwicklungen und seine Visionen. Vielf\u00e4ltige Angebote von Google Google hat sich nicht nur als f\u00fchrende Suchmaschine etabliert, sondern bietet auch eine Vielzahl [&hellip;]<\/p>","protected":false},"author":2,"featured_media":0,"parent":0,"menu_order":0,"comment_status":"closed","ping_status":"closed","template":"","meta":{"_acf_changed":false,"_et_pb_use_builder":"off","_et_pb_old_content":"","_et_gb_content_width":"","footnotes":""},"difl_page_category":[],"class_list":["post-1482","page","type-page","status-publish","hentry"],"acf":[],"_links":{"self":[{"href":"https:\/\/apalion.com\/it\/wp-json\/wp\/v2\/pages\/1482","targetHints":{"allow":["GET"]}}],"collection":[{"href":"https:\/\/apalion.com\/it\/wp-json\/wp\/v2\/pages"}],"about":[{"href":"https:\/\/apalion.com\/it\/wp-json\/wp\/v2\/types\/page"}],"author":[{"embeddable":true,"href":"https:\/\/apalion.com\/it\/wp-json\/wp\/v2\/users\/2"}],"replies":[{"embeddable":true,"href":"https:\/\/apalion.com\/it\/wp-json\/wp\/v2\/comments?post=1482"}],"version-history":[{"count":0,"href":"https:\/\/apalion.com\/it\/wp-json\/wp\/v2\/pages\/1482\/revisions"}],"wp:attachment":[{"href":"https:\/\/apalion.com\/it\/wp-json\/wp\/v2\/media?parent=1482"}],"wp:term":[{"taxonomy":"difl_page_category","embeddable":true,"href":"https:\/\/apalion.com\/it\/wp-json\/wp\/v2\/difl_page_category?post=1482"}],"curies":[{"name":"wp","href":"https:\/\/api.w.org\/{rel}","templated":true}]}}