{"id":1464,"date":"2023-09-12T22:25:53","date_gmt":"2023-09-12T20:25:53","guid":{"rendered":"https:\/\/apalion.com\/?page_id=1464"},"modified":"2023-09-12T22:25:53","modified_gmt":"2023-09-12T20:25:53","slug":"creare-buoni-testi-seo-per-lottimizzazione-onpage","status":"publish","type":"page","link":"https:\/\/apalion.com\/it\/gute-seo-texte-erstellen-fuer-onpage-optimierung\/","title":{"rendered":"Buoni testi SEO"},"content":{"rendered":"<figure class=\"wp-block-image size-large\"><a href=\"https:\/\/apalion.com\/wp-content\/uploads\/2023\/09\/Helene_Berger_Ein_Bild_das_den_Prozess_der_Erstellung_guter_SEO_5fc01ff8-62f9-4387-bd53-82dc9492c20e.png\"><img decoding=\"async\" width=\"1024\" height=\"574\" src=\"https:\/\/apalion.com\/wp-content\/uploads\/2023\/09\/Helene_Berger_Ein_Bild_das_den_Prozess_der_Erstellung_guter_SEO_5fc01ff8-62f9-4387-bd53-82dc9492c20e-1024x574.png\" alt=\"Creare buoni testi SEO \u00e8 un lavoro di precisione\" class=\"wp-image-1466\" title=\"\" srcset=\"https:\/\/apalion.com\/wp-content\/uploads\/2023\/09\/Helene_Berger_Ein_Bild_das_den_Prozess_der_Erstellung_guter_SEO_5fc01ff8-62f9-4387-bd53-82dc9492c20e-1024x574.png 1024w, https:\/\/apalion.com\/wp-content\/uploads\/2023\/09\/Helene_Berger_Ein_Bild_das_den_Prozess_der_Erstellung_guter_SEO_5fc01ff8-62f9-4387-bd53-82dc9492c20e-980x549.png 980w, https:\/\/apalion.com\/wp-content\/uploads\/2023\/09\/Helene_Berger_Ein_Bild_das_den_Prozess_der_Erstellung_guter_SEO_5fc01ff8-62f9-4387-bd53-82dc9492c20e-480x269.png 480w\" sizes=\"(min-width: 0px) and (max-width: 480px) 480px, (min-width: 481px) and (max-width: 980px) 980px, (min-width: 981px) 1024px, 100vw\" \/><\/a><figcaption><\/figcaption><\/figure>\n\n\n\n<p>Nell'era digitale, l'ottimizzazione dei motori di ricerca (SEO) \u00e8 diventata una pietra miliare del marketing moderno. Le aziende e le organizzazioni cercano di massimizzare la loro presenza online attraverso strategie SEO efficaci. Un buon copy SEO \u00e8 fondamentale. In questo articolo ci addentreremo nel mondo del SEO copywriting ed esploreremo gli elementi e i criteri chiave per creare un copy SEO efficace.<\/p>\n\n\n\n<h2 class=\"wp-block-heading\">Un buon testo SEO: Un'introduzione<\/h2>\n\n\n\n<h3 class=\"wp-block-heading\">Che cos'\u00e8 la SEO?<\/h3>\n\n\n\n<p>La SEO, o ottimizzazione per i motori di ricerca, \u00e8 un processo che mira a migliorare la visibilit\u00e0 di un sito web nei risultati dei motori di ricerca come Google. Oltre il 95% del pubblico target di molte aziende cerca informazioni su Google, il che sottolinea l'importanza di una strategia SEO efficace. L'ottimizzazione per i motori di ricerca comprende una serie di tecniche e strategie volte a migliorare la visibilit\u00e0 di un sito web e a ottenere un miglior posizionamento nei risultati di ricerca.<\/p>\n\n\n\n<h3 class=\"wp-block-heading\">Buoni testi SEO: le basi<\/h3>\n\n\n\n<p>Un testo SEO \u00e8 un contenuto appositamente progettato per far risaltare un sito web nei risultati di ricerca. La creazione di un testo di questo tipo richiede un'attenta pianificazione e una strategia che tenga conto sia degli aspetti tecnici della SEO sia delle esigenze e delle aspettative del gruppo target.<\/p>\n\n\n\n<h2 class=\"wp-block-heading\">L'importanza dei contenuti unici<\/h2>\n\n\n\n<h3 class=\"wp-block-heading\">Perch\u00e9 \u00e8 importante l'unicit\u00e0?<\/h3>\n\n\n\n<p>I contenuti unici sono una parte essenziale del copywriting SEO di successo. Non solo aiuta a distinguersi dalla concorrenza, ma anche ad attirare l'attenzione dei potenziali clienti e ad aumentare il coinvolgimento e l'interazione degli utenti. \u00c8 importante che il contenuto sia informativo e coinvolgente e che soddisfi i criteri SEO come la densit\u00e0 delle parole chiave, il tag title e la meta description.<\/p>\n\n\n\n<h3 class=\"wp-block-heading\">Creazione di contenuti SEO unici<\/h3>\n\n\n\n<p>Per creare contenuti SEO unici, \u00e8 necessario innanzitutto condurre una ricerca approfondita per identificare il pubblico di destinazione e le parole e frasi chiave pertinenti. Il passo successivo \u00e8 quello di scrivere il testo, assicurandosi che sia informativo e coinvolgente. Occorre inoltre tenere conto di criteri SEO quali la densit\u00e0 delle parole chiave, il tag title, la meta description e i link interni. \u00c8 inoltre consigliabile aggiornare regolarmente i contenuti per mantenere la pertinenza e la visibilit\u00e0.<\/p>\n\n\n\n<h3 class=\"wp-block-heading\">Unicit\u00e0 e diversit\u00e0<\/h3>\n\n\n\n<p>\u00c8 estremamente importante che ogni testo SEO sia unico. \u00c8 opportuno evitare di copiare brani da altri testi presenti su Internet, poich\u00e9 i motori di ricerca possono identificare rapidamente tali contenuti come duplicati, con conseguente perdita di visibilit\u00e0. \u00c8 quindi consigliabile investire del tempo per riscrivere il testo e assicurarsi che sia originale e unico.<\/p>\n\n\n\n<h2 class=\"wp-block-heading\">Scrivere per i lettori<\/h2>\n\n\n\n<h3 class=\"wp-block-heading\">Contenuti incentrati sul lettore<\/h3>\n\n\n\n<p>Quando si scrive un testo SEO, \u00e8 importante concentrarsi sui lettori e non solo sui motori di ricerca. Un testo ben scritto e facile da leggere pu\u00f2 aumentare il tempo che gli utenti trascorrono sul sito web, con effetti positivi sul posizionamento.<\/p>\n\n\n\n<h3 class=\"wp-block-heading\">La lunghezza ottimale di un testo<\/h3>\n\n\n\n<p>La lunghezza del testo \u00e8 un fattore importante nella creazione di un testo SEO. Anche se non ci sono regole fisse, un testo dovrebbe idealmente essere lungo pi\u00f9 di 300 parole per essere riconosciuto come rilevante da Google. I testi con pi\u00f9 di 500 parole possono dare risultati ancora migliori se sono ben preparati e pertinenti.<\/p>\n\n\n\n<h2 class=\"wp-block-heading\">La necessit\u00e0 di esperti<\/h2>\n\n\n\n<h3 class=\"wp-block-heading\">Aiuto esperto per il copywriting SEO<\/h3>\n\n\n\n<p>Creare un buon testo SEO pu\u00f2 essere un compito complesso che richiede una conoscenza approfondita di vari fattori. Noi di Apalion AG siamo specializzati nell'aiutare le aziende a massimizzare la loro presenza online attraverso strategie SEO efficaci. Siamo certi di potervi aiutare a raggiungere i vostri obiettivi.<\/p>\n\n\n\n<h2 class=\"wp-block-heading\">Massimizzare la presenza online<\/h2>\n\n\n\n<h3 class=\"wp-block-heading\">Rilevanza e valore aggiunto<\/h3>\n\n\n\n<p>Per massimizzare la vostra presenza online, \u00e8 importante creare contenuti rilevanti sia per i motori di ricerca che per i lettori. Ci\u00f2 significa che dovete creare contenuti che aggiungano valore e si distinguano dalla massa.<\/p>\n\n\n\n<h3 class=\"wp-block-heading\">Il ruolo delle parole chiave<\/h3>\n\n\n\n<p>Le parole chiave svolgono un ruolo centrale nella creazione di buoni testi SEO. \u00c8 consigliabile scegliere una parola chiave principale e da cinque a dieci parole chiave secondarie, che dovrebbero essere idealmente integrate nel testo. Queste parole chiave aiutano a descrivere e sostenere meglio il contenuto.<\/p>\n\n\n\n<p><\/p>\n\n\n\n<figure class=\"wp-block-image size-large\"><a href=\"https:\/\/apalion.com\/wp-content\/uploads\/2023\/09\/Helene_Berger_Ein_Bild_das_den_Prozess_der_Erstellung_guter_SEO_d60ee4cb-356b-49be-838d-9a5723a4e9fb.png\"><img decoding=\"async\" width=\"1024\" height=\"574\" src=\"https:\/\/apalion.com\/wp-content\/uploads\/2023\/09\/Helene_Berger_Ein_Bild_das_den_Prozess_der_Erstellung_guter_SEO_d60ee4cb-356b-49be-838d-9a5723a4e9fb-1024x574.png\" alt=\"Creare buoni testi SEO \u00e8 un lavoro di precisione\" class=\"wp-image-1465\" title=\"\" srcset=\"https:\/\/apalion.com\/wp-content\/uploads\/2023\/09\/Helene_Berger_Ein_Bild_das_den_Prozess_der_Erstellung_guter_SEO_d60ee4cb-356b-49be-838d-9a5723a4e9fb-1024x574.png 1024w, https:\/\/apalion.com\/wp-content\/uploads\/2023\/09\/Helene_Berger_Ein_Bild_das_den_Prozess_der_Erstellung_guter_SEO_d60ee4cb-356b-49be-838d-9a5723a4e9fb-980x549.png 980w, https:\/\/apalion.com\/wp-content\/uploads\/2023\/09\/Helene_Berger_Ein_Bild_das_den_Prozess_der_Erstellung_guter_SEO_d60ee4cb-356b-49be-838d-9a5723a4e9fb-480x269.png 480w\" sizes=\"(min-width: 0px) and (max-width: 480px) 480px, (min-width: 481px) and (max-width: 980px) 980px, (min-width: 981px) 1024px, 100vw\" \/><\/a><figcaption><\/figcaption><\/figure>\n\n\n\n<p><em>Per saperne di pi\u00f9, abbiamo alcuni articoli interessanti sull'argomento qui<\/em>:<\/p>\n\n\n\n<ol class=\"wp-block-list\">\n<li><a href=\"https:\/\/ahrefs.com\/blog\/seo-writing\/\" target=\"_blank\" rel=\"noopener\">Ahrefs<\/a><\/li>\n\n\n\n<li><a href=\"https:\/\/backlinko.com\/seo-content\" target=\"_blank\" rel=\"noopener\">Backlinko<\/a><\/li>\n\n\n\n<li><a href=\"https:\/\/support.google.com\/webmasters\/answer\/7451184?hl=en\/\" target=\"_blank\" rel=\"noopener\">Guida di Google<\/a><\/li>\n\n\n\n<li><a href=\"https:\/\/www.semrush.com\/blog\/how-to-create-seo-friendly-content-with-semrush\/\" target=\"_blank\" rel=\"noopener\">Semrush<\/a><\/li>\n<\/ol>","protected":false},"excerpt":{"rendered":"<p>In der digitalen \u00c4ra ist die Suchmaschinenoptimierung (SEO) zu einem Eckpfeiler des modernen Marketings geworden. Unternehmen und Organisationen streben danach, ihre Online-Pr\u00e4senz durch effektive SEO-Strategien zu maximieren. Gute SEO Texte sind von entscheidender Bedeutung. In diesem Artikel werden wir tiefer in die Welt der SEO-Texterstellung eintauchen und die Schl\u00fcsselelemente und Kriterien f\u00fcr die Erstellung eines [&hellip;]<\/p>\n","protected":false},"author":2,"featured_media":0,"parent":0,"menu_order":0,"comment_status":"closed","ping_status":"closed","template":"","meta":{"_acf_changed":false,"_et_pb_use_builder":"off","_et_pb_old_content":"","_et_gb_content_width":"","footnotes":""},"difl_page_category":[],"class_list":["post-1464","page","type-page","status-publish","hentry"],"acf":[],"_links":{"self":[{"href":"https:\/\/apalion.com\/it\/wp-json\/wp\/v2\/pages\/1464","targetHints":{"allow":["GET"]}}],"collection":[{"href":"https:\/\/apalion.com\/it\/wp-json\/wp\/v2\/pages"}],"about":[{"href":"https:\/\/apalion.com\/it\/wp-json\/wp\/v2\/types\/page"}],"author":[{"embeddable":true,"href":"https:\/\/apalion.com\/it\/wp-json\/wp\/v2\/users\/2"}],"replies":[{"embeddable":true,"href":"https:\/\/apalion.com\/it\/wp-json\/wp\/v2\/comments?post=1464"}],"version-history":[{"count":0,"href":"https:\/\/apalion.com\/it\/wp-json\/wp\/v2\/pages\/1464\/revisions"}],"wp:attachment":[{"href":"https:\/\/apalion.com\/it\/wp-json\/wp\/v2\/media?parent=1464"}],"wp:term":[{"taxonomy":"difl_page_category","embeddable":true,"href":"https:\/\/apalion.com\/it\/wp-json\/wp\/v2\/difl_page_category?post=1464"}],"curies":[{"name":"wp","href":"https:\/\/api.w.org\/{rel}","templated":true}]}}