{"id":1459,"date":"2023-09-12T21:35:38","date_gmt":"2023-09-12T19:35:38","guid":{"rendered":"https:\/\/apalion.com\/?page_id=1459"},"modified":"2023-09-12T21:35:38","modified_gmt":"2023-09-12T19:35:38","slug":"agenzia-seo-affidabile-in-svizzera","status":"publish","type":"page","link":"https:\/\/apalion.com\/it\/serioese-seo-agentur-in-der-schweiz\/","title":{"rendered":"Agenzia SEO affidabile"},"content":{"rendered":"<figure class=\"wp-block-image size-large\"><a href=\"https:\/\/apalion.com\/wp-content\/uploads\/2023\/09\/Helene_Berger_Das_Bild_zeigt_ein_modernes_Burogebaude_mit_groe_8a0c863b-3547-4f81-b1c0-fc586bd2ae19.png\"><img decoding=\"async\" width=\"1024\" height=\"574\" src=\"https:\/\/apalion.com\/wp-content\/uploads\/2023\/09\/Helene_Berger_Das_Bild_zeigt_ein_modernes_Burogebaude_mit_groe_8a0c863b-3547-4f81-b1c0-fc586bd2ae19-1024x574.png\" alt=\"Agenzia SEO affidabile\" class=\"wp-image-1461\" title=\"\" srcset=\"https:\/\/apalion.com\/wp-content\/uploads\/2023\/09\/Helene_Berger_Das_Bild_zeigt_ein_modernes_Burogebaude_mit_groe_8a0c863b-3547-4f81-b1c0-fc586bd2ae19-1024x574.png 1024w, https:\/\/apalion.com\/wp-content\/uploads\/2023\/09\/Helene_Berger_Das_Bild_zeigt_ein_modernes_Burogebaude_mit_groe_8a0c863b-3547-4f81-b1c0-fc586bd2ae19-980x549.png 980w, https:\/\/apalion.com\/wp-content\/uploads\/2023\/09\/Helene_Berger_Das_Bild_zeigt_ein_modernes_Burogebaude_mit_groe_8a0c863b-3547-4f81-b1c0-fc586bd2ae19-480x269.png 480w\" sizes=\"(min-width: 0px) and (max-width: 480px) 480px, (min-width: 481px) and (max-width: 980px) 980px, (min-width: 981px) 1024px, 100vw\" \/><\/a><figcaption><\/figcaption><\/figure>\n\n\n\n<p>La competenza \u00e8 essenziale per il successo di un progetto SEO. Le piccole e medie imprese in particolare si affidano ad agenzie SEO come Apalion AG per ottimizzare la loro presenza online. Utilizzate noi come agenzia SEO di fiducia.<\/p>\n\n\n\n<h4 class=\"wp-block-heading\"><strong>Massimizzate il vostro successo e riducete al minimo il rischio con Apalion AG<\/strong><\/h4>\n\n\n\n<h4 class=\"wp-block-heading\"><strong>Apalion AG non offre false promesse<\/strong> - Siamo un'agenzia SEO affidabile<\/h4>\n\n\n\n<p>\u00c8 risaputo che non esistono garanzie di un posizionamento elevato nei risultati di ricerca. Se un'agenzia fornisce tali garanzie, non \u00e8 affidabile. Apalion AG punta sul miglioramento continuo e sulla competenza per promuovere il successo del vostro sito web senza fare false promesse. Vi mostriamo in modo trasparente i successi che otteniamo per voi.<\/p>\n\n\n\n<h4 class=\"wp-block-heading\"><strong>TRASPARENZA<\/strong><\/h4>\n\n\n\n<h4 class=\"wp-block-heading\"><strong>Apalion AG lavora in modo trasparente e offre un feedback regolare<\/strong><\/h4>\n\n\n\n<p>Apalion AG attribuisce grande importanza alla trasparenza e alla comunicazione aperta con i propri clienti. Un aspetto importante di questa trasparenza \u00e8 la stesura di relazioni periodiche, attraverso le quali i clienti e l'agenzia possono discutere dei progressi compiuti e pianificare le strategie future.<\/p>\n\n\n\n<h4 class=\"wp-block-heading\"><strong>La rinomata agenzia SEO - Apalion AG<\/strong><\/h4>\n\n\n\n<h4 class=\"wp-block-heading\"><strong>Offerte di prezzo individuali su richiesta<\/strong><\/h4>\n\n\n\n<p>Per favore <a href=\"https:\/\/old.apalion.com\/impressum\/\" data-type=\"page\" data-id=\"326\">Contattateci<\/a> per un'offerta personalizzata.<\/p>\n\n\n\n<h4 class=\"wp-block-heading\"><strong>Apalion AG: un successo misurabile senza rischi finanziari<\/strong><\/h4>\n\n\n\n<h4 class=\"wp-block-heading\"><strong>Cosa rende Apalion AG un'agenzia SEO affidabile?<\/strong><\/h4>\n\n\n\n<p>Apalion AG si distingue per la sua esperienza pluriennale, la sua competenza e i suoi metodi collaudati. Attribuiamo grande importanza alla trasparenza e alle relazioni a lungo termine con i clienti. Le nostre azioni sono comprensibili e voi ottenete ci\u00f2 che promettiamo.  Che si tratti di SEO offpage, SEO onpage o serps.<\/p>\n\n\n\n<h4 class=\"wp-block-heading\"><strong>Perch\u00e9 incaricare Apalion AG?<\/strong><\/h4>\n\n\n\n<p>L'assunzione di Apalion AG pu\u00f2 aiutare la vostra azienda ad aumentare la visibilit\u00e0 online, a superare la concorrenza e a promuovere la crescita del business. Risparmiate tempo e risorse che altrimenti verrebbero spesi in attivit\u00e0 interne di SEO.<\/p>\n\n\n\n<h4 class=\"wp-block-heading\"><strong>Perch\u00e9 scegliere Apalion AG come agenzia SEO affidabile?<\/strong><\/h4>\n\n\n\n<p>Diamo grande importanza alla trasparenza e iniziamo la nostra collaborazione con un'analisi approfondita del vostro sito web e dei vostri obiettivi specifici. I nostri esperti sviluppano quindi strategie SEO personalizzate e adatte alle esigenze della vostra azienda.<\/p>\n\n\n\n<p>Apalion AG dispone di un team dedicato di specialisti SEO che sono costantemente aggiornati sulle ultime tendenze e tecniche SEO. Ci concentriamo su pratiche SEO etiche e aderiamo alle linee guida dei motori di ricerca per ottenere risultati sostenibili.<\/p>\n\n\n\n<p>Le referenze e le recensioni dei nostri clienti parlano del nostro successo. Abbiamo gi\u00e0 aiutato numerose aziende ad aumentare la loro visibilit\u00e0 nei risultati di ricerca e a incrementare il loro traffico. Siamo orgogliosi dei nostri successi e della creazione di partnership a lungo termine con i nostri clienti.<\/p>\n\n\n\n<p>In definitiva, se cercate un'agenzia affidabile, esperta e trasparente che possa ottimizzare la vostra presenza online e far progredire la vostra attivit\u00e0, dovreste scegliere Apalion AG come agenzia SEO. Siamo pronti ad aiutarvi a raggiungere i vostri obiettivi SEO e ad aumentare la vostra visibilit\u00e0 online.<\/p>\n\n\n\n<h4 class=\"wp-block-heading\"><strong>Quando \u00e8 il momento migliore per commissionare Apalion AG?<\/strong><\/h4>\n\n\n\n<p>Il momento ideale per incaricare Apalion AG \u00e8 l'inizio di un progetto o la riprogettazione di un sito web. Consigliamo di integrare il SEO nella pianificazione fin dall'inizio per ottenere risultati ottimali.<\/p>\n\n\n\n<h3 class=\"wp-block-heading\"><strong>\u00c8 cos\u00ec che si riconosce Apalion AG come un'agenzia SEO affidabile:<\/strong><\/h3>\n\n\n\n<h6 class=\"wp-block-heading\"><strong>5 segnali che indicano che un'agenzia non \u00e8 affidabile<\/strong><\/h6>\n\n\n\n<p>Purtroppo, nel settore SEO esistono anche fornitori di dubbia qualit\u00e0. Ecco alcuni segnali di allarme che potrebbero indicare un'agenzia dubbia:<\/p>\n\n\n\n<ul class=\"wp-block-list\">\n<li>Sito web incompleto o progettato in modo non professionale, privo di imprinting e di dati di contatto.<\/li>\n\n\n\n<li>Promesse irrealistiche come \u201ePosizionamento garantito al numero 1 su Google\u201c.<\/li>\n\n\n\n<li>Mancanza di contatti personali e dipendenti irraggiungibili.<\/li>\n\n\n\n<li>Offerte contrattuali non richieste con termini minimi lunghi.<\/li>\n\n\n\n<li>Risposte evasive alle richieste di informazioni.<\/li>\n<\/ul>\n\n\n\n<h4 class=\"wp-block-heading\"><strong>Avete bisogno di un nuovo sito web?<\/strong><\/h4>\n\n\n\n<h4 class=\"wp-block-heading\"><strong>Apalion AG offre quotazioni di prezzo personalizzate<\/strong><\/h4>\n\n\n\n<p>Apalion AG \u00e8 caratterizzata da consultazioni individuali in cui vengono chiarite tutte le questioni importanti per una possibile collaborazione. Dopo questa discussione, possiamo valutare meglio quali servizi sono necessari e quali obiettivi state perseguendo. Sulla base di queste informazioni, possiamo fornirvi un'offerta gratuita e non vincolante.<\/p>\n\n\n\n<figure class=\"wp-block-image size-large\"><a href=\"https:\/\/apalion.com\/wp-content\/uploads\/2023\/09\/Helene_Berger_Das_Bild_zeigt_ein_modernes_Burogebaude_mit_groe_a5e702c6-d532-40b4-aba7-30f16f18ee13.png\"><img decoding=\"async\" width=\"1024\" height=\"574\" src=\"https:\/\/apalion.com\/wp-content\/uploads\/2023\/09\/Helene_Berger_Das_Bild_zeigt_ein_modernes_Burogebaude_mit_groe_a5e702c6-d532-40b4-aba7-30f16f18ee13-1024x574.png\" alt=\"Agenzia SEO affidabile\" class=\"wp-image-1462\" title=\"\" srcset=\"https:\/\/apalion.com\/wp-content\/uploads\/2023\/09\/Helene_Berger_Das_Bild_zeigt_ein_modernes_Burogebaude_mit_groe_a5e702c6-d532-40b4-aba7-30f16f18ee13-1024x574.png 1024w, https:\/\/apalion.com\/wp-content\/uploads\/2023\/09\/Helene_Berger_Das_Bild_zeigt_ein_modernes_Burogebaude_mit_groe_a5e702c6-d532-40b4-aba7-30f16f18ee13-980x549.png 980w, https:\/\/apalion.com\/wp-content\/uploads\/2023\/09\/Helene_Berger_Das_Bild_zeigt_ein_modernes_Burogebaude_mit_groe_a5e702c6-d532-40b4-aba7-30f16f18ee13-480x269.png 480w\" sizes=\"(min-width: 0px) and (max-width: 480px) 480px, (min-width: 481px) and (max-width: 980px) 980px, (min-width: 981px) 1024px, 100vw\" \/><\/a><figcaption><\/figcaption><\/figure>\n\n\n\n<h2 class=\"wp-block-heading\">Per saperne di pi\u00f9<\/h2>\n\n\n\n<p>Ecco due fonti esterne che offrono input sulla reputazione delle agenzie SEO:<\/p>\n\n\n\n<ol class=\"wp-block-list\">\n<li><a href=\"https:\/\/www.highervisibility.com\/seo\/learn\/check-credibility-seo-agency\/\" target=\"_blank\" rel=\"noopener\">Come verificare la credibilit\u00e0 di un'agenzia SEO<\/a>\n<ul class=\"wp-block-list\">\n<li>In questo articolo imparerete a giudicare la credibilit\u00e0 di un'agenzia SEO come un professionista. Offre inoltre suggerimenti per riconoscere le bandiere rosse comuni alle agenzie inaffidabili. L'articolo sottolinea l'importanza di ricercare a fondo la storia e la reputazione di un'agenzia e offre suggerimenti su come dovrebbe essere un'agenzia SEO affidabile.<\/li>\n<\/ul>\n<\/li>\n\n\n\n<li><a href=\"https:\/\/www.searchenginejournal.com\/seo-understanding-credibility-deliverability\/336131\/\" target=\"_blank\" rel=\"noopener\">La SEO in poche parole: comprensione, credibilit\u00e0 e deliverability<\/a>\n<ul class=\"wp-block-list\">\n<li>Questo articolo offre una panoramica sulle tre \u201eesigenze\u201c di Google che le strategie SEO dovrebbero soddisfare: Comprensione, Credibilit\u00e0 e Consegnabilit\u00e0. Spiega come i digital marketer possono utilizzare questi aspetti per sfruttare al meglio le opportunit\u00e0 offerte da Google. L'articolo sottolinea inoltre l'importanza della credibilit\u00e0 (E-A-T: expertise, authority e trustworthiness) nella classificazione dei contenuti.<\/li>\n<\/ul>\n<\/li>\n<\/ol>","protected":false},"excerpt":{"rendered":"<p>F\u00fcr ein erfolgreiches SEO-Projekt ist Expertise unerl\u00e4sslich. Insbesondere kleine und mittelst\u00e4ndische Unternehmen setzen daher auf SEO Agenturen wie die Apalion AG, um ihre Online-Pr\u00e4senz zu optimieren. Nutzen Sie uns als Seri\u00f6se SEO Agentur. Maximieren Sie Ihren Erfolg und minimieren Sie das Risiko mit der Apalion AG Die Apalion AG bietet keine falschen Versprechungen &#8211; Wir [&hellip;]<\/p>\n","protected":false},"author":2,"featured_media":0,"parent":0,"menu_order":0,"comment_status":"closed","ping_status":"closed","template":"","meta":{"_acf_changed":false,"_et_pb_use_builder":"off","_et_pb_old_content":"","_et_gb_content_width":"","footnotes":""},"difl_page_category":[],"class_list":["post-1459","page","type-page","status-publish","hentry"],"acf":[],"_links":{"self":[{"href":"https:\/\/apalion.com\/it\/wp-json\/wp\/v2\/pages\/1459","targetHints":{"allow":["GET"]}}],"collection":[{"href":"https:\/\/apalion.com\/it\/wp-json\/wp\/v2\/pages"}],"about":[{"href":"https:\/\/apalion.com\/it\/wp-json\/wp\/v2\/types\/page"}],"author":[{"embeddable":true,"href":"https:\/\/apalion.com\/it\/wp-json\/wp\/v2\/users\/2"}],"replies":[{"embeddable":true,"href":"https:\/\/apalion.com\/it\/wp-json\/wp\/v2\/comments?post=1459"}],"version-history":[{"count":0,"href":"https:\/\/apalion.com\/it\/wp-json\/wp\/v2\/pages\/1459\/revisions"}],"wp:attachment":[{"href":"https:\/\/apalion.com\/it\/wp-json\/wp\/v2\/media?parent=1459"}],"wp:term":[{"taxonomy":"difl_page_category","embeddable":true,"href":"https:\/\/apalion.com\/it\/wp-json\/wp\/v2\/difl_page_category?post=1459"}],"curies":[{"name":"wp","href":"https:\/\/api.w.org\/{rel}","templated":true}]}}