{"id":1445,"date":"2023-09-12T14:09:56","date_gmt":"2023-09-12T12:09:56","guid":{"rendered":"https:\/\/apalion.com\/?page_id=1445"},"modified":"2023-09-12T14:09:56","modified_gmt":"2023-09-12T12:09:56","slug":"seo-snippet-snippet-ottimizzazione-tutto","status":"publish","type":"page","link":"https:\/\/apalion.com\/it\/seo-snippet-snippet-optimierung-alles\/","title":{"rendered":"Ottimizzazione di snippet e snippet SEO"},"content":{"rendered":"<figure class=\"wp-block-image size-large\"><a href=\"https:\/\/apalion.com\/wp-content\/uploads\/2023\/09\/Helene_Berger_Auf_diesem_Bild_sehen_wir_eine_lebendige_Darstell_2328459f-6f32-49a2-b9ad-1e0c7dd2e174.png\"><img decoding=\"async\" width=\"1024\" height=\"574\" src=\"https:\/\/apalion.com\/wp-content\/uploads\/2023\/09\/Helene_Berger_Auf_diesem_Bild_sehen_wir_eine_lebendige_Darstell_2328459f-6f32-49a2-b9ad-1e0c7dd2e174-1024x574.png\" alt=\"Ottimizzazione degli snippet SEO\" class=\"wp-image-1447\" title=\"\" srcset=\"https:\/\/apalion.com\/wp-content\/uploads\/2023\/09\/Helene_Berger_Auf_diesem_Bild_sehen_wir_eine_lebendige_Darstell_2328459f-6f32-49a2-b9ad-1e0c7dd2e174-980x549.png 980w, https:\/\/apalion.com\/wp-content\/uploads\/2023\/09\/Helene_Berger_Auf_diesem_Bild_sehen_wir_eine_lebendige_Darstell_2328459f-6f32-49a2-b9ad-1e0c7dd2e174-480x269.png 480w\" sizes=\"(min-width: 0px) and (max-width: 480px) 480px, (min-width: 481px) and (max-width: 980px) 980px, (min-width: 981px) 1024px, 100vw\" \/><\/a><figcaption><\/figcaption><\/figure>\n\n\n\n<p>Una guida completa all'ottimizzazione degli snippet seo<\/p>\n\n\n\n<p>La presentazione \u00e8 tutto. A <strong>Snippet SEO<\/strong> \u00e8 la vostra figura di riferimento nelle pagine dei risultati di ricerca (SERP) di Google. Si compone di tre elementi principali: l'URL, il titolo della pagina e la meta descrizione. Insieme, questi elementi costituiscono l'anteprima dell'URL sottostante nei risultati di ricerca di Google. L'obiettivo \u00e8 quello di condurre l'utente che ha inserito un termine di ricerca specifico nella maschera di ricerca al vostro sito web. Ogni URL genera uno snippet personalizzato che funge da punto di contatto decisivo per i potenziali visitatori.<\/p>\n\n\n\n<h2 class=\"wp-block-heading\">Nozioni di base sull'ottimizzazione degli snippet SEO<\/h2>\n\n\n\n<p>L'ottimizzazione degli snippet \u00e8 una parte essenziale delle misure SEO on-page di Apalion AG. Non solo serve ad aumentare il tasso di clic, ma agisce anche come fattore di ranking per l'algoritmo del motore di ricerca. L'URL, spesso creato dal sistema di gestione dei contenuti, deve essere adattato e ottimizzato manualmente per tenere conto degli aspetti tecnici e di quelli legati all'utente.<\/p>\n\n\n\n<h2 class=\"wp-block-heading\">Aspetti tecnici<\/h2>\n\n\n\n<p>Tecnicamente, \u00e8 possibile selezionare componenti di snippet significativi per URL direttamente nel CMS. Tuttavia, questo pu\u00f2 portare a problemi come la creazione involontaria di duplicati a causa di titoli di pagina e meta-descrizioni ripetute. \u00c8 quindi necessario un approccio strutturato per evitare sovrapposizioni e coprire le intenzioni dei singoli contenuti e URL.<\/p>\n\n\n\n<h3 class=\"wp-block-heading\">Struttura dell'URL<\/h3>\n\n\n\n<p>La struttura dell'URL \u00e8 un fattore importante per l'ottimizzazione degli snippet. Un URL ben strutturato deve essere breve, conciso e descrittivo per dare agli utenti un'idea chiara del contenuto della pagina. \u00c8 inoltre consigliabile utilizzare parole chiave nell'URL per aumentare la rilevanza per i motori di ricerca.<\/p>\n\n\n\n<h3 class=\"wp-block-heading\">Titoli e meta-descrizioni delle pagine<\/h3>\n\n\n\n<p>Il titolo della pagina e la meta descrizione sono elementi centrali di uno snippet. Il titolo non dovrebbe contenere pi\u00f9 di 60-70 caratteri per essere visualizzato per intero nelle SERP. La meta descrizione deve fornire un breve riassunto del contenuto della pagina e non deve contenere pi\u00f9 di 156 caratteri. Entrambe devono contenere parole chiave pertinenti per migliorare la visibilit\u00e0 nei risultati di ricerca.<\/p>\n\n\n\n<h3 class=\"wp-block-heading\">Utilizzo di rich snippet<\/h3>\n\n\n\n<p>I rich snippet sono snippet estesi che possono contenere informazioni aggiuntive come valutazioni, prezzi e caratteristiche del prodotto. Per creare un rich snippet, \u00e8 necessario inserire dati strutturati nel codice HTML. Questi dati strutturati possono essere ottenuti da schema.org e aiutano a fornire ai motori di ricerca informazioni pi\u00f9 dettagliate sul contenuto della pagina.<\/p>\n\n\n\n<h3 class=\"wp-block-heading\">Ottimizzazione dei dispositivi mobili<\/h3>\n\n\n\n<p>In un'epoca in cui le ricerche da mobile dominano, l'ottimizzazione per i dispositivi mobili \u00e8 un aspetto essenziale dell'ottimizzazione degli snippet. Assicuratevi che i vostri snippet siano ottimizzati per i dispositivi mobili, utilizzando pratiche di responsive design e riducendo al minimo il tempo di caricamento della pagina.<\/p>\n\n\n\n<h3 class=\"wp-block-heading\">Evitare i duplicati<\/h3>\n\n\n\n<p>Durante il processo di ottimizzazione, \u00e8 importante evitare la duplicazione dei titoli delle pagine e delle meta-descrizioni. I duplicati possono ostacolare l'efficacia dei vostri sforzi SEO perch\u00e9 possono confondere i motori di ricerca. Utilizzate strumenti come Screaming Frog SEO Spider per identificare e correggere i duplicati.<\/p>\n\n\n\n<h2 class=\"wp-block-heading\">Approccio incentrato sull'utente<\/h2>\n\n\n\n<p>Nel contesto della centralit\u00e0 dell'utente, \u00e8 importante capire e servire l'intenzione di ricerca dell'utente. L'intento di ricerca pu\u00f2 essere suddiviso in tre categorie: informativo (conoscere), transazionale (acquistare) e di navigazione (andare). Per ogni pagina deve essere definita una parola chiave principale, da assegnare a un solo URL per trasmettere un messaggio chiaro e mirato.<\/p>\n\n\n\n<h2 class=\"wp-block-heading\">Ottimizzazione avanzata degli snippet<\/h2>\n\n\n\n<p>Per chi vuole portare l'ottimizzazione dello snippet a un livello superiore, esiste la possibilit\u00e0 di estendere lo snippet con dei mark up. Questi mark up, integrati nel codice HTML della pagina, possono ingrandire visivamente lo snippet e arricchirlo con informazioni aggiuntive che non trovano posto nella meta descrizione. I mark up comprovati includono mark up di prodotti, mark up di recensioni e mark up di FAQ. Per garantire un'ottimizzazione efficace degli snippet, \u00e8 consigliabile utilizzare un crawler come Screaming Frog SEO Spider per scaricare tutti gli URL, compresi i titoli delle pagine e le meta descrizioni attuali, in un foglio di Google o di Excel. Ogni URL deve essere considerato singolarmente, indipendentemente dallo snippet corrente, per garantire un'ottimizzazione efficace.<\/p>\n\n\n\n<figure class=\"wp-block-image size-large\"><a href=\"https:\/\/apalion.com\/wp-content\/uploads\/2023\/09\/Helene_Berger_Auf_diesem_Bild_sehen_wir_eine_lebendige_Darstell_e727e234-a10e-4eff-8a59-e24968a7de54.png\"><img decoding=\"async\" width=\"1024\" height=\"574\" src=\"https:\/\/apalion.com\/wp-content\/uploads\/2023\/09\/Helene_Berger_Auf_diesem_Bild_sehen_wir_eine_lebendige_Darstell_e727e234-a10e-4eff-8a59-e24968a7de54-1024x574.png\" alt=\"Ottimizzazione degli snippet SEO\" class=\"wp-image-1446\" title=\"\" srcset=\"https:\/\/apalion.com\/wp-content\/uploads\/2023\/09\/Helene_Berger_Auf_diesem_Bild_sehen_wir_eine_lebendige_Darstell_e727e234-a10e-4eff-8a59-e24968a7de54-980x549.png 980w, https:\/\/apalion.com\/wp-content\/uploads\/2023\/09\/Helene_Berger_Auf_diesem_Bild_sehen_wir_eine_lebendige_Darstell_e727e234-a10e-4eff-8a59-e24968a7de54-480x269.png 480w\" sizes=\"(min-width: 0px) and (max-width: 480px) 480px, (min-width: 481px) and (max-width: 980px) 980px, (min-width: 981px) 1024px, 100vw\" \/><\/a><figcaption><\/figcaption><\/figure>\n\n\n\n<h2 class=\"wp-block-heading\">Per saperne di pi\u00f9<\/h2>\n\n\n\n<p>Qui abbiamo alcuni articoli interessanti sull'argomento:<\/p>\n\n\n\n<ol class=\"wp-block-list\">\n<li><a href=\"https:\/\/www.seo-kueche.de\/ratgeber\/snippet-optimierung\/\" target=\"_blank\" rel=\"noopener\">Cucina SEO<\/a><\/li>\n\n\n\n<li><a href=\"https:\/\/www.searchenginejournal.com\/featured-snippets-optimization\/410622\/\" target=\"_blank\" rel=\"noopener\">Giornale dei motori di ricerca<\/a><\/li>\n\n\n\n<li><a href=\"https:\/\/support.google.com\/webmasters\/answer\/7451184?hl=en\/\" target=\"_blank\" rel=\"noopener\">Supporto Google<\/a><\/li>\n\n\n\n<li><a href=\"https:\/\/app.sistrix.com\/de\/serp-snippet-generator\" target=\"_blank\" rel=\"noopener\">SISTRIX<\/a><\/li>\n<\/ol>","protected":false},"excerpt":{"rendered":"<p>Ein umfassender Leitfaden zu Seo Snippet Optimierung Die Pr\u00e4sentation ist alles. Ein SEO Snippet ist Ihr Aush\u00e4ngeschild in den Suchergebnisseiten (SERPs) von Google. Es besteht aus drei Hauptelementen: der URL, dem Seitentitel und der Meta-Beschreibung. Diese Elemente bilden zusammen die Vorschau f\u00fcr die dahinterstehende URL in den Google-Suchergebnissen. Ziel ist es, den Nutzer, der einen [&hellip;]<\/p>\n","protected":false},"author":2,"featured_media":0,"parent":0,"menu_order":0,"comment_status":"closed","ping_status":"closed","template":"","meta":{"_acf_changed":false,"_et_pb_use_builder":"off","_et_pb_old_content":"","_et_gb_content_width":"","footnotes":""},"difl_page_category":[],"class_list":["post-1445","page","type-page","status-publish","hentry"],"acf":[],"_links":{"self":[{"href":"https:\/\/apalion.com\/it\/wp-json\/wp\/v2\/pages\/1445","targetHints":{"allow":["GET"]}}],"collection":[{"href":"https:\/\/apalion.com\/it\/wp-json\/wp\/v2\/pages"}],"about":[{"href":"https:\/\/apalion.com\/it\/wp-json\/wp\/v2\/types\/page"}],"author":[{"embeddable":true,"href":"https:\/\/apalion.com\/it\/wp-json\/wp\/v2\/users\/2"}],"replies":[{"embeddable":true,"href":"https:\/\/apalion.com\/it\/wp-json\/wp\/v2\/comments?post=1445"}],"version-history":[{"count":0,"href":"https:\/\/apalion.com\/it\/wp-json\/wp\/v2\/pages\/1445\/revisions"}],"wp:attachment":[{"href":"https:\/\/apalion.com\/it\/wp-json\/wp\/v2\/media?parent=1445"}],"wp:term":[{"taxonomy":"difl_page_category","embeddable":true,"href":"https:\/\/apalion.com\/it\/wp-json\/wp\/v2\/difl_page_category?post=1445"}],"curies":[{"name":"wp","href":"https:\/\/api.w.org\/{rel}","templated":true}]}}