{"id":1431,"date":"2023-09-11T15:14:11","date_gmt":"2023-09-11T13:14:11","guid":{"rendered":"https:\/\/apalion.com\/?page_id=1431"},"modified":"2023-09-11T15:14:11","modified_gmt":"2023-09-11T13:14:11","slug":"onpage-seo-il-linking-interno","status":"publish","type":"page","link":"https:\/\/apalion.com\/it\/onpage-seo-il-linking-interno\/","title":{"rendered":"Collegamento interno"},"content":{"rendered":"<figure class=\"wp-block-image size-large\"><a href=\"https:\/\/apalion.com\/wp-content\/uploads\/2023\/09\/Helene_Berger_creat_a_picture_of_a_friendly_and_modern_light_fl_92e138ea-f861-4f68-a037-93b4aa47f9dc.png\"><img decoding=\"async\" width=\"1024\" height=\"574\" src=\"https:\/\/apalion.com\/wp-content\/uploads\/2023\/09\/Helene_Berger_creat_a_picture_of_a_friendly_and_modern_light_fl_92e138ea-f861-4f68-a037-93b4aa47f9dc-1024x574.png\" alt=\"\" class=\"wp-image-1432\" title=\"\" srcset=\"https:\/\/apalion.com\/wp-content\/uploads\/2023\/09\/Helene_Berger_creat_a_picture_of_a_friendly_and_modern_light_fl_92e138ea-f861-4f68-a037-93b4aa47f9dc-980x549.png 980w, https:\/\/apalion.com\/wp-content\/uploads\/2023\/09\/Helene_Berger_creat_a_picture_of_a_friendly_and_modern_light_fl_92e138ea-f861-4f68-a037-93b4aa47f9dc-480x269.png 480w\" sizes=\"(min-width: 0px) and (max-width: 480px) 480px, (min-width: 481px) and (max-width: 980px) 980px, (min-width: 981px) 1024px, 100vw\" \/><\/a><figcaption><\/figcaption><\/figure>\n\n\n\n<h4 class=\"wp-block-heading\">L'importanza del linking interno<\/h4>\n\n\n\n<p>Questo testo \u00e8 dedicato al linking interno. Quando ha senso il linking interno? Ha senso in assoluto? Quali sono i vantaggi dell'uso dei link interni e a cosa bisogna prestare attenzione quando si creano i link? Tutte queste domande troveranno una risposta esauriente, in modo che possiate sapere tutto ci\u00f2 che c'\u00e8 da sapere sul linking interno.<\/p>\n\n\n\n<h4 class=\"wp-block-heading\">Domande sul collegamento interno<\/h4>\n\n\n\n<p>Il linking interno pu\u00f2 offrire molti vantaggi se usato correttamente. Tuttavia, \u00e8 anche importante sapere quando non \u00e8 utile per garantire un'esperienza utente ottimale.<\/p>\n\n\n\n<h4 class=\"wp-block-heading\">Link interni come parte dell'ottimizzazione SEO on-page<\/h4>\n\n\n\n<p>I link interni sono una parte essenziale dell'ottimizzazione SEO on-page. Grazie a collegamenti strategici all'interno del vostro sito web, potete non solo migliorare l'esperienza dell'utente, ma anche influenzare positivamente il vostro posizionamento nei risultati di ricerca.<\/p>\n\n\n\n<h2 class=\"wp-block-heading\">Definizione di<\/h2>\n\n\n\n<h4 class=\"wp-block-heading\">Che cos'\u00e8 un link interno?<\/h4>\n\n\n\n<p>Un link interno \u00e8 un link che conduce, ad esempio, in un post di un blog a un altro post dello stesso sito web. Pu\u00f2 anche essere un link a un prodotto del negozio online associato. Ad esempio, in un blog di animali domestici, si pu\u00f2 inserire un link in un testo sui porcellini d'India a un post sui conigli che fa parte dello stesso blog. \u00c8 anche possibile includere un link al negozio online del blog in cui si offre cibo per cani in un post sulla corretta alimentazione dei cani.<\/p>\n\n\n\n<h4 class=\"wp-block-heading\">Esempi di applicazione<\/h4>\n\n\n\n<p>Il linking interno funziona anche direttamente sul sito web del negozio. Le descrizioni delle categorie, ad esempio, sono ideali per fare riferimento ai singoli prodotti del negozio. Ad esempio, se gestite un negozio di prodotti per la cura dei capelli, nella descrizione della categoria potete linkare i singoli shampoo, nonch\u00e9 i balsami e i trattamenti per capelli abbinati agli shampoo. In questo modo, potete guidare delicatamente i vostri clienti verso i prodotti che potrebbero essere di loro interesse.<\/p>\n\n\n\n<h2 class=\"wp-block-heading\">Ottimizzazione SEO tramite link interni<\/h2>\n\n\n\n<h4 class=\"wp-block-heading\">Introduzione all'ottimizzazione della SEO on-page attraverso i link interni.<\/h4>\n\n\n\n<p>I link interni sono una parte fondamentale dell'ottimizzazione SEO on-page. Una struttura di link ben studiata pu\u00f2 contribuire a migliorare il posizionamento del vostro sito web nei risultati di ricerca.<\/p>\n\n\n\n<h4 class=\"wp-block-heading\">Utilizzo di testi di ancoraggio significativi<\/h4>\n\n\n\n<p>Il testo di ancoraggio utilizzato per un link deve essere chiaro e preciso e fornire all'utente e ai motori di ricerca un'indicazione del contenuto della pagina collegata.<\/p>\n\n\n\n<h4 class=\"wp-block-heading\">Collegamento di pagine rilevanti<\/h4>\n\n\n\n<p>Collegate le pagine rilevanti del vostro sito web per consentire all'utente di accedere facilmente a ulteriori informazioni pertinenti e aumentare il tempo di permanenza sul vostro sito.<\/p>\n\n\n\n<h4 class=\"wp-block-heading\">Evitare i link morti<\/h4>\n\n\n\n<p>I link morti o gli errori 404 possono compromettere l'esperienza dell'utente e portare a un posizionamento inferiore nei risultati di ricerca. Assicuratevi che tutti i link del vostro sito web funzionino correttamente.<\/p>\n\n\n\n<h4 class=\"wp-block-heading\">Utilizzo di categorie significative<\/h4>\n\n\n\n<p>Organizzate il vostro sito web in categorie significative e collegate i link all'interno di queste categorie per facilitare la navigazione all'utente.<\/p>\n\n\n\n<h4 class=\"wp-block-heading\">Evitare un collegamento eccessivo<\/h4>\n\n\n\n<p>Un eccesso di link pu\u00f2 compromettere l'esperienza dell'utente e peggiorare il posizionamento nei risultati di ricerca. Utilizzate solo link pertinenti e limitate il numero di link per pagina.<\/p>\n\n\n\n<h4 class=\"wp-block-heading\">Collegamento delle pagine di destinazione<\/h4>\n\n\n\n<p>Collegate le pagine di destinazione importanti all'interno del vostro sito web per renderle pi\u00f9 accessibili agli utenti e migliorare il vostro posizionamento nei risultati di ricerca.<\/p>\n\n\n\n<h2 class=\"wp-block-heading\">Uso sensato del linking interno<\/h2>\n\n\n\n<h4 class=\"wp-block-heading\">Quando ha senso il linking interno?<\/h4>\n\n\n\n<p>I link interni sono sempre utili se possono fornire una soluzione al problema del cliente. Pertanto, devono essere presi in considerazione solo se anche l'argomento o il prodotto collegato \u00e8 rilevante in quel momento. Non ha molto senso inserire un link a uno shampoo in un testo che tratta la composizione dell'olio per motori.<\/p>\n\n\n\n<h4 class=\"wp-block-heading\">Potenziale del linking interno<\/h4>\n\n\n\n<p>Il linking interno, se usato correttamente, pu\u00f2 avere un potenziale incredibile. \u00c8 possibile che il cliente non sappia nemmeno che avete questo o quel prodotto nella vostra gamma e che si faccia venire l'idea di acquistarlo solo attraverso il link. \u00c8 anche possibile che il cliente non abbia mai sentito parlare di questo prodotto e che, cliccando sul link diretto, possa farsene un'idea immediata senza doverlo cercare.<\/p>\n\n\n\n<h4 class=\"wp-block-heading\">Uso corretto del linking interno<\/h4>\n\n\n\n<p>Tuttavia, assicuratevi sempre di non esagerare con i link. Pu\u00f2 avere senso linkare due o tre prodotti in un testo di media lunghezza, ma il testo principale deve comunque riguardare il prodotto vero e proprio e fornire informazioni su di esso. Il trucco sta nel presentare il link interno come un bonus, cio\u00e8 come la ciliegina sulla torta, per cos\u00ec dire, senza che appaia invadente e faccia sentire il cliente sopraffatto. Ci vuole molta esperienza e intuizione per riuscire a integrare in modo appropriato questi link interni nei testi.<\/p>\n\n\n\n<p><\/p>\n\n\n\n\n\n<h2 class=\"wp-block-heading\">Contatto per un aiuto professionale<\/h2>\n\n\n\n<h4 class=\"wp-block-heading\">Commissionare esperti SEO<\/h4>\n\n\n\n<p>Anche voi volete sfruttare i vantaggi del linking interno, ma non siete sicuri dell'argomento? Allora non esitate a incaricare gli esperti della nostra agenzia SEO. <\/p>\n\n\n\n<h4 class=\"wp-block-heading\">Servizi dell'agenzia SEO<\/h4>\n\n\n\n<p>Saremo lieti di creare per voi testi SEO professionali utilizzando il nostro software appositamente sviluppato e di inserire nei testi uno o due link interni utili. Su richiesta, possiamo anche creare per voi un sito web ben progettato che si posizioni bene per le parole chiave desiderate. Avete gi\u00e0 un sito web, ma ha ancora bisogno di una messa a punto e di un'ottimizzazione? I nostri esperti saranno lieti di occuparsi anche di questo compito.<\/p>\n\n\n\n<figure class=\"wp-block-image size-large\"><a href=\"https:\/\/apalion.com\/wp-content\/uploads\/2023\/09\/Helene_Berger_creat_a_picture_of_a_friendly_and_modern_light_fl_92e138ea-f861-4f68-a037-93b4aa47f9dc.png\"><img decoding=\"async\" width=\"1024\" height=\"574\" src=\"https:\/\/apalion.com\/wp-content\/uploads\/2023\/09\/Helene_Berger_creat_a_picture_of_a_friendly_and_modern_light_fl_92e138ea-f861-4f68-a037-93b4aa47f9dc-1024x574.png\" alt=\"\" class=\"wp-image-1432\" title=\"\" srcset=\"https:\/\/apalion.com\/wp-content\/uploads\/2023\/09\/Helene_Berger_creat_a_picture_of_a_friendly_and_modern_light_fl_92e138ea-f861-4f68-a037-93b4aa47f9dc-980x549.png 980w, https:\/\/apalion.com\/wp-content\/uploads\/2023\/09\/Helene_Berger_creat_a_picture_of_a_friendly_and_modern_light_fl_92e138ea-f861-4f68-a037-93b4aa47f9dc-480x269.png 480w\" sizes=\"(min-width: 0px) and (max-width: 480px) 480px, (min-width: 481px) and (max-width: 980px) 980px, (min-width: 981px) 1024px, 100vw\" \/><\/a><figcaption><\/figcaption><\/figure>\n\n\n\n<h2 class=\"wp-block-heading\">Ulteriori informazioni<\/h2>\n\n\n\n<ol class=\"wp-block-list\" start=\"3\">\n<li><a href=\"https:\/\/www.mso-digital.de\/blog\/interne-verlinkungen\/\" target=\"_blank\" rel=\"noopener\">Comprendere e ottimizzare i link interni | mso digital Blog<\/a>\n<ul class=\"wp-block-list\">\n<li>Questo post del blog fornisce istruzioni dettagliate su come ottimizzare il linking interno. Copre vari aspetti come la navigazione nei menu, le briciole di pane, il posizionamento dei link e i testi di ancoraggio. Il post offre anche suggerimenti su come utilizzare efficacemente linkjuice e aumentare l'efficienza SEO attraverso il linking interno strategico.<\/li>\n\n\n\n<li>Fonte: mso-digital.de<\/li>\n<\/ul>\n<\/li>\n\n\n\n<li><a href=\"https:\/\/www.seokratie.de\/interne-verlinkung\/\" target=\"_blank\" rel=\"noopener\">Collegamenti interni e SEO: suggerimenti e trucchi - Seokratie<\/a>\n<ul class=\"wp-block-list\">\n<li>Questo articolo sottolinea l'importanza del linking interno per la SEO. Vengono presentati vari modelli e strategie per ottimizzare il linking interno, tra cui l'uso di linkjuice e il posizionamento dei link interni secondo il Reasonable Surfer Model. L'articolo fornisce anche un elenco di strumenti utili per il linking interno.<\/li>\n\n\n\n<li>Fonte: seokratie.de<\/li>\n<\/ul>\n<\/li>\n<\/ol>\n\n\n\n<p><\/p>","protected":false},"excerpt":{"rendered":"<p>Die Bedeutung der internen Verlinkung In diesem Text dreht sich alles um die interne Verlinkung. Wann ist eine interne Verlinkung sinnvoll? Ist sie \u00fcberhaupt sinnvoll? Welche Vorteile ergeben sich durch den Einsatz interner Verlinkungen und worauf sollte man beim Setzen der Verlinkungen achten? All diese Fragen werden nun vollumf\u00e4nglich beantwortet, sodass Sie am Ende alles [&hellip;]<\/p>","protected":false},"author":2,"featured_media":0,"parent":0,"menu_order":0,"comment_status":"closed","ping_status":"closed","template":"","meta":{"_acf_changed":false,"_et_pb_use_builder":"","_et_pb_old_content":"","_et_gb_content_width":"","footnotes":""},"difl_page_category":[],"class_list":["post-1431","page","type-page","status-publish","hentry"],"acf":[],"_links":{"self":[{"href":"https:\/\/apalion.com\/it\/wp-json\/wp\/v2\/pages\/1431","targetHints":{"allow":["GET"]}}],"collection":[{"href":"https:\/\/apalion.com\/it\/wp-json\/wp\/v2\/pages"}],"about":[{"href":"https:\/\/apalion.com\/it\/wp-json\/wp\/v2\/types\/page"}],"author":[{"embeddable":true,"href":"https:\/\/apalion.com\/it\/wp-json\/wp\/v2\/users\/2"}],"replies":[{"embeddable":true,"href":"https:\/\/apalion.com\/it\/wp-json\/wp\/v2\/comments?post=1431"}],"version-history":[{"count":0,"href":"https:\/\/apalion.com\/it\/wp-json\/wp\/v2\/pages\/1431\/revisions"}],"wp:attachment":[{"href":"https:\/\/apalion.com\/it\/wp-json\/wp\/v2\/media?parent=1431"}],"wp:term":[{"taxonomy":"difl_page_category","embeddable":true,"href":"https:\/\/apalion.com\/it\/wp-json\/wp\/v2\/difl_page_category?post=1431"}],"curies":[{"name":"wp","href":"https:\/\/api.w.org\/{rel}","templated":true}]}}