{"id":1427,"date":"2023-09-11T14:40:56","date_gmt":"2023-09-11T12:40:56","guid":{"rendered":"https:\/\/apalion.com\/?page_id=1427"},"modified":"2023-09-11T14:40:56","modified_gmt":"2023-09-11T12:40:56","slug":"ottimizzazione-della-velocita-delle-pagine-di-google-con-apalion-ag","status":"publish","type":"page","link":"https:\/\/apalion.com\/it\/google-pagespeed-optimierung-mit-apalion-ag\/","title":{"rendered":"Ottimizzazione della velocit\u00e0 delle pagine di Google"},"content":{"rendered":"<figure class=\"wp-block-image size-large\"><a href=\"https:\/\/apalion.com\/wp-content\/uploads\/2023\/09\/Helene_Berger_Das_Bild_zeigt_einen_Desktop-Computerbildschirm_a_4cbf35a6-ae80-4047-b7a4-7accfb42a990.png\"><img decoding=\"async\" width=\"1024\" height=\"574\" src=\"https:\/\/apalion.com\/wp-content\/uploads\/2023\/09\/Helene_Berger_Das_Bild_zeigt_einen_Desktop-Computerbildschirm_a_4cbf35a6-ae80-4047-b7a4-7accfb42a990-1024x574.png\" alt=\"Ottimizzazione di Google Pagespeed sul notebook\" class=\"wp-image-1428\" title=\"\" srcset=\"https:\/\/apalion.com\/wp-content\/uploads\/2023\/09\/Helene_Berger_Das_Bild_zeigt_einen_Desktop-Computerbildschirm_a_4cbf35a6-ae80-4047-b7a4-7accfb42a990-980x549.png 980w, https:\/\/apalion.com\/wp-content\/uploads\/2023\/09\/Helene_Berger_Das_Bild_zeigt_einen_Desktop-Computerbildschirm_a_4cbf35a6-ae80-4047-b7a4-7accfb42a990-480x269.png 480w\" sizes=\"(min-width: 0px) and (max-width: 480px) 480px, (min-width: 481px) and (max-width: 980px) 980px, (min-width: 981px) 1024px, 100vw\" \/><\/a><figcaption><\/figcaption><\/figure>\n\n\n\n<p>Nel mondo digitale di oggi, la velocit\u00e0 \u00e8 tutto. Gli utenti si aspettano che i siti web si carichino rapidamente e senza intoppi e Google ha preso sul serio queste aspettative. Dal 2018, il gigante tecnologico ha integrato la velocit\u00e0 di caricamento dei siti web nel suo algoritmo come uno dei fattori chiave di ranking. In questo contesto, Google penalizza le pagine lente, sia in visualizzazione desktop che mobile, il che sottolinea la necessit\u00e0 di ottimizzare la velocit\u00e0 del vostro sito web.<\/p>\n\n\n\n<p>Per saperne di pi\u00f9 su Google Pagespeed.<\/p>\n\n\n\n<h2 class=\"wp-block-heading\">Importanza della velocit\u00e0 del sito web per Google<br><\/h2>\n\n\n\n<p><strong>Google ha un messaggio chiaro: i siti web lenti non saranno tollerati. La velocit\u00e0 di caricamento di un sito web non \u00e8 solo un fattore decisivo per un'esperienza utente positiva, ma anche un fattore critico per un migliore posizionamento nei risultati di ricerca. Un sito web veloce pu\u00f2 aiutare a ottenere una bassa frequenza di rimbalzo e ad aumentare la visibilit\u00e0 nei risultati di ricerca, portando cos\u00ec pi\u00f9 visitatori al vostro sito.<\/strong><\/p>\n\n\n\n<h2 class=\"wp-block-heading\">Influenza della velocit\u00e0 di caricamento sul ranking<\/h2>\n\n\n\n<p>La velocit\u00e0 di caricamento di un sito web influisce direttamente sul suo posizionamento nei risultati di ricerca. I file pi\u00f9 grandi richiedono pi\u00f9 tempo per essere caricati, il che pu\u00f2 influire sul tempo di caricamento complessivo del sito web. Pertanto, \u00e8 fondamentale ridurre le dimensioni dei file per migliorare il tempo di caricamento del sito e ottenere un posizionamento migliore. Inoltre, le immagini rappresentano spesso la maggior parte delle dimensioni dei file di un sito web e la loro ottimizzazione pu\u00f2 ridurre significativamente il tempo di caricamento senza compromettere la qualit\u00e0.<\/p>\n\n\n\n<h2 class=\"wp-block-heading\">Ottimizzazione di Google Pagespeed, strategie di miglioramento<\/h2>\n\n\n\n<p>Nell'attuale panorama digitale, \u00e8 indispensabile che il vostro sito web si carichi in modo rapido ed efficiente. Ecco alcune strategie comprovate che possono aiutarvi a migliorare la velocit\u00e0 del vostro sito web e a offrire una migliore esperienza agli utenti.<\/p>\n\n\n\n<h2 class=\"wp-block-heading\">2.1 Ridurre al minimo il tempo di caricamento<\/h2>\n\n\n\n<p>Il tempo di caricamento di un sito web \u00e8 un fattore decisivo per l'esperienza dell'utente e per il posizionamento nei risultati di ricerca. Un tempo di caricamento veloce pu\u00f2 aiutare a ottenere una bassa frequenza di rimbalzo e un miglior posizionamento nei risultati di ricerca. Per ridurre al minimo i tempi di caricamento, \u00e8 necessario eliminare le righe di codice non necessarie, ottimizzare gli script e ridurre al minimo l'uso di risorse esterne.<\/p>\n\n\n\n<h2 class=\"wp-block-heading\">2.2 Riduzione delle dimensioni del file<\/h2>\n\n\n\n<p>I file pi\u00f9 grandi richiedono pi\u00f9 tempo per essere caricati, il che pu\u00f2 influire sul tempo di caricamento complessivo del sito web. Per ridurre le dimensioni dei file, \u00e8 necessario eliminare i caratteri non necessari dal codice, utilizzare formati di file compressi e ottimizzare gli elementi multimediali. In questo modo non solo si migliora il tempo di caricamento del sito, ma si riduce anche l'utilizzo della larghezza di banda.<\/p>\n\n\n\n<h2 class=\"wp-block-heading\">2.3 Ottimizzazione delle immagini<\/h2>\n\n\n\n<p>Le immagini costituiscono spesso la parte pi\u00f9 consistente delle dimensioni dei file di un sito web. Un'efficace ottimizzazione delle immagini pu\u00f2 ridurre significativamente i tempi di caricamento senza compromettere la qualit\u00e0. Utilizzate tecniche come la compressione delle immagini, l'uso di immagini reattive e la selezione del giusto formato di file per ridurre al minimo i tempi di caricamento.<\/p>\n\n\n\n<h2 class=\"wp-block-heading\">2.4 Caching<\/h2>\n\n\n\n<p>La cache \u00e8 una tecnologia che consente di salvare nel browser le pagine o gli elementi che sono gi\u00e0 stati caricati, in modo da poterli caricare pi\u00f9 rapidamente quando vengono richiamati. Implementando le tecnologie di caching, \u00e8 possibile migliorare ulteriormente il tempo di caricamento del sito web. A tal fine \u00e8 necessario impostare tempi di scadenza della cache adeguati e utilizzare la cache del browser.<\/p>\n\n\n\n<h2 class=\"wp-block-heading\">Google PageSpeed Insights<\/h2>\n\n\n\n<p>Nel costante tentativo di migliorare l'esperienza web, Google offre un utile strumento chiamato Google PageSpeed Insights. Questo strumento consente ai proprietari di siti web di calcolare e analizzare il tempo di caricamento di un URL per ottimizzare le prestazioni del proprio sito. Approfondiamo le funzionalit\u00e0 e i vantaggi di questo strumento.<\/p>\n\n\n\n<h2 class=\"wp-block-heading\">3.1 Che cos'\u00e8 Google PageSpeed Insights?<\/h2>\n\n\n\n<p>Google PageSpeed Insights \u00e8 uno strumento SEO che analizza e calcola il tempo di caricamento di un URL in un solo passaggio. Integra i dati reali degli utenti di Chrome User Experience (CrUX) e le valutazioni di Lighthouse, uno strumento che valuta l'accessibilit\u00e0, le prestazioni e l'usabilit\u00e0 di un sito web. Inserendo il vostro URL nell'apposito campo, riceverete un'analisi dettagliata delle prestazioni del sito web, compreso un punteggio di performance su una scala da 0 a 100. Ci\u00f2 consente una valutazione rapida e semplice delle prestazioni del sito web.<\/p>\n\n\n\n<h2 class=\"wp-block-heading\">3.2 Cosa significa \u201eveloce\u201c per Google PageSpeed Insights?<\/h2>\n\n\n\n<p>Nel mondo dell'ottimizzazione dei motori di ricerca, la velocit\u00e0 di caricamento \u00e8 da tempo un fattore importante. \u201eVeloce\u201c in relazione a Google PageSpeed Insights non si riferisce solo alla velocit\u00e0 di caricamento, ma anche ad altri aspetti come la dimensione della pagina, il tempo di risposta e la velocit\u00e0 di download. Questi fattori sono inclusi nella valutazione di un sito web da parte di Google e svolgono un ruolo cruciale nell'ottimizzazione delle prestazioni del sito.<\/p>\n\n\n\n<h2 class=\"wp-block-heading\">3.3 Google PageSpeed Insights - Tre fattori ad alto potenziale di ottimizzazione<\/h2>\n\n\n\n<p>Google PageSpeed Insights fornisce una rapida panoramica delle prestazioni, dei potenziali problemi e delle soluzioni disponibili per URL specifici o interi domini. In questa sezione illustreremo tre aree che svolgono un ruolo cruciale nell'ottimizzazione della velocit\u00e0 del sito web e che presentano un elevato potenziale di ottimizzazione.<\/p>\n\n\n\n<h2 class=\"wp-block-heading\">Consigli pratici per l'ottimizzazione<\/h2>\n\n\n\n<p>Per migliorare efficacemente la velocit\u00e0 del vostro sito web, \u00e8 importante concentrarsi su alcune aree che hanno un forte impatto sul tempo di caricamento. Ecco alcuni consigli pratici che possono aiutarvi a ottimizzare il vostro sito web e a fornire una migliore esperienza all'utente.<\/p>\n\n\n\n<h2 class=\"wp-block-heading\">4.1 Ottimizzazione dell'immagine<\/h2>\n\n\n\n<p>Le immagini sono spesso il maggior spreco di risorse di un sito web. Tuttavia, un'efficace ottimizzazione delle immagini pu\u00f2 contribuire a ridurre significativamente il tempo di caricamento. Ecco alcuni suggerimenti:<\/p>\n\n\n\n<ul class=\"wp-block-list\">\n<li><strong>Utilizzo di formati adeguati<\/strong>Utilizzare formati come JPEG 2000 e JPEG XR, che sono pi\u00f9 facili da comprimere senza perdite visibili di qualit\u00e0.<\/li>\n\n\n\n<li><strong>Compressione prima del caricamento<\/strong>Comprimere tutte le immagini prima di caricarle sul sito web per ridurre le dimensioni del file.<\/li>\n\n\n\n<li><strong>Utilizzo di programmi di editing delle immagini<\/strong>Utilizzare programmi come Photoshop per salvare le immagini per il web, riducendo la risoluzione senza compromettere la qualit\u00e0.<\/li>\n<\/ul>\n\n\n\n<h2 class=\"wp-block-heading\">4.2 Buona cache<\/h2>\n\n\n\n<p>La cache pu\u00f2 ridurre significativamente il tempo di trasferimento dei dati, con conseguente maggiore velocit\u00e0 delle pagine. Ecco alcuni suggerimenti su come utilizzare la cache in modo efficace:<\/p>\n\n\n\n<ul class=\"wp-block-list\">\n<li><strong>Impostazione di una data di scadenza<\/strong>Impostate una data di scadenza per i file del sito web, per controllare la durata della loro memorizzazione nel browser.<\/li>\n\n\n\n<li><strong>Uso di Mod_expires<\/strong>Utilizzate Mod_expires per i siti web ospitati su server Apache per controllare efficacemente la cache del browser.<\/li>\n\n\n\n<li><strong>Regolazione del tempo di conservazione<\/strong>Regolare il tempo di archiviazione per i diversi tipi di file per garantire prestazioni ottimali.<\/li>\n<\/ul>\n\n\n\n<h2 class=\"wp-block-heading\">4.3 Server all'avanguardia<\/h2>\n\n\n\n<p>La scelta del server giusto pu\u00f2 avere un grande impatto sulla velocit\u00e0 del vostro sito web. Ecco alcuni consigli su come portare il vostro Google Pagespeed a un buon livello:<\/p>\n\n\n\n<ul class=\"wp-block-list\">\n<li><strong>Evitare le piattaforme di hosting condiviso<\/strong>Evitate le piattaforme di hosting con risorse limitate che possono influire sulla velocit\u00e0 di caricamento.<\/li>\n\n\n\n<li><strong>Aggiornamento delle risorse del server<\/strong>Considerate la possibilit\u00e0 di aggiornare le risorse del server, come la CPU o la memoria, per migliorare le prestazioni.<\/li>\n\n\n\n<li><strong>Personalizzazione delle impostazioni hardware<\/strong>Configurate le impostazioni hardware in base ai requisiti del vostro sito web per garantire prestazioni ottimali.<\/li>\n\n\n\n<li><\/li>\n<\/ul>\n\n\n\n<h2 class=\"wp-block-heading\">5.1 Informativa sulla privacy<\/h2>\n\n\n\n<p>Prima di compilare il modulo, desideriamo sottolineare che i vostri dati personali saranno trattati con la massima attenzione. Inviando il modulo, acconsentite al trattamento e alla conservazione dei dati personali inseriti in conformit\u00e0 con la nostra politica sulla privacy. Attribuiamo grande importanza alla protezione dei vostri dati e li utilizziamo esclusivamente per contattarvi e fornirvi il servizio richiesto.<\/p>\n\n\n\n<figure class=\"wp-block-image size-large is-resized\"><a href=\"https:\/\/apalion.com\/wp-content\/uploads\/2023\/09\/Helene_Berger_Das_Bild_zeigt_einen_Desktop-Computerbildschirm_a_6cd1f25a-5272-489d-b963-bfed1844adea.png\"><img decoding=\"async\" src=\"https:\/\/apalion.com\/wp-content\/uploads\/2023\/09\/Helene_Berger_Das_Bild_zeigt_einen_Desktop-Computerbildschirm_a_6cd1f25a-5272-489d-b963-bfed1844adea-1024x574.png\" alt=\"Ottimizzazione di Google Pagespeed sul notebook\" class=\"wp-image-1429\" style=\"width:821px;height:460px\" width=\"821\" height=\"460\" title=\"\"><\/a><figcaption><\/figcaption><\/figure>\n\n\n\n<h2 class=\"wp-block-heading\">6. pareri e risorse di esperti<\/h2>\n\n\n\n<p>Ottimizzare la velocit\u00e0 di un sito web pu\u00f2 essere un compito complesso, ma fortunatamente esistono molte risorse e pareri di esperti che possono aiutarvi a capire e a orientarvi in questo processo. Ecco quattro post che approfondiscono l'argomento e offrono spunti e consigli preziosi:<\/p>\n\n\n\n<ol class=\"wp-block-list\">\n<li><strong>Google per gli sviluppatori<\/strong> fornisce una piattaforma per analizzare e ottimizzare il vostro sito web con gli strumenti di PageSpeed. Potete ottenere il vostro punteggio PageSpeed e utilizzare i suggerimenti di PageSpeed per rendere il vostro sito pi\u00f9 veloce. Per saperne di pi\u00f9 <a href=\"https:\/\/developers.google.com\/speed\" target=\"_blank\" rel=\"noopener\">sito web ufficiale<\/a>.<\/li>\n\n\n\n<li>Il <strong>Blog HubSpot<\/strong> offre una guida iniziale su come utilizzare Google PageSpeed Insights. L'articolo spiega il processo di utilizzo dello strumento e fornisce un report completo con dati e suggerimenti per l'ottimizzazione. Per saperne di pi\u00f9 <a href=\"https:\/\/blog.hubspot.com\/website\/google-pagespeed-insights\" target=\"_blank\" rel=\"noopener\">Post sul blog<\/a>.<\/li>\n\n\n\n<li><strong>Neil Patel<\/strong>, noto influencer del marketing digitale, spiega come ottenere un punteggio perfetto di 100% su Google PageSpeed Insights e perch\u00e9 \u00e8 importante. Leggete il suo dettagliato <a href=\"https:\/\/neilpatel.com\/blog\/google-pagespeed-insights\/\" target=\"_blank\" rel=\"noopener\">Post sul blog<\/a> per ulteriori informazioni.<\/li>\n\n\n\n<li><strong>Semrush<\/strong>, una nota piattaforma di gestione della visibilit\u00e0 online, ha pubblicato un post che spiega cos'\u00e8 Google PageSpeed Insights e come migliorare il vostro punteggio. Per saperne di pi\u00f9 <a href=\"https:\/\/www.semrush.com\/blog\/google-pagespeed-insights\/\" target=\"_blank\" rel=\"noopener\">Post sul blog<\/a>.<\/li>\n<\/ol>\n\n\n\n<p>Oltre al nostro post, questi articoli offrono una grande quantit\u00e0 di informazioni e risorse che possono aiutarvi a ottimizzare la velocit\u00e0 del vostro sito web e a fornire una migliore esperienza agli utenti.<\/p>","protected":false},"excerpt":{"rendered":"<p>In der digitalen Welt von heute ist die Geschwindigkeit alles. Nutzer erwarten, dass Websites schnell und reibungslos laden, und Google hat diese Erwartungen ernst genommen. Seit 2018 hat der Technologiegigant die Ladegeschwindigkeit von Websites als einen seiner entscheidenden Rankingfaktoren in seinen Algorithmus integriert. In diesem Zusammenhang straft Google langsame Seiten ab, sowohl in der Desktop- [&hellip;]<\/p>\n","protected":false},"author":2,"featured_media":0,"parent":0,"menu_order":0,"comment_status":"closed","ping_status":"closed","template":"","meta":{"_acf_changed":false,"_et_pb_use_builder":"off","_et_pb_old_content":"","_et_gb_content_width":"","footnotes":""},"difl_page_category":[],"class_list":["post-1427","page","type-page","status-publish","hentry"],"acf":[],"_links":{"self":[{"href":"https:\/\/apalion.com\/it\/wp-json\/wp\/v2\/pages\/1427","targetHints":{"allow":["GET"]}}],"collection":[{"href":"https:\/\/apalion.com\/it\/wp-json\/wp\/v2\/pages"}],"about":[{"href":"https:\/\/apalion.com\/it\/wp-json\/wp\/v2\/types\/page"}],"author":[{"embeddable":true,"href":"https:\/\/apalion.com\/it\/wp-json\/wp\/v2\/users\/2"}],"replies":[{"embeddable":true,"href":"https:\/\/apalion.com\/it\/wp-json\/wp\/v2\/comments?post=1427"}],"version-history":[{"count":0,"href":"https:\/\/apalion.com\/it\/wp-json\/wp\/v2\/pages\/1427\/revisions"}],"wp:attachment":[{"href":"https:\/\/apalion.com\/it\/wp-json\/wp\/v2\/media?parent=1427"}],"wp:term":[{"taxonomy":"difl_page_category","embeddable":true,"href":"https:\/\/apalion.com\/it\/wp-json\/wp\/v2\/difl_page_category?post=1427"}],"curies":[{"name":"wp","href":"https:\/\/api.w.org\/{rel}","templated":true}]}}