{"id":1400,"date":"2023-09-07T19:38:11","date_gmt":"2023-09-07T17:38:11","guid":{"rendered":"http:\/\/staging.apalion.com\/?page_id=1400"},"modified":"2023-09-07T19:38:11","modified_gmt":"2023-09-07T17:38:11","slug":"nozioni-di-base-di-seo-di-successo-da-apalion-ag","status":"publish","type":"page","link":"https:\/\/apalion.com\/it\/erfolgreiche-seo-grundlagen-von-apalion-ag\/","title":{"rendered":"Basi del SEO di successo con Apalion AG"},"content":{"rendered":"<h2 class=\"wp-block-heading\">Manteniamo la panoramica per voi<\/h2>\n\n\n\n<figure class=\"wp-block-image size-large\"><a href=\"https:\/\/apalion.com\/wp-content\/uploads\/2023\/09\/Helene_Berger_Ein_Team_von_engagierten_Fachleuten_bei_Apalion_A_cbd0f3e5-3be7-49ba-8222-466ed437bc83.png\"><img decoding=\"async\" width=\"1024\" height=\"574\" src=\"https:\/\/apalion.com\/wp-content\/uploads\/2023\/09\/Helene_Berger_Ein_Team_von_engagierten_Fachleuten_bei_Apalion_A_cbd0f3e5-3be7-49ba-8222-466ed437bc83-1024x574.png\" alt=\"\" class=\"wp-image-1401\" title=\"\" srcset=\"https:\/\/apalion.com\/wp-content\/uploads\/2023\/09\/Helene_Berger_Ein_Team_von_engagierten_Fachleuten_bei_Apalion_A_cbd0f3e5-3be7-49ba-8222-466ed437bc83-980x549.png 980w, https:\/\/apalion.com\/wp-content\/uploads\/2023\/09\/Helene_Berger_Ein_Team_von_engagierten_Fachleuten_bei_Apalion_A_cbd0f3e5-3be7-49ba-8222-466ed437bc83-480x269.png 480w\" sizes=\"(min-width: 0px) and (max-width: 480px) 480px, (min-width: 481px) and (max-width: 980px) 980px, (min-width: 981px) 1024px, 100vw\" \/><\/a><figcaption><\/figcaption><\/figure>\n\n\n\n<p>Nell'era digitale, \u00e8 essenziale conoscere le basi dell'ottimizzazione per i motori di ricerca (SEO). Il panorama SEO \u00e8 complesso e soggetto a continui cambiamenti, il che sottolinea la necessit\u00e0 di una gestione professionale. Noi di Apalion AG siamo consapevoli che spesso mancano il tempo e le risorse per affrontare le numerose nozioni di base della SEO. Ecco perch\u00e9 siamo qui per aiutarvi a costruire una forte presenza online.<\/p>\n\n\n\n<h3 class=\"wp-block-heading\">Ricerca dei prezzi semplificata!<\/h3>\n\n\n\n<p>La decisione di assumere un fornitore di servizi professionale pu\u00f2 essere una scorciatoia per il vostro successo. In Apalion AG abbiamo un team di esperti specializzati nella creazione di contenuti di qualit\u00e0 basati su solide fondamenta SEO. Operiamo come agenzia di ottimizzazione per i motori di ricerca dal 2012, e l'esperienza e l'innovazione sono alla base delle nostre azioni imprenditoriali.<\/p>\n\n\n\n<p>In qualit\u00e0 di fornitore di servizi di lunga data in questo settore, abbiamo assistito allo sviluppo della digitalizzazione e sviluppato strategie pratiche. Abbiamo sviluppato un software interno che crea contenuti SEO efficaci per offrire alla vostra azienda le condizioni ideali per raggiungere nuovi traguardi. Vi trasmettiamo tutta l'esperienza acquisita.<\/p>\n\n\n\n<h3 class=\"wp-block-heading\">Le pi\u00f9 importanti nozioni di base del SEO<\/h3>\n\n\n\n<p>Ci sono molti aspetti da considerare quando si parla di SEO. Ecco sei delle nozioni di base pi\u00f9 importanti che dovreste conoscere:<\/p>\n\n\n\n<ol class=\"wp-block-list\">\n<li><strong>Ricerca di parole chiave<\/strong>Una ricerca approfondita sulle parole chiave \u00e8 essenziale per capire cosa cercano gli utenti e quali termini di ricerca devono essere utilizzati sul sito web.<\/li>\n\n\n\n<li><strong>Ottimizzazione della pagina<\/strong>Questo include l'ottimizzazione della struttura del sito web, dei meta tag, delle intestazioni, dei contenuti e dei collegamenti interni per aumentare la visibilit\u00e0 nei risultati di ricerca.<\/li>\n\n\n\n<li><strong>Creazione di link<\/strong>La generazione di link da altri siti web verso il proprio sito \u00e8 un aspetto importante della SEO. I backlink di alta qualit\u00e0 provenienti da siti web affidabili possono migliorare il posizionamento del vostro sito web.<\/li>\n\n\n\n<li><strong>Ottimizzazione dei dispositivi mobili<\/strong>L'ottimizzazione per i dispositivi mobili \u00e8 essenziale per garantire una migliore esperienza utente e per posizionarsi bene nei risultati di ricerca per dispositivi mobili, dato che sempre pi\u00f9 utenti navigano da mobile.<\/li>\n\n\n\n<li><strong>Contenuto<\/strong>Contenuti di alta qualit\u00e0, unici e pertinenti sono fondamentali per una strategia SEO di successo. I motori di ricerca privilegiano i siti web con contenuti di alta qualit\u00e0 che rispondono alle esigenze degli utenti.<\/li>\n\n\n\n<li><strong>Analisi e misurazioni<\/strong>L'analisi e la misurazione continue delle prestazioni SEO sono importanti per monitorare il successo della strategia e apportare le modifiche necessarie.<\/li>\n<\/ol>\n\n\n\n<h3 class=\"wp-block-heading\">Perch\u00e9 la SEO \u00e8 cos\u00ec importante oggi?<\/h3>\n\n\n\n<p>Nell'attuale panorama digitale, \u00e8 fondamentale che i titolari di aziende sfruttino appieno le opportunit\u00e0 offerte dalla SEO. Le basi della SEO possono servire come strumenti per aumentare la risonanza della vostra presenza sul web ed esplorare i metodi pi\u00f9 adatti per migliorare la visibilit\u00e0 del vostro sito.<\/p>\n\n\n\n<p>Nonostante la qualit\u00e0 di un testo o di un prodotto, pu\u00f2 accadere che il numero di potenziali clienti che trovano il contenuto sia insufficiente. In questi casi, anche un prodotto di alta qualit\u00e0 pu\u00f2 perdere il successo che merita perch\u00e9 si perde nella massa di Internet. \u00c8 quindi essenziale che il contenuto non solo sia facile da leggere, ma sia anche creato tenendo conto degli aspetti SEO.<\/p>\n\n\n\n<h3 class=\"wp-block-heading\">La strada verso di noi \u00e8 la strada del successo<\/h3>\n\n\n\n<p>Se avete domande o desiderate ulteriori informazioni, non esitate a contattare il nostro team di esperti. Apalion AG vi offre la possibilit\u00e0 di effettuare un controllo SEO sul nostro sito web e di richiedere un preventivo allo stesso tempo. In questo modo potrete avere una prima idea del grado di rilevanza SEO dei contenuti del vostro sito.<\/p>\n\n\n\n<p>Saremo lieti di fornirvi una consulenza completa per illustrarvi le opzioni che avete a disposizione. Ci occupiamo delle vostre esigenze individuali e creiamo un concetto adatto alla vostra azienda che tenga conto delle basi del SEO.<\/p>\n\n\n\n<p>Con Apalion AG, potete aspettarvi un servizio clienti eccellente, competente ed esperto. Siamo il motore che guida la vostra azienda e vi porta dritti al vostro obiettivo. Teniamo sotto controllo le basi del SEO e facciamo del nostro meglio per aiutare la vostra azienda a crescere.<\/p>\n\n\n\n<figure class=\"wp-block-image size-large\"><a href=\"https:\/\/apalion.com\/wp-content\/uploads\/2023\/09\/Helene_Berger_Ein_Team_von_engagierten_Fachleuten_bei_Apalion_A_04b22ae0-5870-47dd-b336-e7ec02d02a20.png\"><img decoding=\"async\" width=\"1024\" height=\"574\" src=\"https:\/\/apalion.com\/wp-content\/uploads\/2023\/09\/Helene_Berger_Ein_Team_von_engagierten_Fachleuten_bei_Apalion_A_04b22ae0-5870-47dd-b336-e7ec02d02a20-1024x574.png\" alt=\"Nozioni di base sulla SEO\" class=\"wp-image-1402\" title=\"\" srcset=\"https:\/\/apalion.com\/wp-content\/uploads\/2023\/09\/Helene_Berger_Ein_Team_von_engagierten_Fachleuten_bei_Apalion_A_04b22ae0-5870-47dd-b336-e7ec02d02a20-980x549.png 980w, https:\/\/apalion.com\/wp-content\/uploads\/2023\/09\/Helene_Berger_Ein_Team_von_engagierten_Fachleuten_bei_Apalion_A_04b22ae0-5870-47dd-b336-e7ec02d02a20-480x269.png 480w\" sizes=\"(min-width: 0px) and (max-width: 480px) 480px, (min-width: 481px) and (max-width: 980px) 980px, (min-width: 981px) 1024px, 100vw\" \/><\/a><figcaption><\/figcaption><\/figure>\n\n\n\n<h3 class=\"wp-block-heading\">Per saperne di pi\u00f9, abbiamo alcuni articoli interessanti sull'argomento qui<\/h3>\n\n\n\n<ol class=\"wp-block-list\">\n<li><a href=\"https:\/\/support.google.com\/webmasters\/answer\/7451184?hl=de\" target=\"_blank\" rel=\"noopener\">Assistenza Google - Nozioni di base sulla SEO<\/a><\/li>\n\n\n\n<li><a href=\"https:\/\/ahrefs.com\/blog\/de\/seo-grundlagen\/\" target=\"_blank\" rel=\"noopener\">Blog Ahrefs - Fondamenti di SEO<\/a><\/li>\n<\/ol>","protected":false},"excerpt":{"rendered":"<p>Wir behalten den \u00dcberblick f\u00fcr Sie In der digitalen \u00c4ra ist es unerl\u00e4sslich, sich mit den Grundlagen der Suchmaschinenoptimierung (SEO) auseinanderzusetzen. Die SEO-Landschaft ist komplex und unterliegt st\u00e4ndigen \u00c4nderungen, was die Notwendigkeit einer professionellen Handhabung unterstreicht. Bei Apalion AG verstehen wir, dass es oft an Zeit und Ressourcen mangelt, um sich mit den zahlreichen SEO-Grundlagen [&hellip;]<\/p>\n","protected":false},"author":2,"featured_media":0,"parent":0,"menu_order":0,"comment_status":"closed","ping_status":"closed","template":"","meta":{"_acf_changed":false,"_et_pb_use_builder":"off","_et_pb_old_content":"","_et_gb_content_width":"","footnotes":""},"difl_page_category":[],"class_list":["post-1400","page","type-page","status-publish","hentry"],"acf":[],"_links":{"self":[{"href":"https:\/\/apalion.com\/it\/wp-json\/wp\/v2\/pages\/1400","targetHints":{"allow":["GET"]}}],"collection":[{"href":"https:\/\/apalion.com\/it\/wp-json\/wp\/v2\/pages"}],"about":[{"href":"https:\/\/apalion.com\/it\/wp-json\/wp\/v2\/types\/page"}],"author":[{"embeddable":true,"href":"https:\/\/apalion.com\/it\/wp-json\/wp\/v2\/users\/2"}],"replies":[{"embeddable":true,"href":"https:\/\/apalion.com\/it\/wp-json\/wp\/v2\/comments?post=1400"}],"version-history":[{"count":0,"href":"https:\/\/apalion.com\/it\/wp-json\/wp\/v2\/pages\/1400\/revisions"}],"wp:attachment":[{"href":"https:\/\/apalion.com\/it\/wp-json\/wp\/v2\/media?parent=1400"}],"wp:term":[{"taxonomy":"difl_page_category","embeddable":true,"href":"https:\/\/apalion.com\/it\/wp-json\/wp\/v2\/difl_page_category?post=1400"}],"curies":[{"name":"wp","href":"https:\/\/api.w.org\/{rel}","templated":true}]}}