{"id":1396,"date":"2023-09-07T16:38:06","date_gmt":"2023-09-07T14:38:06","guid":{"rendered":"http:\/\/staging.apalion.com\/?page_id=1396"},"modified":"2023-09-07T16:38:06","modified_gmt":"2023-09-07T14:38:06","slug":"google-search-console-lancora-nel-surf-seo","status":"publish","type":"page","link":"https:\/\/apalion.com\/it\/google-search-console-der-anker-in-der-seo-brandung\/","title":{"rendered":"Ottimizzate il vostro sito web con la Google Search Console"},"content":{"rendered":"<h1 class=\"wp-block-heading\">Una guida per i webmaster<\/h1>\n\n\n\n<h2 class=\"wp-block-heading\">Introduzione a Google Search Console<\/h2>\n\n\n\n<figure class=\"wp-block-image size-large\"><a href=\"https:\/\/apalion.com\/wp-content\/uploads\/2023\/09\/Helene_Berger_Dieses_Bild_zeigt_einen_Screenshot_der_Google_Sea_df642287-165a-4be8-ab0d-792eb82dd3e2.png\"><img decoding=\"async\" width=\"1024\" height=\"574\" src=\"https:\/\/apalion.com\/wp-content\/uploads\/2023\/09\/Helene_Berger_Dieses_Bild_zeigt_einen_Screenshot_der_Google_Sea_df642287-165a-4be8-ab0d-792eb82dd3e2-1024x574.png\" alt=\"Google Search Console\" class=\"wp-image-1397\" title=\"\" srcset=\"https:\/\/apalion.com\/wp-content\/uploads\/2023\/09\/Helene_Berger_Dieses_Bild_zeigt_einen_Screenshot_der_Google_Sea_df642287-165a-4be8-ab0d-792eb82dd3e2-980x549.png 980w, https:\/\/apalion.com\/wp-content\/uploads\/2023\/09\/Helene_Berger_Dieses_Bild_zeigt_einen_Screenshot_der_Google_Sea_df642287-165a-4be8-ab0d-792eb82dd3e2-480x269.png 480w\" sizes=\"(min-width: 0px) and (max-width: 480px) 480px, (min-width: 481px) and (max-width: 980px) 980px, (min-width: 981px) 1024px, 100vw\" \/><\/a><figcaption><\/figcaption><\/figure>\n\n\n\n<p>La Google Search Console, uno strumento essenziale per i webmaster e gli esperti SEO, funge da ponte tra il vostro sito web e i risultati di ricerca di Google. Questo strumento gratuito offre un'ampia gamma di strumenti e rapporti per aiutarvi a migliorare la visibilit\u00e0 e le prestazioni del vostro sito web. In questa guida discuteremo i diversi aspetti di Google Search Console e la sua importanza per l'ottimizzazione del vostro sito web.<\/p>\n\n\n\n<h3 class=\"wp-block-heading\">Monitoraggio e gestione del vostro sito web<\/h3>\n\n\n\n<p>Google Search Console consente di monitorare e gestire la presenza del vostro sito web nei risultati di ricerca di Google senza bisogno di registrarsi. Questo strumento vi permette di capire come Google vede il vostro sito web e vi d\u00e0 la possibilit\u00e0 di apportare i miglioramenti necessari. Offre una serie di funzioni, tra cui:<\/p>\n\n\n\n<ol class=\"wp-block-list\">\n<li>Verificate se Google \u00e8 in grado di scansionare e trovare il vostro sito web.<\/li>\n\n\n\n<li>Richiedere la reindicizzazione di contenuti nuovi o aggiornati per risolvere i problemi di indicizzazione.<\/li>\n\n\n\n<li>Recuperate i dati sulle ricerche effettuate su Google per il vostro sito web, per vedere quanto spesso compare nei risultati di ricerca, quali ricerche generano traffico, le percentuali di clic e altre informazioni rilevanti.<\/li>\n\n\n\n<li>Ricevere notifiche da Google quando si verificano spam, errori di indicizzazione o altri problemi sul vostro sito web.<\/li>\n\n\n\n<li>Ricevere notifiche sui siti web che rimandano al vostro sito.<\/li>\n\n\n\n<li>Correzione di problemi con le pagine AMP, l'esperienza utente mobile e altre opzioni di ricerca.<\/li>\n<\/ol>\n\n\n\n<h3 class=\"wp-block-heading\">Controllo dei prezzi e suite di analisi web<\/h3>\n\n\n\n<p>Google Search Console offre anche una suite di analisi web per aiutarvi a monitorare e migliorare le prestazioni del vostro sito web. Alcuni degli ultimi aggiornamenti di questa suite includono:<\/p>\n\n\n\n<ol class=\"wp-block-list\">\n<li>Compatibilit\u00e0 con i dispositivi mobili per un accesso flessibile.<\/li>\n\n\n\n<li>Visualizzazione migliorata di tutti i dati con nuove opzioni di filtro che consentono analisi precise.<\/li>\n\n\n\n<li>Estensione della disponibilit\u00e0 dei dati sulle prestazioni delle query di ricerca e dei clic, che ora possono essere monitorati fino a 16 mesi, rispetto ai 3 mesi precedenti.<\/li>\n\n\n\n<li>Informazioni pi\u00f9 dettagliate sulle singole pagine per avere una visione pi\u00f9 approfondita delle prestazioni del vostro sito web.<\/li>\n\n\n\n<li>Un sistema migliorato per segnalare problemi di crawling e altri errori, nonch\u00e9 un'opzione semplificata per richiedere la reindicizzazione.<\/li>\n<\/ol>\n\n\n\n<h3 class=\"wp-block-heading\">Attivazione e configurazione di Google Search Console<\/h3>\n\n\n\n<p>Per utilizzare la Google Search Console, \u00e8 necessario innanzitutto confermare di essere il proprietario del sito web. Questo pu\u00f2 essere fatto caricando un semplice file HTML sul vostro server web. In alternativa, potete anche utilizzare Google Analytics o Google Tag Manager per verificare il vostro sito web. Ogni sito web da monitorare pu\u00f2 essere considerato una \u201epropriet\u00e0\u201c ed \u00e8 possibile creare fino a 100 propriet\u00e0 di questo tipo, che possono anche essere sottodirectory.<\/p>\n\n\n\n<h3 class=\"wp-block-heading\">Innovazioni e ulteriori sviluppi<\/h3>\n\n\n\n<p>Dalla ridenominazione di Google Webmaster Tools in Google Search Console, la suite di analisi web di Google ha subito numerosi cambiamenti. Dopo una lunga fase beta, nel 2018 \u00e8 stata rilasciata una versione rivista di GSC, che offre un'opzione per tornare alla versione precedente. Tuttavia, \u00e8 improbabile che la maggior parte degli utenti trovi dei dati a questo punto.<\/p>\n\n\n\n<h3 class=\"wp-block-heading\">L'evoluzione del settore SEO<\/h3>\n\n\n\n<p>Il settore SEO \u00e8 cambiato in modo significativo negli ultimi due decenni. Gli algoritmi sono diventati pi\u00f9 complessi e c'\u00e8 una maggiore attenzione alla qualit\u00e0 e all'esperienza dell'utente. Il settore si \u00e8 diversificato, con un numero crescente di donne che lavorano e sono riconosciute nel settore. La SEO oggi va ben oltre la semplice comprensione delle parole chiave; richiede anche una comprensione dell'intento dell'utente e la capacit\u00e0 di trovare soluzioni creative ai problemi.<\/p>\n\n\n\n<h3 class=\"wp-block-heading\">Competenze tecniche e relazioni nel settore SEO<\/h3>\n\n\n\n<p>Le competenze tecniche sono fondamentali nel settore SEO. I professionisti SEO devono essere in grado di collaborare con gli sviluppatori e altri team tecnici. Le relazioni sono importanti nel settore SEO e il successo nella SEO dipende spesso dalla capacit\u00e0 di collaborare con altri team e stakeholder. La SEO richiede anche la capacit\u00e0 di persuadere e argomentare per promuovere il lavoro necessario per ottimizzare i siti web.<\/p>\n\n\n\n<h3 class=\"wp-block-heading\">Una profonda comprensione degli utenti e delle loro intenzioni<\/h3>\n\n\n\n<p>Una profonda comprensione degli utenti e delle loro intenzioni \u00e8 fondamentale per il successo della SEO. La SEO \u00e8 una disciplina ricca di sfumature che richiede una profonda comprensione degli utenti, dei concorrenti e dei contenuti del sito web. Lo storytelling \u00e8 un aspetto importante della SEO e i professionisti della SEO devono essere in grado di raccontare una storia avvincente sul proprio sito web, che piaccia sia agli utenti che ai motori di ricerca.<\/p>\n\n\n\n<h3 class=\"wp-block-heading\">Differenze tra SEO in agenzia e SEO in-house<\/h3>\n\n\n\n<p>Lavorare in un'agenzia \u00e8 molto diverso dal lavorare in-house, con obiettivi e sfide differenti. In un'agenzia si deve spesso lavorare con una variet\u00e0 di clienti con esigenze diverse, mentre all'interno si ha la possibilit\u00e0 di concentrarsi sulle esigenze specifiche di un'azienda.<\/p>\n\n\n\n<h3 class=\"wp-block-heading\">Conclusione<\/h3>\n\n\n\n<p>La Google Search Console \u00e8 uno strumento indispensabile per ogni webmaster ed esperto SEO. Fornisce un collegamento diretto ai risultati di ricerca di Google ed \u00e8 uno strumento gratuito. La Google Search Console offre una panoramica completa dello stato del vostro sito web e della sua rilevanza nei risultati di ricerca. \u00c8 inoltre possibile utilizzare l'ampia gamma di strumenti e opzioni di impostazione per identificare i problemi e ricevere suggerimenti per le soluzioni.<\/p>\n\n\n\n<figure class=\"wp-block-image size-large\"><a href=\"https:\/\/apalion.com\/wp-content\/uploads\/2023\/09\/Helene_Berger_Dieses_Bild_zeigt_einen_Screenshot_der_Google_Sea_4cbb681b-92d4-46c1-904b-5df967415818.png\"><img decoding=\"async\" width=\"1024\" height=\"574\" src=\"https:\/\/apalion.com\/wp-content\/uploads\/2023\/09\/Helene_Berger_Dieses_Bild_zeigt_einen_Screenshot_der_Google_Sea_4cbb681b-92d4-46c1-904b-5df967415818-1024x574.png\" alt=\"Google Search Console\" class=\"wp-image-1398\" title=\"\" srcset=\"https:\/\/apalion.com\/wp-content\/uploads\/2023\/09\/Helene_Berger_Dieses_Bild_zeigt_einen_Screenshot_der_Google_Sea_4cbb681b-92d4-46c1-904b-5df967415818-980x549.png 980w, https:\/\/apalion.com\/wp-content\/uploads\/2023\/09\/Helene_Berger_Dieses_Bild_zeigt_einen_Screenshot_der_Google_Sea_4cbb681b-92d4-46c1-904b-5df967415818-480x269.png 480w\" sizes=\"(min-width: 0px) and (max-width: 480px) 480px, (min-width: 481px) and (max-width: 980px) 980px, (min-width: 981px) 1024px, 100vw\" \/><\/a><figcaption><\/figcaption><\/figure>\n\n\n\n<h3 class=\"wp-block-heading\">Ulteriori informazioni<\/h3>\n\n\n\n<p>Volete saperne di pi\u00f9? Ecco alcuni interessanti articoli sull'argomento:<\/p>\n\n\n\n<ol class=\"wp-block-list\">\n<li><a href=\"https:\/\/www.searchenginejournal.com\/google-search-console-guide\/209318\/\" target=\"_blank\" rel=\"noopener\">Guida del Search Engine Journal a Google Search Console<\/a><\/li>\n\n\n\n<li><a href=\"https:\/\/www.searchenginejournal.com\/google-search-console-guide\/380069\/\" target=\"_blank\" rel=\"noopener\">20 cose che ho imparato in 20 anni di lavoro nel settore SEO<\/a><\/li>\n<\/ol>","protected":false},"excerpt":{"rendered":"<p>Ein Leitfaden f\u00fcr Webmaster Einf\u00fchrung in die Google Search Console Die Google Search Console, ein unverzichtbares Tool f\u00fcr Webmaster und SEO-Experten, dient als Br\u00fccke zwischen Ihrer Website und den Google-Suchergebnissen. Dieses kostenlose Instrument bietet eine F\u00fclle von Tools und Berichten, die Ihnen helfen, die Sichtbarkeit und Leistung Ihrer Website zu verbessern. In diesem Leitfaden werden [&hellip;]<\/p>\n","protected":false},"author":2,"featured_media":0,"parent":0,"menu_order":0,"comment_status":"closed","ping_status":"closed","template":"","meta":{"_acf_changed":false,"_et_pb_use_builder":"off","_et_pb_old_content":"","_et_gb_content_width":"","footnotes":""},"difl_page_category":[],"class_list":["post-1396","page","type-page","status-publish","hentry"],"acf":[],"_links":{"self":[{"href":"https:\/\/apalion.com\/it\/wp-json\/wp\/v2\/pages\/1396","targetHints":{"allow":["GET"]}}],"collection":[{"href":"https:\/\/apalion.com\/it\/wp-json\/wp\/v2\/pages"}],"about":[{"href":"https:\/\/apalion.com\/it\/wp-json\/wp\/v2\/types\/page"}],"author":[{"embeddable":true,"href":"https:\/\/apalion.com\/it\/wp-json\/wp\/v2\/users\/2"}],"replies":[{"embeddable":true,"href":"https:\/\/apalion.com\/it\/wp-json\/wp\/v2\/comments?post=1396"}],"version-history":[{"count":0,"href":"https:\/\/apalion.com\/it\/wp-json\/wp\/v2\/pages\/1396\/revisions"}],"wp:attachment":[{"href":"https:\/\/apalion.com\/it\/wp-json\/wp\/v2\/media?parent=1396"}],"wp:term":[{"taxonomy":"difl_page_category","embeddable":true,"href":"https:\/\/apalion.com\/it\/wp-json\/wp\/v2\/difl_page_category?post=1396"}],"curies":[{"name":"wp","href":"https:\/\/api.w.org\/{rel}","templated":true}]}}