{"id":1392,"date":"2023-09-07T11:10:00","date_gmt":"2023-09-07T09:10:00","guid":{"rendered":"http:\/\/staging.apalion.com\/?page_id=1392"},"modified":"2023-09-07T11:10:00","modified_gmt":"2023-09-07T09:10:00","slug":"pubblicita-sui-motori-di-ricerca-con-apalion-ag","status":"publish","type":"page","link":"https:\/\/apalion.com\/it\/suchmaschinenwerbung-mit-apalion-ag\/","title":{"rendered":"Pubblicit\u00e0 sui motori di ricerca: una guida completa"},"content":{"rendered":"<h2 class=\"wp-block-heading\" id=\"markdown-einf\u00fchrung-in-die-suchmaschinenwerbung\">Introduzione alla pubblicit\u00e0 sui motori di ricerca<\/h2>\n\n\n\n<figure class=\"wp-block-image size-large\"><a href=\"https:\/\/apalion.com\/wp-content\/uploads\/2023\/09\/Helene_Berger_Ein_dynamisches_Bild_das_die_Komplexitat_und_Viel_13a9f9f5-86d9-4a90-a770-39824dcac7f4.png\"><img decoding=\"async\" width=\"1024\" height=\"574\" src=\"https:\/\/apalion.com\/wp-content\/uploads\/2023\/09\/Helene_Berger_Ein_dynamisches_Bild_das_die_Komplexitat_und_Viel_13a9f9f5-86d9-4a90-a770-39824dcac7f4-1024x574.png\" alt=\"Pubblicit\u00e0 sui motori di ricerca Marketing online Ottimizzazione dei motori di ricerca (SEO) Marketing sui motori di ricerca (SEM) Parole chiave Google Ads Fattore di qualit\u00e0 Esperienza utente Landing page SERP (pagine dei risultati di ricerca) Pay-per-click (PPC) Costo per click (CPC) Costo per visualizzazione (CPV) Costo per 1000 impressioni (CPM) Google Maps Google Shopping Rete display YouTube Gmail Google My Business\" class=\"wp-image-1394\" title=\"\" srcset=\"https:\/\/apalion.com\/wp-content\/uploads\/2023\/09\/Helene_Berger_Ein_dynamisches_Bild_das_die_Komplexitat_und_Viel_13a9f9f5-86d9-4a90-a770-39824dcac7f4-980x549.png 980w, https:\/\/apalion.com\/wp-content\/uploads\/2023\/09\/Helene_Berger_Ein_dynamisches_Bild_das_die_Komplexitat_und_Viel_13a9f9f5-86d9-4a90-a770-39824dcac7f4-480x269.png 480w\" sizes=\"(min-width: 0px) and (max-width: 480px) 480px, (min-width: 481px) and (max-width: 980px) 980px, (min-width: 981px) 1024px, 100vw\" \/><\/a><figcaption><\/figcaption><\/figure>\n\n\n\n<p>La pubblicit\u00e0 sui motori di ricerca, una componente centrale del marketing online, va di pari passo con l'ottimizzazione dei motori di ricerca (SEO) e insieme formano il search engine marketing (SEM). In quest'area dinamica del marketing digitale, \u00e8 fondamentale utilizzare le strategie e gli strumenti giusti per ottenere una presenza ottimale nelle pagine dei risultati dei motori di ricerca (SERP).<\/p>\n\n\n\n<h3 class=\"wp-block-heading\" id=\"markdown-suchmaschinenwerbung-und-keywords\">Pubblicit\u00e0 sui motori di ricerca e parole chiave<\/h3>\n\n\n\n<p>Quando un utente inserisce un termine di ricerca nella barra di ricerca di Google, gli vengono presentati risultati di ricerca specifici e selezionati. Questi termini di ricerca, noti anche come parole chiave, sono la spina dorsale di qualsiasi campagna pubblicitaria di successo sui motori di ricerca. I risultati possono essere suddivisi in due categorie principali: risultati organici e a pagamento, una combinazione di SEO e SEA (search engine advertising).<\/p>\n\n\n\n<p>La scelta delle parole chiave giuste \u00e8 un passo fondamentale nella pubblicit\u00e0 sui motori di ricerca. Google valuta la pertinenza delle parole chiave, degli annunci e delle pagine di destinazione utilizzando un punteggio di qualit\u00e0, misurato su una scala da uno a dieci. Un punteggio pi\u00f9 alto pu\u00f2 portare a migliori posizionamenti e a costi inferiori.<\/p>\n\n\n\n<h4 class=\"wp-block-heading\" id=\"markdown-strategien-f\u00fcr-erfolgreiche-suchmaschinenwerbung\">Strategie per una pubblicit\u00e0 di successo sui motori di ricerca<\/h4>\n\n\n\n<p>L'ottimizzazione per i motori di ricerca si concentra sul miglioramento dei dati on-page e off-page al fine di ottenere posizioni pi\u00f9 elevate nelle SERP e quindi una maggiore visibilit\u00e0. La pubblicit\u00e0 sui motori di ricerca, invece, consente di creare annunci su Google Ads che corrispondono alle rispettive parole chiave relative al vostro prodotto o servizio. L'inserzionista stabilisce anche il prezzo che \u00e8 disposto a pagare per un clic sul proprio annuncio.<\/p>\n\n\n\n<p>Tuttavia, \u00e8 importante notare che il miglior offerente non vince sempre. L'algoritmo di Google utilizza centinaia di criteri per fornire all'utente i risultati di ricerca pi\u00f9 pertinenti. Un indicatore importante per la valutazione di campagne pubblicitarie efficaci \u00e8 il punteggio di qualit\u00e0, che pone l'esperienza dell'utente come parametro di riferimento pi\u00f9 elevato.<\/p>\n\n\n\n<h3 class=\"wp-block-heading\" id=\"markdown-die-kosten-und-formate-der-suchmaschinenwerbung\">Costi e formati della pubblicit\u00e0 sui motori di ricerca<\/h3>\n\n\n\n<p>Il costo di un posizionamento di primo piano su Google pu\u00f2 variare in base a diversi fattori, quali la concorrenza, l'offerta e la qualit\u00e0 dell'annuncio. \u00c8 inoltre possibile scegliere tra diversi formati di annunci. Oltre ai classici annunci di testo nella rete di ricerca, Google offre anche altre opzioni per posizionare i vostri annunci, come Google Maps o Google Shopping.<\/p>\n\n\n\n<p>La rete di ricerca \u00e8 solo una parte della vasta rete pubblicitaria di Google, che comprende anche i siti web di Google, i siti web partner della rete di ricerca e altri posizionamenti come le app per dispositivi mobili. A seconda della vostra strategia e della vostra offerta, potete anche inserire annunci nella rete display, su YouTube, in Gmail o in Google My Business.<\/p>\n\n\n\n<p>Il team di Apalion AG sar\u00e0 lieto di lavorare a stretto contatto con voi per definire l'approccio ideale per la vostra azienda e per rispondere perfettamente ai vostri clienti.<\/p>\n\n\n\n<h3 class=\"wp-block-heading\" id=\"markdown-abrechnungsmodelle-in-der-suchmaschinenwerbung\">Modelli di fatturazione nella pubblicit\u00e0 sui motori di ricerca<\/h3>\n\n\n\n<p>La fatturazione di Bing e Google Ads si basa sul metodo pay-per-click. Ci\u00f2 significa che l'inserzionista paga solo se l'utente clicca sull'annuncio. Se l'utente vede l'annuncio ma non fa clic, non viene sostenuto alcun costo. Esistono anche altri modelli di fatturazione, come il costo per visualizzazione (CPV) e il costo per 1000 impressioni (CPM), che si concentrano in modo diverso su clic, visualizzazioni o conversioni, a seconda della strategia di offerta e del tipo di campagna.<\/p>\n\n\n\n<p>Con questo metodo, si paga solo quando viene eseguita una determinata azione, il che rappresenta un chiaro vantaggio.<\/p>\n\n\n\n<h2 class=\"wp-block-heading\" id=\"markdown-lernen-sie-mehr-\u00fcber-suchmaschinenwerbung\">Per saperne di pi\u00f9 sulla pubblicit\u00e0 sui motori di ricerca<\/h2>\n\n\n\n<p>La pubblicit\u00e0 sui motori di ricerca (SEA), una componente essenziale del marketing sui motori di ricerca (SEM), consente alle aziende di aumentare la propria presenza online attraverso annunci mirati. Questi annunci, basati su parole chiave predefinite, vengono visualizzati nelle pagine dei risultati dei motori di ricerca (SERP) di motori di ricerca come Google e Bing. \u00c8 importante notare che la SEA non \u00e8 la stessa cosa della SEM, poich\u00e9 quest'ultima comprende anche l'ottimizzazione per i motori di ricerca (SEO), un processo volto a migliorare i risultati organici di ricerca di un sito web.<\/p>\n\n\n\n<p>I vantaggi della SEA sono molteplici. Le aziende possono ottenere una visibilit\u00e0 immediata e raggiungere potenziali clienti che stanno gi\u00e0 cercando le loro offerte. Inoltre, le piattaforme pubblicitarie consentono di indirizzare con precisione le campagne a gruppi di utenti specifici, aumentando l'efficacia delle campagne e riducendo i costi.<\/p>\n\n\n\n<p>L'implementazione di una campagna SEA richiede la registrazione a una piattaforma pubblicitaria come Google Ads, dove le aziende possono creare campagne con diversi gruppi di annunci e inserzioni. La posizione dell'annuncio \u00e8 determinata da un'asta in cui vengono presi in considerazione vari fattori, come il prezzo e la rilevanza della pagina di destinazione.<\/p>\n\n\n\n<p>Un altro aspetto importante della VAS \u00e8 il targeting, in cui le aziende possono stabilire chi pu\u00f2 vedere i loro annunci in base a criteri quali parole chiave, lingua, regione, et\u00e0 e sesso. Ci\u00f2 consente di indirizzare con precisione gli annunci al gruppo target, riducendo al minimo gli sprechi e aumentando le possibilit\u00e0 di conversione.<\/p>\n\n\n\n<p>Volete saperne di pi\u00f9? Per ulteriori informazioni, visitate le pagine seguenti:<\/p>\n\n\n\n<ol class=\"wp-block-list\">\n<li><a href=\"https:\/\/www.seabox.ch\/\" target=\"_blank\" rel=\"noopener\">Seabox<\/a><\/li>\n\n\n\n<li><a href=\"https:\/\/www.seo-kueche.de\/lexikon\/suchmaschinenwerbung\/\" target=\"_blank\" rel=\"noopener\">Cucina SEO<\/a><\/li>\n\n\n\n<li><a href=\"https:\/\/blog.hubspot.de\/marketing\/suchmaschinenwerbung\" target=\"_blank\" rel=\"noopener\">Blog HubSpot<\/a><\/li>\n\n\n\n<li><a href=\"https:\/\/www.luna-park.de\/blog\/36368-was-ist-suchmaschinenwerbung-sea-einfach-erklaert\/\" target=\"_blank\" rel=\"noopener\">Luna Park<\/a><\/li>\n<\/ol>\n\n\n\n<figure class=\"wp-block-image size-large\"><a href=\"https:\/\/apalion.com\/wp-content\/uploads\/2023\/09\/Helene_Berger_Ein_dynamisches_Bild_das_die_Komplexitat_und_Viel_8bf4360b-afd8-4fe5-b7bb-26076ae6f2b3.png\"><img decoding=\"async\" width=\"1024\" height=\"574\" src=\"https:\/\/apalion.com\/wp-content\/uploads\/2023\/09\/Helene_Berger_Ein_dynamisches_Bild_das_die_Komplexitat_und_Viel_8bf4360b-afd8-4fe5-b7bb-26076ae6f2b3-1024x574.png\" alt=\"Pubblicit\u00e0 sui motori di ricercaMarketing onlineOttimizzazione dei motori di ricerca (SEO)Marketing sui motori di ricerca (SEM)Parole chiaveGoogle AdsFattore di qualit\u00e0Esperienza dell&#039;utentePagine di atterraggioSERP (pagine dei risultati di ricerca)Pay-per-click (PPC)Costo per click (CPC)Costo per visualizzazione (CPV)Costo per 1000 impressioni (CPM)Google MapsGoogle ShoppingRete di visualizzazioneYouTubeGmailGoogle My Business\" class=\"wp-image-1393\" title=\"\" srcset=\"https:\/\/apalion.com\/wp-content\/uploads\/2023\/09\/Helene_Berger_Ein_dynamisches_Bild_das_die_Komplexitat_und_Viel_8bf4360b-afd8-4fe5-b7bb-26076ae6f2b3-980x549.png 980w, https:\/\/apalion.com\/wp-content\/uploads\/2023\/09\/Helene_Berger_Ein_dynamisches_Bild_das_die_Komplexitat_und_Viel_8bf4360b-afd8-4fe5-b7bb-26076ae6f2b3-480x269.png 480w\" sizes=\"(min-width: 0px) and (max-width: 480px) 480px, (min-width: 481px) and (max-width: 980px) 980px, (min-width: 981px) 1024px, 100vw\" \/><\/a><figcaption><\/figcaption><\/figure>","protected":false},"excerpt":{"rendered":"<p>Einf\u00fchrung in die Suchmaschinenwerbung Die Suchmaschinenwerbung, ein zentraler Bestandteil des Online-Marketings, arbeitet Hand in Hand mit der Suchmaschinenoptimierung (SEO) und bildet zusammen das Suchmaschinenmarketing (SEM). In diesem dynamischen Bereich des digitalen Marketings ist es von entscheidender Bedeutung, die richtigen Strategien und Werkzeuge zu nutzen, um eine optimale Pr\u00e4senz in den Suchergebnisseiten (SERPs) zu erreichen. Suchmaschinenwerbung [&hellip;]<\/p>\n","protected":false},"author":2,"featured_media":0,"parent":0,"menu_order":0,"comment_status":"closed","ping_status":"closed","template":"","meta":{"_acf_changed":false,"_et_pb_use_builder":"off","_et_pb_old_content":"","_et_gb_content_width":"","footnotes":""},"difl_page_category":[],"class_list":["post-1392","page","type-page","status-publish","hentry"],"acf":[],"_links":{"self":[{"href":"https:\/\/apalion.com\/it\/wp-json\/wp\/v2\/pages\/1392","targetHints":{"allow":["GET"]}}],"collection":[{"href":"https:\/\/apalion.com\/it\/wp-json\/wp\/v2\/pages"}],"about":[{"href":"https:\/\/apalion.com\/it\/wp-json\/wp\/v2\/types\/page"}],"author":[{"embeddable":true,"href":"https:\/\/apalion.com\/it\/wp-json\/wp\/v2\/users\/2"}],"replies":[{"embeddable":true,"href":"https:\/\/apalion.com\/it\/wp-json\/wp\/v2\/comments?post=1392"}],"version-history":[{"count":0,"href":"https:\/\/apalion.com\/it\/wp-json\/wp\/v2\/pages\/1392\/revisions"}],"wp:attachment":[{"href":"https:\/\/apalion.com\/it\/wp-json\/wp\/v2\/media?parent=1392"}],"wp:term":[{"taxonomy":"difl_page_category","embeddable":true,"href":"https:\/\/apalion.com\/it\/wp-json\/wp\/v2\/difl_page_category?post=1392"}],"curies":[{"name":"wp","href":"https:\/\/api.w.org\/{rel}","templated":true}]}}