{"id":1384,"date":"2023-09-07T09:23:35","date_gmt":"2023-09-07T07:23:35","guid":{"rendered":"http:\/\/staging.apalion.com\/?page_id=1384"},"modified":"2023-09-07T09:23:35","modified_gmt":"2023-09-07T07:23:35","slug":"esperienza-nel-rapporto-seo-con-apalion-ag","status":"publish","type":"page","link":"https:\/\/apalion.com\/it\/seo-report-expertise-mit-apalion-ag\/","title":{"rendered":"Il vostro rapporto SEO"},"content":{"rendered":"<figure class=\"wp-block-image size-large\"><a href=\"https:\/\/apalion.com\/wp-content\/uploads\/2023\/09\/Helene_Berger_Auf_diesem_Bild_sehen_wir_ein_Team_von_SEO-Expert_5bd78490-ba3c-45f7-9c5b-6c6a06dff120-1.png\"><img decoding=\"async\" width=\"1024\" height=\"574\" src=\"https:\/\/apalion.com\/wp-content\/uploads\/2023\/09\/Helene_Berger_Auf_diesem_Bild_sehen_wir_ein_Team_von_SEO-Expert_5bd78490-ba3c-45f7-9c5b-6c6a06dff120-1-1024x574.png\" alt=\"Rapporto SEO\" class=\"wp-image-1385\" title=\"\" srcset=\"https:\/\/apalion.com\/wp-content\/uploads\/2023\/09\/Helene_Berger_Auf_diesem_Bild_sehen_wir_ein_Team_von_SEO-Expert_5bd78490-ba3c-45f7-9c5b-6c6a06dff120-1-980x550.png 980w, https:\/\/apalion.com\/wp-content\/uploads\/2023\/09\/Helene_Berger_Auf_diesem_Bild_sehen_wir_ein_Team_von_SEO-Expert_5bd78490-ba3c-45f7-9c5b-6c6a06dff120-1-480x269.png 480w\" sizes=\"(min-width: 0px) and (max-width: 480px) 480px, (min-width: 481px) and (max-width: 980px) 980px, (min-width: 981px) 1024px, 100vw\" \/><\/a><figcaption><\/figcaption><\/figure>\n\n\n\n<h2 class=\"wp-block-heading\">Rapporto mensile sulla SEO: la vostra guida per una presenza online di successo<\/h2>\n\n\n\n<p>Siete alla ricerca di un partner affidabile che vi aiuti a ottimizzare la vostra presenza online? Noi di Apalion AG siamo orgogliosi di offrirvi la nostra esperienza in materia di reportistica SEO. Crediamo fermamente che i nostri servizi possano aiutarvi a raggiungere i vostri obiettivi online.<\/p>\n\n\n\n<h2 class=\"wp-block-heading\">Trasparenza e correttezza: i nostri principi fondamentali<\/h2>\n\n\n\n<p>In Apalion AG crediamo nella trasparenza e nella correttezza come principi guida. Crediamo che una cooperazione di successo si basi sulla fiducia e sul rispetto reciproco. Pertanto, ci sforziamo di fornirvi un servizio che non abbia costi o rischi nascosti.<\/p>\n\n\n\n<p>Il nostro obiettivo \u00e8 quello di fornirvi una panoramica chiara e dettagliata delle prestazioni del vostro sito web, in modo che possiate prendere decisioni informate. La nostra esperienza pluriennale nel settore ci consente di offrirvi un servizio clienti di prima classe, caratterizzato da competenza e affidabilit\u00e0.<\/p>\n\n\n\n<h2 class=\"wp-block-heading\">Perch\u00e9 un rapporto SEO \u00e8 essenziale<\/h2>\n\n\n\n<p>Un report SEO non \u00e8 solo uno strumento per misurare le prestazioni del vostro sito web, ma anche uno strumento strategico che vi fornisce preziose indicazioni sullo stato di salute del vostro sito web, sull'efficacia delle vostre attivit\u00e0 SEO e sulle potenziali aree di crescita e miglioramento.<\/p>\n\n\n\n<p>Noi di Apalion AG creiamo rapporti SEO di facile comprensione, ma che forniscono informazioni potenti e attuabili per plasmare le vostre future strategie SEO. I nostri report si concentrano su metriche chiave come il traffico organico, l'andamento del ranking delle parole chiave e lo stato di salute generale del vostro sito web, per darvi una chiara panoramica dello stato attuale della vostra presenza online.<\/p>\n\n\n\n<p>Non vogliamo complicare eccessivamente il processo e utilizziamo strumenti collaudati come Semrush e Google Analytics per creare rapporti accurati e completi.<\/p>\n\n\n\n<h2 class=\"wp-block-heading\">Cosa vi aspetta nel nostro rapporto SEO<\/h2>\n\n\n\n<p>I nostri report SEO sono un riepilogo dettagliato delle prestazioni SEO del vostro sito web e vi aiutano a misurare facilmente le prestazioni e il ROI delle varie attivit\u00e0 SEO. Vi forniamo informazioni chiare e significative che vi aiutano a prendere decisioni informate e a pianificare efficacemente le vostre strategie SEO.<\/p>\n\n\n\n<p>Alcune delle aree principali di cui ci occupiamo nei nostri rapporti sono:<\/p>\n\n\n\n<ul class=\"wp-block-list\">\n<li>Traffico organico e conversioni<\/li>\n\n\n\n<li>Crescita dei backlink<\/li>\n\n\n\n<li>Progressi nel ranking delle parole chiave<\/li>\n\n\n\n<li>Aspetti tecnici SEO come la velocit\u00e0 del sito, i link non funzionanti e gli errori 404.<\/li>\n\n\n\n<li>Raccomandazioni per ulteriori misure di crescita<\/li>\n<\/ul>\n\n\n\n<p>Siamo consapevoli che ogni dinamica aziendale \u00e8 unica, quindi personalizziamo i nostri report per soddisfare le esigenze e gli obiettivi specifici della vostra azienda.<\/p>\n\n\n\n<h2 class=\"wp-block-heading\">Il nostro impegno per il vostro successo<\/h2>\n\n\n\n<p>Noi di Apalion AG ci impegniamo con passione per portarvi pi\u00f9 successo e visibilit\u00e0. I vostri progetti sono i nostri progetti e siamo fermamente convinti che il nostro modo di lavorare sia vantaggioso per voi. Siamo a vostra disposizione per chiarire tutti i vostri dubbi e le vostre domande e lavoriamo a stretto contatto con voi per sviluppare concetti che rafforzino la vostra presenza online.<\/p>\n\n\n\n<p>Contattateci per maggiori informazioni e per scoprire come possiamo aiutarvi a raggiungere i vostri obiettivi.<\/p>\n\n\n\n<h2 class=\"wp-block-heading\">L'importanza della digitalizzazione nel marketing<\/h2>\n\n\n\n<p>La digitalizzazione ha cambiato radicalmente il modo in cui le aziende fanno marketing oggi. Non solo ha creato nuove opportunit\u00e0, ma ha anche aumentato le aspettative dei clienti. In questo panorama in rapida evoluzione, \u00e8 essenziale che le aziende sviluppino strategie di marketing agili e adattive per rimanere competitive.<\/p>\n\n\n\n<p>Un aspetto essenziale della digitalizzazione nel marketing \u00e8 l'ottimizzazione SEO, che aiuta le aziende ad aumentare la loro visibilit\u00e0 online e a raggiungere un pubblico pi\u00f9 ampio. Un rapporto SEO ben studiato pu\u00f2 aiutarvi a capire le prestazioni del vostro sito web e ad apportare le modifiche necessarie per migliorare la vostra presenza online.<\/p>\n\n\n\n<h2 class=\"wp-block-heading\">Le sfide delle aziende moderne<\/h2>\n\n\n\n<p>Le aziende moderne devono affrontare una serie di sfide, soprattutto in relazione allo sviluppo di strategie di marketing efficaci. Spesso le aziende non hanno il tempo e le risorse necessarie per concentrarsi sullo sviluppo di strategie di marketing, il che pu\u00f2 portare a svantaggi competitivi.<\/p>\n\n\n\n<p>Noi di Apalion AG comprendiamo queste sfide e offriamo soluzioni specifiche per le esigenze della vostra organizzazione. Lavoriamo a stretto contatto con voi per garantire che le vostre strategie di marketing siano non solo efficaci, ma anche sostenibili.<\/p>\n\n\n\n<p>I nostri esperti utilizzano la loro pluriennale esperienza e competenza per aiutarvi a raggiungere i vostri obiettivi di marketing e a ottenere un successo duraturo nel mondo online.<\/p>\n\n\n\n<h2 class=\"wp-block-heading\">Contattateci per una collaborazione di successo<\/h2>\n\n\n\n<p>Se siete pronti a portare la vostra presenza online al livello successivo, siamo qui per aiutarvi. Contattateci oggi stesso per saperne di pi\u00f9 sui nostri servizi e iniziare una collaborazione di successo.<\/p>\n\n\n\n<p>Saremo lieti di ascoltarvi e di lavorare insieme per trovare il modo di portare la vostra azienda al successo.<\/p>\n\n\n\n<figure class=\"wp-block-image size-large\"><a href=\"https:\/\/apalion.com\/wp-content\/uploads\/2023\/09\/Helene_Berger_Auf_diesem_Bild_sehen_wir_ein_Team_von_SEO-Expert_722cb204-a50e-4bef-b7f7-a30b4f709cce-1.png\"><img decoding=\"async\" width=\"1024\" height=\"574\" src=\"https:\/\/apalion.com\/wp-content\/uploads\/2023\/09\/Helene_Berger_Auf_diesem_Bild_sehen_wir_ein_Team_von_SEO-Expert_722cb204-a50e-4bef-b7f7-a30b4f709cce-1-1024x574.png\" alt=\"Rapporto SEO\" class=\"wp-image-1386\" title=\"\" srcset=\"https:\/\/apalion.com\/wp-content\/uploads\/2023\/09\/Helene_Berger_Auf_diesem_Bild_sehen_wir_ein_Team_von_SEO-Expert_722cb204-a50e-4bef-b7f7-a30b4f709cce-1-980x550.png 980w, https:\/\/apalion.com\/wp-content\/uploads\/2023\/09\/Helene_Berger_Auf_diesem_Bild_sehen_wir_ein_Team_von_SEO-Expert_722cb204-a50e-4bef-b7f7-a30b4f709cce-1-480x269.png 480w\" sizes=\"(min-width: 0px) and (max-width: 480px) 480px, (min-width: 481px) and (max-width: 980px) 980px, (min-width: 981px) 1024px, 100vw\" \/><\/a><figcaption><\/figcaption><\/figure>\n\n\n\n<h2 class=\"wp-block-heading\">Per saperne di pi\u00f9: Articoli interessanti sull'argomento<\/h2>\n\n\n\n<p>Per approfondire la vostra conoscenza dei rapporti SEO, abbiamo raccolto per voi alcuni articoli interessanti:<\/p>\n\n\n\n<ul class=\"wp-block-list\">\n<li><a href=\"https:\/\/www.semrush.com\/blog\/seo-report\/\" target=\"_blank\" rel=\"noopener\">Come creare un report SEO (pi\u00f9 modelli) - Semrush<\/a><\/li>\n\n\n\n<li><a href=\"https:\/\/visme.co\/blog\/seo-report\/\" target=\"_blank\" rel=\"noopener\">Come creare un semplice rapporto SEO (+ modello) - Visme<\/a><\/li>\n<\/ul>","protected":false},"excerpt":{"rendered":"<p>Monatlicher SEO-Report: Ihr Leitfaden f\u00fcr eine Erfolgreiche Online-Pr\u00e4senz Sie sind auf der Suche nach einem verl\u00e4sslichen Partner, der Ihnen bei der Optimierung Ihrer Online-Pr\u00e4senz helfen kann? Bei Apalion AG sind wir stolz darauf, Ihnen unsere Expertise im Bereich SEO-Report anbieten zu k\u00f6nnen. Wir sind fest davon \u00fcberzeugt, dass unsere Dienstleistungen Ihnen helfen k\u00f6nnen, Ihre Online-Ziele [&hellip;]<\/p>\n","protected":false},"author":2,"featured_media":0,"parent":0,"menu_order":0,"comment_status":"closed","ping_status":"closed","template":"","meta":{"_acf_changed":false,"_et_pb_use_builder":"off","_et_pb_old_content":"","_et_gb_content_width":"","footnotes":""},"difl_page_category":[],"class_list":["post-1384","page","type-page","status-publish","hentry"],"acf":[],"_links":{"self":[{"href":"https:\/\/apalion.com\/it\/wp-json\/wp\/v2\/pages\/1384","targetHints":{"allow":["GET"]}}],"collection":[{"href":"https:\/\/apalion.com\/it\/wp-json\/wp\/v2\/pages"}],"about":[{"href":"https:\/\/apalion.com\/it\/wp-json\/wp\/v2\/types\/page"}],"author":[{"embeddable":true,"href":"https:\/\/apalion.com\/it\/wp-json\/wp\/v2\/users\/2"}],"replies":[{"embeddable":true,"href":"https:\/\/apalion.com\/it\/wp-json\/wp\/v2\/comments?post=1384"}],"version-history":[{"count":0,"href":"https:\/\/apalion.com\/it\/wp-json\/wp\/v2\/pages\/1384\/revisions"}],"wp:attachment":[{"href":"https:\/\/apalion.com\/it\/wp-json\/wp\/v2\/media?parent=1384"}],"wp:term":[{"taxonomy":"difl_page_category","embeddable":true,"href":"https:\/\/apalion.com\/it\/wp-json\/wp\/v2\/difl_page_category?post=1384"}],"curies":[{"name":"wp","href":"https:\/\/api.w.org\/{rel}","templated":true}]}}