{"id":1379,"date":"2023-09-07T01:23:16","date_gmt":"2023-09-06T23:23:16","guid":{"rendered":"http:\/\/staging.apalion.com\/?page_id=1379"},"modified":"2023-09-07T01:23:16","modified_gmt":"2023-09-06T23:23:16","slug":"partnership-di-successo-migliori-servizi-seo","status":"publish","type":"page","link":"https:\/\/apalion.com\/it\/erfolgreiche-partnerschaft-beste-seo-leistungen\/","title":{"rendered":"Partnership di successo: trasparenza e correttezza per i migliori servizi SEO"},"content":{"rendered":"<figure class=\"wp-block-image size-large\"><a href=\"https:\/\/apalion.com\/wp-content\/uploads\/2023\/09\/Helene_Berger_Auf_diesem_Bild_sehen_wir_ein_Team_von_SEO-Expert_722cb204-a50e-4bef-b7f7-a30b4f709cce.png\"><img decoding=\"async\" width=\"1024\" height=\"574\" src=\"https:\/\/apalion.com\/wp-content\/uploads\/2023\/09\/Helene_Berger_Auf_diesem_Bild_sehen_wir_ein_Team_von_SEO-Expert_722cb204-a50e-4bef-b7f7-a30b4f709cce-1024x574.png\" alt=\"\" class=\"wp-image-1381\" title=\"\" srcset=\"https:\/\/apalion.com\/wp-content\/uploads\/2023\/09\/Helene_Berger_Auf_diesem_Bild_sehen_wir_ein_Team_von_SEO-Expert_722cb204-a50e-4bef-b7f7-a30b4f709cce-980x550.png 980w, https:\/\/apalion.com\/wp-content\/uploads\/2023\/09\/Helene_Berger_Auf_diesem_Bild_sehen_wir_ein_Team_von_SEO-Expert_722cb204-a50e-4bef-b7f7-a30b4f709cce-480x269.png 480w\" sizes=\"(min-width: 0px) and (max-width: 480px) 480px, (min-width: 481px) and (max-width: 980px) 980px, (min-width: 981px) 1024px, 100vw\" \/><\/a><figcaption><\/figcaption><\/figure>\n\n\n\n<h2 class=\"wp-block-heading\">Mettetevi in contatto con noi<\/h2>\n\n\n\n<p>Mettetevi in contatto con noi per utilizzare i nostri servizi SEO specializzati per il vostro progresso.<\/p>\n\n\n\n<h2 class=\"wp-block-heading\">Servizi SEO per il vostro sito web<\/h2>\n\n\n\n<h3 class=\"wp-block-heading\">Consulenza personale di Apalion AG<\/h3>\n\n\n\n<p>I nostri esperti di Apalion AG sono al vostro fianco personalmente. Lavoriamo in base a standard individuali, ponendo il titolare dell'azienda al centro dei nostri sforzi. Il nostro team di esperti sviluppa soluzioni personalizzate per migliorare il vostro posizionamento. In una collaborazione a lungo termine, avrete un referente dedicato che vi supporter\u00e0.<\/p>\n\n\n\n<h3 class=\"wp-block-heading\">Servizio clienti innovativo<\/h3>\n\n\n\n<p>Potete contare sul nostro eccellente servizio clienti. La nostra offerta \u00e8 completata da un modo di lavorare innovativo, basato sulle pi\u00f9 recenti scoperte. Il nostro team si sforza sempre di tenersi aggiornato, poich\u00e9 le linee guida sono in continua evoluzione. Con la nostra agenzia non perderete pi\u00f9 nessuna tendenza.<\/p>\n\n\n\n<h3 class=\"wp-block-heading\">Importanza delle strategie SEO<\/h3>\n\n\n\n<p>Anche il miglior prodotto avr\u00e0 un successo limitato se non viene trovato dai potenziali clienti e si perde nella folla. \u00c8 quindi importante integrare aspetti rilevanti nella vostra strategia di marketing. Con contenuti pertinenti, sarete trovati pi\u00f9 rapidamente dai potenziali clienti, il che garantisce la redditivit\u00e0 della vostra azienda e vi aiuta ad affermarvi come imprenditori di successo.<\/p>\n\n\n\n<h3 class=\"wp-block-heading\">Un'ampia gamma di opzioni per aumentare la vostra visibilit\u00e0<\/h3>\n\n\n\n<p>Sono disponibili numerose opzioni per aumentare la vostra visibilit\u00e0 attraverso i nostri servizi SEO. Pu\u00f2 trattarsi di un'analisi, di contenuti testuali ottimizzati o di una relazione. Richiede esperienza e competenze fondamentali per aumentare la rilevanza. Come imprenditore, non \u00e8 facile dedicarsi completamente a questo argomento, soprattutto quando altre attivit\u00e0 commerciali occupano il vostro tempo.<\/p>\n\n\n\n<h3 class=\"wp-block-heading\">Soluzioni efficienti dal punto di vista dei costi grazie all'outsourcing<\/h3>\n\n\n\n<p>Per evitare costi aggiuntivi, potete utilizzare i nostri servizi SEO invece di assumere personale per sviluppare una strategia di marketing con contenuti rilevanti. L'esternalizzazione del lavoro a un fornitore di servizi vi toglie la pressione e allo stesso tempo promuove il vostro successo. La vostra presenza online \u00e8 il vostro biglietto da visita. I nostri servizi SEO vi consentono di raggiungere un maggior numero di gruppi target, a vantaggio dell'acquisizione di clienti e dell'aumento delle vendite.<\/p>\n\n\n\n<h2 class=\"wp-block-heading\">Scoprite i segreti delle strategie di successo<\/h2>\n\n\n\n<h3 class=\"wp-block-heading\">Strategie di parole chiave per le vacanze<\/h3>\n\n\n\n<p>La ricerca delle parole chiave \u00e8 una parte essenziale di qualsiasi strategia SEO. L'obiettivo \u00e8 trovare query, argomenti e termini con un volume relativamente alto ma con un intento mirato da parte degli utenti. Le parole chiave a coda lunga sono particolarmente importanti perch\u00e9 ricevono 1,76 volte pi\u00f9 clic nelle SERP organiche. Sono ideali per i post di blog informativi e le guide approfondite.<\/p>\n\n\n\n<h3 class=\"wp-block-heading\">Pianificazione e ottimizzazione dei contenuti per le vacanze<\/h3>\n\n\n\n<p>Una strategia di contenuti efficace richiede un'attenta pianificazione e ottimizzazione. Utilizzate Google Trends per ottenere informazioni sulle tendenze emergenti dei prodotti e sui cambiamenti di interesse dei consumatori. Analizzate i dati del vostro sito web con Google Search Console e Google Analytics per identificare le pagine e le query di ricerca pi\u00f9 efficaci.<\/p>\n\n\n\n<h2 class=\"wp-block-heading\">Servizi SEO personalizzati<\/h2>\n\n\n\n<h3 class=\"wp-block-heading\">Servizi SEO professionali per il vostro successo<\/h3>\n\n\n\n<p>Per avere successo, avete bisogno di un partner competente. Noi di Apalion AG creiamo le basi per il vostro successo. Dal 2012 ci siamo affermati come agenzia per l'ottimizzazione dei motori di ricerca. Il nostro team specializzato vi supporta con soluzioni innovative per raggiungere nuovi traguardi con la vostra azienda.<\/p>\n\n\n\n<h3 class=\"wp-block-heading\">Passione per il vostro successo<\/h3>\n\n\n\n<p>In Apalion AG siamo appassionati di ci\u00f2 che facciamo perch\u00e9 abbiamo una visione: darvi pi\u00f9 successo e visibilit\u00e0. I vostri progetti sono anche i nostri! Siamo fermamente convinti che il nostro modo di lavorare sia vantaggioso per voi. Vi supportiamo con un software specializzato sviluppato internamente per creare contenuti SEO unici che si leggono senza problemi e che allo stesso tempo aumentano la vostra visibilit\u00e0.<\/p>\n\n\n\n<h3 class=\"wp-block-heading\">Collaborazione senza rischi<\/h3>\n\n\n\n<p>Con noi non correte alcun rischio. Vi offriamo la possibilit\u00e0 di effettuare un controllo SEO gratuito e di ottenere un preventivo per avere una panoramica iniziale e determinare dove avete bisogno di supporto per l'ottimizzazione SEO della vostra presenza sul web.<\/p>\n\n\n\n<figure class=\"wp-block-image size-large\"><a href=\"https:\/\/apalion.com\/wp-content\/uploads\/2023\/09\/Helene_Berger_Auf_diesem_Bild_sehen_wir_ein_Team_von_SEO-Expert_5bd78490-ba3c-45f7-9c5b-6c6a06dff120.png\"><img decoding=\"async\" width=\"1024\" height=\"574\" src=\"https:\/\/apalion.com\/wp-content\/uploads\/2023\/09\/Helene_Berger_Auf_diesem_Bild_sehen_wir_ein_Team_von_SEO-Expert_5bd78490-ba3c-45f7-9c5b-6c6a06dff120-1024x574.png\" alt=\"Servizi SEO\" class=\"wp-image-1380\" title=\"\" srcset=\"https:\/\/apalion.com\/wp-content\/uploads\/2023\/09\/Helene_Berger_Auf_diesem_Bild_sehen_wir_ein_Team_von_SEO-Expert_5bd78490-ba3c-45f7-9c5b-6c6a06dff120-980x550.png 980w, https:\/\/apalion.com\/wp-content\/uploads\/2023\/09\/Helene_Berger_Auf_diesem_Bild_sehen_wir_ein_Team_von_SEO-Expert_5bd78490-ba3c-45f7-9c5b-6c6a06dff120-480x269.png 480w\" sizes=\"(min-width: 0px) and (max-width: 480px) 480px, (min-width: 481px) and (max-width: 980px) 980px, (min-width: 981px) 1024px, 100vw\" \/><\/a><figcaption><\/figcaption><\/figure>\n\n\n\n<p><strong>Per saperne di pi\u00f9, abbiamo alcuni articoli interessanti sull'argomento qui:<\/strong><\/p>\n\n\n\n<ol class=\"wp-block-list\">\n<li><a href=\"https:\/\/searchengineland.com\/this-seo-strategy-led-to-497-page-one-rankings-in-7-weeks-431627\" target=\"_blank\" rel=\"noopener\">Questa strategia SEO ha portato a 497 posizionamenti in prima pagina in 7 settimane.<\/a><\/li>\n\n\n\n<li><a href=\"https:\/\/searchengineland.com\/seo-strategy-holiday-season-431538\" target=\"_blank\" rel=\"noopener\">Come creare una strategia SEO di successo per le festivit\u00e0 del 2023<\/a><\/li>\n<\/ol>\n\n\n\n<p><\/p>","protected":false},"excerpt":{"rendered":"<p>Kontaktieren Sie uns Setzen Sie sich mit uns in Kontakt, um unsere spezialisierten SEO-Leistungen f\u00fcr Ihren Fortschritt zu nutzen. SEO-Leistungen f\u00fcr Ihre Webseite Pers\u00f6nliche Beratung durch Apalion AG Unsere Experten bei Apalion AG stehen Ihnen pers\u00f6nlich zur Seite. Wir arbeiten nach individuellen Ma\u00dfst\u00e4ben, wobei Sie als Gesch\u00e4ftsinhaber im Mittelpunkt unserer Bem\u00fchungen stehen. Unser erfahrenes Team [&hellip;]<\/p>\n","protected":false},"author":2,"featured_media":0,"parent":0,"menu_order":0,"comment_status":"closed","ping_status":"closed","template":"","meta":{"_acf_changed":false,"_et_pb_use_builder":"off","_et_pb_old_content":"","_et_gb_content_width":"","footnotes":""},"difl_page_category":[],"class_list":["post-1379","page","type-page","status-publish","hentry"],"acf":[],"_links":{"self":[{"href":"https:\/\/apalion.com\/it\/wp-json\/wp\/v2\/pages\/1379","targetHints":{"allow":["GET"]}}],"collection":[{"href":"https:\/\/apalion.com\/it\/wp-json\/wp\/v2\/pages"}],"about":[{"href":"https:\/\/apalion.com\/it\/wp-json\/wp\/v2\/types\/page"}],"author":[{"embeddable":true,"href":"https:\/\/apalion.com\/it\/wp-json\/wp\/v2\/users\/2"}],"replies":[{"embeddable":true,"href":"https:\/\/apalion.com\/it\/wp-json\/wp\/v2\/comments?post=1379"}],"version-history":[{"count":0,"href":"https:\/\/apalion.com\/it\/wp-json\/wp\/v2\/pages\/1379\/revisions"}],"wp:attachment":[{"href":"https:\/\/apalion.com\/it\/wp-json\/wp\/v2\/media?parent=1379"}],"wp:term":[{"taxonomy":"difl_page_category","embeddable":true,"href":"https:\/\/apalion.com\/it\/wp-json\/wp\/v2\/difl_page_category?post=1379"}],"curies":[{"name":"wp","href":"https:\/\/api.w.org\/{rel}","templated":true}]}}