{"id":1371,"date":"2023-09-07T00:36:32","date_gmt":"2023-09-06T22:36:32","guid":{"rendered":"http:\/\/staging.apalion.com\/?page_id=1371"},"modified":"2023-09-07T00:36:32","modified_gmt":"2023-09-06T22:36:32","slug":"analisi-seo-efficace-con-apalion-ag","status":"publish","type":"page","link":"https:\/\/apalion.com\/it\/effektive-seo-analyse-mit-apalion-ag\/","title":{"rendered":"Analisi SEO efficace con Apalion AG"},"content":{"rendered":"<figure class=\"wp-block-image size-large\"><a href=\"https:\/\/apalion.com\/wp-content\/uploads\/2023\/09\/Helene_Berger_Ein_Team_von_SEO-Experten_bei_Apalion_AG_die_an_e_8963c652-59af-4a79-b7af-1dc0f6d04270.png\"><img decoding=\"async\" width=\"1024\" height=\"574\" src=\"https:\/\/apalion.com\/wp-content\/uploads\/2023\/09\/Helene_Berger_Ein_Team_von_SEO-Experten_bei_Apalion_AG_die_an_e_8963c652-59af-4a79-b7af-1dc0f6d04270-1024x574.png\" alt=\"Analisi SEO\" class=\"wp-image-1373\" title=\"\" srcset=\"https:\/\/apalion.com\/wp-content\/uploads\/2023\/09\/Helene_Berger_Ein_Team_von_SEO-Experten_bei_Apalion_AG_die_an_e_8963c652-59af-4a79-b7af-1dc0f6d04270-980x550.png 980w, https:\/\/apalion.com\/wp-content\/uploads\/2023\/09\/Helene_Berger_Ein_Team_von_SEO-Experten_bei_Apalion_AG_die_an_e_8963c652-59af-4a79-b7af-1dc0f6d04270-480x269.png 480w\" sizes=\"(min-width: 0px) and (max-width: 480px) 480px, (min-width: 481px) and (max-width: 980px) 980px, (min-width: 981px) 1024px, 100vw\" \/><\/a><figcaption><\/figcaption><\/figure>\n\n\n\n<p>Nell'odierna era digitale, il comportamento dei clienti \u00e8 cambiato radicalmente. Un numero significativo di ricerche su Google riguarda prodotti o servizi specifici. Pertanto, \u00e8 fondamentale che la vostra azienda sia chiaramente visibile nelle ricerche su Google. Un'analisi SEO approfondita pu\u00f2 aiutarvi a conoscere la vostra presenza online e la vostra risonanza su Internet.<\/p>\n\n\n\n<h2 class=\"wp-block-heading\">L'importanza di una forte presenza online<\/h2>\n\n\n\n<p>Data la complessit\u00e0 dell'argomento, pu\u00f2 essere una sfida trovare le strategie adeguate per aumentare la propria visibilit\u00e0. Ecco perch\u00e9 un'analisi SEO \u00e8 uno strumento indispensabile per adottare un approccio metodico e strutturato. Con l'avanzare della digitalizzazione, la presenza online sta diventando un fattore decisivo per il successo di un'azienda.<\/p>\n\n\n\n<h3 class=\"wp-block-heading\">Analisi SEO approfondita<\/h3>\n\n\n\n<h4 class=\"wp-block-heading\">L'importanza di un'analisi SEO<\/h4>\n\n\n\n<p>L'analisi SEO \u00e8 una valutazione critica delle prestazioni attuali di un sito web nei risultati dei motori di ricerca. Serve a riconoscere i punti deboli e ad apportare miglioramenti per aumentare la visibilit\u00e0 e il posizionamento del sito web.<\/p>\n\n\n\n<h4 class=\"wp-block-heading\">Fattori importanti in un'analisi SEO<\/h4>\n\n\n\n<p>Un'analisi SEO deve tenere conto di diversi fattori importanti, tra cui l'ottimizzazione on-page, la qualit\u00e0 dei backlink, l'uso delle parole chiave, la velocit\u00e0 di caricamento della pagina, l'ottimizzazione per i dispositivi mobili e l'esperienza dell'utente.<\/p>\n\n\n\n<h4 class=\"wp-block-heading\">Come si svolge un'analisi SEO?<\/h4>\n\n\n\n<p>Un'analisi SEO viene effettuata con l'aiuto di strumenti come Google Analytics, Google Search Console, SEMrush o Ahrefs. Questi strumenti analizzano il sito web sotto vari aspetti e forniscono raccomandazioni per il miglioramento.<\/p>\n\n\n\n<h4 class=\"wp-block-heading\">Gli effetti di un'analisi SEO sul posizionamento di un sito web<\/h4>\n\n\n\n<p>L'analisi SEO aiuta a identificare i punti deboli e i problemi che potrebbero influire sul posizionamento del sito web. Offre inoltre soluzioni suggerite per migliorare il sito web al fine di aumentarne il posizionamento e la visibilit\u00e0.<\/p>\n\n\n\n<h4 class=\"wp-block-heading\">Frequenza dell'analisi SEO<\/h4>\n\n\n\n<p>Si consiglia di effettuare un'analisi SEO almeno una volta all'anno per garantire che il sito web sia conforme agli attuali standard SEO. In caso di modifiche significative al sito web o all'algoritmo di ricerca, \u00e8 opportuno prendere in considerazione un'ulteriore analisi.<\/p>\n\n\n\n<h4 class=\"wp-block-heading\">Cifre chiave importanti in un'analisi SEO<\/h4>\n\n\n\n<p>Alcune delle cifre chiave importanti da considerare in un'analisi SEO sono le visualizzazioni di pagina, la frequenza di rimbalzo, il tempo medio di permanenza sul sito, il numero di visitatori organici, il numero di backlink e il posizionamento di parole chiave importanti.<\/p>\n\n\n\n<h2 class=\"wp-block-heading\">Le ultime tendenze nel mondo SEO<\/h2>\n\n\n\n<p>Il settore SEO \u00e8 in continua evoluzione ed \u00e8 importante rimanere aggiornati per avere successo. Ecco alcune delle ultime tendenze del settore SEO:<\/p>\n\n\n\n<h3 class=\"wp-block-heading\">Intelligenza artificiale e apprendimento profondo<\/h3>\n\n\n\n<p>Negli ultimi anni Google ha compiuto progressi significativi nelle aree dell'intelligenza artificiale e dell'apprendimento profondo. In particolare, l'algoritmo RankBrain e il sistema BERT hanno rivoluzionato il modo in cui i risultati di ricerca vengono classificati. La qualit\u00e0 e la pertinenza dei contenuti diventeranno ancora pi\u00f9 importanti nei prossimi anni, poich\u00e9 i sistemi di intelligenza artificiale saranno in grado di eliminare pi\u00f9 efficacemente i contenuti di bassa qualit\u00e0.<\/p>\n\n\n\n<h3 class=\"wp-block-heading\">Ricerca vocale<\/h3>\n\n\n\n<p>La ricerca vocale \u00e8 aumentata negli ultimi anni, soprattutto con la crescente popolarit\u00e0 di Google Assistant e di dispositivi simili. Gli esperti SEO dovrebbero quindi ottimizzare i loro contenuti per le query di ricerca sia digitate che vocali.<\/p>\n\n\n\n<h3 class=\"wp-block-heading\">Contenuti video<\/h3>\n\n\n\n<p>I contenuti con video incorporati hanno maggiori probabilit\u00e0 di apparire nella prima pagina dei risultati di ricerca rispetto ai contenuti di solo testo. I video possono anche aumentare il traffico organico dalle pagine dei risultati di ricerca.<\/p>\n\n\n\n<h3 class=\"wp-block-heading\">SEO mobile<\/h3>\n\n\n\n<p>Google sta progettando di introdurre l'indicizzazione mobile-first per tutti i siti web. Gli esperti SEO dovrebbero quindi dare priorit\u00e0 alla presentazione mobile del loro sito web.<\/p>\n\n\n\n<h2 class=\"wp-block-heading\">Apalion AG: il vostro partner per le analisi SEO professionali<\/h2>\n\n\n\n<h3 class=\"wp-block-heading\">Il vostro sito web in mani sicure<\/h3>\n\n\n\n<p>Qual \u00e8 il prossimo passo? Avete capito l'importanza della rilevanza SEO, ma come si pu\u00f2 mettere in pratica? Come imprenditori, potreste avere risorse limitate da dedicare a questo argomento. Potreste anche non avere le risorse interne per dare pi\u00f9 peso alla SEO nella vostra organizzazione. Non preoccupatevi, noi di Apalion AG siamo qui per aiutarvi. Siamo un'agenzia di ottimizzazione dei motori di ricerca dal 2012.<\/p>\n\n\n\n<p>Siamo caratterizzati da un'esperienza pluriennale. Non vediamo l'ora di trasmettervi le nostre conoscenze affinch\u00e9 anche voi possiate avere successo. Uno dei punti di forza del nostro lavoro \u00e8 il software speciale che utilizziamo. Questo \u00e8 stato sviluppato da un team di esperti della nostra azienda per creare contenuti SEO di alta qualit\u00e0 per voi. Grazie alla nostra esperienza, non dovrete pi\u00f9 preoccuparvi della rilevanza SEO del vostro sito web. Un team esperto di Apalion AG vi fornir\u00e0 consulenza professionale e soluzioni personalizzate. Insieme, faremo progredire la vostra attivit\u00e0 e vi assicureremo di essere sempre presenti su Internet e di attirare l'attenzione.<\/p>\n\n\n\n<p>Affidatevi al nostro team di esperti SEO per ottenere le migliori posizioni in classifica. Vi offriamo un servizio incentrato sul cliente e personalizzato in base alle vostre esigenze. La nostra offerta non prevede costi nascosti, ad esempio per la configurazione o l'ottimizzazione. Siamo qui per aiutarvi a raggiungere i vostri obiettivi senza correre alcun rischio.<\/p>\n\n\n\n<p>Vi invitiamo a effettuare un controllo SEO gratuito sul nostro sito web e a richiedere contemporaneamente un preventivo. In questo modo, potrete ottenere le prime impressioni e determinare in quali aree del vostro sito web avete bisogno di supporto. Non esitate a contattarci se avete ulteriori domande. Il nostro team di esperti vi consiglier\u00e0 individualmente e vi fornir\u00e0 preventivi adeguati.<\/p>\n\n\n\n<figure class=\"wp-block-image size-large\"><a href=\"https:\/\/apalion.com\/wp-content\/uploads\/2023\/09\/Helene_Berger_Ein_Team_von_SEO-Experten_bei_Apalion_AG_die_an_e_93ddea65-1e63-4a20-9cb4-7802b272d061.png\"><img decoding=\"async\" width=\"1024\" height=\"574\" src=\"https:\/\/apalion.com\/wp-content\/uploads\/2023\/09\/Helene_Berger_Ein_Team_von_SEO-Experten_bei_Apalion_AG_die_an_e_93ddea65-1e63-4a20-9cb4-7802b272d061-1024x574.png\" alt=\"Analisi SEO\" class=\"wp-image-1372\" title=\"\" srcset=\"https:\/\/apalion.com\/wp-content\/uploads\/2023\/09\/Helene_Berger_Ein_Team_von_SEO-Experten_bei_Apalion_AG_die_an_e_93ddea65-1e63-4a20-9cb4-7802b272d061-980x550.png 980w, https:\/\/apalion.com\/wp-content\/uploads\/2023\/09\/Helene_Berger_Ein_Team_von_SEO-Experten_bei_Apalion_AG_die_an_e_93ddea65-1e63-4a20-9cb4-7802b272d061-480x269.png 480w\" sizes=\"(min-width: 0px) and (max-width: 480px) 480px, (min-width: 481px) and (max-width: 980px) 980px, (min-width: 981px) 1024px, 100vw\" \/><\/a><figcaption><\/figcaption><\/figure>\n\n\n\n<h2 class=\"wp-block-heading\">Per saperne di pi\u00f9<\/h2>\n\n\n\n<p>Abbiamo raccolto per voi alcuni interessanti articoli sull'argomento:<\/p>\n\n\n\n<ol class=\"wp-block-list\">\n<li><a href=\"https:\/\/www.forbes.com\/sites\/forbescommunicationscouncil\/2020\/05\/06\/the-top-seo-trends-and-themes-for-2020-and-beyond\/\" target=\"_blank\" rel=\"noopener\">Forbes - Le principali tendenze e temi SEO per il 2020 e oltre<\/a><\/li>\n\n\n\n<li><a href=\"https:\/\/www.searchenginejournal.com\/state-seo-2023-ebook\/493805\/\" target=\"_blank\" rel=\"noopener\">Search Engine Journal - Lo stato della SEO nel 2023<\/a><\/li>\n<\/ol>","protected":false},"excerpt":{"rendered":"<p>In der heutigen digitalen \u00c4ra hat sich das Verhalten der Kunden grundlegend gewandelt. Eine erhebliche Anzahl von Suchanfragen \u00fcber Google bezieht sich auf spezifische Produkte oder Dienstleistungen. Daher ist es von entscheidender Bedeutung, dass Ihr Unternehmen bei Google-Suchanfragen deutlich sichtbar ist. Eine gr\u00fcndliche SEO-Analyse kann Ihnen helfen, stets \u00fcber Ihre Online-Pr\u00e4senz und Resonanz im Internet [&hellip;]<\/p>\n","protected":false},"author":2,"featured_media":0,"parent":0,"menu_order":0,"comment_status":"closed","ping_status":"closed","template":"","meta":{"_acf_changed":false,"_et_pb_use_builder":"off","_et_pb_old_content":"","_et_gb_content_width":"","footnotes":""},"difl_page_category":[],"class_list":["post-1371","page","type-page","status-publish","hentry"],"acf":[],"_links":{"self":[{"href":"https:\/\/apalion.com\/it\/wp-json\/wp\/v2\/pages\/1371","targetHints":{"allow":["GET"]}}],"collection":[{"href":"https:\/\/apalion.com\/it\/wp-json\/wp\/v2\/pages"}],"about":[{"href":"https:\/\/apalion.com\/it\/wp-json\/wp\/v2\/types\/page"}],"author":[{"embeddable":true,"href":"https:\/\/apalion.com\/it\/wp-json\/wp\/v2\/users\/2"}],"replies":[{"embeddable":true,"href":"https:\/\/apalion.com\/it\/wp-json\/wp\/v2\/comments?post=1371"}],"version-history":[{"count":0,"href":"https:\/\/apalion.com\/it\/wp-json\/wp\/v2\/pages\/1371\/revisions"}],"wp:attachment":[{"href":"https:\/\/apalion.com\/it\/wp-json\/wp\/v2\/media?parent=1371"}],"wp:term":[{"taxonomy":"difl_page_category","embeddable":true,"href":"https:\/\/apalion.com\/it\/wp-json\/wp\/v2\/difl_page_category?post=1371"}],"curies":[{"name":"wp","href":"https:\/\/api.w.org\/{rel}","templated":true}]}}