{"id":1364,"date":"2023-09-06T22:42:03","date_gmt":"2023-09-06T20:42:03","guid":{"rendered":"http:\/\/staging.apalion.com\/?page_id=1364"},"modified":"2023-09-06T22:42:03","modified_gmt":"2023-09-06T20:42:03","slug":"cose-una-sitemap-e-cosa-fa-per-la-seo","status":"publish","type":"page","link":"https:\/\/apalion.com\/it\/cose-una-sitemap-e-cosa-fa-per-la-seo\/","title":{"rendered":"Cos'\u00e8 una sitemap e cosa ha a che fare con la SEO?"},"content":{"rendered":"<figure class=\"wp-block-image size-full\"><a href=\"https:\/\/apalion.com\/wp-content\/uploads\/2023\/09\/Helene_Berger_Das_Bild_zeigt_eine_stilisierte_Darstellung_einer_6551cb07-2f66-4865-993f-9efd451228c8.png\"><img decoding=\"async\" width=\"1024\" height=\"1024\" src=\"https:\/\/apalion.com\/wp-content\/uploads\/2023\/09\/Helene_Berger_Das_Bild_zeigt_eine_stilisierte_Darstellung_einer_6551cb07-2f66-4865-993f-9efd451228c8.png\" alt=\"SITEMAP per una migliore SEO, da trovare come Sitemap.xml Sitemap.html\" class=\"wp-image-1348\" title=\"\" srcset=\"https:\/\/apalion.com\/wp-content\/uploads\/2023\/09\/Helene_Berger_Das_Bild_zeigt_eine_stilisierte_Darstellung_einer_6551cb07-2f66-4865-993f-9efd451228c8.png 1024w, https:\/\/apalion.com\/wp-content\/uploads\/2023\/09\/Helene_Berger_Das_Bild_zeigt_eine_stilisierte_Darstellung_einer_6551cb07-2f66-4865-993f-9efd451228c8-980x980.png 980w, https:\/\/apalion.com\/wp-content\/uploads\/2023\/09\/Helene_Berger_Das_Bild_zeigt_eine_stilisierte_Darstellung_einer_6551cb07-2f66-4865-993f-9efd451228c8-480x480.png 480w\" sizes=\"(min-width: 0px) and (max-width: 480px) 480px, (min-width: 481px) and (max-width: 980px) 980px, (min-width: 981px) 1024px, 100vw\" \/><\/a><figcaption><\/figcaption><\/figure>\n\n\n\n<p>Nel dinamico mondo di Internet, \u00e8 essenziale che i siti web siano ben organizzati e facilmente accessibili ai motori di ricerca. \u00c8 qui che entra in gioco la sitemap, uno strumento efficace che funge da ponte tra i proprietari dei siti web e i motori di ricerca. Approfondiamo questo mondo e comprendiamo la sua importanza e il suo funzionamento. Scoprite con noi perch\u00e9 la SEO si basa anche su di essa.<\/p>\n\n\n\n<h2 class=\"wp-block-heading\">Definizione e significato<\/h2>\n\n\n\n<p>Le sitemap, note anche come mappe delle pagine, sono elenchi gerarchici di tutti i documenti o pagine web di una presenza online. Forniscono una chiara panoramica dell'intera struttura del sito web, comprese tutte le sottopagine. Originariamente sono state sviluppate per facilitare la navigazione nei siti web, visualizzandole in un riquadro aggiuntivo accanto al contenuto principale. In questo modo i visitatori potevano navigare da una pagina all'altra senza dover accedere a ogni singolo link.<\/p>\n\n\n\n<p>Oggi i sistemi di navigazione sono nella maggior parte dei casi molto pi\u00f9 semplici e intuitivi. Tuttavia, la mappa delle pagine mantiene la sua importanza, in quanto aumenta la facilit\u00e0 d'uso e consente ai motori di ricerca di accedere ai file. Agisce come una sorta di \u201emappa\u201c del sito web, aiutando i crawler dei motori di ricerca a trovare e indicizzare i contenuti in modo pi\u00f9 efficiente.<\/p>\n\n\n\n<h2 class=\"wp-block-heading\">Tipi di mappe di panoramica delle pagine<\/h2>\n\n\n\n<p>Esistono due tipi principali di mappe di pagina: XML e HTML. Entrambi hanno funzioni e vantaggi specifici:<\/p>\n\n\n\n<h3 class=\"wp-block-heading\">Sitemap XML<\/h3>\n\n\n\n<p>Le mappe di pagina XML sono state sviluppate appositamente per i motori di ricerca. Questi file di testo contengono tutti gli URL del sito web e aiutano i crawler a scoprire e indicizzare pi\u00f9 rapidamente le pagine importanti. \u00c8 possibile fornire informazioni aggiuntive per ogni URL, come la frequenza degli aggiornamenti e la priorit\u00e0 dei contenuti. Ci\u00f2 consente un'indicizzazione pi\u00f9 efficiente e contribuisce a migliorare la visibilit\u00e0 del sito web nei risultati di ricerca.<\/p>\n\n\n\n<h3 class=\"wp-block-heading\">Sitemaps HTML<\/h3>\n\n\n\n<p>A differenza di XML, le mappe di pagina HTML si concentrano maggiormente sui visitatori umani. Consentono agli utenti di navigare nel sito web in modo pi\u00f9 efficace, fornendo una panoramica chiara e strutturata di tutte le pagine essenziali. Questo non solo migliora l'esperienza dell'utente, ma pu\u00f2 anche contribuire ad aumentare il tempo di permanenza sul sito.<\/p>\n\n\n\n<h2 class=\"wp-block-heading\">SEO e sitemap<\/h2>\n\n\n\n<p>La mappa della pagina \u00e8 uno strumento essenziale per l'ottimizzazione dei motori di ricerca (SEO). Aiuta i web crawler o i searchbot a scorrere Internet in modo pi\u00f9 efficiente e a trovare e indicizzare le informazioni. Fornendo un indice chiaro che contiene tutte le pagine, l'indicizzazione \u00e8 semplificata, soprattutto per i siti web di grandi dimensioni o per le pagine che non sono ben collegate ad altri siti web. Entrambi i tipi di mappe di pagina sono ugualmente importanti nel contesto SEO, in quanto possono migliorare l'usabilit\u00e0 e contribuire potenzialmente a un migliore posizionamento nei risultati di ricerca.<\/p>\n\n\n\n<h2 class=\"wp-block-heading\">Applicazioni pratiche e suggerimenti<\/h2>\n\n\n\n<p>Se gestite un sito web, \u00e8 consigliabile creare sia una sitemap XML che una sitemap HTML. Mentre la variante XML garantisce che i crawler dei motori di ricerca possano trovare e indicizzare facilmente tutte le pagine importanti del vostro sito web, la variante HTML aiuta i visitatori a orientarsi facilmente nel vostro sito.<\/p>\n\n\n\n<p>\u00c8 inoltre importante aggiornarli regolarmente, soprattutto quando si aggiungono nuovi contenuti o si modificano le pagine esistenti. In questo modo si garantisce che sia i motori di ricerca sia i visitatori abbiano sempre accesso alle informazioni pi\u00f9 aggiornate.<\/p>\n\n\n\n<h2 class=\"wp-block-heading\">Utilizzare WordPress <\/h2>\n\n\n\n<p>Le installazioni di WordPress spesso non hanno n\u00e9 una versione HTML n\u00e9 una XML della panoramica delle pagine. Ci\u00f2 \u00e8 dovuto anche al fatto che le persone non conoscono l'importanza di questa tecnologia. Per una buona SEO \u00e8 quindi assolutamente necessario che sia disponibile. Il file pu\u00f2 essere creato manualmente oppure si pu\u00f2 utilizzare un plugin.  Non importa come decidiate di farlo. \u00c8 un must per il proprietario di un sito web. <\/p>\n\n\n\n<figure class=\"wp-block-image size-full\"><a href=\"https:\/\/apalion.com\/wp-content\/uploads\/2023\/09\/Helene_Berger_Das_Bild_zeigt_eine_stilisierte_Darstellung_einer_6bed27fc-e13e-46dc-b650-5a999e77e2dd.png\"><img decoding=\"async\" width=\"1024\" height=\"1024\" src=\"https:\/\/apalion.com\/wp-content\/uploads\/2023\/09\/Helene_Berger_Das_Bild_zeigt_eine_stilisierte_Darstellung_einer_6bed27fc-e13e-46dc-b650-5a999e77e2dd.png\" alt=\"SITEMAP per una migliore SEO, da trovare come Sitemap.xml Sitemap.html\" class=\"wp-image-1347\" title=\"\" srcset=\"https:\/\/apalion.com\/wp-content\/uploads\/2023\/09\/Helene_Berger_Das_Bild_zeigt_eine_stilisierte_Darstellung_einer_6bed27fc-e13e-46dc-b650-5a999e77e2dd.png 1024w, https:\/\/apalion.com\/wp-content\/uploads\/2023\/09\/Helene_Berger_Das_Bild_zeigt_eine_stilisierte_Darstellung_einer_6bed27fc-e13e-46dc-b650-5a999e77e2dd-980x980.png 980w, https:\/\/apalion.com\/wp-content\/uploads\/2023\/09\/Helene_Berger_Das_Bild_zeigt_eine_stilisierte_Darstellung_einer_6bed27fc-e13e-46dc-b650-5a999e77e2dd-480x480.png 480w\" sizes=\"(min-width: 0px) and (max-width: 480px) 480px, (min-width: 481px) and (max-width: 980px) 980px, (min-width: 981px) 1024px, 100vw\" \/><\/a><figcaption><\/figcaption><\/figure>\n\n\n\n<h2 class=\"wp-block-heading\">Ulteriori risorse<\/h2>\n\n\n\n<p>Per ulteriori informazioni e istruzioni su come creare e gestire le sitemap, \u00e8 possibile visitare le seguenti risorse:<\/p>\n\n\n\n<ol class=\"wp-block-list\">\n<li><a href=\"https:\/\/www.hostinger.com\/tutorials\/what-is-a-sitemap\" target=\"_blank\" rel=\"noopener\">Cos'\u00e8 una sitemap e perch\u00e9 \u00e8 importante per la SEO - Hostinger<\/a><\/li>\n\n\n\n<li><a href=\"https:\/\/developers.google.com\/search\/docs\/crawling-indexing\/sitemaps\/overview\" target=\"_blank\" rel=\"noopener\">Cos'\u00e8 una sitemap | Google Search Central<\/a><\/li>\n<\/ol>\n\n\n\n<p>Approfondendo le vostre conoscenze, potrete migliorare la presenza online del vostro sito web e offrire una migliore esperienza agli utenti.<\/p>","protected":false},"excerpt":{"rendered":"<p>In der dynamischen Welt des Internets ist es unerl\u00e4sslich, dass Websites gut organisiert und f\u00fcr Suchmaschinen leicht zug\u00e4nglich sind. Hier kommt die Sitemap ins Spiel, ein effektives Werkzeug, das als Br\u00fccke zwischen Website-Betreibern und Suchmaschinen dient. Lassen Sie uns tiefer in diese Welt eintauchen und ihre Bedeutung und Funktionsweise verstehen. Verstehen Sie mit uns warum [&hellip;]<\/p>","protected":false},"author":2,"featured_media":0,"parent":0,"menu_order":0,"comment_status":"closed","ping_status":"closed","template":"","meta":{"_acf_changed":false,"_et_pb_use_builder":"off","_et_pb_old_content":"","_et_gb_content_width":"","footnotes":""},"difl_page_category":[],"class_list":["post-1364","page","type-page","status-publish","hentry"],"acf":[],"_links":{"self":[{"href":"https:\/\/apalion.com\/it\/wp-json\/wp\/v2\/pages\/1364","targetHints":{"allow":["GET"]}}],"collection":[{"href":"https:\/\/apalion.com\/it\/wp-json\/wp\/v2\/pages"}],"about":[{"href":"https:\/\/apalion.com\/it\/wp-json\/wp\/v2\/types\/page"}],"author":[{"embeddable":true,"href":"https:\/\/apalion.com\/it\/wp-json\/wp\/v2\/users\/2"}],"replies":[{"embeddable":true,"href":"https:\/\/apalion.com\/it\/wp-json\/wp\/v2\/comments?post=1364"}],"version-history":[{"count":0,"href":"https:\/\/apalion.com\/it\/wp-json\/wp\/v2\/pages\/1364\/revisions"}],"wp:attachment":[{"href":"https:\/\/apalion.com\/it\/wp-json\/wp\/v2\/media?parent=1364"}],"wp:term":[{"taxonomy":"difl_page_category","embeddable":true,"href":"https:\/\/apalion.com\/it\/wp-json\/wp\/v2\/difl_page_category?post=1364"}],"curies":[{"name":"wp","href":"https:\/\/api.w.org\/{rel}","templated":true}]}}