{"id":1360,"date":"2023-09-06T17:36:50","date_gmt":"2023-09-06T15:36:50","guid":{"rendered":"http:\/\/staging.apalion.com\/?page_id=1360"},"modified":"2023-09-06T17:36:50","modified_gmt":"2023-09-06T15:36:50","slug":"i-backlink-contribuiscono-in-modo-significativo-al-successo-del-seo","status":"publish","type":"page","link":"https:\/\/apalion.com\/it\/backlinks-tragen-zu-erfolgreichem-seo-massgeblich-bei\/","title":{"rendered":"Qualit\u00e0 dei backlink anzich\u00e9 quantit\u00e0: ottimizzazione offpage di successo"},"content":{"rendered":"<figure class=\"wp-block-image size-large\"><a href=\"https:\/\/apalion.com\/wp-content\/uploads\/2023\/09\/Helene_Berger_Das_Bild_zeigt_eine_visuelle_Darstellung_der_vers_e5084966-d3b5-4e7d-b694-615d9ccf94aa.png\"><img decoding=\"async\" width=\"1024\" height=\"574\" src=\"https:\/\/apalion.com\/wp-content\/uploads\/2023\/09\/Helene_Berger_Das_Bild_zeigt_eine_visuelle_Darstellung_der_vers_e5084966-d3b5-4e7d-b694-615d9ccf94aa-1024x574.png\" alt=\"I backlink qualitativi sono una parte essenziale dell&#039;ottimizzazione SEO off-page.\" class=\"wp-image-1361\" title=\"\" srcset=\"https:\/\/apalion.com\/wp-content\/uploads\/2023\/09\/Helene_Berger_Das_Bild_zeigt_eine_visuelle_Darstellung_der_vers_e5084966-d3b5-4e7d-b694-615d9ccf94aa-980x549.png 980w, https:\/\/apalion.com\/wp-content\/uploads\/2023\/09\/Helene_Berger_Das_Bild_zeigt_eine_visuelle_Darstellung_der_vers_e5084966-d3b5-4e7d-b694-615d9ccf94aa-480x269.png 480w\" sizes=\"(min-width: 0px) and (max-width: 480px) 480px, (min-width: 481px) and (max-width: 980px) 980px, (min-width: 981px) 1024px, 100vw\" \/><\/a><figcaption><\/figcaption><\/figure>\n\n\n\n<h3 class=\"wp-block-heading\">Cos'\u00e8 la SEO offpage e cosa c'entra il backlink?<\/h3>\n\n\n\n<p>La SEO off-page \u00e8 una parte indispensabile del marketing moderno che aiuta ad aumentare la visibilit\u00e0 e a generare lead attraverso un buon posizionamento nei motori di ricerca. Comprende tutte le misure che possono essere adottate al di fuori del proprio sito web per migliorare il posizionamento nei risultati dei motori di ricerca come Google o Bing.<\/p>\n\n\n\n<h3 class=\"wp-block-heading\">Obiettivi dell'ottimizzazione off-page<\/h3>\n\n\n\n<p>L'obiettivo principale dell'ottimizzazione off-page \u00e8 creare maggiore rilevanza, autorit\u00e0 e popolarit\u00e0 intorno al vostro sito web. L'obiettivo \u00e8 quello di creare raccomandazioni per il vostro sito web o negozio su Internet che siano rispettabili e attraenti e devono essere adattate all'algoritmo dei motori di ricerca.<\/p>\n\n\n\n<h3 class=\"wp-block-heading\">Come funziona la SEO offpage?<\/h3>\n\n\n\n<p>La creazione di link \u00e8 al centro dell'ottimizzazione off-page. I link esterni, noti anche come backlink, segnalano ai principali motori di ricerca che la vostra presenza sul web \u00e8 di alta qualit\u00e0, pertinente e attraente e offre un valore aggiunto agli utenti. La SEO off-page ha quindi una grande influenza sull'ottimizzazione dei motori di ricerca.<\/p>\n\n\n\n<h2 class=\"wp-block-heading\">Maggiore portata e visibilit\u00e0 grazie a un'ottimizzazione off-page mirata<\/h2>\n\n\n\n<h3 class=\"wp-block-heading\">Che cos'\u00e8 l'ottimizzazione off-page e come funziona?<\/h3>\n\n\n\n<p>L'ottimizzazione offpage si riferisce a tutte le misure che vengono adottate al di fuori del vostro sito web per migliorarne il posizionamento nei risultati dei motori di ricerca. Queste misure possono andare dalla creazione di contenuti di alta qualit\u00e0 alla collaborazione con gli influencer.<\/p>\n\n\n\n<h3 class=\"wp-block-heading\">Perch\u00e9 l'ottimizzazione offpage \u00e8 importante per la SEO?<\/h3>\n\n\n\n<p>L'ottimizzazione offpage \u00e8 importante perch\u00e9 aiuta a costruire la fiducia e l'autorit\u00e0 del vostro sito web, che a sua volta migliora il posizionamento del sito nei risultati dei motori di ricerca. Si tratta di un processo continuo che richiede un'attenta pianificazione e implementazione.<\/p>\n\n\n\n<h3 class=\"wp-block-heading\">Cosa sono i backlink e come possono contribuire all'ottimizzazione off-page?<\/h3>\n\n\n\n<p>I backlink sono link di altri siti web che puntano al vostro sito. Sono un importante fattore off-page e possono contribuire a migliorare il posizionamento del vostro sito se provengono da siti web di alta qualit\u00e0 e pertinenti.<\/p>\n\n\n\n<h3 class=\"wp-block-heading\">Come si pu\u00f2 realizzare un'ottimizzazione off-page di successo?<\/h3>\n\n\n\n<p>Un'ottimizzazione off-page di successo richiede un'attenta pianificazione e l'attuazione di una strategia allineata agli obiettivi e alle esigenze del vostro sito web. Questo include una revisione e un adeguamento regolari delle tattiche per ottenere i migliori risultati possibili.<\/p>\n\n\n\n<h3 class=\"wp-block-heading\">Quali sono le tattiche di successo per l'ottimizzazione offpage?<\/h3>\n\n\n\n<p>Le tattiche di successo per l'ottimizzazione off-page includono la creazione di contenuti di alta qualit\u00e0 che possono essere condivisi e linkati su altri siti web, la collaborazione con gli influencer e la partecipazione a comunit\u00e0 online rilevanti.<\/p>\n\n\n\n<h3 class=\"wp-block-heading\">Come si pu\u00f2 misurare il successo dell'ottimizzazione offpage?<\/h3>\n\n\n\n<p>Il successo dell'ottimizzazione off-page pu\u00f2 essere misurato in base a fattori quali il numero e la qualit\u00e0 dei backlink, i segnali sociali e la visibilit\u00e0 del sito web nei risultati dei motori di ricerca.<\/p>\n\n\n\n<h2 class=\"wp-block-heading\">Ottimizzazione dei motori di ricerca da parte di esperti - tutto da un'unica fonte.<\/h2>\n\n\n\n<p>La qualit\u00e0 dei link viene controllata e interpretata dai motori di ricerca. Sono molti i fattori da considerare nella SEO off-page. In ogni caso, la rilevanza dei singoli argomenti \u00e8 importante. Gli algoritmi di Google sono in grado di riconoscere molto rapidamente se i siti web che linkano hanno un collegamento tematico con il sito web a cui si riferiscono. Se il collegamento \u00e8 contestato, il motore di ricerca percepisce rapidamente la manipolazione e penalizza il vostro sito web nelle classifiche.<\/p>\n\n\n\n<p>Anche il testo del link (o testo di ancoraggio), ovvero la parte cliccabile di un collegamento ipertestuale, \u00e8 un criterio importante. Le parole chiave e le combinazioni di termini possono essere utili nel testo del link, ma ci sono anche altre opzioni che attirano i motori di ricerca. Anche la posizione di un link sul sito web \u00e8 importante. Come potete vedere, la SEO off-page \u00e8 un compito multiforme per il quale dovreste assolutamente affidarvi a un partner esperto e affidabile.<\/p>\n\n\n\n<h2 class=\"wp-block-heading\">Fattori quantitativi:<\/h2>\n\n\n\n<p>Pi\u00f9 backlink portano a una pagina, meglio \u00e8 - questo \u00e8 chiaro. I backlink aumentano la popolarit\u00e0 del vostro sito web. Esistono diversi modi e metodi per ottenere questo risultato. Tuttavia, \u00e8 necessario fare attenzione, poich\u00e9 Google e co. penalizzano molti tipi di influenza.<\/p>\n\n\n\n<h2 class=\"wp-block-heading\">Un partner affidabile e competente<\/h2>\n\n\n\n<p>Le aziende e le organizzazioni che vogliono sfruttare tutte le possibilit\u00e0 del marketing moderno attraverso la SEO off-page dovrebbero essere supportate da un partner che abbia familiarit\u00e0 con la SEO e che abbia gi\u00e0 molta esperienza.<\/p>\n\n\n\n<p>La nostra SEO.CH AG \u00e8 stata fondata nel 2012 e da allora si \u00e8 affermata nel settore. La nostra specialit\u00e0 \u00e8 il lavoro basato sul successo. Come cliente, pagate solo per il successo, perch\u00e9 noi forniamo i nostri servizi in anticipo. Pagherete solo quando avremo effettivamente migliorato il vostro posizionamento sui motori di ricerca e avremo gradualmente raggiunto i vostri obiettivi. Grazie alla nostra esperienza, sappiamo che diversi approcci sono promettenti per le aziende, ma il linguaggio di base della SEO \u00e8 lo stesso e noi lo parliamo correntemente. Siamo sempre pronti a nuove sfide. Contattateci.<\/p>\n\n\n\n<p>Con le parole chiave giuste, potete raggiungere meglio il vostro gruppo target e aumentare il traffico verso il vostro sito web.<\/p>\n\n\n\n<p><strong>Ulteriori informazioni:<\/strong><\/p>\n\n\n\n<ul class=\"wp-block-list\">\n<li><a href=\"https:\/\/moz.com\/learn\/seo\/backlinks\" target=\"_blank\" rel=\"noopener\">Cosa sono i backlink e perch\u00e9 sono importanti per la SEO?<\/a><\/li>\n<\/ul>","protected":false},"excerpt":{"rendered":"<p>Was ist Offpage SEO und was hat der Backlink damit zu tun ? Die Offpage SEO ist ein unverzichtbarer Bestandteil des modernen Marketings, der dazu beitr\u00e4gt, die Sichtbarkeit zu erh\u00f6hen und Leads durch ein gutes Ranking in den Suchmaschinen zu generieren. Sie beinhaltet alle Ma\u00dfnahmen, die abseits der eigenen Website ergriffen werden k\u00f6nnen, um das [&hellip;]<\/p>\n","protected":false},"author":2,"featured_media":0,"parent":0,"menu_order":0,"comment_status":"closed","ping_status":"closed","template":"","meta":{"_acf_changed":false,"_et_pb_use_builder":"off","_et_pb_old_content":"","_et_gb_content_width":"","footnotes":""},"difl_page_category":[],"class_list":["post-1360","page","type-page","status-publish","hentry"],"acf":[],"_links":{"self":[{"href":"https:\/\/apalion.com\/it\/wp-json\/wp\/v2\/pages\/1360","targetHints":{"allow":["GET"]}}],"collection":[{"href":"https:\/\/apalion.com\/it\/wp-json\/wp\/v2\/pages"}],"about":[{"href":"https:\/\/apalion.com\/it\/wp-json\/wp\/v2\/types\/page"}],"author":[{"embeddable":true,"href":"https:\/\/apalion.com\/it\/wp-json\/wp\/v2\/users\/2"}],"replies":[{"embeddable":true,"href":"https:\/\/apalion.com\/it\/wp-json\/wp\/v2\/comments?post=1360"}],"version-history":[{"count":0,"href":"https:\/\/apalion.com\/it\/wp-json\/wp\/v2\/pages\/1360\/revisions"}],"wp:attachment":[{"href":"https:\/\/apalion.com\/it\/wp-json\/wp\/v2\/media?parent=1360"}],"wp:term":[{"taxonomy":"difl_page_category","embeddable":true,"href":"https:\/\/apalion.com\/it\/wp-json\/wp\/v2\/difl_page_category?post=1360"}],"curies":[{"name":"wp","href":"https:\/\/api.w.org\/{rel}","templated":true}]}}