{"id":1354,"date":"2023-09-06T14:20:44","date_gmt":"2023-09-06T12:20:44","guid":{"rendered":"http:\/\/staging.apalion.com\/?page_id=1354"},"modified":"2023-09-06T14:20:44","modified_gmt":"2023-09-06T12:20:44","slug":"contenuti-duplicati-killer-del-seo","status":"publish","type":"page","link":"https:\/\/apalion.com\/it\/contenuti-duplicati-killer-del-seo\/","title":{"rendered":"Contenuti duplicati"},"content":{"rendered":"<figure class=\"wp-block-image size-large\"><a href=\"https:\/\/apalion.com\/wp-content\/uploads\/2023\/09\/Helene_Berger_Das_Bild_zeigt_eine_visuelle_Darstellung_des_Konz_0db44899-bb26-476f-adf6-c6e172cae57e.png\"><img decoding=\"async\" width=\"1024\" height=\"574\" src=\"https:\/\/apalion.com\/wp-content\/uploads\/2023\/09\/Helene_Berger_Das_Bild_zeigt_eine_visuelle_Darstellung_des_Konz_0db44899-bb26-476f-adf6-c6e172cae57e-1024x574.png\" alt=\"Contenuti duplicati, il killer della SEO\" class=\"wp-image-1358\" title=\"\" srcset=\"https:\/\/apalion.com\/wp-content\/uploads\/2023\/09\/Helene_Berger_Das_Bild_zeigt_eine_visuelle_Darstellung_des_Konz_0db44899-bb26-476f-adf6-c6e172cae57e-980x549.png 980w, https:\/\/apalion.com\/wp-content\/uploads\/2023\/09\/Helene_Berger_Das_Bild_zeigt_eine_visuelle_Darstellung_des_Konz_0db44899-bb26-476f-adf6-c6e172cae57e-480x269.png 480w\" sizes=\"(min-width: 0px) and (max-width: 480px) 480px, (min-width: 481px) and (max-width: 980px) 980px, (min-width: 981px) 1024px, 100vw\" \/><\/a><figcaption><\/figcaption><\/figure>\n\n\n\n<h2 class=\"wp-block-heading\">Cosa significa contenuto duplicato e come si pu\u00f2 prevenire?<\/h2>\n\n\n\n<p>Per contenuto duplicato si intende la pubblicazione di contenuti identici o molto simili sotto URL diversi. Si tratta di un problema molto diffuso che pu\u00f2 influire significativamente sulle prestazioni SEO di un sito web.<\/p>\n\n\n\n<h3 class=\"wp-block-heading\">Perch\u00e9 i contenuti duplicati sono un problema?<\/h3>\n\n\n\n<p>I motori di ricerca come Google si sforzano di fornire agli utenti le informazioni migliori e pi\u00f9 pertinenti possibili. La presenza di contenuti duplicati \u00e8 contraria a questo obiettivo, in quanto i risultati di ricerca visualizzati sarebbero tutti uguali, il che non \u00e8 particolarmente facile da usare. Pertanto, i contenuti unici e di alta qualit\u00e0 sono un fattore chiave per l'algoritmo di Google quando valuta la qualit\u00e0 di un sito web.<\/p>\n\n\n\n<h3 class=\"wp-block-heading\">Come l'agenzia SEO aiuta a proteggere le vostre classifiche<\/h3>\n\n\n\n<p>I contenuti duplicati possono verificarsi quando contenuti identici sono presenti su pi\u00f9 siti web. Questo pu\u00f2 portare i motori di ricerca a declassare le pagine o addirittura a rimuoverle dall'indice. Per evitare che ci\u00f2 accada, le agenzie SEO offrono servizi specializzati per proteggere il vostro sito web dagli effetti negativi dei contenuti duplicati.<\/p>\n\n\n\n<h4 class=\"wp-block-heading\">Contenuti duplicati interni<\/h4>\n\n\n\n<p>I contenuti duplicati interni possono verificarsi quando contenuti identici sono presenti in pagine diverse dello stesso sito web. Questa situazione va evitata per ottenere un buon posizionamento sui motori di ricerca. \u00c8 importante avere una struttura chiara e contenuti unici su ogni pagina del sito.<\/p>\n\n\n\n<h4 class=\"wp-block-heading\">Contenuti duplicati nell'e-commerce<\/h4>\n\n\n\n<p>I siti web di e-commerce sono particolarmente soggetti a contenuti duplicati, poich\u00e9 prodotti simili hanno spesso descrizioni e immagini simili. Tuttavia, \u00e8 importante evitarlo per mantenere il posizionamento SEO. Le descrizioni uniche dei prodotti e le recensioni dei clienti possono aiutare in questo senso.<\/p>\n\n\n\n<h4 class=\"wp-block-heading\">Come scoprire i contenuti duplicati su siti web di terzi<\/h4>\n\n\n\n<p>\u00c8 importante individuare i contenuti duplicati sui siti web esterni, in quanto possono essere potenzialmente dannosi per il vostro posizionamento SEO. Strumenti come <a href=\"https:\/\/www.copyscape.com\/\" target=\"_blank\" rel=\"noopener\">Copyscape<\/a> pu\u00f2 aiutare a identificare tali contenuti e ad adottare misure appropriate.<\/p>\n\n\n\n<h4 class=\"wp-block-heading\">Come gestire i contenuti duplicati<\/h4>\n\n\n\n<p>Esistono vari modi per gestire i contenuti duplicati, come la rimozione delle pagine con contenuti identici o l'utilizzo di tag canonici per indicare ai motori di ricerca quale pagina \u00e8 la fonte originale. Questo aiuta a mantenere l'integrit\u00e0 del sito web e a ottenere un posizionamento migliore.<\/p>\n\n\n\n<h4 class=\"wp-block-heading\">Come gestire i contenuti duplicati quando si utilizzano pi\u00f9 lingue<\/h4>\n\n\n\n<p>I contenuti duplicati sui siti web multilingue possono essere pi\u00f9 difficili da evitare, ma esistono strategie come l'utilizzo di tag rel=\u201calternate\u201c hreflang per mostrare ai motori di ricerca che ogni lingua \u00e8 una pagina separata con contenuti unici. In questo modo si promuove una strategia SEO globale e si migliora l'esperienza d'uso per le persone provenienti da Paesi diversi. Con WordPress, ad esempio, WPML \u00e8 uno dei primi punti di partenza. <\/p>\n\n\n\n<h4 class=\"wp-block-heading\">Come si creano i contenuti duplicati?<\/h4>\n\n\n\n<p>I contenuti duplicati possono presentarsi in vari modi, sia internamente che esternamente. I contenuti ripetitivi interni possono verificarsi quando il vostro sito \u00e8 accessibile tramite pi\u00f9 URL, ad esempio attraverso nomi di dominio o protocolli diversi. Il contenuto duplicato esterno \u00e8 il risultato dello stesso contenuto su pi\u00f9 domini, che pu\u00f2 essere causato dalla distribuzione di comunicati stampa o dallo scraping di contenuti.<\/p>\n\n\n\n<p>Nella prima fase dell'ottimizzazione per i motori di ricerca, noi di Apalion AG utilizziamo diversi strumenti e metodi di ricerca per verificare la presenza di contenuti duplicati sui vostri siti web. Un inventario della situazione attuale \u00e8 la base del nostro lavoro. Sulla base dei dati disponibili e degli indicatori chiave di performance, possiamo determinare dove c'\u00e8 bisogno di migliorare e definire gli obiettivi corrispondenti.<\/p>\n\n\n\n<h4 class=\"wp-block-heading\">Il contenuto \u00e8 il re ed \u00e8 un importante fattore di ranking per i motori di ricerca.<\/h4>\n\n\n\n<p>Sebbene i contenuti duplicati siano generalmente considerati negativi, ci sono casi in cui possono essere necessari, come le informazioni legali o la ripetizione di alcuni elementi di contenuto in negozi di e-commerce con strutture simili. In questi casi, Google li classifica come necessari e non li penalizza automaticamente.<\/p>\n\n\n\n<h4 class=\"wp-block-heading\">Come si possono evitare i contenuti duplicati?<\/h4>\n\n\n\n<p>Evitare i contenuti duplicati inizia con la creazione di contenuti personalizzati e la revisione regolare dei contenuti del sito web. Esistono diversi approcci per risolvere questo problema e ognuno richiede una misura specifica. Il nostro team di Apalion AG svilupper\u00e0 e implementer\u00e0 la soluzione giusta per le vostre sfide specifiche. Una delle opzioni migliori \u00e8 quella di scrivere il testo da soli. \u00c8 uno dei metodi che richiede pi\u00f9 tempo. Ma offre la massima qualit\u00e0. <\/p>\n\n\n\n<figure class=\"wp-block-image size-large\"><a href=\"https:\/\/apalion.com\/wp-content\/uploads\/2023\/09\/Helene_Berger_Das_Bild_zeigt_eine_visuelle_Darstellung_des_Konz_89bd6e6b-e92b-4962-94d2-9dfb7c724473.png\"><img decoding=\"async\" width=\"1024\" height=\"574\" src=\"https:\/\/apalion.com\/wp-content\/uploads\/2023\/09\/Helene_Berger_Das_Bild_zeigt_eine_visuelle_Darstellung_des_Konz_89bd6e6b-e92b-4962-94d2-9dfb7c724473-1024x574.png\" alt=\"Contenuti duplicati, il killer della SEO\" class=\"wp-image-1357\" title=\"\" srcset=\"https:\/\/apalion.com\/wp-content\/uploads\/2023\/09\/Helene_Berger_Das_Bild_zeigt_eine_visuelle_Darstellung_des_Konz_89bd6e6b-e92b-4962-94d2-9dfb7c724473-980x549.png 980w, https:\/\/apalion.com\/wp-content\/uploads\/2023\/09\/Helene_Berger_Das_Bild_zeigt_eine_visuelle_Darstellung_des_Konz_89bd6e6b-e92b-4962-94d2-9dfb7c724473-480x269.png 480w\" sizes=\"(min-width: 0px) and (max-width: 480px) 480px, (min-width: 481px) and (max-width: 980px) 980px, (min-width: 981px) 1024px, 100vw\" \/><\/a><figcaption><\/figcaption><\/figure>\n\n\n\n<h2 class=\"wp-block-heading\">Per saperne di pi\u00f9?<\/h2>\n\n\n\n<p>Per approfondire le vostre conoscenze sui contenuti duplicati e sulle strategie SEO, vi consigliamo di leggere i seguenti articoli. strategie SEO, vi consigliamo di leggere i seguenti articoli:<\/p>\n\n\n\n<ol class=\"wp-block-list\">\n<li><a href=\"https:\/\/www.seo-suedwest.de\/\" target=\"_blank\" rel=\"noopener\">Come evitare i contenuti duplicati: Una guida per i webmaster - SEO S\u00fcdwest<\/a><\/li>\n\n\n\n<li><a href=\"https:\/\/de.ryte.com\/wiki\/Duplicate_Content\" target=\"_blank\" rel=\"noopener\">Contenuti duplicati: come riconoscere e correggere i contenuti duplicati - Ryte Wiki<\/a><\/li>\n\n\n\n<li><a href=\"https:\/\/www.sistrix.de\/\" target=\"_blank\" rel=\"noopener\">Riconoscere i contenuti duplicati e gestirli correttamente - SISTRIX<\/a><\/li>\n\n\n\n<li><a href=\"https:\/\/www.searchmetrics.com\/de\/glossar\/duplicate-content\/\" target=\"_blank\" rel=\"noopener\">Come intervenire contro i contenuti duplicati - Searchmetrics<\/a><\/li>\n\n\n\n<li><a href=\"https:\/\/de.ryte.com\/magazine\/duplicate-content-definition-beispiele-tipps\" target=\"_blank\" rel=\"noopener\">Contenuti duplicati: Definizione, esempi, suggerimenti - OnPage.org<\/a><\/li>\n<\/ol>\n\n\n\n<p>Questi articoli forniscono informazioni dettagliate e consigli pratici per identificare e correggere i contenuti duplicati e migliorare la SEO del vostro sito web. Utilizzate queste risorse per ottimizzare il vostro sito web per i motori di ricerca e ottenere un posizionamento migliore.<\/p>","protected":false},"excerpt":{"rendered":"<p>Was bedeutet Duplicate Content und wie kann man ihn verhindern? Duplicate Content, oder auf Deutsch doppelter oder duplizierter Inhalt, bezieht sich auf die Ver\u00f6ffentlichung von identischen oder sehr \u00e4hnlichen Inhalten unter verschiedenen URLs. Dies ist ein weit verbreitetes Problem, das die SEO-Performance einer Website erheblich beeintr\u00e4chtigen kann. Warum ist Duplicate Content ein Problem? Suchmaschinen wie [&hellip;]<\/p>","protected":false},"author":2,"featured_media":0,"parent":0,"menu_order":0,"comment_status":"closed","ping_status":"closed","template":"","meta":{"_acf_changed":false,"_et_pb_use_builder":"off","_et_pb_old_content":"","_et_gb_content_width":"","footnotes":""},"difl_page_category":[],"class_list":["post-1354","page","type-page","status-publish","hentry"],"acf":[],"_links":{"self":[{"href":"https:\/\/apalion.com\/it\/wp-json\/wp\/v2\/pages\/1354","targetHints":{"allow":["GET"]}}],"collection":[{"href":"https:\/\/apalion.com\/it\/wp-json\/wp\/v2\/pages"}],"about":[{"href":"https:\/\/apalion.com\/it\/wp-json\/wp\/v2\/types\/page"}],"author":[{"embeddable":true,"href":"https:\/\/apalion.com\/it\/wp-json\/wp\/v2\/users\/2"}],"replies":[{"embeddable":true,"href":"https:\/\/apalion.com\/it\/wp-json\/wp\/v2\/comments?post=1354"}],"version-history":[{"count":0,"href":"https:\/\/apalion.com\/it\/wp-json\/wp\/v2\/pages\/1354\/revisions"}],"wp:attachment":[{"href":"https:\/\/apalion.com\/it\/wp-json\/wp\/v2\/media?parent=1354"}],"wp:term":[{"taxonomy":"difl_page_category","embeddable":true,"href":"https:\/\/apalion.com\/it\/wp-json\/wp\/v2\/difl_page_category?post=1354"}],"curies":[{"name":"wp","href":"https:\/\/api.w.org\/{rel}","templated":true}]}}