{"id":2776,"date":"2023-11-20T22:37:09","date_gmt":"2023-11-20T22:37:09","guid":{"rendered":"https:\/\/apalion.com\/?page_id=2776"},"modified":"2025-11-27T04:20:39","modified_gmt":"2025-11-27T04:20:39","slug":"mentions-legales","status":"publish","type":"page","link":"https:\/\/apalion.com\/fr\/impressum\/","title":{"rendered":"Mentions l\u00e9gales"},"content":{"rendered":"[et_pb_section fb_built=&#8220;1&#8243; admin_label=&#8220;section&#8220; _builder_version=&#8220;4.16&#8243; global_colors_info=&#8220;{}&#8220;][et_pb_row admin_label=&#8220;row&#8220; _builder_version=&#8220;4.16&#8243; background_size=&#8220;initial&#8220; background_position=&#8220;top_left&#8220; background_repeat=&#8220;repeat&#8220; global_colors_info=&#8220;{}&#8220;][et_pb_column type=&#8220;4_4&#8243; _builder_version=&#8220;4.16&#8243; custom_padding=&#8220;|||&#8220; global_colors_info=&#8220;{}&#8220; custom_padding__hover=&#8220;|||&#8220;][et_pb_text admin_label=&#8220;Text&#8220; _builder_version=&#8220;4.16&#8243; background_size=&#8220;initial&#8220; background_position=&#8220;top_left&#8220; background_repeat=&#8220;repeat&#8220; global_colors_info=&#8220;{}&#8220;]<p><\/p>\n<p><strong>APALION AG\u00a0<\/strong><br \/>Sihleggstrasse 23<br \/>8832 Wollerau<\/p>\n<p><\/p>\n<p><\/p>\n<p>UID\u00a0CHE-474.217.971<\/p>\n<p><\/p>\n<p><\/p>\n<p>info[at]apalion.ch<br \/><a href=\"https:\/\/old.apalion.com\/\">www.apalion.com<\/a><\/p>\n<p><\/p>\n<p><\/p>\n<hr class=\"wp-block-separator has-alpha-channel-opacity\" \/>\n<p><\/p>\n<p><\/p>\n<h1 class=\"wp-block-heading\">Rechtliches<\/h1>\n<p><\/p>\n<p><\/p>\n<p>APALION AG hat die Daten und Informationen auf dieser Website sorgf\u00e4ltig und nach dem neuesten Erkenntnisstand zusammengestellt. Sie kann jedoch keine Garantie bez\u00fcglich der Richtigkeit und\/oder Vollst\u00e4ndigkeit der hier angegebenen Daten abgeben. \u00c4nderungen bleiben jederzeit vorbehalten. Der Benutzer dieser Website anerkennt, dass deren Gebrauch ausschliesslich auf dessen eigene Gefahr erfolgt und dass weder APALION AG noch eine andere Partei, die an der Erstellung dieser Website beteiligt war, eine Haftung f\u00fcr direkte, indirekte oder Folgesch\u00e4den jeglicher Art \u00fcbernimmt. Dieser Haftungsausschluss gilt auch f\u00fcr Websites, die von dieser Website mittels Hyperlinks verkn\u00fcpft werden. Das Einbinden dieser Site in ein anderes Frameset auf einer anderen Site bedarf der schriftlichen Einwilligung.<br \/>\u00a9 2026 APALION AG. Alle Rechte vorbehalten.<\/p>\n<p><\/p>[\/et_pb_text][\/et_pb_column][\/et_pb_row][\/et_pb_section]","protected":false},"excerpt":{"rendered":"<p>APALION AG\u00a0Sihleggstrasse 238832 Wollerau UID\u00a0CHE-474.217.971 info[at]apalion.chwww.apalion.com Rechtliches APALION AG hat die Daten und Informationen auf dieser Website sorgf\u00e4ltig und nach dem neuesten Erkenntnisstand zusammengestellt. Sie kann jedoch keine Garantie bez\u00fcglich der Richtigkeit und\/oder Vollst\u00e4ndigkeit der hier angegebenen Daten abgeben. \u00c4nderungen bleiben jederzeit vorbehalten. Der Benutzer dieser Website anerkennt, dass deren Gebrauch ausschliesslich auf dessen eigene [&hellip;]<\/p>\n","protected":false},"author":1,"featured_media":0,"parent":0,"menu_order":0,"comment_status":"closed","ping_status":"closed","template":"","meta":{"_acf_changed":false,"_et_pb_use_builder":"on","_et_pb_old_content":"<!-- wp:paragraph -->\n<p><strong>APALION AG&nbsp;<\/strong><br>Sihleggstrasse 23<br>8832 Wollerau<\/p>\n<!-- \/wp:paragraph -->\n\n<!-- wp:paragraph -->\n<p>UID&nbsp;CHE-474.217.971<\/p>\n<!-- \/wp:paragraph -->\n\n<!-- wp:paragraph -->\n<p>info[at]apalion.ch<br><a href=\"https:\/\/old.apalion.com\/\">www.apalion.com<\/a><\/p>\n<!-- \/wp:paragraph -->\n\n<!-- wp:separator -->\n<hr class=\"wp-block-separator has-alpha-channel-opacity\"\/>\n<!-- \/wp:separator -->\n\n<!-- wp:heading {\"level\":1} -->\n<h1 class=\"wp-block-heading\">Rechtliches<\/h1>\n<!-- \/wp:heading -->\n\n<!-- wp:paragraph -->\n<p>APALION AG hat die Daten und Informationen auf dieser Website sorgf\u00e4ltig und nach dem neuesten Erkenntnisstand zusammengestellt. Sie kann jedoch keine Garantie bez\u00fcglich der Richtigkeit und\/oder Vollst\u00e4ndigkeit der hier angegebenen Daten abgeben. \u00c4nderungen bleiben jederzeit vorbehalten. Der Benutzer dieser Website anerkennt, dass deren Gebrauch ausschliesslich auf dessen eigene Gefahr erfolgt und dass weder APALION AG noch eine andere Partei, die an der Erstellung dieser Website beteiligt war, eine Haftung f\u00fcr direkte, indirekte oder Folgesch\u00e4den jeglicher Art \u00fcbernimmt. Dieser Haftungsausschluss gilt auch f\u00fcr Websites, die von dieser Website mittels Hyperlinks verkn\u00fcpft werden. Das Einbinden dieser Site in ein anderes Frameset auf einer anderen Site bedarf der schriftlichen Einwilligung.<br>\u00a9 2024 APALION AG. Alle Rechte vorbehalten.<\/p>\n<!-- \/wp:paragraph -->","_et_gb_content_width":"","footnotes":""},"difl_page_category":[],"class_list":["post-2776","page","type-page","status-publish","hentry"],"acf":[],"_links":{"self":[{"href":"https:\/\/apalion.com\/fr\/wp-json\/wp\/v2\/pages\/2776","targetHints":{"allow":["GET"]}}],"collection":[{"href":"https:\/\/apalion.com\/fr\/wp-json\/wp\/v2\/pages"}],"about":[{"href":"https:\/\/apalion.com\/fr\/wp-json\/wp\/v2\/types\/page"}],"author":[{"embeddable":true,"href":"https:\/\/apalion.com\/fr\/wp-json\/wp\/v2\/users\/1"}],"replies":[{"embeddable":true,"href":"https:\/\/apalion.com\/fr\/wp-json\/wp\/v2\/comments?post=2776"}],"version-history":[{"count":2,"href":"https:\/\/apalion.com\/fr\/wp-json\/wp\/v2\/pages\/2776\/revisions"}],"predecessor-version":[{"id":4832,"href":"https:\/\/apalion.com\/fr\/wp-json\/wp\/v2\/pages\/2776\/revisions\/4832"}],"wp:attachment":[{"href":"https:\/\/apalion.com\/fr\/wp-json\/wp\/v2\/media?parent=2776"}],"wp:term":[{"taxonomy":"difl_page_category","embeddable":true,"href":"https:\/\/apalion.com\/fr\/wp-json\/wp\/v2\/difl_page_category?post=2776"}],"curies":[{"name":"wp","href":"https:\/\/api.w.org\/{rel}","templated":true}]}}