{"id":1753,"date":"2023-09-15T10:12:33","date_gmt":"2023-09-15T08:12:33","guid":{"rendered":"https:\/\/apalion.com\/?page_id=1753"},"modified":"2024-05-28T14:26:04","modified_gmt":"2024-05-28T14:26:04","slug":"contact-a","status":"publish","type":"page","link":"https:\/\/apalion.com\/fr\/kontakt-a\/","title":{"rendered":"Contact-A"},"content":{"rendered":"<p>[et_pb_section fb_built=&#8220;1&#8243; admin_label=&#8220;Contact&#8220; _builder_version=&#8220;4.16&#8243; _module_preset=&#8220;default&#8220; background_color=&#8220;#FFFFFF&#8220; global_colors_info=&#8220;{}&#8220;][et_pb_row column_structure=&#8220;1_2,1_2&#8243; _builder_version=&#8220;4.16&#8243; _module_preset=&#8220;default&#8220; custom_margin=&#8220;|auto|-56px|auto||&#8220; custom_margin_last_edited=&#8220;off|desktop&#8220; global_colors_info=&#8220;{}&#8220;][et_pb_column type=&#8220;1_2&#8243; _builder_version=&#8220;4.16&#8243; _module_preset=&#8220;default&#8220; global_colors_info=&#8220;{}&#8220;][et_pb_text _builder_version=&#8220;4.16&#8243; header_font=&#8220;||||||||&#8220; header_text_color=&#8220;#ffffff&#8220; header_font_size=&#8220;64px&#8220; header_line_height=&#8220;1.3em&#8220; header_2_font=&#8220;Karla|700||on|||||&#8220; header_2_text_color=&#8220;#94624f&#8220; header_2_font_size=&#8220;12px&#8220; header_2_letter_spacing=&#8220;4px&#8220; header_2_line_height=&#8220;1.8em&#8220; custom_margin=&#8220;||10px||false|false&#8220; header_font_size_tablet=&#8220;44px&#8220; header_font_size_phone=&#8220;20px&#8220; header_font_size_last_edited=&#8220;on|phone&#8220; locked=&#8220;off&#8220; global_colors_info=&#8220;{}&#8220;]<\/p>\n<h2><span style=\"color: #968958;\">Leistungen f\u00fcr Ihren Erfolg<\/span><\/h2>\n<p>1. Suchmaschinenoptimierung (SEO): Wir sorgen daf\u00fcr, dass Ihre Website gefunden wird. Mehr Sichtbarkeit, mehr Kunden.<\/p>\n<p>2. Modernes Webdesign: Ihre Website wird nicht nur sch\u00f6n, sondern auch funktional und benutzerfreundlich. Einfach mehr Kundenbindung.<\/p>\n<p>3. Massgeschneiderte Online-Marketing-Strategien: Wir entwickeln individuelle Pl\u00e4ne, die Ihre Ziele erreichen. Kein &#8222;One-Size-Fits-All.&#8220;<\/p>\n<p>4. Datengetriebene Ergebnisse: Unsere Experten analysieren Ihre Daten, um die besten Entscheidungen f\u00fcr Ihr Unternehmen zu treffen. Mehr Erfolg, weniger R\u00e4tselraten.<\/p>\n<p>5. Langfristige Vision: Wir denken nicht nur an heute, sondern auch an morgen. Zusammen schaffen wir eine langfristige digitale Strategie f\u00fcr nachhaltigen Erfolg.<\/p>\n<p>Unsere Leistungen sind der Schl\u00fcssel zu Ihrem Online-Erfolg, und wir machen den Weg so klar wie m\u00f6glich. Kein Technik-Wirrwarr, sondern konkrete Ergebnisse f\u00fcr Ihr Unternehmen.<\/p>\n<p>Bereit, den n\u00e4chsten Schritt zu machen? Kontaktieren Sie uns noch heute, und wir zeigen Ihnen, wie die Apalion AG Ihr Unternehmen nach vorne bringt.<\/p>\n<p>&nbsp;<\/p>\n<p>&nbsp;<\/p>\n<p>[\/et_pb_text][\/et_pb_column][et_pb_column type=&#8220;1_2&#8243; _builder_version=&#8220;4.16&#8243; _module_preset=&#8220;default&#8220; global_colors_info=&#8220;{}&#8220;][et_pb_contact_form email=&#8220;info@apalion.com&#8220; title=&#8220;Kontaktieren Sie uns&#8220; custom_message=&#8220;Name %%Name%%||et_pb_line_break_holder||Email %%Email%%||et_pb_line_break_holder||Message %%Message%%&#8220; success_message=&#8220;Vielen dank f\u00fcr Ihre Kontaktaufnahme! Wir werden uns schnellstm\u00f6glich bei Ihnen melden.&#8220; _builder_version=&#8220;4.22.2&#8243; _module_preset=&#8220;default&#8220; _unique_id=&#8220;0cac0f11-761d-4929-beae-52f0b58ec0a9&#8243; global_colors_info=&#8220;{}&#8220;][et_pb_contact_field field_id=&#8220;Name&#8220; field_title=&#8220;Bitte geben Sie ihren Namen ein&#8220; _builder_version=&#8220;4.22.2&#8243; global_colors_info=&#8220;{}&#8220; button_text_size__hover_enabled=&#8220;off&#8220; button_one_text_size__hover_enabled=&#8220;off&#8220; button_two_text_size__hover_enabled=&#8220;off&#8220; button_text_color__hover_enabled=&#8220;off&#8220; button_one_text_color__hover_enabled=&#8220;off&#8220; button_two_text_color__hover_enabled=&#8220;off&#8220; button_border_width__hover_enabled=&#8220;off&#8220; button_one_border_width__hover_enabled=&#8220;off&#8220; button_two_border_width__hover_enabled=&#8220;off&#8220; button_border_color__hover_enabled=&#8220;off&#8220; button_one_border_color__hover_enabled=&#8220;off&#8220; button_two_border_color__hover_enabled=&#8220;off&#8220; button_border_radius__hover_enabled=&#8220;off&#8220; button_one_border_radius__hover_enabled=&#8220;off&#8220; button_two_border_radius__hover_enabled=&#8220;off&#8220; button_letter_spacing__hover_enabled=&#8220;off&#8220; button_one_letter_spacing__hover_enabled=&#8220;off&#8220; button_two_letter_spacing__hover_enabled=&#8220;off&#8220; button_bg_color__hover_enabled=&#8220;off&#8220; button_one_bg_color__hover_enabled=&#8220;off&#8220; button_two_bg_color__hover_enabled=&#8220;off&#8220;][\/et_pb_contact_field][et_pb_contact_field field_id=&#8220;Email&#8220; field_title=&#8220;Bitte geben Sie Ihre Email ein&#8220; field_type=&#8220;email&#8220; _builder_version=&#8220;4.22.2&#8243; global_colors_info=&#8220;{}&#8220; button_text_size__hover_enabled=&#8220;off&#8220; button_one_text_size__hover_enabled=&#8220;off&#8220; button_two_text_size__hover_enabled=&#8220;off&#8220; button_text_color__hover_enabled=&#8220;off&#8220; button_one_text_color__hover_enabled=&#8220;off&#8220; button_two_text_color__hover_enabled=&#8220;off&#8220; button_border_width__hover_enabled=&#8220;off&#8220; button_one_border_width__hover_enabled=&#8220;off&#8220; button_two_border_width__hover_enabled=&#8220;off&#8220; button_border_color__hover_enabled=&#8220;off&#8220; button_one_border_color__hover_enabled=&#8220;off&#8220; button_two_border_color__hover_enabled=&#8220;off&#8220; button_border_radius__hover_enabled=&#8220;off&#8220; button_one_border_radius__hover_enabled=&#8220;off&#8220; button_two_border_radius__hover_enabled=&#8220;off&#8220; button_letter_spacing__hover_enabled=&#8220;off&#8220; button_one_letter_spacing__hover_enabled=&#8220;off&#8220; button_two_letter_spacing__hover_enabled=&#8220;off&#8220; button_bg_color__hover_enabled=&#8220;off&#8220; button_one_bg_color__hover_enabled=&#8220;off&#8220; button_two_bg_color__hover_enabled=&#8220;off&#8220;][\/et_pb_contact_field][et_pb_contact_field field_id=&#8220;Message&#8220; field_title=&#8220;Bitte geben Sie hier Ihre Nachricht ein&#8220; field_type=&#8220;text&#8220; fullwidth_field=&#8220;on&#8220; _builder_version=&#8220;4.22.2&#8243; global_colors_info=&#8220;{}&#8220; button_text_size__hover_enabled=&#8220;off&#8220; button_one_text_size__hover_enabled=&#8220;off&#8220; button_two_text_size__hover_enabled=&#8220;off&#8220; button_text_color__hover_enabled=&#8220;off&#8220; button_one_text_color__hover_enabled=&#8220;off&#8220; button_two_text_color__hover_enabled=&#8220;off&#8220; button_border_width__hover_enabled=&#8220;off&#8220; button_one_border_width__hover_enabled=&#8220;off&#8220; button_two_border_width__hover_enabled=&#8220;off&#8220; button_border_color__hover_enabled=&#8220;off&#8220; button_one_border_color__hover_enabled=&#8220;off&#8220; button_two_border_color__hover_enabled=&#8220;off&#8220; button_border_radius__hover_enabled=&#8220;off&#8220; button_one_border_radius__hover_enabled=&#8220;off&#8220; button_two_border_radius__hover_enabled=&#8220;off&#8220; button_letter_spacing__hover_enabled=&#8220;off&#8220; button_one_letter_spacing__hover_enabled=&#8220;off&#8220; button_two_letter_spacing__hover_enabled=&#8220;off&#8220; button_bg_color__hover_enabled=&#8220;off&#8220; button_one_bg_color__hover_enabled=&#8220;off&#8220; button_two_bg_color__hover_enabled=&#8220;off&#8220;][\/et_pb_contact_field][\/et_pb_contact_form][et_pb_image src=&#8220;https:\/\/apalion.com\/wp-content\/uploads\/2023\/10\/apalion-ag-seo-agentur-team-seo1-2023-1.webp&#8220; alt=&#8220;apalion-ag-seo-agentur-team-seo&#8220; title_text=&#8220;apalion-ag-seo-agentur-team-seo1 2023&#8243; _builder_version=&#8220;4.22.2&#8243; _module_preset=&#8220;default&#8220; custom_padding=&#8220;||0px|||&#8220; global_colors_info=&#8220;{}&#8220;][\/et_pb_image][\/et_pb_column][\/et_pb_row][et_pb_row _builder_version=&#8220;4.22.1&#8243; _module_preset=&#8220;default&#8220; min_height=&#8220;22.7px&#8220; custom_padding=&#8220;25px||26px|||&#8220; global_colors_info=&#8220;{}&#8220;][et_pb_column type=&#8220;4_4&#8243; _builder_version=&#8220;4.22.1&#8243; _module_preset=&#8220;default&#8220; global_colors_info=&#8220;{}&#8220;][et_pb_text _builder_version=&#8220;4.22.1&#8243; _module_preset=&#8220;default&#8220; global_colors_info=&#8220;{}&#8220;]<\/p>\n<p>Wir freuen uns auf Sie<\/p>\n<p>[\/et_pb_text][\/et_pb_column][\/et_pb_row][et_pb_row column_structure=&#8220;1_3,1_3,1_3&#8243; use_custom_gutter=&#8220;on&#8220; gutter_width=&#8220;2&#8243; make_equal=&#8220;on&#8220; _builder_version=&#8220;4.16&#8243; _module_preset=&#8220;default&#8220; global_colors_info=&#8220;{}&#8220;][et_pb_column type=&#8220;1_3&#8243; _builder_version=&#8220;4.16&#8243; _module_preset=&#8220;default&#8220; background_color=&#8220;#ffffff&#8220; custom_padding=&#8220;50px|20px|50px|20px|true|true&#8220; global_colors_info=&#8220;{}&#8220;][et_pb_blurb title=&#8220;Email&#8220; use_icon=&#8220;on&#8220; font_icon=&#8220;&#xe076;||divi||400&#8243; icon_color=&#8220;#968958&#8243; image_icon_width=&#8220;34px&#8220; _builder_version=&#8220;4.16&#8243; _module_preset=&#8220;default&#8220; header_font=&#8220;|700||on|||||&#8220; header_text_color=&#8220;#D2A979&#8243; header_font_size=&#8220;12px&#8220; header_letter_spacing=&#8220;4px&#8220; body_font=&#8220;||||||||&#8220; body_text_color=&#8220;#000000&#8243; background_enable_color=&#8220;off&#8220; text_orientation=&#8220;center&#8220; custom_padding_tablet=&#8220;||||true|false&#8220; custom_padding_last_edited=&#8220;off|desktop&#8220; icon_font_size=&#8220;34px&#8220; global_colors_info=&#8220;{}&#8220;]<\/p>\n<p>info@apalion.com<\/p>\n<p>[\/et_pb_blurb][\/et_pb_column][et_pb_column type=&#8220;1_3&#8243; _builder_version=&#8220;4.16&#8243; _module_preset=&#8220;default&#8220; background_color=&#8220;#ffffff&#8220; custom_padding=&#8220;50px|20px|50px|20px|true|true&#8220; global_colors_info=&#8220;{}&#8220;][et_pb_blurb title=&#8220;Phone&#8220; use_icon=&#8220;on&#8220; font_icon=&#8220;&#xe00b;||divi||400&#8243; icon_color=&#8220;#968958&#8243; image_icon_width=&#8220;34px&#8220; _builder_version=&#8220;4.25.1&#8243; _module_preset=&#8220;default&#8220; header_font=&#8220;|700||on|||||&#8220; header_text_color=&#8220;#D2A979&#8243; header_font_size=&#8220;12px&#8220; header_letter_spacing=&#8220;4px&#8220; body_font=&#8220;||||||||&#8220; body_text_color=&#8220;#000000&#8243; background_enable_color=&#8220;off&#8220; text_orientation=&#8220;center&#8220; custom_padding_tablet=&#8220;||||true|false&#8220; custom_padding_last_edited=&#8220;off|desktop&#8220; hover_enabled=&#8220;0&#8243; icon_font_size=&#8220;34px&#8220; global_colors_info=&#8220;{}&#8220; sticky_enabled=&#8220;0&#8243;]<\/p>\n<p><span>+41 41 500 68 76<\/span><\/p>\n<p>[\/et_pb_blurb][\/et_pb_column][et_pb_column type=&#8220;1_3&#8243; _builder_version=&#8220;4.16&#8243; _module_preset=&#8220;default&#8220; background_color=&#8220;#ffffff&#8220; custom_padding=&#8220;50px|20px|50px|20px|true|true&#8220; global_colors_info=&#8220;{}&#8220;][et_pb_blurb title=&#8220;address&#8220; use_icon=&#8220;on&#8220; font_icon=&#8220;&#xe074;||divi||400&#8243; icon_color=&#8220;#968958&#8243; image_icon_width=&#8220;34px&#8220; _builder_version=&#8220;4.16&#8243; _module_preset=&#8220;default&#8220; header_font=&#8220;|700||on|||||&#8220; header_text_color=&#8220;#D2A979&#8243; header_font_size=&#8220;12px&#8220; header_letter_spacing=&#8220;4px&#8220; body_font=&#8220;||||||||&#8220; body_text_color=&#8220;#000000&#8243; background_enable_color=&#8220;off&#8220; text_orientation=&#8220;center&#8220; custom_padding_tablet=&#8220;||||true|false&#8220; custom_padding_last_edited=&#8220;off|desktop&#8220; icon_font_size=&#8220;34px&#8220; locked=&#8220;off&#8220; global_colors_info=&#8220;{}&#8220;]<\/p>\n<p class=\"p1\">Sihleggstrasse 23 8832 Wollerau, Schwyz, Schweiz<\/p>\n<p>[\/et_pb_blurb][\/et_pb_column][\/et_pb_row][\/et_pb_section][et_pb_section fb_built=&#8220;1&#8243; admin_label=&#8220;Map&#8220; _builder_version=&#8220;4.16&#8243; _module_preset=&#8220;default&#8220; background_color=&#8220;#f5f5f5&#8243; global_colors_info=&#8220;{}&#8220;][et_pb_row _builder_version=&#8220;4.16&#8243; _module_preset=&#8220;default&#8220; locked=&#8220;off&#8220; global_colors_info=&#8220;{}&#8220;][et_pb_column type=&#8220;4_4&#8243; _builder_version=&#8220;4.16&#8243; _module_preset=&#8220;default&#8220; global_colors_info=&#8220;{}&#8220;][et_pb_map address=&#8220;Sihleggstrasse 23, 8832 Wollerau, Schweiz&#8220; zoom_level=&#8220;16&#8243; address_lat=&#8220;47.1881288&#8243; address_lng=&#8220;8.7083209&#8243; mouse_wheel=&#8220;off&#8220; _builder_version=&#8220;4.16&#8243; _module_preset=&#8220;default&#8220; filter_saturate=&#8220;0%&#8220; global_colors_info=&#8220;{}&#8220;][et_pb_map_pin pin_address=&#8220;San Francisco, CA, USA&#8220; pin_address_lat=&#8220;37.7749295&#8243; pin_address_lng=&#8220;-122.4194155&#8243; _builder_version=&#8220;4.5.1&#8243; _module_preset=&#8220;default&#8220; global_colors_info=&#8220;{}&#8220;][\/et_pb_map_pin][\/et_pb_map][\/et_pb_column][\/et_pb_row][\/et_pb_section]<\/p>\n","protected":false},"excerpt":{"rendered":"<p>Leistungen f\u00fcr Ihren Erfolg 1. Suchmaschinenoptimierung (SEO): Wir sorgen daf\u00fcr, dass Ihre Website gefunden wird. Mehr Sichtbarkeit, mehr Kunden. 2. Modernes Webdesign: Ihre Website wird nicht nur sch\u00f6n, sondern auch funktional und benutzerfreundlich. Einfach mehr Kundenbindung. 3. Massgeschneiderte Online-Marketing-Strategien: Wir entwickeln individuelle Pl\u00e4ne, die Ihre Ziele erreichen. Kein &#8222;One-Size-Fits-All.&#8220; 4. Datengetriebene Ergebnisse: Unsere Experten analysieren [&hellip;]<\/p>\n","protected":false},"author":2,"featured_media":0,"parent":0,"menu_order":0,"comment_status":"closed","ping_status":"closed","template":"","meta":{"_acf_changed":false,"_et_pb_use_builder":"on","_et_pb_old_content":"","_et_gb_content_width":"","footnotes":""},"difl_page_category":[],"class_list":["post-1753","page","type-page","status-publish","hentry"],"acf":[],"_links":{"self":[{"href":"https:\/\/apalion.com\/fr\/wp-json\/wp\/v2\/pages\/1753","targetHints":{"allow":["GET"]}}],"collection":[{"href":"https:\/\/apalion.com\/fr\/wp-json\/wp\/v2\/pages"}],"about":[{"href":"https:\/\/apalion.com\/fr\/wp-json\/wp\/v2\/types\/page"}],"author":[{"embeddable":true,"href":"https:\/\/apalion.com\/fr\/wp-json\/wp\/v2\/users\/2"}],"replies":[{"embeddable":true,"href":"https:\/\/apalion.com\/fr\/wp-json\/wp\/v2\/comments?post=1753"}],"version-history":[{"count":0,"href":"https:\/\/apalion.com\/fr\/wp-json\/wp\/v2\/pages\/1753\/revisions"}],"wp:attachment":[{"href":"https:\/\/apalion.com\/fr\/wp-json\/wp\/v2\/media?parent=1753"}],"wp:term":[{"taxonomy":"difl_page_category","embeddable":true,"href":"https:\/\/apalion.com\/fr\/wp-json\/wp\/v2\/difl_page_category?post=1753"}],"curies":[{"name":"wp","href":"https:\/\/api.w.org\/{rel}","templated":true}]}}