{"id":1509,"date":"2023-09-13T02:18:12","date_gmt":"2023-09-13T00:18:12","guid":{"rendered":"https:\/\/apalion.com\/?page_id=1509"},"modified":"2023-09-13T02:18:12","modified_gmt":"2023-09-13T00:18:12","slug":"quest-ce-que-le-seo","status":"publish","type":"page","link":"https:\/\/apalion.com\/fr\/was-ist-seo\/","title":{"rendered":"Qu'est-ce que le SEO ?"},"content":{"rendered":"<figure class=\"wp-block-image size-large\"><a href=\"https:\/\/apalion.com\/wp-content\/uploads\/2023\/09\/Helene_Berger_Bildbeschreibung_Eine_illustrierte_Darstellung_de_23554f11-37c1-4f24-9386-707a506c54fc.png\"><img decoding=\"async\" width=\"1024\" height=\"574\" src=\"https:\/\/apalion.com\/wp-content\/uploads\/2023\/09\/Helene_Berger_Bildbeschreibung_Eine_illustrierte_Darstellung_de_23554f11-37c1-4f24-9386-707a506c54fc-1024x574.png\" alt=\"SEO\" class=\"wp-image-1510\" title=\"\" srcset=\"https:\/\/apalion.com\/wp-content\/uploads\/2023\/09\/Helene_Berger_Bildbeschreibung_Eine_illustrierte_Darstellung_de_23554f11-37c1-4f24-9386-707a506c54fc-1024x574.png 1024w, https:\/\/apalion.com\/wp-content\/uploads\/2023\/09\/Helene_Berger_Bildbeschreibung_Eine_illustrierte_Darstellung_de_23554f11-37c1-4f24-9386-707a506c54fc-980x549.png 980w, https:\/\/apalion.com\/wp-content\/uploads\/2023\/09\/Helene_Berger_Bildbeschreibung_Eine_illustrierte_Darstellung_de_23554f11-37c1-4f24-9386-707a506c54fc-480x269.png 480w\" sizes=\"(min-width: 0px) and (max-width: 480px) 480px, (min-width: 481px) and (max-width: 980px) 980px, (min-width: 981px) 1024px, 100vw\" \/><\/a><figcaption><\/figcaption><\/figure>\n\n\n\n<h2 class=\"wp-block-heading\">Introduction \u00e0 l'optimisation pour les moteurs de recherche (SEO)<\/h2>\n\n\n\n<p>Dans le monde dynamique du marketing num\u00e9rique, l'optimisation pour les moteurs de recherche, plus connue sous le nom de SEO, est un outil indispensable. Il s'agit d'un processus continu qui consiste \u00e0 optimiser votre contenu num\u00e9rique afin d'obtenir une meilleure position dans les r\u00e9sultats de recherche, notamment sur des plateformes telles que Google. L'objectif principal du SEO est d'accro\u00eetre la visibilit\u00e9 de votre site web, de g\u00e9n\u00e9rer plus de trafic organique et, en fin de compte, d'augmenter le taux de conversion.<\/p>\n\n\n\n<h3 class=\"wp-block-heading\">L'importance de la recherche de mots-cl\u00e9s<\/h3>\n\n\n\n<p>La recherche de mots-cl\u00e9s est une \u00e9tape critique de votre strat\u00e9gie de r\u00e9f\u00e9rencement. Elle vous aide \u00e0 identifier les bons mots-cl\u00e9s qui vous permettront d'obtenir une meilleure position dans les r\u00e9sultats de recherche. La s\u00e9lection et la mise en \u0153uvre correctes des mots-cl\u00e9s peuvent faire la diff\u00e9rence entre le succ\u00e8s et l'\u00e9chec de votre pr\u00e9sence en ligne. C'est la cl\u00e9 pour atteindre et cibler efficacement votre groupe cible.<\/p>\n\n\n\n<h2 class=\"wp-block-heading\">Optimisation OnPage : un premier pas vers l'excellence SEO<\/h2>\n\n\n\n<p>L'optimisation OnPage est la premi\u00e8re \u00e9tape fondamentale de votre processus de r\u00e9f\u00e9rencement. Il s'agit ici de concevoir vos contenus de mani\u00e8re \u00e0 ce qu'ils offrent \u00e0 la fois une valeur ajout\u00e9e aux lecteurs et qu'ils indiquent clairement aux moteurs de recherche les mots-cl\u00e9s pour lesquels ils doivent se classer.<\/p>\n\n\n\n<h3 class=\"wp-block-heading\">Aspects techniques de l'optimisation OnPage<\/h3>\n\n\n\n<p>Les aspects techniques de l'optimisation OnPage ne doivent pas \u00eatre n\u00e9glig\u00e9s. Il s'agit notamment de l'impl\u00e9mentation d'un certificat SSL, de l'optimisation du temps de chargement du site et de la mise \u00e0 disposition d'une version mobile de votre site. En outre, il est important de cr\u00e9er un contenu de qualit\u00e9 qui offre une r\u00e9elle valeur ajout\u00e9e aux utilisateurs. La longueur du texte joue \u00e9galement un r\u00f4le important, de nombreux experts recommandant que les articles informatifs comportent entre 1000 et 2000 mots pour avoir une chance s\u00e9rieuse d'\u00eatre class\u00e9s.<\/p>\n\n\n\n<h3 class=\"wp-block-heading\">Strat\u00e9gie de contenu et qualit\u00e9<\/h3>\n\n\n\n<p>La qualit\u00e9 du contenu est un autre aspect important de l'optimisation OnPage. Il est important de cr\u00e9er un contenu qui soit informatif, bien document\u00e9 et pertinent pour votre groupe cible. L'int\u00e9gration d'\u00e9l\u00e9ments multim\u00e9dias tels que des images et des vid\u00e9os peut \u00e9galement contribuer \u00e0 am\u00e9liorer l'exp\u00e9rience utilisateur et \u00e0 augmenter le temps pass\u00e9 sur le site.<\/p>\n\n\n\n<h2 class=\"wp-block-heading\">Optimisation OffPage : la voie vers l'autorit\u00e9 de votre site web<\/h2>\n\n\n\n<p>L'optimisation OffPage se r\u00e9f\u00e8re \u00e0 toutes les mesures SEO qui ont lieu en dehors de votre site web. Il s'agit principalement du link building, par lequel d'autres sites web cr\u00e9ent des liens vers votre site web, ce qui est consid\u00e9r\u00e9 comme un signal positif pour les moteurs de recherche comme Google.<\/p>\n\n\n\n<h3 class=\"wp-block-heading\">Les backlinks et leur importance<\/h3>\n\n\n\n<p>Les backlinks sont des liens d'autres sites web vers votre site web. Ils peuvent \u00eatre consid\u00e9r\u00e9s comme des recommandations ou des sources qui augmentent la cr\u00e9dibilit\u00e9 et l'autorit\u00e9 de votre site web. Des backlinks de qualit\u00e9 provenant de sites de confiance peuvent avoir une influence positive sur votre classement SEO. Il est toutefois important de suivre une strat\u00e9gie de link building naturelle et organique afin d'\u00e9viter les p\u00e9nalit\u00e9s des moteurs de recherche.<\/p>\n\n\n\n<h3 class=\"wp-block-heading\">Les attributs de lien et leur r\u00f4le<\/h3>\n\n\n\n<p>Les attributs de lien jouent un r\u00f4le important dans l'optimisation OffPage. L'attribut NoFollow, qui peut \u00eatre ajout\u00e9 \u00e0 un lien, signale aux moteurs de recherche que le lien r\u00e9f\u00e9rent n'est pas enti\u00e8rement fiable, ce qui peut nuire \u00e0 la force du backlink. Il est donc important d'avoir un m\u00e9lange \u00e9quilibr\u00e9 de liens NoFollow et DoFollow afin de favoriser une strat\u00e9gie de link building naturelle.<\/p>\n\n\n\n<h2 class=\"wp-block-heading\">Ressources compl\u00e9mentaires et conseils<\/h2>\n\n\n\n<p>Si vous souhaitez en savoir plus sur le SEO, t\u00e9l\u00e9chargez notre PDF gratuit pour obtenir de pr\u00e9cieux conseils et informations sur l'optimisation des moteurs de recherche. Ce PDF professionnel est un must pour tous ceux qui veulent r\u00e9ussir dans le marketing en ligne. Profitez-en pour optimiser votre site web pour les moteurs de recherche et les utilisateurs, et obtenir ainsi plus de trafic et de visibilit\u00e9.<\/p>\n\n\n\n<figure class=\"wp-block-image size-large\"><a href=\"https:\/\/apalion.com\/wp-content\/uploads\/2023\/09\/Helene_Berger_Bildbeschreibung_Eine_illustrierte_Darstellung_de_d6b5498d-2638-4b56-8a96-9d59dae98117.png\"><img decoding=\"async\" width=\"1024\" height=\"574\" src=\"https:\/\/apalion.com\/wp-content\/uploads\/2023\/09\/Helene_Berger_Bildbeschreibung_Eine_illustrierte_Darstellung_de_d6b5498d-2638-4b56-8a96-9d59dae98117-1024x574.png\" alt=\"SEO\" class=\"wp-image-1511\" title=\"\" srcset=\"https:\/\/apalion.com\/wp-content\/uploads\/2023\/09\/Helene_Berger_Bildbeschreibung_Eine_illustrierte_Darstellung_de_d6b5498d-2638-4b56-8a96-9d59dae98117-1024x574.png 1024w, https:\/\/apalion.com\/wp-content\/uploads\/2023\/09\/Helene_Berger_Bildbeschreibung_Eine_illustrierte_Darstellung_de_d6b5498d-2638-4b56-8a96-9d59dae98117-980x549.png 980w, https:\/\/apalion.com\/wp-content\/uploads\/2023\/09\/Helene_Berger_Bildbeschreibung_Eine_illustrierte_Darstellung_de_d6b5498d-2638-4b56-8a96-9d59dae98117-480x269.png 480w\" sizes=\"(min-width: 0px) and (max-width: 480px) 480px, (min-width: 481px) and (max-width: 980px) 980px, (min-width: 981px) 1024px, 100vw\" \/><\/a><figcaption><\/figcaption><\/figure>\n\n\n\n<h3 class=\"wp-block-heading\">Apprendre plus<\/h3>\n\n\n\n<p>Nous avons rassembl\u00e9 pour vous quelques articles int\u00e9ressants sur le sujet :<\/p>\n\n\n\n<ol class=\"wp-block-list\">\n<li><a href=\"https:\/\/moz.com\/learn\/seo\/what-is-seo\" target=\"_blank\" rel=\"noopener\">Moz - Qu'est-ce que le SEO ?<\/a><\/li>\n\n\n\n<li><a href=\"https:\/\/searchengineland.com\/guide\/what-is-seo\" target=\"_blank\" rel=\"noopener\">Search Engine Land - Qu'est-ce que le SEO ?<\/a><\/li>\n\n\n\n<li><a href=\"https:\/\/backlinko.com\/hub\/seo\/what-is-seo\" target=\"_blank\" rel=\"noopener\">Backlinko - Qu'est-ce que le SEO ?<\/a><\/li>\n\n\n\n<li><a href=\"https:\/\/support.google.com\/webmasters\/answer\/7451184?hl=en\/\" target=\"_blank\" rel=\"noopener\">Assistance Google - Am\u00e9liorer le r\u00e9f\u00e9rencement de votre site<\/a><\/li>\n<\/ol>","protected":false},"excerpt":{"rendered":"<p>Einf\u00fchrung in die Suchmaschinenoptimierung (SEO) In der dynamischen Welt des digitalen Marketings ist die Suchmaschinenoptimierung, besser bekannt als SEO, ein unverzichtbares Werkzeug. Es handelt sich um einen fortlaufenden Prozess, bei dem Ihre digitalen Inhalte optimiert werden, um eine h\u00f6here Position in den Suchergebnissen zu erzielen, insbesondere auf Plattformen wie Google. Der Hauptzweck von SEO ist [&hellip;]<\/p>\n","protected":false},"author":2,"featured_media":0,"parent":0,"menu_order":0,"comment_status":"closed","ping_status":"closed","template":"","meta":{"_acf_changed":false,"_et_pb_use_builder":"off","_et_pb_old_content":"","_et_gb_content_width":"","footnotes":""},"difl_page_category":[],"class_list":["post-1509","page","type-page","status-publish","hentry"],"acf":[],"_links":{"self":[{"href":"https:\/\/apalion.com\/fr\/wp-json\/wp\/v2\/pages\/1509","targetHints":{"allow":["GET"]}}],"collection":[{"href":"https:\/\/apalion.com\/fr\/wp-json\/wp\/v2\/pages"}],"about":[{"href":"https:\/\/apalion.com\/fr\/wp-json\/wp\/v2\/types\/page"}],"author":[{"embeddable":true,"href":"https:\/\/apalion.com\/fr\/wp-json\/wp\/v2\/users\/2"}],"replies":[{"embeddable":true,"href":"https:\/\/apalion.com\/fr\/wp-json\/wp\/v2\/comments?post=1509"}],"version-history":[{"count":0,"href":"https:\/\/apalion.com\/fr\/wp-json\/wp\/v2\/pages\/1509\/revisions"}],"wp:attachment":[{"href":"https:\/\/apalion.com\/fr\/wp-json\/wp\/v2\/media?parent=1509"}],"wp:term":[{"taxonomy":"difl_page_category","embeddable":true,"href":"https:\/\/apalion.com\/fr\/wp-json\/wp\/v2\/difl_page_category?post=1509"}],"curies":[{"name":"wp","href":"https:\/\/api.w.org\/{rel}","templated":true}]}}