{"id":1503,"date":"2023-09-13T02:04:40","date_gmt":"2023-09-13T00:04:40","guid":{"rendered":"https:\/\/apalion.com\/?page_id=1503"},"modified":"2023-09-13T02:04:40","modified_gmt":"2023-09-13T00:04:40","slug":"que-sont-les-balises-meta-du-robot","status":"publish","type":"page","link":"https:\/\/apalion.com\/fr\/que-sont-les-balises-meta-du-robot\/","title":{"rendered":"Que sont les m\u00e9ta-balises de robot ?"},"content":{"rendered":"<figure class=\"wp-block-image size-large\"><a href=\"https:\/\/apalion.com\/wp-content\/uploads\/2023\/09\/Helene_Berger_Bildbeschreibung_Eine_visuelle_Darstellung_die_ze_7bc0346e-fa58-4de6-8a52-cce0b95bfc96.png\"><img decoding=\"async\" width=\"1024\" height=\"574\" src=\"https:\/\/apalion.com\/wp-content\/uploads\/2023\/09\/Helene_Berger_Bildbeschreibung_Eine_visuelle_Darstellung_die_ze_7bc0346e-fa58-4de6-8a52-cce0b95bfc96-1024x574.png\" alt=\"M\u00e9ta-balises de robot\" class=\"wp-image-1504\" title=\"\" srcset=\"https:\/\/apalion.com\/wp-content\/uploads\/2023\/09\/Helene_Berger_Bildbeschreibung_Eine_visuelle_Darstellung_die_ze_7bc0346e-fa58-4de6-8a52-cce0b95bfc96-1024x574.png 1024w, https:\/\/apalion.com\/wp-content\/uploads\/2023\/09\/Helene_Berger_Bildbeschreibung_Eine_visuelle_Darstellung_die_ze_7bc0346e-fa58-4de6-8a52-cce0b95bfc96-980x549.png 980w, https:\/\/apalion.com\/wp-content\/uploads\/2023\/09\/Helene_Berger_Bildbeschreibung_Eine_visuelle_Darstellung_die_ze_7bc0346e-fa58-4de6-8a52-cce0b95bfc96-480x269.png 480w\" sizes=\"(min-width: 0px) and (max-width: 480px) 480px, (min-width: 481px) and (max-width: 980px) 980px, (min-width: 981px) 1024px, 100vw\" \/><\/a><figcaption><\/figcaption><\/figure>\n\n\n\n<p><\/p>\n\n\n\n<h1 class=\"wp-block-heading\">M\u00e9ta-balises de robot<\/h1>\n\n\n\n<p>Les balises m\u00e9ta robots sont des balises sp\u00e9ciales qui sont int\u00e9gr\u00e9es dans la zone d'en-t\u00eate du code HTML d'une page Web. Elles jouent un r\u00f4le d\u00e9cisif dans l'optimisation technique des moteurs de recherche en donnant aux moteurs de recherche tels que Google des instructions sp\u00e9cifiques pour l'exploration et l'indexation de l'URL. Ces balises sont un outil essentiel dans la construction d'une pr\u00e9sence efficace sur Internet, car elles sont utilis\u00e9es avec le fichier robots.txt pour contr\u00f4ler la fr\u00e9quence d'exploration et \u00e9viter le contenu dupliqu\u00e9.<\/p>\n\n\n\n<h2 class=\"wp-block-heading\">Les diff\u00e9rents types de m\u00e9ta-balises de robot et leurs fonctions<\/h2>\n\n\n\n<p>Au premier abord, la structure de la balise meta du robot peut sembler complexe. Il est donc important d'examiner de plus pr\u00e8s les diff\u00e9rents attributs qui se cachent derri\u00e8re elle. Les principaux attributs sont \u201ename\u201c et \u201econtent\u201c, qui doivent chacun \u00eatre dot\u00e9s d'une valeur sp\u00e9cifique.<\/p>\n\n\n\n<h3 class=\"wp-block-heading\">La structure et l'utilisation de l'attribut \u201ename\u201c.<\/h3>\n\n\n\n<p>L'attribut \u201ename\u201c est responsable du fait que les robots et les crawlers suivent les instructions contenues dans la balise m\u00e9ta des robots. Une structure typique pourrait ressembler \u00e0 ceci :<\/p>\n\n\n\n<p><\/p>\n\n\n\n<p><code>name=\"robots\"<\/code><\/p>\n\n\n\n<p>Toutefois, il est \u00e9galement possible d'\u00e9mettre des commandes diff\u00e9rentes pour chaque robot d'exploration. Par exemple, l'utilisation de ces balises Meta Robots :<\/p>\n\n\n\n<p><\/p>\n\n\n\n<p><code>&lt;meta name=\"googlebot\" content=\"noindex\"&gt;<\/code><\/p>\n\n\n\n<p>emp\u00eacher l'indexation par le moteur de recherche Google.<\/p>\n\n\n\n<h3 class=\"wp-block-heading\">L'attribut \u201econtent\u201c et sa signification<\/h3>\n\n\n\n<p>L'attribut \u201econtent\u201c sert \u00e0 donner des indications sp\u00e9cifiques \u00e0 l'agent utilisateur. L'agent utilisateur est une partie de l'en-t\u00eate HTTP qui est transmise lors d'une requ\u00eate. Sur Internet, les clients, comme votre navigateur, communiquent avec les serveurs web via le protocole HTTP. L'agent utilisateur fournit au serveur certaines informations sur le client. Si la balise Meta Robots d'une page web n'est pas sp\u00e9cifi\u00e9e, celle-ci reste dans sa configuration par d\u00e9faut et est index\u00e9e de mani\u00e8re r\u00e9guli\u00e8re.<\/p>\n\n\n\n<h3 class=\"wp-block-heading\">Contr\u00f4le de l'indexation par les moteurs de recherche<\/h3>\n\n\n\n<p>Il n'est pas n\u00e9cessaire que chaque contenu de votre site soit index\u00e9 par un moteur de recherche. En utilisant les balises Meta Robots, vous pouvez emp\u00eacher que certaines informations soient index\u00e9es par des moteurs de recherche tels que Google et qu'elles apparaissent dans les r\u00e9sultats de recherche. Pour ce faire, des instructions sp\u00e9cifiques sont plac\u00e9es dans le texte source de votre site web, comme par exemple<\/p>\n\n\n\n<p><\/p>\n\n\n\n<p><code>&lt;meta name=\"robots\" content=\"noindex\"&gt;<\/code><\/p>\n\n\n\n<p>Ce code emp\u00eache la page d'appara\u00eetre dans les r\u00e9sultats de recherche en l'inscrivant dans le fichier robots.txt de votre site. Ce fichier vous permet de d\u00e9finir diff\u00e9rentes instructions pour les robots, comme la fr\u00e9quence d'exploration, l'emplacement du plan du site ou l'emp\u00eachement de l'indexation du contenu dupliqu\u00e9.<\/p>\n\n\n\n<h2 class=\"wp-block-heading\">Apalion AG : votre partenaire de confiance pour le r\u00e9f\u00e9rencement naturel<\/h2>\n\n\n\n<p>Chez Apalion AG, nous nous engageons \u00e0 rendre votre pr\u00e9sence en ligne visible et attractive pour votre groupe cible. Nous nous concentrons sur la mise en \u0153uvre et l'application correctes de m\u00e9tadonn\u00e9es pertinentes afin d'obtenir les meilleurs r\u00e9sultats possibles. Notre approche n'est pas seulement ax\u00e9e sur les moteurs de recherche, mais aussi sur la convivialit\u00e9, en mettant l'accent sur la cr\u00e9ation de contenus et d'adaptations techniques con\u00e7us par des personnes pour des personnes.<\/p>\n\n\n\n<figure class=\"wp-block-image size-large\"><a href=\"https:\/\/apalion.com\/wp-content\/uploads\/2023\/09\/Helene_Berger_Bildbeschreibung_Eine_visuelle_Darstellung_die_ze_699dd307-4e0c-41ba-8b37-5aa264bdecbd-1.png\"><img decoding=\"async\" width=\"1024\" height=\"574\" src=\"https:\/\/apalion.com\/wp-content\/uploads\/2023\/09\/Helene_Berger_Bildbeschreibung_Eine_visuelle_Darstellung_die_ze_699dd307-4e0c-41ba-8b37-5aa264bdecbd-1-1024x574.png\" alt=\"M\u00e9ta-balises de robot\" class=\"wp-image-1505\" title=\"\" srcset=\"https:\/\/apalion.com\/wp-content\/uploads\/2023\/09\/Helene_Berger_Bildbeschreibung_Eine_visuelle_Darstellung_die_ze_699dd307-4e0c-41ba-8b37-5aa264bdecbd-1-1024x574.png 1024w, https:\/\/apalion.com\/wp-content\/uploads\/2023\/09\/Helene_Berger_Bildbeschreibung_Eine_visuelle_Darstellung_die_ze_699dd307-4e0c-41ba-8b37-5aa264bdecbd-1-980x549.png 980w, https:\/\/apalion.com\/wp-content\/uploads\/2023\/09\/Helene_Berger_Bildbeschreibung_Eine_visuelle_Darstellung_die_ze_699dd307-4e0c-41ba-8b37-5aa264bdecbd-1-480x269.png 480w\" sizes=\"(min-width: 0px) and (max-width: 480px) 480px, (min-width: 481px) and (max-width: 980px) 980px, (min-width: 981px) 1024px, 100vw\" \/><\/a><figcaption><\/figcaption><\/figure>\n\n\n\n<h3 class=\"wp-block-heading\">Apprendre plus<\/h3>\n\n\n\n<p>Nous avons rassembl\u00e9 ici quelques articles int\u00e9ressants sur le sujet :<\/p>\n\n\n\n<ol class=\"wp-block-list\">\n<li><a href=\"https:\/\/old.apalion.com\/effektive-seo-analyse-mit-apalion-ag\/\" data-type=\"page\" data-id=\"1371\">Balises Meta des robots : une introduction<\/a><\/li>\n\n\n\n<li><a href=\"https:\/\/www.example.com\/article2\" target=\"_blank\" rel=\"noopener\">Meilleures pratiques pour les <\/a><a href=\"https:\/\/old.apalion.com\/seo-selber-machen\/\" data-type=\"post\" data-id=\"1987\">Utilisation <\/a><a href=\"https:\/\/developers.google.com\/search\/docs\/crawling-indexing\/special-tags?hl=de\" target=\"_blank\" rel=\"noopener\">des balises Meta des robots<\/a><\/li>\n\n\n\n<li><a href=\"https:\/\/www.example.com\/article3\" target=\"_blank\" rel=\"noopener\">SEO technique : un <\/a><a href=\"https:\/\/old.apalion.com\/gute-seo-texte-erstellen-fuer-onpage-optimierung\/\" data-type=\"page\" data-id=\"1464\">Guide <\/a><a href=\"https:\/\/developers.google.com\/search\/docs\/crawling-indexing\/robots-meta-tag?hl=de\" target=\"_blank\" rel=\"noopener\">vers les balises Meta des robots<\/a><\/li>\n<\/ol>","protected":false},"excerpt":{"rendered":"<p>Robot-Meta-Tags Robot-Meta-Tags sind spezielle Tags, die in den Header-Bereich des HTML-Codes einer Webseite integriert werden. Sie spielen eine entscheidende Rolle in der technischen Suchmaschinenoptimierung, indem sie Suchmaschinen wie Google spezifische Anweisungen zum Crawlen und zur Indexierung der URL geben. Diese Tags sind ein wesentliches Werkzeug beim Aufbau einer effektiven Internetpr\u00e4senz, da sie zusammen mit der [&hellip;]<\/p>","protected":false},"author":2,"featured_media":0,"parent":0,"menu_order":0,"comment_status":"closed","ping_status":"closed","template":"","meta":{"_acf_changed":false,"_et_pb_use_builder":"off","_et_pb_old_content":"<!-- wp:image {\"id\":1504,\"sizeSlug\":\"large\",\"linkDestination\":\"media\"} -->\n<figure class=\"wp-block-image size-large\"><a href=\"https:\/\/apalion.com\/wp-content\/uploads\/2023\/09\/Helene_Berger_Bildbeschreibung_Eine_visuelle_Darstellung_die_ze_7bc0346e-fa58-4de6-8a52-cce0b95bfc96.png\"><img src=\"https:\/\/apalion.com\/wp-content\/uploads\/2023\/09\/Helene_Berger_Bildbeschreibung_Eine_visuelle_Darstellung_die_ze_7bc0346e-fa58-4de6-8a52-cce0b95bfc96-1024x574.png\" alt=\"Robot-Meta-Tags\" class=\"wp-image-1504\"\/><\/a><\/figure>\n<!-- \/wp:image -->\n\n<!-- wp:paragraph -->\n<p>Robot-Meta-Tags sind spezielle Tags, die in den Header-Bereich des HTML-Codes einer Webseite integriert werden. Sie spielen eine entscheidende Rolle in der technischen Suchmaschinenoptimierung, indem sie Suchmaschinen wie Google spezifische Anweisungen zum Crawlen und zur Indexierung der URL geben. Diese Tags sind ein wesentliches Werkzeug beim Aufbau einer effektiven Internetpr\u00e4senz, da sie zusammen mit der robots.txt Datei verwendet werden, um die Crawling-Frequenz zu steuern und Duplicate Content zu vermeiden.<\/p>\n<!-- \/wp:paragraph -->\n\n<!-- wp:heading -->\n<h2 class=\"wp-block-heading\">Die verschiedenen Arten von Robot-Meta-Tags und ihre Funktionen<\/h2>\n<!-- \/wp:heading -->\n\n<!-- wp:paragraph -->\n<p>Auf den ersten Blick mag der Aufbau des Robot-Meta-Tags komplex erscheinen. Daher ist es wichtig, die verschiedenen Attribute, die sich dahinter verbergen, genauer zu betrachten. Die Hauptattribute sind \u201ename\u201c und \u201econtent\u201c, die jeweils mit einem spezifischen Wert versehen werden m\u00fcssen.<\/p>\n<!-- \/wp:paragraph -->\n\n<!-- wp:heading {\"level\":3} -->\n<h3 class=\"wp-block-heading\">Der Aufbau und die Anwendung des \"name\"-Attributs<\/h3>\n<!-- \/wp:heading -->\n\n<!-- wp:paragraph -->\n<p>Das \u201ename\u201c-Attribut ist daf\u00fcr verantwortlich, dass die Bots und Crawler den im Robots Meta Tag enthaltenen Anweisungen folgen. Ein typischer Aufbau k\u00f6nnte so aussehen:<\/p>\n<!-- \/wp:paragraph -->\n\n<!-- wp:paragraph -->\n<p><\/p>\n<!-- \/wp:paragraph -->\n\n<!-- wp:paragraph -->\n<p><code>name=\"robots\"<\/code><\/p>\n<!-- \/wp:paragraph -->\n\n<!-- wp:paragraph -->\n<p>Es ist jedoch auch m\u00f6glich, unterschiedliche Befehle f\u00fcr jeden Crawler auszugeben. Zum Beispiel k\u00f6nnte die Verwendung dieses Robots Meta Tags:<\/p>\n<!-- \/wp:paragraph -->\n\n<!-- wp:paragraph -->\n<p><\/p>\n<!-- \/wp:paragraph -->\n\n<!-- wp:paragraph -->\n<p><code>&lt;meta name=\"googlebot\" content=\"noindex\"&gt;<\/code><\/p>\n<!-- \/wp:paragraph -->\n\n<!-- wp:paragraph -->\n<p>die Indexierung durch die Google-Suchmaschine verhindern.<\/p>\n<!-- \/wp:paragraph -->\n\n<!-- wp:heading {\"level\":3} -->\n<h3 class=\"wp-block-heading\">Der \"content\"-Attribut und seine Bedeutung<\/h3>\n<!-- \/wp:heading -->\n\n<!-- wp:paragraph -->\n<p>Das \u201econtent\u201c-Attribut dient dazu, dem User Agent spezifische Hinweise zu geben. Der User Agent ist ein Teil des HTTP-Headers, der bei einer Anfrage \u00fcbermittelt wird. Im Internet kommunizieren Clients, wie Ihr Browser, \u00fcber das HTTP-Protokoll mit Webservern. Der User Agent liefert dem Server bestimmte Informationen \u00fcber den Client. Wenn der Robots Meta Tag einer Webseite nicht spezifiziert ist, bleibt sie in der Standardeinstellung und wird regul\u00e4r indexiert.<\/p>\n<!-- \/wp:paragraph -->\n\n<!-- wp:heading {\"level\":3} -->\n<h3 class=\"wp-block-heading\">Kontrolle der Indexierung durch Suchmaschinen<\/h3>\n<!-- \/wp:heading -->\n\n<!-- wp:paragraph -->\n<p>Es ist nicht notwendig, dass jeder Inhalt Ihrer Website von einer Suchmaschine indexiert wird. Mit dem Einsatz von Robots Meta Tags k\u00f6nnen Sie verhindern, dass bestimmte Informationen von Suchmaschinen wie Google indexiert und in den Suchergebnissen angezeigt werden. Dies wird erreicht, indem spezifische Anweisungen im Quelltext Ihrer Website hinterlegt werden, wie zum Beispiel:<\/p>\n<!-- \/wp:paragraph -->\n\n<!-- wp:paragraph -->\n<p><\/p>\n<!-- \/wp:paragraph -->\n\n<!-- wp:paragraph -->\n<p><code>&lt;meta name=\"robots\" content=\"noindex\"&gt;<\/code><\/p>\n<!-- \/wp:paragraph -->\n\n<!-- wp:paragraph -->\n<p>Dieser Code verhindert, dass die Seite in den Suchergebnissen erscheint, indem er in der robots.txt Datei Ihrer Website hinterlegt wird. Diese Datei erm\u00f6glicht es Ihnen, verschiedene Anweisungen f\u00fcr Bots festzulegen, wie die Crawling-Frequenz, den Standort der Sitemap oder das Verhindern der Indexierung von Duplicate Content.<\/p>\n<!-- \/wp:paragraph -->\n\n<!-- wp:heading -->\n<h2 class=\"wp-block-heading\">Apalion AG: Ihr zuverl\u00e4ssiger Partner f\u00fcr SEO<\/h2>\n<!-- \/wp:heading -->\n\n<!-- wp:paragraph -->\n<p>Bei Apalion AG setzen wir uns daf\u00fcr ein, Ihre Online-Pr\u00e4senz sichtbar und attraktiv f\u00fcr Ihre Zielgruppe zu machen. Wir konzentrieren uns auf die korrekte Implementierung und Anwendung relevanter Metadaten, um die bestm\u00f6glichen Ergebnisse zu erzielen. Unser Ansatz ist nicht nur suchmaschinenorientiert, sondern auch nutzerfreundlich, mit einem Fokus auf die Erstellung von Inhalten und technischen Anpassungen, die von Menschen f\u00fcr Menschen entwickelt wurden.<\/p>\n<!-- \/wp:paragraph -->\n\n<!-- wp:image {\"id\":1505,\"sizeSlug\":\"large\",\"linkDestination\":\"media\"} -->\n<figure class=\"wp-block-image size-large\"><a href=\"https:\/\/apalion.com\/wp-content\/uploads\/2023\/09\/Helene_Berger_Bildbeschreibung_Eine_visuelle_Darstellung_die_ze_699dd307-4e0c-41ba-8b37-5aa264bdecbd-1.png\"><img src=\"https:\/\/apalion.com\/wp-content\/uploads\/2023\/09\/Helene_Berger_Bildbeschreibung_Eine_visuelle_Darstellung_die_ze_699dd307-4e0c-41ba-8b37-5aa264bdecbd-1-1024x574.png\" alt=\"Robot-Meta-Tags\" class=\"wp-image-1505\"\/><\/a><\/figure>\n<!-- \/wp:image -->\n\n<!-- wp:heading {\"level\":3} -->\n<h3 class=\"wp-block-heading\">Lernen Sie mehr<\/h3>\n<!-- \/wp:heading -->\n\n<!-- wp:paragraph -->\n<p>Wir haben hier einige interessante Artikel zum Thema f\u00fcr Sie zusammengestellt:<\/p>\n<!-- \/wp:paragraph -->\n\n<!-- wp:list {\"ordered\":true} -->\n<ol><!-- wp:list-item -->\n<li><a href=\"https:\/\/old.apalion.com\/effektive-seo-analyse-mit-apalion-ag\/\" data-type=\"page\" data-id=\"1371\">Robots Meta Tags: Eine Einf\u00fchrung<\/a><\/li>\n<!-- \/wp:list-item -->\n\n<!-- wp:list-item -->\n<li><a href=\"https:\/\/www.example.com\/article2\">Best Practices f\u00fcr die <\/a><a href=\"https:\/\/old.apalion.com\/seo-selber-machen\/\" data-type=\"post\" data-id=\"1987\">Verwendung <\/a><a href=\"https:\/\/www.example.com\/article2\">von Robots Meta Tags<\/a><\/li>\n<!-- \/wp:list-item -->\n\n<!-- wp:list-item -->\n<li><a href=\"https:\/\/www.example.com\/article3\">Technische SEO: Ein <\/a><a href=\"https:\/\/old.apalion.com\/gute-seo-texte-erstellen-fuer-onpage-optimierung\/\" data-type=\"page\" data-id=\"1464\">Leitfaden <\/a><a href=\"https:\/\/www.example.com\/article3\">zu Robots Meta Tags<\/a><\/li>\n<!-- \/wp:list-item --><\/ol>\n<!-- \/wp:list -->","_et_gb_content_width":"","footnotes":""},"difl_page_category":[],"class_list":["post-1503","page","type-page","status-publish","hentry"],"acf":[],"_links":{"self":[{"href":"https:\/\/apalion.com\/fr\/wp-json\/wp\/v2\/pages\/1503","targetHints":{"allow":["GET"]}}],"collection":[{"href":"https:\/\/apalion.com\/fr\/wp-json\/wp\/v2\/pages"}],"about":[{"href":"https:\/\/apalion.com\/fr\/wp-json\/wp\/v2\/types\/page"}],"author":[{"embeddable":true,"href":"https:\/\/apalion.com\/fr\/wp-json\/wp\/v2\/users\/2"}],"replies":[{"embeddable":true,"href":"https:\/\/apalion.com\/fr\/wp-json\/wp\/v2\/comments?post=1503"}],"version-history":[{"count":0,"href":"https:\/\/apalion.com\/fr\/wp-json\/wp\/v2\/pages\/1503\/revisions"}],"wp:attachment":[{"href":"https:\/\/apalion.com\/fr\/wp-json\/wp\/v2\/media?parent=1503"}],"wp:term":[{"taxonomy":"difl_page_category","embeddable":true,"href":"https:\/\/apalion.com\/fr\/wp-json\/wp\/v2\/difl_page_category?post=1503"}],"curies":[{"name":"wp","href":"https:\/\/api.w.org\/{rel}","templated":true}]}}