{"id":1494,"date":"2023-09-13T01:19:44","date_gmt":"2023-09-12T23:19:44","guid":{"rendered":"https:\/\/apalion.com\/?page_id=1494"},"modified":"2023-09-13T01:19:44","modified_gmt":"2023-09-12T23:19:44","slug":"quest-ce-quune-meta-description-et-comment-lutiliser","status":"publish","type":"page","link":"https:\/\/apalion.com\/fr\/quest-ce-quune-meta-description-et-comment-lutiliser\/","title":{"rendered":"Qu'est-ce qu'une Meta Description ?"},"content":{"rendered":"<figure class=\"wp-block-image size-large\"><a href=\"https:\/\/apalion.com\/wp-content\/uploads\/2023\/09\/Helene_Berger_Einfuhrung_in_die_Meta_Description_Die_Meta_Descr_f5682306-de93-4689-acf6-e749548364d1.png\"><img decoding=\"async\" width=\"1024\" height=\"574\" src=\"https:\/\/apalion.com\/wp-content\/uploads\/2023\/09\/Helene_Berger_Einfuhrung_in_die_Meta_Description_Die_Meta_Descr_f5682306-de93-4689-acf6-e749548364d1-1024x574.png\" alt=\"Meta Description\" class=\"wp-image-1497\" title=\"\" srcset=\"https:\/\/apalion.com\/wp-content\/uploads\/2023\/09\/Helene_Berger_Einfuhrung_in_die_Meta_Description_Die_Meta_Descr_f5682306-de93-4689-acf6-e749548364d1-1024x574.png 1024w, https:\/\/apalion.com\/wp-content\/uploads\/2023\/09\/Helene_Berger_Einfuhrung_in_die_Meta_Description_Die_Meta_Descr_f5682306-de93-4689-acf6-e749548364d1-980x549.png 980w, https:\/\/apalion.com\/wp-content\/uploads\/2023\/09\/Helene_Berger_Einfuhrung_in_die_Meta_Description_Die_Meta_Descr_f5682306-de93-4689-acf6-e749548364d1-480x269.png 480w\" sizes=\"(min-width: 0px) and (max-width: 480px) 480px, (min-width: 481px) and (max-width: 980px) 980px, (min-width: 981px) 1024px, 100vw\" \/><\/a><figcaption><\/figcaption><\/figure>\n\n\n\n<p>La Meta Description est un \u00e9l\u00e9ment essentiel de la strat\u00e9gie de r\u00e9f\u00e9rencement d'un site web. Il s'agit d'un \u00e9l\u00e9ment HTML qui fournit un r\u00e9sum\u00e9 court et concis d'une page web, facilement identifiable par les moteurs de recherche. Bien que ces descriptions ne soient pas visibles pour l'utilisateur, elles jouent un r\u00f4le essentiel dans l'am\u00e9lioration du taux de clics et du trafic sur votre site. Elle appara\u00eet comme partie int\u00e9grante de l'extrait dans les r\u00e9sultats de recherche et doit donner \u00e0 l'utilisateur une id\u00e9e du contenu de la page et de sa pertinence par rapport \u00e0 sa requ\u00eate de recherche.<\/p>\n\n\n\n<h2 class=\"wp-block-heading\">Importance de la Meta Description<\/h2>\n\n\n\n<p>Les balises Meta contenues dans la Meta Description permettent aux moteurs de recherche de lire et d'utiliser les informations d'une page web afin de g\u00e9n\u00e9rer des r\u00e9sultats de recherche pertinents. Bien que la Meta Description n'ait pas d'influence directe sur le classement d'une page web, elle peut consid\u00e9rablement am\u00e9liorer la visibilit\u00e9 et le taux de clics d'une page web. Elle peut influencer positivement le taux de clics (CTR) dans les r\u00e9sultats de recherche Google, ce qui peut \u00e0 son tour influencer la capacit\u00e9 d'une page \u00e0 am\u00e9liorer son classement.<\/p>\n\n\n\n<h3 class=\"wp-block-heading\">Longueur optimale de la Meta Description<\/h3>\n\n\n\n<p>La longueur optimale d'une meta description se situe entre 50 et 160 caract\u00e8res. Il est important qu'elle soit suffisamment longue pour \u00eatre suffisamment descriptive, tout en offrant de la valeur et en favorisant les clics. Elle sert de texte publicitaire qui attire les lecteurs des r\u00e9sultats de recherche vers une page web et doit utiliser intelligemment les mots-cl\u00e9s cibles de la page, sans \u00eatre spammy.<\/p>\n\n\n\n<h2 class=\"wp-block-heading\">Cr\u00e9ation d'une Meta Description efficace<\/h2>\n\n\n\n<h3 class=\"wp-block-heading\">Choisir les bons mots-cl\u00e9s<\/h3>\n\n\n\n<p>L'\u00e9quipe d'Apalion AG vous aide \u00e0 trouver les mots-cl\u00e9s les plus appropri\u00e9s pour votre offre. Nous analysons les r\u00e9sultats de recherche que l'utilisateur s'attend \u00e0 trouver et les probl\u00e8mes qu'il souhaite r\u00e9soudre. Une Meta Description bien con\u00e7ue doit indiquer clairement que votre site web offre la solution id\u00e9ale \u00e0 la question pos\u00e9e.<\/p>\n\n\n\n<h3 class=\"wp-block-heading\">S'adresser \u00e0 l'utilisateur<\/h3>\n\n\n\n<p>S'adresser personnellement \u00e0 l'utilisateur dans la Meta Description peut augmenter consid\u00e9rablement l'efficacit\u00e9. Il est important que la description suscite l'int\u00e9r\u00eat de l'utilisateur et l'incite \u00e0 visiter votre site et \u00e9ventuellement \u00e0 devenir un client.<\/p>\n\n\n\n<h3 class=\"wp-block-heading\">Structure et longueur<\/h3>\n\n\n\n<p>Une Meta Description efficace doit r\u00e9pondre \u00e0 certains crit\u00e8res, dont une longueur appropri\u00e9e, une approche directe de l'utilisateur et une description pr\u00e9cise de votre site. La longueur recommand\u00e9e est d'environ 160 caract\u00e8res ou 500 pixels afin de garantir une pr\u00e9sentation optimale dans les r\u00e9sultats de recherche.<\/p>\n\n\n\n<h2 class=\"wp-block-heading\">OnPage SEO et Meta Description<\/h2>\n\n\n\n<p>Pour les articles de blog, il s'est av\u00e9r\u00e9 utile d'utiliser deux ou trois phrases courtes et concises qui r\u00e9sument le contenu de l'article. Il est \u00e9galement important d'\u00e9viter les contenus dupliqu\u00e9s afin de cr\u00e9er une Meta Description unique et efficace.<\/p>\n\n\n\n<h2 class=\"wp-block-heading\">Conseils pour cr\u00e9er une Meta Description efficace<\/h2>\n\n\n\n<h3 class=\"wp-block-heading\">Voix active et appel \u00e0 l'action<\/h3>\n\n\n\n<p>Consid\u00e9rez la Meta Description comme une invitation \u00e0 visiter votre page. Elle doit \u00eatre r\u00e9dig\u00e9e \u00e0 la voix active et s'adresser directement \u00e0 l'utilisateur. Assurez-vous que votre description n'est pas ennuyeuse, difficile ou trop \u00e9nigmatique. Les gens doivent savoir \u00e0 quoi s'attendre sur votre page.<\/p>\n\n\n\n<h3 class=\"wp-block-heading\">Inclure un appel \u00e0 l'action<\/h3>\n\n\n\n<p>Incluez un appel \u00e0 l'action dans votre Meta Description afin d'encourager les utilisateurs \u00e0 cliquer sur votre offre. Par exemple : \u201eD\u00e9couvrez maintenant notre nouveau produit et apprenez comment il peut r\u00e9soudre votre probl\u00e8me !\u201c<\/p>\n\n\n\n<h3 class=\"wp-block-heading\">Utilisation du mot-cl\u00e9 \"focus<\/h3>\n\n\n\n<p>Int\u00e9grez le mot-cl\u00e9 focus dans votre Meta Description afin de souligner la pertinence de votre page pour certaines requ\u00eates de recherche. Cela contribuera \u00e0 augmenter la visibilit\u00e9 de votre page dans les r\u00e9sultats de recherche.<\/p>\n\n\n\n<h3 class=\"wp-block-heading\">Unicit\u00e9 et pr\u00e9cision<\/h3>\n\n\n\n<p>Assurez-vous que votre Meta Description est unique et refl\u00e8te exactement le contenu de votre page. Cela permettra de r\u00e9pondre aux attentes des utilisateurs et d'\u00e9viter les d\u00e9ceptions.<\/p>\n\n\n\n<h3 class=\"wp-block-heading\">R\u00e9ponse \u00e0 la question de l'utilisateur<\/h3>\n\n\n\n<p>Essayez de r\u00e9pondre \u00e0 la question ou au probl\u00e8me de l'utilisateur dans votre Meta Description. Proposez une solution ou un avantage qui montre que votre page a la r\u00e9ponse \u00e0 leur recherche.<\/p>\n\n\n\n<h2 class=\"wp-block-heading\">Conclusion<\/h2>\n\n\n\n<p>La Meta Description est un outil puissant dans votre arsenal SEO. Si elle est utilis\u00e9e correctement, elle peut non seulement am\u00e9liorer la visibilit\u00e9 de votre page dans les r\u00e9sultats de recherche, mais aussi augmenter la probabilit\u00e9 que les utilisateurs cliquent sur votre page. N'oubliez pas qu'une Meta Description bien r\u00e9dig\u00e9e peut \u00eatre un facteur essentiel de la r\u00e9ussite de votre site.<\/p>\n\n\n\n<figure class=\"wp-block-image size-large\"><a href=\"https:\/\/apalion.com\/wp-content\/uploads\/2023\/09\/Helene_Berger_Einfuhrung_in_die_Meta_Description_Die_Meta_Descr_d2468106-b8f3-44dd-a10a-eb82ff316e97.png\"><img decoding=\"async\" width=\"1024\" height=\"574\" src=\"https:\/\/apalion.com\/wp-content\/uploads\/2023\/09\/Helene_Berger_Einfuhrung_in_die_Meta_Description_Die_Meta_Descr_d2468106-b8f3-44dd-a10a-eb82ff316e97-1024x574.png\" alt=\"Meta Description\" class=\"wp-image-1496\" title=\"\" srcset=\"https:\/\/apalion.com\/wp-content\/uploads\/2023\/09\/Helene_Berger_Einfuhrung_in_die_Meta_Description_Die_Meta_Descr_d2468106-b8f3-44dd-a10a-eb82ff316e97-1024x574.png 1024w, https:\/\/apalion.com\/wp-content\/uploads\/2023\/09\/Helene_Berger_Einfuhrung_in_die_Meta_Description_Die_Meta_Descr_d2468106-b8f3-44dd-a10a-eb82ff316e97-980x549.png 980w, https:\/\/apalion.com\/wp-content\/uploads\/2023\/09\/Helene_Berger_Einfuhrung_in_die_Meta_Description_Die_Meta_Descr_d2468106-b8f3-44dd-a10a-eb82ff316e97-480x269.png 480w\" sizes=\"(min-width: 0px) and (max-width: 480px) 480px, (min-width: 481px) and (max-width: 980px) 980px, (min-width: 981px) 1024px, 100vw\" \/><\/a><figcaption><\/figcaption><\/figure>\n\n\n\n<h2 class=\"wp-block-heading\">Apprendre plus<\/h2>\n\n\n\n<p>Nous avons ici quelques articles int\u00e9ressants sur le sujet :<\/p>\n\n\n\n<ol class=\"wp-block-list\">\n<li><a href=\"https:\/\/moz.com\/learn\/seo\/meta-description\" target=\"_blank\" rel=\"noopener\">Guide Moz des m\u00e9ta-descriptions<\/a><\/li>\n\n\n\n<li><a href=\"https:\/\/developers.google.com\/search\/docs\/appearance\/snippet\" target=\"_blank\" rel=\"noopener\">Google Search Central on Snippets<\/a><\/li>\n\n\n\n<li><a href=\"https:\/\/yoast.com\/meta-descriptions\/\" target=\"_blank\" rel=\"noopener\">Guide Yoast des m\u00e9ta-descriptions<\/a><\/li>\n\n\n\n<li><a href=\"https:\/\/blog.hubspot.com\/marketing\/how-to-write-a-meta-description\" target=\"_blank\" rel=\"noopener\">Blog HubSpot sur la r\u00e9daction de m\u00e9ta-descriptions<\/a><\/li>\n<\/ol>","protected":false},"excerpt":{"rendered":"<p>Die Meta Description ist ein wesentlicher Bestandteil der SEO-Strategie einer Website. Sie ist ein HTML-Element, das eine kurze und pr\u00e4gnante Zusammenfassung einer Webseite bietet, die von Suchmaschinen leicht erkannt werden kann. Diese Beschreibungen sind zwar f\u00fcr den Benutzer nicht sichtbar, spielen jedoch eine entscheidende Rolle bei der Verbesserung der Click-Through-Rate und des Traffics auf Ihrer [&hellip;]<\/p>","protected":false},"author":2,"featured_media":0,"parent":0,"menu_order":0,"comment_status":"closed","ping_status":"closed","template":"","meta":{"_acf_changed":false,"_et_pb_use_builder":"off","_et_pb_old_content":"","_et_gb_content_width":"","footnotes":""},"difl_page_category":[],"class_list":["post-1494","page","type-page","status-publish","hentry"],"acf":[],"_links":{"self":[{"href":"https:\/\/apalion.com\/fr\/wp-json\/wp\/v2\/pages\/1494","targetHints":{"allow":["GET"]}}],"collection":[{"href":"https:\/\/apalion.com\/fr\/wp-json\/wp\/v2\/pages"}],"about":[{"href":"https:\/\/apalion.com\/fr\/wp-json\/wp\/v2\/types\/page"}],"author":[{"embeddable":true,"href":"https:\/\/apalion.com\/fr\/wp-json\/wp\/v2\/users\/2"}],"replies":[{"embeddable":true,"href":"https:\/\/apalion.com\/fr\/wp-json\/wp\/v2\/comments?post=1494"}],"version-history":[{"count":0,"href":"https:\/\/apalion.com\/fr\/wp-json\/wp\/v2\/pages\/1494\/revisions"}],"wp:attachment":[{"href":"https:\/\/apalion.com\/fr\/wp-json\/wp\/v2\/media?parent=1494"}],"wp:term":[{"taxonomy":"difl_page_category","embeddable":true,"href":"https:\/\/apalion.com\/fr\/wp-json\/wp\/v2\/difl_page_category?post=1494"}],"curies":[{"name":"wp","href":"https:\/\/api.w.org\/{rel}","templated":true}]}}