{"id":1490,"date":"2023-09-13T01:00:58","date_gmt":"2023-09-12T23:00:58","guid":{"rendered":"https:\/\/apalion.com\/?page_id=1490"},"modified":"2023-09-13T01:00:58","modified_gmt":"2023-09-12T23:00:58","slug":"exploration-et-indexation-google","status":"publish","type":"page","link":"https:\/\/apalion.com\/fr\/exploration-et-indexation-google\/","title":{"rendered":"Qu'est-ce que l'exploration et l'indexation Google ?"},"content":{"rendered":"<figure class=\"wp-block-image size-large\"><a href=\"https:\/\/apalion.com\/wp-content\/uploads\/2023\/09\/Helene_Berger_Ein_Bild_das_den_Prozess_des_Google_Crawling_und__a3c30580-51d4-4400-9a07-6d69ba4beca8.png\"><img decoding=\"async\" width=\"1024\" height=\"574\" src=\"https:\/\/apalion.com\/wp-content\/uploads\/2023\/09\/Helene_Berger_Ein_Bild_das_den_Prozess_des_Google_Crawling_und__a3c30580-51d4-4400-9a07-6d69ba4beca8-1024x574.png\" alt=\"Google Crawling - Indexation\" class=\"wp-image-1492\" title=\"\" srcset=\"https:\/\/apalion.com\/wp-content\/uploads\/2023\/09\/Helene_Berger_Ein_Bild_das_den_Prozess_des_Google_Crawling_und__a3c30580-51d4-4400-9a07-6d69ba4beca8-1024x574.png 1024w, https:\/\/apalion.com\/wp-content\/uploads\/2023\/09\/Helene_Berger_Ein_Bild_das_den_Prozess_des_Google_Crawling_und__a3c30580-51d4-4400-9a07-6d69ba4beca8-980x549.png 980w, https:\/\/apalion.com\/wp-content\/uploads\/2023\/09\/Helene_Berger_Ein_Bild_das_den_Prozess_des_Google_Crawling_und__a3c30580-51d4-4400-9a07-6d69ba4beca8-480x269.png 480w\" sizes=\"(min-width: 0px) and (max-width: 480px) 480px, (min-width: 481px) and (max-width: 980px) 980px, (min-width: 981px) 1024px, 100vw\" \/><\/a><figcaption><\/figcaption><\/figure>\n\n\n\n<p>Dans le monde num\u00e9rique, \u201el'exploration Google\u201c et \u201el'indexation\u201c sont deux processus essentiels qui d\u00e9finissent le fonctionnement des moteurs de recherche. Ces processus sont essentiels pour que les pages Web soient trouv\u00e9es dans les r\u00e9sultats de recherche. Dans cet article, nous allons nous plonger en profondeur dans les concepts de l'exploration et de l'indexation Google afin de mieux comprendre ces processus.<\/p>\n\n\n\n<h2 class=\"wp-block-heading\">Exploration de Google : un voyage \u00e0 travers le web<\/h2>\n\n\n\n<p>L'exploration Google est le processus par lequel Googlebot, \u00e9galement connu sous le nom de crawler, robot, bot ou spider, explore le web pour trouver des pages nouvelles et actualis\u00e9es. Ce bot est un programme enti\u00e8rement automatis\u00e9 qui explore r\u00e9guli\u00e8rement le web afin d'ajouter des pages \u00e0 l'index de Google. La d\u00e9couverte de nouvelles URL se fait par diff\u00e9rentes m\u00e9thodes, dont le suivi des liens de pages connues vers de nouvelles pages et la soumission de sitemaps par les propri\u00e9taires de sites.<\/p>\n\n\n\n<h3 class=\"wp-block-heading\">Crawler de site web personnel<\/h3>\n\n\n\n<p>Ces petits robots d'exploration peuvent \u00eatre utilis\u00e9s par des particuliers ou des entreprises pour accomplir des t\u00e2ches sp\u00e9cifiques. Ils peuvent surveiller la fr\u00e9quence de certains termes de recherche ou d\u00e9terminer l'accessibilit\u00e9 d'URL.<\/p>\n\n\n\n<h3 class=\"wp-block-heading\">Crawlers de sites web commerciaux<\/h3>\n\n\n\n<p>Les entreprises qui vendent des crawlers web peuvent proposer des solutions logicielles complexes, appel\u00e9es crawlers commerciaux. Ces services offrent des fonctionnalit\u00e9s suppl\u00e9mentaires et peuvent \u00eatre utilis\u00e9s pour permettre aux entreprises d'\u00e9conomiser le temps et l'argent qui ne sont pas n\u00e9cessaires au d\u00e9veloppement de crawlers en interne.<\/p>\n\n\n\n<h3 class=\"wp-block-heading\">Crawler de sites web dans le cloud<\/h3>\n\n\n\n<p>Les crawlers de sites web peuvent \u00e9galement \u00eatre stock\u00e9s dans le cloud. Ceux-ci sont souvent vendus en tant que service \u00e0 des entreprises de logiciels. Les outils d'analyse et les bases de donn\u00e9es sont ind\u00e9pendants des ordinateurs locaux. Ils peuvent \u00e9galement \u00eatre utilis\u00e9s sur n'importe quel appareil disposant d'un acc\u00e8s de connexion appropri\u00e9 et sont \u00e9volutifs.<\/p>\n\n\n\n<h2 class=\"wp-block-heading\">Indexation Google : L'organisation des informations<\/h2>\n\n\n\n<p>Le processus d'exploration est suivi par l'indexation, au cours de laquelle Google analyse le contenu de la page et le stocke dans sa base de donn\u00e9es. Au cours de ce processus, le texte, les images et les vid\u00e9os de la page sont analys\u00e9s et les informations sont stock\u00e9es dans l'index Google, une vaste base de donn\u00e9es h\u00e9berg\u00e9e sur des milliers d'ordinateurs. Google analyse \u00e9galement les balises de contenu importantes et les attributs tels que les \u00e9l\u00e9ments de titre et les attributs Alt.<\/p>\n\n\n\n<h3 class=\"wp-block-heading\">Le r\u00f4le des bots<\/h3>\n\n\n\n<p>Les robots ressemblent \u00e0 des araign\u00e9es et parcourent le web pour collecter des informations et les stocker dans des index. Quelles sont les autres utilisations des crawlers web ? Le WWW-Wanderer a \u00e9t\u00e9 suivi en 1994 par le Webcrawler, le moteur de recherche le plus ancien \u00e0 ce jour. Gr\u00e2ce aux crawlers, les moteurs de recherche peuvent ajouter automatiquement de nouveaux contenus web \u00e0 leurs index, actualiser et supprimer les anciens contenus.<\/p>\n\n\n\n<h3 class=\"wp-block-heading\">Mission d'un crawler<\/h3>\n\n\n\n<p>Les crawlers sont comparables aux chatbots et aux bots sociaux. Ils contiennent eux aussi une s\u00e9rie de scripts et d'algorithmes qui donnent des ordres et des t\u00e2ches clairs. Le crawler ex\u00e9cute et continue d'ex\u00e9cuter de mani\u00e8re autonome les fonctions du code. Les crawlers naviguent sur Internet via des hyperliens vers des sites Web existants. Les crawlers \u00e9valuent les mots-cl\u00e9s et les hashtags et indexent le contenu et les URL des diff\u00e9rents sites web. Ils copient ensuite les pages web et ouvrent toutes les URL trouv\u00e9es afin d'analyser les nouveaux sites web. Les crawlers v\u00e9rifient \u00e9galement le code HTML et l'actualit\u00e9.<\/p>\n\n\n\n<h2 class=\"wp-block-heading\">Conclusion<\/h2>\n\n\n\n<p>Les processus d'exploration et d'indexation de Google sont essentiels au fonctionnement des moteurs de recherche. Une compr\u00e9hension plus approfondie de ces processus peut aider \u00e0 am\u00e9liorer la visibilit\u00e9 d'un site web dans les r\u00e9sultats de recherche et permettre un r\u00e9f\u00e9rencement plus efficace.<\/p>\n\n\n\n<figure class=\"wp-block-image size-large\"><a href=\"https:\/\/apalion.com\/wp-content\/uploads\/2023\/09\/Helene_Berger_Ein_Bild_das_den_Prozess_des_Google_Crawling_und__d40e6e31-6efa-4535-a5e9-6aef9c27d3e6.png\"><img decoding=\"async\" width=\"1024\" height=\"574\" src=\"https:\/\/apalion.com\/wp-content\/uploads\/2023\/09\/Helene_Berger_Ein_Bild_das_den_Prozess_des_Google_Crawling_und__d40e6e31-6efa-4535-a5e9-6aef9c27d3e6-1024x574.png\" alt=\"Google Crawling - Indexation\" class=\"wp-image-1491\" title=\"\" srcset=\"https:\/\/apalion.com\/wp-content\/uploads\/2023\/09\/Helene_Berger_Ein_Bild_das_den_Prozess_des_Google_Crawling_und__d40e6e31-6efa-4535-a5e9-6aef9c27d3e6-1024x574.png 1024w, https:\/\/apalion.com\/wp-content\/uploads\/2023\/09\/Helene_Berger_Ein_Bild_das_den_Prozess_des_Google_Crawling_und__d40e6e31-6efa-4535-a5e9-6aef9c27d3e6-980x549.png 980w, https:\/\/apalion.com\/wp-content\/uploads\/2023\/09\/Helene_Berger_Ein_Bild_das_den_Prozess_des_Google_Crawling_und__d40e6e31-6efa-4535-a5e9-6aef9c27d3e6-480x269.png 480w\" sizes=\"(min-width: 0px) and (max-width: 480px) 480px, (min-width: 481px) and (max-width: 980px) 980px, (min-width: 981px) 1024px, 100vw\" \/><\/a><figcaption><\/figcaption><\/figure>\n\n\n\n<p>Nous avons ici quelques articles int\u00e9ressants sur le sujet :<\/p>\n\n\n\n<ol class=\"wp-block-list\">\n<li><a href=\"https:\/\/developers.google.com\/search\/docs\/crawling-indexing\" target=\"_blank\" rel=\"noopener\">Exploration et indexation Google | Google Search Central | Documentation<\/a><\/li>\n\n\n\n<li><a href=\"https:\/\/developers.google.com\/search\/help\/crawling-index-faq\" target=\"_blank\" rel=\"noopener\">FAQ sur l'exploration et l'indexation de Google Search - Google Developers<\/a><\/li>\n\n\n\n<li><a href=\"https:\/\/developers.google.com\/search\/docs\/fundamentals\/how-search-works\" target=\"_blank\" rel=\"noopener\">Guide approfondi du fonctionnement de Google Search - Google Developers<\/a><\/li>\n<\/ol>","protected":false},"excerpt":{"rendered":"<p>In der digitalen Welt sind &#8222;Google Crawling&#8220; und &#8222;Indexierung&#8220; zwei wesentliche Prozesse, die die Funktionsweise von Suchmaschinen definieren. Diese Prozesse sind entscheidend f\u00fcr die Auffindbarkeit von Webseiten in den Suchergebnissen. In diesem Artikel werden wir tief in die Konzepte von Google Crawling und Indexierung eintauchen, um ein besseres Verst\u00e4ndnis dieser Prozesse zu erhalten. Google Crawling: [&hellip;]<\/p>","protected":false},"author":2,"featured_media":0,"parent":0,"menu_order":0,"comment_status":"closed","ping_status":"closed","template":"","meta":{"_acf_changed":false,"_et_pb_use_builder":"off","_et_pb_old_content":"","_et_gb_content_width":"","footnotes":""},"difl_page_category":[],"class_list":["post-1490","page","type-page","status-publish","hentry"],"acf":[],"_links":{"self":[{"href":"https:\/\/apalion.com\/fr\/wp-json\/wp\/v2\/pages\/1490","targetHints":{"allow":["GET"]}}],"collection":[{"href":"https:\/\/apalion.com\/fr\/wp-json\/wp\/v2\/pages"}],"about":[{"href":"https:\/\/apalion.com\/fr\/wp-json\/wp\/v2\/types\/page"}],"author":[{"embeddable":true,"href":"https:\/\/apalion.com\/fr\/wp-json\/wp\/v2\/users\/2"}],"replies":[{"embeddable":true,"href":"https:\/\/apalion.com\/fr\/wp-json\/wp\/v2\/comments?post=1490"}],"version-history":[{"count":0,"href":"https:\/\/apalion.com\/fr\/wp-json\/wp\/v2\/pages\/1490\/revisions"}],"wp:attachment":[{"href":"https:\/\/apalion.com\/fr\/wp-json\/wp\/v2\/media?parent=1490"}],"wp:term":[{"taxonomy":"difl_page_category","embeddable":true,"href":"https:\/\/apalion.com\/fr\/wp-json\/wp\/v2\/difl_page_category?post=1490"}],"curies":[{"name":"wp","href":"https:\/\/api.w.org\/{rel}","templated":true}]}}