{"id":1486,"date":"2023-09-13T00:53:53","date_gmt":"2023-09-12T22:53:53","guid":{"rendered":"https:\/\/apalion.com\/?page_id=1486"},"modified":"2023-09-13T00:53:53","modified_gmt":"2023-09-12T22:53:53","slug":"quest-ce-que-google-analytics","status":"publish","type":"page","link":"https:\/\/apalion.com\/fr\/quest-ce-que-google-analytics\/","title":{"rendered":"Qu'est-ce que Google Analytics ?"},"content":{"rendered":"<figure class=\"wp-block-image size-large\"><a href=\"https:\/\/apalion.com\/wp-content\/uploads\/2023\/09\/Helene_Berger_Bildbeschreibung_Ein_Marketing-Experte_analysiert_09f30631-b61f-4a95-934e-196f0c964cde.png\"><img decoding=\"async\" width=\"1024\" height=\"574\" src=\"https:\/\/apalion.com\/wp-content\/uploads\/2023\/09\/Helene_Berger_Bildbeschreibung_Ein_Marketing-Experte_analysiert_09f30631-b61f-4a95-934e-196f0c964cde-1024x574.png\" alt=\"Google Analytics\" class=\"wp-image-1487\" title=\"\" srcset=\"https:\/\/apalion.com\/wp-content\/uploads\/2023\/09\/Helene_Berger_Bildbeschreibung_Ein_Marketing-Experte_analysiert_09f30631-b61f-4a95-934e-196f0c964cde-1024x574.png 1024w, https:\/\/apalion.com\/wp-content\/uploads\/2023\/09\/Helene_Berger_Bildbeschreibung_Ein_Marketing-Experte_analysiert_09f30631-b61f-4a95-934e-196f0c964cde-980x549.png 980w, https:\/\/apalion.com\/wp-content\/uploads\/2023\/09\/Helene_Berger_Bildbeschreibung_Ein_Marketing-Experte_analysiert_09f30631-b61f-4a95-934e-196f0c964cde-480x269.png 480w\" sizes=\"(min-width: 0px) and (max-width: 480px) 480px, (min-width: 481px) and (max-width: 980px) 980px, (min-width: 981px) 1024px, 100vw\" \/><\/a><figcaption><\/figcaption><\/figure>\n\n\n\n<p>Google Analytics, un produit renomm\u00e9 de Google, sert d'outil puissant pour l'\u00e9tude et l'\u00e9valuation du contenu des sites web. Il vous permet d'obtenir une compr\u00e9hension approfondie de vos clients sur diff\u00e9rents appareils et plateformes, ce qui vous permet d'am\u00e9liorer votre ROI marketing.<\/p>\n\n\n\n<h2 class=\"wp-block-heading\">Reconna\u00eetre les visiteurs de votre site web<\/h2>\n\n\n\n<p>L'utilisation de Google Analytics vous permet d'obtenir des informations approfondies sur le comportement des visiteurs de votre site web. Cela vous permet d'identifier le contenu pertinent pour votre groupe cible et de cr\u00e9er des rapports correspondants bas\u00e9s sur des donn\u00e9es statistiques. La plateforme offre des aper\u00e7us intelligents qui vous aident \u00e0 am\u00e9liorer le retour sur investissement et \u00e0 anticiper les actions futures des clients gr\u00e2ce \u00e0 l'apprentissage automatique.<\/p>\n\n\n\n<h2 class=\"wp-block-heading\">Int\u00e9gration avec d'autres outils<\/h2>\n\n\n\n<p>La possibilit\u00e9 de relier votre compte Analytics \u00e0 d'autres outils tels que Google Ads vous permet d'obtenir une vue globale de votre marketing par moteur de recherche. Cela facilite l'analyse et la pr\u00e9sentation de vos campagnes directement dans la plateforme Analytics. En outre, vous pouvez optimiser vos performances marketing gr\u00e2ce \u00e0 des int\u00e9grations avec d'autres outils de publicit\u00e9 et d'\u00e9dition de Google.<\/p>\n\n\n\n<h2 class=\"wp-block-heading\">Analyse et interpr\u00e9tation des donn\u00e9es<\/h2>\n\n\n\n<h3 class=\"wp-block-heading\">Comment fonctionne l'analyse des donn\u00e9es avec Google Analytics ?<\/h3>\n\n\n\n<p>Pour profiter pleinement des avantages de Google Analytics, il est n\u00e9cessaire d'int\u00e9grer le code de suivi sp\u00e9cifique dans le code source de chaque page \u00e0 analyser. Pour une gestion plus efficace, vous pouvez utiliser le Google Tag Manager, qui \u00e9limine l'int\u00e9gration manuelle du code sur chaque page. La plateforme recueille des informations pseudonymes sur la mani\u00e8re dont les utilisateurs interagissent avec une page et traite ces donn\u00e9es pour \u00e9tablir des rapports pertinents.<\/p>\n\n\n\n<h2 class=\"wp-block-heading\">Co\u00fbts et possibilit\u00e9s d'extension<\/h2>\n\n\n\n<h3 class=\"wp-block-heading\">Quels sont les co\u00fbts de Google Analytics ?<\/h3>\n\n\n\n<p>La version de base de Google Analytics est accessible gratuitement et offre un large \u00e9ventail d'options de reporting. Les fonctionnalit\u00e9s peuvent \u00eatre \u00e9tendues par l'int\u00e9gration d'autres produits Google, ce qui vous permet d'obtenir une compr\u00e9hension compl\u00e8te de vos efforts de marketing et d'am\u00e9liorer vos performances.<\/p>\n\n\n\n<h2 class=\"wp-block-heading\">Donn\u00e9es re\u00e7ues et leur utilisation<\/h2>\n\n\n\n<h3 class=\"wp-block-heading\">Quelles informations pouvez-vous obtenir gr\u00e2ce \u00e0 Google Analytics ?<\/h3>\n\n\n\n<p>Google Analytics fournit des informations d\u00e9taill\u00e9es sur les visiteurs de votre site web. Vous pouvez par exemple comprendre par quels canaux les visiteurs sont arriv\u00e9s sur votre site. De plus, il permet d'analyser le comportement des visiteurs en offrant un aper\u00e7u des sous-pages visit\u00e9es et du temps pass\u00e9 sur ces pages. Ces donn\u00e9es peuvent \u00eatre utilis\u00e9es pour obtenir des informations pr\u00e9cieuses et am\u00e9liorer la qualit\u00e9 de votre contenu. De courtes dur\u00e9es de visite pourraient indiquer que le contenu ne correspond pas aux attentes des visiteurs ou n'offre pas de valeur ajout\u00e9e.<\/p>\n\n\n\n<p>En outre, vous obtenez des informations sur l'origine g\u00e9ographique des visiteurs ainsi que sur leurs heures de connexion, ce qui vous aide \u00e0 publier des articles aux moments o\u00f9 votre groupe cible est le plus actif. Les d\u00e9tails techniques, tels que les appareils utilis\u00e9s par les visiteurs, sont \u00e9galement inclus dans les statistiques.<\/p>\n\n\n\n<figure class=\"wp-block-image size-large\"><a href=\"https:\/\/apalion.com\/wp-content\/uploads\/2023\/09\/Helene_Berger_Bildbeschreibung_Ein_Marketing-Experte_analysiert_a0caa06d-e3a8-4f92-9a6b-78e4e19bcc9c.png\"><img decoding=\"async\" width=\"1024\" height=\"574\" src=\"https:\/\/apalion.com\/wp-content\/uploads\/2023\/09\/Helene_Berger_Bildbeschreibung_Ein_Marketing-Experte_analysiert_a0caa06d-e3a8-4f92-9a6b-78e4e19bcc9c-1024x574.png\" alt=\"Google Analytics\" class=\"wp-image-1488\" title=\"\" srcset=\"https:\/\/apalion.com\/wp-content\/uploads\/2023\/09\/Helene_Berger_Bildbeschreibung_Ein_Marketing-Experte_analysiert_a0caa06d-e3a8-4f92-9a6b-78e4e19bcc9c-1024x574.png 1024w, https:\/\/apalion.com\/wp-content\/uploads\/2023\/09\/Helene_Berger_Bildbeschreibung_Ein_Marketing-Experte_analysiert_a0caa06d-e3a8-4f92-9a6b-78e4e19bcc9c-980x549.png 980w, https:\/\/apalion.com\/wp-content\/uploads\/2023\/09\/Helene_Berger_Bildbeschreibung_Ein_Marketing-Experte_analysiert_a0caa06d-e3a8-4f92-9a6b-78e4e19bcc9c-480x269.png 480w\" sizes=\"(min-width: 0px) and (max-width: 480px) 480px, (min-width: 481px) and (max-width: 980px) 980px, (min-width: 981px) 1024px, 100vw\" \/><\/a><figcaption><\/figcaption><\/figure>\n\n\n\n<h3 class=\"wp-block-heading\">Apprenez-en plus, nous avons ici quelques articles int\u00e9ressants sur le sujet :<\/h3>\n\n\n\n<ol class=\"wp-block-list\">\n<li><a href=\"https:\/\/marketingplatform.google.com\/about\/analytics\/\" target=\"_blank\" rel=\"noopener\">Plate-forme de marketing Google<\/a><\/li>\n\n\n\n<li><a href=\"https:\/\/360suite.google.com\/\" target=\"_blank\" rel=\"noopener\">Google 360 Suite<\/a><\/li>\n\n\n\n<li><a href=\"https:\/\/support.google.com\/analytics\/?hl=en\" target=\"_blank\" rel=\"noopener\">Aide Google Analytics<\/a><\/li>\n\n\n\n<li><a href=\"https:\/\/analytics.withgoogle.com\/\" target=\"_blank\" rel=\"noopener\">Analyses avec Google<\/a><\/li>\n\n\n\n<li><a href=\"https:\/\/support.google.com\/analytics\/answer\/12159447?hl=en\" target=\"_blank\" rel=\"noopener\">Comment fonctionne Google Analytics<\/a><\/li>\n<\/ol>","protected":false},"excerpt":{"rendered":"<p>Google Analytics, ein renommiertes Produkt von Google, dient als leistungsstarkes Instrument zur Untersuchung und Bewertung von Inhalten auf Websites. Es erm\u00f6glicht Ihnen, ein tiefes Verst\u00e4ndnis Ihrer Kunden \u00fcber verschiedene Ger\u00e4te und Plattformen hinweg zu erlangen, wodurch Sie Ihre Marketing-ROI verbessern k\u00f6nnen. Erkennen Sie Ihre Website-Besucher Durch die Nutzung von Google Analytics erhalten Sie tiefe Einblicke [&hellip;]<\/p>","protected":false},"author":2,"featured_media":0,"parent":0,"menu_order":0,"comment_status":"closed","ping_status":"closed","template":"","meta":{"_acf_changed":false,"_et_pb_use_builder":"off","_et_pb_old_content":"","_et_gb_content_width":"","footnotes":""},"difl_page_category":[],"class_list":["post-1486","page","type-page","status-publish","hentry"],"acf":[],"_links":{"self":[{"href":"https:\/\/apalion.com\/fr\/wp-json\/wp\/v2\/pages\/1486","targetHints":{"allow":["GET"]}}],"collection":[{"href":"https:\/\/apalion.com\/fr\/wp-json\/wp\/v2\/pages"}],"about":[{"href":"https:\/\/apalion.com\/fr\/wp-json\/wp\/v2\/types\/page"}],"author":[{"embeddable":true,"href":"https:\/\/apalion.com\/fr\/wp-json\/wp\/v2\/users\/2"}],"replies":[{"embeddable":true,"href":"https:\/\/apalion.com\/fr\/wp-json\/wp\/v2\/comments?post=1486"}],"version-history":[{"count":0,"href":"https:\/\/apalion.com\/fr\/wp-json\/wp\/v2\/pages\/1486\/revisions"}],"wp:attachment":[{"href":"https:\/\/apalion.com\/fr\/wp-json\/wp\/v2\/media?parent=1486"}],"wp:term":[{"taxonomy":"difl_page_category","embeddable":true,"href":"https:\/\/apalion.com\/fr\/wp-json\/wp\/v2\/difl_page_category?post=1486"}],"curies":[{"name":"wp","href":"https:\/\/api.w.org\/{rel}","templated":true}]}}