{"id":1482,"date":"2023-09-13T00:38:30","date_gmt":"2023-09-12T22:38:30","guid":{"rendered":"https:\/\/apalion.com\/?page_id=1482"},"modified":"2023-09-13T00:38:30","modified_gmt":"2023-09-12T22:38:30","slug":"google-quest-ce-que-cest-plus-quun-moteur-de-recherche","status":"publish","type":"page","link":"https:\/\/apalion.com\/fr\/google-quest-ce-que-cest-plus-quun-moteur-de-recherche\/","title":{"rendered":"Google : plus qu'un simple moteur de recherche"},"content":{"rendered":"<figure class=\"wp-block-image size-large\"><a href=\"https:\/\/apalion.com\/wp-content\/uploads\/2023\/09\/Helene_Berger_n_diesem_Artikel_wird_die_beeindruckende_Reise_vo_e4474a67-5b2b-412b-af87-b3f1b59adebf.png\"><img decoding=\"async\" width=\"1024\" height=\"574\" src=\"https:\/\/apalion.com\/wp-content\/uploads\/2023\/09\/Helene_Berger_n_diesem_Artikel_wird_die_beeindruckende_Reise_vo_e4474a67-5b2b-412b-af87-b3f1b59adebf-1024x574.png\" alt=\"Qu&#039;est-ce que Google ? Plus qu&#039;un moteur de recherche\" class=\"wp-image-1484\" title=\"\" srcset=\"https:\/\/apalion.com\/wp-content\/uploads\/2023\/09\/Helene_Berger_n_diesem_Artikel_wird_die_beeindruckende_Reise_vo_e4474a67-5b2b-412b-af87-b3f1b59adebf-1024x574.png 1024w, https:\/\/apalion.com\/wp-content\/uploads\/2023\/09\/Helene_Berger_n_diesem_Artikel_wird_die_beeindruckende_Reise_vo_e4474a67-5b2b-412b-af87-b3f1b59adebf-980x549.png 980w, https:\/\/apalion.com\/wp-content\/uploads\/2023\/09\/Helene_Berger_n_diesem_Artikel_wird_die_beeindruckende_Reise_vo_e4474a67-5b2b-412b-af87-b3f1b59adebf-480x269.png 480w\" sizes=\"(min-width: 0px) and (max-width: 480px) 480px, (min-width: 481px) and (max-width: 980px) 980px, (min-width: 981px) 1024px, 100vw\" \/><\/a><figcaption><\/figcaption><\/figure>\n\n\n\n<p><\/p>\n\n\n\n<p>Google, un nom qui pour beaucoup est synonyme de \u201emoteur de recherche\u201c, s'est d\u00e9velopp\u00e9 bien au-del\u00e0 de ses fronti\u00e8res initiales. Dans cet article, nous jetons un regard d\u00e9taill\u00e9 sur l'entreprise, ses d\u00e9veloppements et sa vision.<\/p>\n\n\n\n<h2 class=\"wp-block-heading\">Offres vari\u00e9es de Google<\/h2>\n\n\n\n<p>Google ne s'est pas seulement impos\u00e9 comme le principal moteur de recherche, mais propose \u00e9galement une multitude d'autres services et produits. En voici quelques-uns :<\/p>\n\n\n\n<ul class=\"wp-block-list\">\n<li><strong>Google Analytics<\/strong>: Un outil gratuit pour les webmasters pour analyser le trafic de leur site web.<\/li>\n\n\n\n<li><strong>Android<\/strong>: Le syst\u00e8me d'exploitation dominant pour les appareils mobiles.<\/li>\n\n\n\n<li><strong>Chrome OS<\/strong>: Un syst\u00e8me d'exploitation qui s'harmonise parfaitement avec Google Docs, Sheets et Mail.<\/li>\n<\/ul>\n\n\n\n<p>En outre, Google est actif dans les domaines de l'\u00e9nergie et de la mobilit\u00e9 et exerce une influence consid\u00e9rable sur les strat\u00e9gies mondiales de r\u00e9f\u00e9rencement. L'objectif ultime de Google est d'organiser les vastes informations du monde et de les rendre universellement accessibles afin de cr\u00e9er une valeur ajout\u00e9e pour tous.<\/p>\n\n\n\n<h2 class=\"wp-block-heading\">La naissance de Google<\/h2>\n\n\n\n<p>L'histoire de Google a commenc\u00e9 en 1995 \u00e0 l'universit\u00e9 de Stanford, lorsque Larry Page et Sergey Brin, les fondateurs de Google, ont \u00e9tabli leur partenariat. Connu \u00e0 l'origine sous le nom de \u201eBackrub\u201c, ils ont d\u00e9velopp\u00e9 un moteur de recherche qui utilisait des liens pour d\u00e9terminer l'importance des diff\u00e9rentes pages web sur le World Wide Web. En 1998, Google a \u00e9t\u00e9 officiellement cr\u00e9\u00e9 et son si\u00e8ge social se trouve depuis lors \u00e0 Mountain View, en Californie.<\/p>\n\n\n\n<p>Le moteur de recherche, initialement appel\u00e9 \u201eBackrub\u201c, est rapidement devenu un succ\u00e8s et l'entreprise s'est rapidement d\u00e9velopp\u00e9e, d\u00e9m\u00e9nageant plusieurs fois avant de s'installer d\u00e9finitivement \u00e0 Mountain View en 2003. Cela a marqu\u00e9 une p\u00e9riode de croissance rapide, avec une entr\u00e9e en bourse en 2004 et une \u00e9volution rapide vers l'une des plus grandes entreprises de m\u00e9dias au monde.<\/p>\n\n\n\n<h2 class=\"wp-block-heading\">Service de recherche Google<\/h2>\n\n\n\n<h3 class=\"wp-block-heading\">De la recherche de mots-cl\u00e9s au meilleur classement<\/h3>\n\n\n\n<p>Google a r\u00e9volutionn\u00e9 le service de recherche en d\u00e9veloppant un algorithme qui \u00e9value la qualit\u00e9 des sites web en fonction d'une multitude de facteurs, dont la popularit\u00e9 des liens. Pour \u00eatre trouv\u00e9 dans le flot d'offres sur Internet, il est indispensable de s'y conna\u00eetre en optimisation pour les moteurs de recherche (SEO). Il existe de nombreux prestataires de services sp\u00e9cialis\u00e9s dans le SEO qui peuvent optimiser les sites web de mani\u00e8re \u00e0 ce qu'ils soient trouv\u00e9s sur Internet.<\/p>\n\n\n\n<h2 class=\"wp-block-heading\">Turbo boosting<\/h2>\n\n\n\n<p>L'\u00e9valuation d'un site web d\u00e9pend fortement de son r\u00e9f\u00e9rencement, car la popularit\u00e9 des liens est aujourd'hui un crit\u00e8re essentiel. Google utilise un algorithme complexe qui prend en compte environ 200 facteurs de classement diff\u00e9rents pour \u00e9valuer les sites web. Ces algorithmes sont constamment optimis\u00e9s afin de fournir les meilleurs r\u00e9sultats.<\/p>\n\n\n\n<h2 class=\"wp-block-heading\">Autres services de recherche<\/h2>\n\n\n\n<p>Google propose \u00e9galement une s\u00e9rie d'autres services de recherche accessibles directement depuis la page d'accueil. Cette barre de fonctions permet aux utilisateurs de rechercher de mani\u00e8re cibl\u00e9e des images, des vid\u00e9os, des actualit\u00e9s, des cartes, des livres, des voyages en avion, des informations financi\u00e8res et des offres de shopping.<\/p>\n\n\n\n<figure class=\"wp-block-image size-large\"><a href=\"https:\/\/apalion.com\/wp-content\/uploads\/2023\/09\/Helene_Berger_n_diesem_Artikel_wird_die_beeindruckende_Reise_vo_f9d72ff2-569b-44dc-a0c4-92651efd8c0d.png\"><img decoding=\"async\" width=\"1024\" height=\"574\" src=\"https:\/\/apalion.com\/wp-content\/uploads\/2023\/09\/Helene_Berger_n_diesem_Artikel_wird_die_beeindruckende_Reise_vo_f9d72ff2-569b-44dc-a0c4-92651efd8c0d-1024x574.png\" alt=\"Qu&#039;est-ce que Google ? Plus qu&#039;un moteur de recherche\" class=\"wp-image-1483\" title=\"\" srcset=\"https:\/\/apalion.com\/wp-content\/uploads\/2023\/09\/Helene_Berger_n_diesem_Artikel_wird_die_beeindruckende_Reise_vo_f9d72ff2-569b-44dc-a0c4-92651efd8c0d-1024x574.png 1024w, https:\/\/apalion.com\/wp-content\/uploads\/2023\/09\/Helene_Berger_n_diesem_Artikel_wird_die_beeindruckende_Reise_vo_f9d72ff2-569b-44dc-a0c4-92651efd8c0d-980x549.png 980w, https:\/\/apalion.com\/wp-content\/uploads\/2023\/09\/Helene_Berger_n_diesem_Artikel_wird_die_beeindruckende_Reise_vo_f9d72ff2-569b-44dc-a0c4-92651efd8c0d-480x269.png 480w\" sizes=\"(min-width: 0px) and (max-width: 480px) 480px, (min-width: 481px) and (max-width: 980px) 980px, (min-width: 981px) 1024px, 100vw\" \/><\/a><figcaption><\/figcaption><\/figure>\n\n\n\n<h3 class=\"wp-block-heading\">Apprendre plus<\/h3>\n\n\n\n<p>Nous avons ici quelques articles int\u00e9ressants sur le sujet :<\/p>\n\n\n\n<ol class=\"wp-block-list\">\n<li><a href=\"https:\/\/about.google\/intl\/ALL_us\/our-story\/\" target=\"_blank\" rel=\"noopener\">Comment nous avons commenc\u00e9 et o\u00f9 nous en sommes aujourd'hui - Google<\/a><\/li>\n\n\n\n<li><a href=\"https:\/\/en.wikipedia.org\/wiki\/History_of_Google\" target=\"_blank\" rel=\"noopener\">Histoire de Google - Wikipedia<\/a><\/li>\n<\/ol>","protected":false},"excerpt":{"rendered":"<p>Google, ein Name, der f\u00fcr viele gleichbedeutend mit dem Begriff &#8222;Suchmaschine&#8220; ist, hat sich weit \u00fcber seine urspr\u00fcnglichen Grenzen hinaus entwickelt. In diesem Artikel werfen wir einen detaillierten Blick auf das Unternehmen, seine Entwicklungen und seine Visionen. Vielf\u00e4ltige Angebote von Google Google hat sich nicht nur als f\u00fchrende Suchmaschine etabliert, sondern bietet auch eine Vielzahl [&hellip;]<\/p>","protected":false},"author":2,"featured_media":0,"parent":0,"menu_order":0,"comment_status":"closed","ping_status":"closed","template":"","meta":{"_acf_changed":false,"_et_pb_use_builder":"off","_et_pb_old_content":"","_et_gb_content_width":"","footnotes":""},"difl_page_category":[],"class_list":["post-1482","page","type-page","status-publish","hentry"],"acf":[],"_links":{"self":[{"href":"https:\/\/apalion.com\/fr\/wp-json\/wp\/v2\/pages\/1482","targetHints":{"allow":["GET"]}}],"collection":[{"href":"https:\/\/apalion.com\/fr\/wp-json\/wp\/v2\/pages"}],"about":[{"href":"https:\/\/apalion.com\/fr\/wp-json\/wp\/v2\/types\/page"}],"author":[{"embeddable":true,"href":"https:\/\/apalion.com\/fr\/wp-json\/wp\/v2\/users\/2"}],"replies":[{"embeddable":true,"href":"https:\/\/apalion.com\/fr\/wp-json\/wp\/v2\/comments?post=1482"}],"version-history":[{"count":0,"href":"https:\/\/apalion.com\/fr\/wp-json\/wp\/v2\/pages\/1482\/revisions"}],"wp:attachment":[{"href":"https:\/\/apalion.com\/fr\/wp-json\/wp\/v2\/media?parent=1482"}],"wp:term":[{"taxonomy":"difl_page_category","embeddable":true,"href":"https:\/\/apalion.com\/fr\/wp-json\/wp\/v2\/difl_page_category?post=1482"}],"curies":[{"name":"wp","href":"https:\/\/api.w.org\/{rel}","templated":true}]}}