{"id":1472,"date":"2023-09-13T00:07:24","date_gmt":"2023-09-12T22:07:24","guid":{"rendered":"https:\/\/apalion.com\/?page_id=1472"},"modified":"2023-09-13T00:07:24","modified_gmt":"2023-09-12T22:07:24","slug":"concevoir-une-url-seo-conviviale","status":"publish","type":"page","link":"https:\/\/apalion.com\/fr\/url-seo-freundlich-gestalten\/","title":{"rendered":"Concevoir une URL SEO conviviale\u00a0"},"content":{"rendered":"<figure class=\"wp-block-image size-large\"><a href=\"https:\/\/apalion.com\/wp-content\/uploads\/2023\/09\/Helene_Berger_Bildbeschreibung_Ein_dynamisches_Team_bei_Apalion_e1549791-2c66-4aa7-ab9e-521f70efdd46.png\"><img decoding=\"async\" width=\"1024\" height=\"574\" src=\"https:\/\/apalion.com\/wp-content\/uploads\/2023\/09\/Helene_Berger_Bildbeschreibung_Ein_dynamisches_Team_bei_Apalion_e1549791-2c66-4aa7-ab9e-521f70efdd46-1024x574.png\" alt=\"URL favorable au r\u00e9f\u00e9rencement\" class=\"wp-image-1475\" title=\"\" srcset=\"https:\/\/apalion.com\/wp-content\/uploads\/2023\/09\/Helene_Berger_Bildbeschreibung_Ein_dynamisches_Team_bei_Apalion_e1549791-2c66-4aa7-ab9e-521f70efdd46-1024x574.png 1024w, https:\/\/apalion.com\/wp-content\/uploads\/2023\/09\/Helene_Berger_Bildbeschreibung_Ein_dynamisches_Team_bei_Apalion_e1549791-2c66-4aa7-ab9e-521f70efdd46-980x549.png 980w, https:\/\/apalion.com\/wp-content\/uploads\/2023\/09\/Helene_Berger_Bildbeschreibung_Ein_dynamisches_Team_bei_Apalion_e1549791-2c66-4aa7-ab9e-521f70efdd46-480x269.png 480w\" sizes=\"(min-width: 0px) and (max-width: 480px) 480px, (min-width: 481px) and (max-width: 980px) 980px, (min-width: 981px) 1024px, 100vw\" \/><\/a><figcaption><\/figcaption><\/figure>\n\n\n\n<p>Dans le monde num\u00e9ris\u00e9 d'aujourd'hui, le succ\u00e8s d'une entreprise d\u00e9pend de plus en plus de sa pr\u00e9sence sur Internet. Les clients potentiels utilisent les moteurs de recherche pour rechercher des produits et des services et se fient aux r\u00e9sultats pour trouver les meilleures offres. Il est donc essentiel que votre site web puisse \u00eatre facilement trouv\u00e9 par les moteurs de recherche, et une conception URL-SEO conviviale est un facteur d\u00e9terminant \u00e0 cet \u00e9gard.<\/p>\n\n\n\n<h2 class=\"wp-block-heading\">Partenariat d'\u00e9gal \u00e0 \u00e9gal : transparence et \u00e9quit\u00e9<\/h2>\n\n\n\n<p>N'h\u00e9sitez pas \u00e0 nous contacter pour profiter de notre expertise dans le domaine du r\u00e9f\u00e9rencement et augmenter le succ\u00e8s de votre entreprise. Chez Apalion AG, nous misons sur une collaboration transparente et \u00e9quitable afin d'atteindre ensemble vos objectifs.<\/p>\n\n\n\n<h2 class=\"wp-block-heading\">SEO et conformit\u00e9 \u00e0 Google<\/h2>\n\n\n\n<p>Malheureusement, m\u00eame des produits de grande qualit\u00e9 peuvent passer inaper\u00e7us si les facteurs pertinents pour le r\u00e9f\u00e9rencement ne sont pas pris en compte. C'est pourquoi il est tr\u00e8s important que votre site web, et en particulier vos URL, soient con\u00e7us de mani\u00e8re \u00e0 \u00eatre compatibles avec le SEO par URL.<\/p>\n\n\n\n<h3 class=\"wp-block-heading\">Conseils pour la cr\u00e9ation d'un site web avec URL SEO<\/h3>\n\n\n\n<ol class=\"wp-block-list\">\n<li><strong>Utilisez des mots-cl\u00e9s<\/strong>Int\u00e9grer des mots-cl\u00e9s pertinents dans votre URL afin d'aider les moteurs de recherche \u00e0 mieux comprendre le contenu de votre page.<\/li>\n\n\n\n<li><strong>Court et concis<\/strong>: Gardez votre URL SEO amicale en la gardant courte et en allant droit au but pour offrir une meilleure exp\u00e9rience utilisateur et augmenter vos chances d'\u00eatre mieux class\u00e9.<\/li>\n\n\n\n<li><strong>\u00c9viter les caract\u00e8res sp\u00e9ciaux<\/strong>: \u00c9vitez d'utiliser des caract\u00e8res et des chiffres sp\u00e9ciaux qui ne fournissent pas d'informations pertinentes.<\/li>\n\n\n\n<li><strong>Utilisez des traits d'union<\/strong>: Utilisez des tirets pour s\u00e9parer les mots dans l'URL, car les moteurs de recherche les reconnaissent comme des s\u00e9parateurs de mots.<\/li>\n\n\n\n<li><strong>Structure coh\u00e9rente<\/strong>Maintenir une structure coh\u00e9rente qui permette une navigation ais\u00e9e et aide les utilisateurs \u00e0 trouver facilement le contenu souhait\u00e9.<\/li>\n<\/ol>\n\n\n\n<h2 class=\"wp-block-heading\">Votre partenaire pour des sites web URL-SEO conviviaux<\/h2>\n\n\n\n<p>Vous souhaitez cr\u00e9er un site web adapt\u00e9 \u00e0 l'URL SEO, mais vous n'avez pas encore d'exp\u00e9rience ? Alors vous \u00eates \u00e0 la bonne adresse. Chez Apalion AG, nous savons ce qui est important. Gr\u00e2ce \u00e0 notre longue exp\u00e9rience dans le domaine du r\u00e9f\u00e9rencement, nous pouvons vous aider \u00e0 obtenir la r\u00e9sonance souhait\u00e9e.<\/p>\n\n\n\n<p>Notre expertise nous permet de proposer \u00e0 nos clients des solutions sur mesure. Faites-nous part de vos pr\u00e9occupations et de vos souhaits, et nous \u00e9tablirons des offres personnalis\u00e9es qui r\u00e9pondront \u00e0 vos exigences. Chez nous, l'exp\u00e9rience et le service \u00e0 la client\u00e8le vont de pair. Une \u00e9quipe sympathique et comp\u00e9tente est \u00e0 votre disposition pour vous conseiller en mati\u00e8re de strat\u00e9gies marketing URL-SEO conviviales.<\/p>\n\n\n\n<h2 class=\"wp-block-heading\">Ressources et outils compl\u00e9mentaires<\/h2>\n\n\n\n<p>Dans le monde dynamique du r\u00e9f\u00e9rencement, il est important de rester \u00e0 jour. Voici quelques ressources et outils qui peuvent vous aider \u00e0 approfondir vos connaissances en mati\u00e8re de r\u00e9f\u00e9rencement et \u00e0 optimiser votre site web :<\/p>\n\n\n\n<ol class=\"wp-block-list\">\n<li><strong>Outils d'analyse SEO<\/strong>: utilisez des outils tels que Google Analytics, SEMrush et Ahrefs pour analyser votre site web et identifier les possibilit\u00e9s d'am\u00e9lioration.<\/li>\n\n\n\n<li><strong>Blogs et forums<\/strong>: Suivez des blogs et des forums SEO renomm\u00e9s pour conna\u00eetre les derni\u00e8res tendances et astuces en mati\u00e8re de r\u00e9f\u00e9rencement.<\/li>\n\n\n\n<li><strong>Cours en ligne<\/strong>Il existe une multitude de cours en ligne qui peuvent vous aider \u00e0 am\u00e9liorer vos comp\u00e9tences en mati\u00e8re de r\u00e9f\u00e9rencement. Utilisez des plateformes telles que Coursera, Udemy et LinkedIn Learning pour des cours complets.<\/li>\n\n\n\n<li><strong>Podcasts et webinaires<\/strong>\u00e9couter des podcasts li\u00e9s au SEO et participer \u00e0 des webinaires pour apprendre aupr\u00e8s d'experts du secteur.<\/li>\n<\/ol>\n\n\n\n<h2 class=\"wp-block-heading\">Contactez-nous<\/h2>\n\n\n\n<p>Il s'agit de votre entreprise, c'est pourquoi nous mettons tout en \u0153uvre pour assurer votre succ\u00e8s. Nous sommes conscients que nous r\u00e9alisons des optimisations non seulement pour Google, mais aussi pour les utilisateurs r\u00e9els. Les contenus que nous cr\u00e9ons sont fluides et faciles \u00e0 lire, tout en tenant compte des facteurs pertinents pour le r\u00e9f\u00e9rencement. Que vous souhaitiez cr\u00e9er un site web adapt\u00e9 \u00e0 l'URL SEO ou donner \u00e0 votre site web un design optimis\u00e9 pour le SEO, nous vous proposons des solutions professionnelles. Vous pourrez ainsi franchir de nouvelles \u00e9tapes et apporter la touche finale \u00e0 votre entreprise.<\/p>\n\n\n\n<figure class=\"wp-block-image size-large\"><a href=\"https:\/\/apalion.com\/wp-content\/uploads\/2023\/09\/Helene_Berger_Bildbeschreibung_Ein_dynamisches_Team_bei_Apalion_ac0fb0ad-1091-4ce4-a556-d08d4074fe1f.png\"><img decoding=\"async\" width=\"1024\" height=\"574\" src=\"https:\/\/apalion.com\/wp-content\/uploads\/2023\/09\/Helene_Berger_Bildbeschreibung_Ein_dynamisches_Team_bei_Apalion_ac0fb0ad-1091-4ce4-a556-d08d4074fe1f-1024x574.png\" alt=\"URL favorable au r\u00e9f\u00e9rencement\" class=\"wp-image-1476\" title=\"\" srcset=\"https:\/\/apalion.com\/wp-content\/uploads\/2023\/09\/Helene_Berger_Bildbeschreibung_Ein_dynamisches_Team_bei_Apalion_ac0fb0ad-1091-4ce4-a556-d08d4074fe1f-1024x574.png 1024w, https:\/\/apalion.com\/wp-content\/uploads\/2023\/09\/Helene_Berger_Bildbeschreibung_Ein_dynamisches_Team_bei_Apalion_ac0fb0ad-1091-4ce4-a556-d08d4074fe1f-980x549.png 980w, https:\/\/apalion.com\/wp-content\/uploads\/2023\/09\/Helene_Berger_Bildbeschreibung_Ein_dynamisches_Team_bei_Apalion_ac0fb0ad-1091-4ce4-a556-d08d4074fe1f-480x269.png 480w\" sizes=\"(min-width: 0px) and (max-width: 480px) 480px, (min-width: 481px) and (max-width: 980px) 980px, (min-width: 981px) 1024px, 100vw\" \/><\/a><figcaption><\/figcaption><\/figure>\n\n\n\n<hr class=\"wp-block-separator has-alpha-channel-opacity\"\/>\n\n\n\n<p><strong>Apprenez-en plus, nous avons ici quelques articles int\u00e9ressants sur le sujet :<\/strong><\/p>\n\n\n\n<ol class=\"wp-block-list\">\n<li><a href=\"https:\/\/backlinko.com\/hub\/seo\/urls\" target=\"_blank\" rel=\"noopener\">Backlinko<\/a><\/li>\n\n\n\n<li><a href=\"https:\/\/ahrefs.com\/blog\/seo-friendly-urls\/\" target=\"_blank\" rel=\"noopener\">Ahrefs<\/a><\/li>\n\n\n\n<li><a href=\"https:\/\/databox.com\/seo-friendly-urls\" target=\"_blank\" rel=\"noopener\">Databox<\/a><\/li>\n<\/ol>\n\n\n\n<hr class=\"wp-block-separator has-alpha-channel-opacity\"\/>","protected":false},"excerpt":{"rendered":"<p>In der heutigen digitalisierten Welt h\u00e4ngt der Erfolg eines Unternehmens zunehmend von seiner Pr\u00e4senz im Internet ab. Potenzielle Kunden nutzen Suchmaschinen, um nach Produkten und Dienstleistungen zu suchen, und verlassen sich auf die Ergebnisse, um die besten Angebote zu finden. Daher ist es unerl\u00e4sslich, dass Ihre Website leicht von Suchmaschinen gefunden werden kann, und eine [&hellip;]<\/p>\n","protected":false},"author":2,"featured_media":0,"parent":0,"menu_order":0,"comment_status":"closed","ping_status":"closed","template":"","meta":{"_acf_changed":false,"_et_pb_use_builder":"off","_et_pb_old_content":"","_et_gb_content_width":"","footnotes":""},"difl_page_category":[],"class_list":["post-1472","page","type-page","status-publish","hentry"],"acf":[],"_links":{"self":[{"href":"https:\/\/apalion.com\/fr\/wp-json\/wp\/v2\/pages\/1472","targetHints":{"allow":["GET"]}}],"collection":[{"href":"https:\/\/apalion.com\/fr\/wp-json\/wp\/v2\/pages"}],"about":[{"href":"https:\/\/apalion.com\/fr\/wp-json\/wp\/v2\/types\/page"}],"author":[{"embeddable":true,"href":"https:\/\/apalion.com\/fr\/wp-json\/wp\/v2\/users\/2"}],"replies":[{"embeddable":true,"href":"https:\/\/apalion.com\/fr\/wp-json\/wp\/v2\/comments?post=1472"}],"version-history":[{"count":0,"href":"https:\/\/apalion.com\/fr\/wp-json\/wp\/v2\/pages\/1472\/revisions"}],"wp:attachment":[{"href":"https:\/\/apalion.com\/fr\/wp-json\/wp\/v2\/media?parent=1472"}],"wp:term":[{"taxonomy":"difl_page_category","embeddable":true,"href":"https:\/\/apalion.com\/fr\/wp-json\/wp\/v2\/difl_page_category?post=1472"}],"curies":[{"name":"wp","href":"https:\/\/api.w.org\/{rel}","templated":true}]}}