{"id":1468,"date":"2023-09-12T23:09:00","date_gmt":"2023-09-12T21:09:00","guid":{"rendered":"https:\/\/apalion.com\/?page_id=1468"},"modified":"2023-09-12T23:09:00","modified_gmt":"2023-09-12T21:09:00","slug":"comment-fonctionne-le-seo-apalion-ag","status":"publish","type":"page","link":"https:\/\/apalion.com\/fr\/comment-fonctionne-le-seo-apalion-ag\/","title":{"rendered":"Comment fonctionne le SEO : un guide complet"},"content":{"rendered":"<figure class=\"wp-block-image size-large\"><a href=\"https:\/\/apalion.com\/wp-content\/uploads\/2023\/09\/Helene_Berger_In_the_center_of_the_image_we_witness_a_large_mod_442f221e-8c0f-4c58-88b4-2487f8606255.png\"><img decoding=\"async\" width=\"1024\" height=\"574\" src=\"https:\/\/apalion.com\/wp-content\/uploads\/2023\/09\/Helene_Berger_In_the_center_of_the_image_we_witness_a_large_mod_442f221e-8c0f-4c58-88b4-2487f8606255-1024x574.png\" alt=\"Comment fonctionne le SEO\" class=\"wp-image-1469\" title=\"\" srcset=\"https:\/\/apalion.com\/wp-content\/uploads\/2023\/09\/Helene_Berger_In_the_center_of_the_image_we_witness_a_large_mod_442f221e-8c0f-4c58-88b4-2487f8606255-1024x574.png 1024w, https:\/\/apalion.com\/wp-content\/uploads\/2023\/09\/Helene_Berger_In_the_center_of_the_image_we_witness_a_large_mod_442f221e-8c0f-4c58-88b4-2487f8606255-980x549.png 980w, https:\/\/apalion.com\/wp-content\/uploads\/2023\/09\/Helene_Berger_In_the_center_of_the_image_we_witness_a_large_mod_442f221e-8c0f-4c58-88b4-2487f8606255-480x269.png 480w\" sizes=\"(min-width: 0px) and (max-width: 480px) 480px, (min-width: 481px) and (max-width: 980px) 980px, (min-width: 981px) 1024px, 100vw\" \/><\/a><figcaption><\/figcaption><\/figure>\n\n\n\n<h2 class=\"wp-block-heading\">Introduction<\/h2>\n\n\n\n<p>\u00c0 l'\u00e8re du num\u00e9rique, il est essentiel de comprendre \u201ecomment fonctionne le SEO\u201c. Dans cet article, nous allons explorer les aspects techniques et les strat\u00e9gies du SEO qui peuvent vous aider \u00e0 renforcer votre pr\u00e9sence en ligne.<\/p>\n\n\n\n<h2 class=\"wp-block-heading\">Comment fonctionne le SEO - Les m\u00e9canismes <\/h2>\n\n\n\n<h3 class=\"wp-block-heading\">Crawling et indexation<\/h3>\n\n\n\n<p>Les moteurs de recherche utilisent des robots pour trouver des contenus nouveaux et actualis\u00e9s sur Internet. Ce processus est appel\u00e9 \"crawling\". Les robots suivent des liens d'une page \u00e0 l'autre et collectent des donn\u00e9es sur ces pages, qu'ils stockent dans un index. L'index contient toutes les informations trouv\u00e9es et jug\u00e9es bonnes, qui sont utilis\u00e9es par les algorithmes des moteurs de recherche pour d\u00e9terminer la pertinence d'une page.<\/p>\n\n\n\n<h3 class=\"wp-block-heading\">Classement<\/h3>\n\n\n\n<p>Apr\u00e8s l'indexation, les moteurs de recherche \u00e9valuent la qualit\u00e9 et la pertinence des pages en se basant sur diff\u00e9rents facteurs tels que le contenu, l'exp\u00e9rience utilisateur, la vitesse du site et les backlinks. Ce processus est appel\u00e9 \"ranking\", qui consiste \u00e0 classer les pages dans les r\u00e9sultats de recherche en fonction de leur \u00e9valuation.<\/p>\n\n\n\n<h2 class=\"wp-block-heading\">Comment fonctionne le SEO - Strat\u00e9gies<\/h2>\n\n\n\n<h3 class=\"wp-block-heading\">Recherche de mots-cl\u00e9s<\/h3>\n\n\n\n<p>L'une des strat\u00e9gies de base du SEO est la recherche de mots-cl\u00e9s. Elle implique l'identification des mots et des expressions que votre groupe cible utilise lorsqu'il recherche des produits ou des services comme les v\u00f4tres. L'int\u00e9gration de ces mots-cl\u00e9s dans votre contenu peut contribuer \u00e0 augmenter votre visibilit\u00e9 pour ces requ\u00eates de recherche.<\/p>\n\n\n\n<h3 class=\"wp-block-heading\">Cr\u00e9ation de contenu<\/h3>\n\n\n\n<p>La cr\u00e9ation d'un contenu de qualit\u00e9 est un \u00e9l\u00e9ment essentiel du r\u00e9f\u00e9rencement. Un bon contenu doit \u00eatre informatif, bien document\u00e9 et adapt\u00e9 aux besoins de votre groupe cible. Il doit \u00e9galement \u00eatre r\u00e9guli\u00e8rement mis \u00e0 jour pour conserver sa pertinence.<\/p>\n\n\n\n<h3 class=\"wp-block-heading\">Cr\u00e9ation de backlinks<\/h3>\n\n\n\n<p>Les backlinks sont des liens d'autres sites web vers votre site web. Ils constituent un facteur important pour les moteurs de recherche afin d'\u00e9valuer l'autorit\u00e9 et la pertinence de votre site web. Construire un profil de backlink solide en obtenant des liens de sites web pertinents et de qualit\u00e9 peut consid\u00e9rablement soutenir vos efforts de r\u00e9f\u00e9rencement.<\/p>\n\n\n\n<h3 class=\"wp-block-heading\">Optimisation technique<\/h3>\n\n\n\n<p>Le SEO technique fait r\u00e9f\u00e9rence \u00e0 l'optimisation de la structure et du code de votre site web. Il s'agit notamment d'am\u00e9liorer la vitesse du site, de l'optimiser pour les appareils mobiles et de garantir un site web s\u00fbr et accessible.<\/p>\n\n\n\n<h2 class=\"wp-block-heading\">Comment fonctionne le SEO - Techniques avanc\u00e9es<\/h2>\n\n\n\n<p>Dans cette section, nous allons explorer quelques techniques de r\u00e9f\u00e9rencement avanc\u00e9es qui peuvent vous aider \u00e0 faire passer vos efforts de r\u00e9f\u00e9rencement au niveau sup\u00e9rieur.<\/p>\n\n\n\n<h3 class=\"wp-block-heading\">Donn\u00e9es structur\u00e9es<\/h3>\n\n\n\n<p>Les donn\u00e9es structur\u00e9es aident les moteurs de recherche \u00e0 mieux comprendre et indexer le contenu de votre site web. En mettant en \u0153uvre des donn\u00e9es structur\u00e9es, vous pouvez am\u00e9liorer la visibilit\u00e9 de votre site dans les r\u00e9sultats de recherche et cr\u00e9er des snippets attrayants dans les SERP.<\/p>\n\n\n\n<h3 class=\"wp-block-heading\">R\u00e9f\u00e9rencement mobile<\/h3>\n\n\n\n<p>Avec l'augmentation de l'utilisation des mobiles, il est plus important que jamais d'avoir un site web adapt\u00e9 aux mobiles. Le r\u00e9f\u00e9rencement mobile fait r\u00e9f\u00e9rence \u00e0 l'optimisation de votre site pour les appareils mobiles afin d'offrir une meilleure exp\u00e9rience utilisateur et d'am\u00e9liorer la visibilit\u00e9 dans les r\u00e9sultats de recherche mobiles.<\/p>\n\n\n\n<h3 class=\"wp-block-heading\">R\u00e9f\u00e9rencement local<\/h3>\n\n\n\n<p>Le r\u00e9f\u00e9rencement local se concentre sur l'am\u00e9lioration de la visibilit\u00e9 de votre site web dans les r\u00e9sultats de recherche locaux. Cela implique des strat\u00e9gies telles que l'optimisation de votre profil Google My Business et la collecte d'avis de clients locaux.<\/p>\n\n\n\n<h2 class=\"wp-block-heading\">Conclusion<\/h2>\n\n\n\n<p>Le r\u00e9f\u00e9rencement est un processus complexe mais indispensable pour r\u00e9ussir dans le monde num\u00e9rique. En comprenant et en mettant en \u0153uvre des strat\u00e9gies de r\u00e9f\u00e9rencement efficaces, vous pouvez augmenter votre visibilit\u00e9 en ligne et d\u00e9velopper votre activit\u00e9.<\/p>\n\n\n\n<h2 class=\"wp-block-heading\">Apprendre plus<\/h2>\n\n\n\n<p>Dans le monde dynamique du r\u00e9f\u00e9rencement, il est essentiel de rester \u00e0 jour et d'apprendre en permanence. Pour vous y aider, nous avons dress\u00e9 une liste d'articles tr\u00e8s instructifs qui vous permettront de mieux comprendre les diff\u00e9rents aspects du SEO. Voici quelques ressources que vous pouvez explorer afin d'approfondir vos connaissances :<\/p>\n\n\n\n<ol class=\"wp-block-list\">\n<li><a href=\"https:\/\/moz.com\/learn\/seo\/what-is-seo\" target=\"_blank\" rel=\"noopener\">Moz - Qu'est-ce que le SEO ?<\/a>\n<ul class=\"wp-block-list\">\n<li>Cet article de Moz vous pr\u00e9sente les bases du r\u00e9f\u00e9rencement. Il offre un aper\u00e7u complet des diff\u00e9rents aspects du SEO, y compris le SEO on-page, le SEO off-page et le SEO technique. C'est un excellent point de d\u00e9part pour les d\u00e9butants et une remise \u00e0 niveau pour les professionnels du SEO exp\u00e9riment\u00e9s.<\/li>\n<\/ul>\n<\/li>\n\n\n\n<li><a href=\"https:\/\/www.searchenginejournal.com\/seo\/how-seo-works\/\" target=\"_blank\" rel=\"noopener\">Search Engine Journal - Comment fonctionne le SEO ?<\/a>\n<ul class=\"wp-block-list\">\n<li>Cet article du Search Engine Journal offre un aper\u00e7u d\u00e9taill\u00e9 du fonctionnement du SEO. Il explique comment les moteurs de recherche fonctionnent et comment vous pouvez optimiser votre site web pour obtenir un meilleur classement dans les r\u00e9sultats de recherche. Il propose \u00e9galement des conseils et des strat\u00e9gies que vous pouvez mettre en \u0153uvre pour am\u00e9liorer vos efforts de r\u00e9f\u00e9rencement.<\/li>\n<\/ul>\n<\/li>\n\n\n\n<li><a href=\"https:\/\/www.webfx.com\/blog\/seo\/what-is-seo-in-digital-marketing\/\" target=\"_blank\" rel=\"noopener\">WebFX - Le SEO dans le marketing num\u00e9rique<\/a>\n<ul class=\"wp-block-list\">\n<li>Cet article de WebFX vous explique comment fonctionne le SEO dans le marketing num\u00e9rique. Il offre un aper\u00e7u des diff\u00e9rentes techniques de r\u00e9f\u00e9rencement que vous pouvez utiliser pour am\u00e9liorer la visibilit\u00e9 de votre site web dans les r\u00e9sultats de recherche. Il propose \u00e9galement des conseils pour la mise en \u0153uvre d'une strat\u00e9gie SEO efficace.<\/li>\n<\/ul>\n<\/li>\n\n\n\n<li><a href=\"https:\/\/www.thehoth.com\/learn\/seo\/basics\/what-is-seo\/\" target=\"_blank\" rel=\"noopener\">The HOTH - Les bases du SEO<\/a>\n<ul class=\"wp-block-list\">\n<li>Cet article de The HOTH offre un guide complet sur les bases du r\u00e9f\u00e9rencement. Il explique comment cr\u00e9er une strat\u00e9gie de r\u00e9f\u00e9rencement adapt\u00e9e aux besoins sp\u00e9cifiques de votre entreprise. Il fournit \u00e9galement des conseils sur la mani\u00e8re d'am\u00e9liorer la structure de votre site web et de cr\u00e9er un contenu qui soit attrayant \u00e0 la fois pour les moteurs de recherche et pour les utilisateurs.<\/li>\n<\/ul>\n<\/li>\n<\/ol>\n\n\n\n<p>En plus de ces articles, nous vous recommandons de suivre les blogs et les forums qui se concentrent sur le SEO afin de vous tenir au courant des derni\u00e8res tendances et \u00e9volutions du secteur. Les webinaires et les cours en ligne peuvent \u00e9galement \u00eatre une excellente ressource pour approfondir vos connaissances et am\u00e9liorer vos comp\u00e9tences.<\/p>\n\n\n\n<figure class=\"wp-block-image size-large\"><a href=\"https:\/\/apalion.com\/wp-content\/uploads\/2023\/09\/Helene_Berger_In_the_center_of_the_image_we_witness_a_large_mod_1ebc997b-d760-4812-a466-6902bde94d09.png\"><img decoding=\"async\" width=\"1024\" height=\"574\" src=\"https:\/\/apalion.com\/wp-content\/uploads\/2023\/09\/Helene_Berger_In_the_center_of_the_image_we_witness_a_large_mod_1ebc997b-d760-4812-a466-6902bde94d09-1024x574.png\" alt=\"Comment fonctionne le SEO\" class=\"wp-image-1470\" title=\"\" srcset=\"https:\/\/apalion.com\/wp-content\/uploads\/2023\/09\/Helene_Berger_In_the_center_of_the_image_we_witness_a_large_mod_1ebc997b-d760-4812-a466-6902bde94d09-1024x574.png 1024w, https:\/\/apalion.com\/wp-content\/uploads\/2023\/09\/Helene_Berger_In_the_center_of_the_image_we_witness_a_large_mod_1ebc997b-d760-4812-a466-6902bde94d09-980x549.png 980w, https:\/\/apalion.com\/wp-content\/uploads\/2023\/09\/Helene_Berger_In_the_center_of_the_image_we_witness_a_large_mod_1ebc997b-d760-4812-a466-6902bde94d09-480x269.png 480w\" sizes=\"(min-width: 0px) and (max-width: 480px) 480px, (min-width: 481px) and (max-width: 980px) 980px, (min-width: 981px) 1024px, 100vw\" \/><\/a><figcaption><\/figcaption><\/figure>","protected":false},"excerpt":{"rendered":"<p>Einf\u00fchrung In der digitalen \u00c4ra ist es von entscheidender Bedeutung zu verstehen, &#8222;Wie funktioniert SEO&#8220;. In diesem Artikel werden wir die technischen Aspekte und Strategien von SEO erkunden, die Ihnen helfen k\u00f6nnen, Ihre Online-Pr\u00e4senz zu st\u00e4rken. Wie funktioniert SEO &#8211; Die Mechanismen Crawling und Indexierung Suchmaschinen nutzen Bots, um neue und aktualisierte Inhalte im Internet [&hellip;]<\/p>","protected":false},"author":2,"featured_media":0,"parent":0,"menu_order":0,"comment_status":"closed","ping_status":"closed","template":"","meta":{"_acf_changed":false,"_et_pb_use_builder":"off","_et_pb_old_content":"","_et_gb_content_width":"","footnotes":""},"difl_page_category":[],"class_list":["post-1468","page","type-page","status-publish","hentry"],"acf":[],"_links":{"self":[{"href":"https:\/\/apalion.com\/fr\/wp-json\/wp\/v2\/pages\/1468","targetHints":{"allow":["GET"]}}],"collection":[{"href":"https:\/\/apalion.com\/fr\/wp-json\/wp\/v2\/pages"}],"about":[{"href":"https:\/\/apalion.com\/fr\/wp-json\/wp\/v2\/types\/page"}],"author":[{"embeddable":true,"href":"https:\/\/apalion.com\/fr\/wp-json\/wp\/v2\/users\/2"}],"replies":[{"embeddable":true,"href":"https:\/\/apalion.com\/fr\/wp-json\/wp\/v2\/comments?post=1468"}],"version-history":[{"count":0,"href":"https:\/\/apalion.com\/fr\/wp-json\/wp\/v2\/pages\/1468\/revisions"}],"wp:attachment":[{"href":"https:\/\/apalion.com\/fr\/wp-json\/wp\/v2\/media?parent=1468"}],"wp:term":[{"taxonomy":"difl_page_category","embeddable":true,"href":"https:\/\/apalion.com\/fr\/wp-json\/wp\/v2\/difl_page_category?post=1468"}],"curies":[{"name":"wp","href":"https:\/\/api.w.org\/{rel}","templated":true}]}}