{"id":1464,"date":"2023-09-12T22:25:53","date_gmt":"2023-09-12T20:25:53","guid":{"rendered":"https:\/\/apalion.com\/?page_id=1464"},"modified":"2023-09-12T22:25:53","modified_gmt":"2023-09-12T20:25:53","slug":"creer-de-bons-textes-seo-pour-loptimisation-on-page","status":"publish","type":"page","link":"https:\/\/apalion.com\/fr\/creer-de-bons-textes-seo-pour-loptimisation-on-page\/","title":{"rendered":"Bons textes SEO"},"content":{"rendered":"<figure class=\"wp-block-image size-large\"><a href=\"https:\/\/apalion.com\/wp-content\/uploads\/2023\/09\/Helene_Berger_Ein_Bild_das_den_Prozess_der_Erstellung_guter_SEO_5fc01ff8-62f9-4387-bd53-82dc9492c20e.png\"><img decoding=\"async\" width=\"1024\" height=\"574\" src=\"https:\/\/apalion.com\/wp-content\/uploads\/2023\/09\/Helene_Berger_Ein_Bild_das_den_Prozess_der_Erstellung_guter_SEO_5fc01ff8-62f9-4387-bd53-82dc9492c20e-1024x574.png\" alt=\"Cr\u00e9er de bons textes SEO est un travail de pr\u00e9cision\" class=\"wp-image-1466\" title=\"\" srcset=\"https:\/\/apalion.com\/wp-content\/uploads\/2023\/09\/Helene_Berger_Ein_Bild_das_den_Prozess_der_Erstellung_guter_SEO_5fc01ff8-62f9-4387-bd53-82dc9492c20e-1024x574.png 1024w, https:\/\/apalion.com\/wp-content\/uploads\/2023\/09\/Helene_Berger_Ein_Bild_das_den_Prozess_der_Erstellung_guter_SEO_5fc01ff8-62f9-4387-bd53-82dc9492c20e-980x549.png 980w, https:\/\/apalion.com\/wp-content\/uploads\/2023\/09\/Helene_Berger_Ein_Bild_das_den_Prozess_der_Erstellung_guter_SEO_5fc01ff8-62f9-4387-bd53-82dc9492c20e-480x269.png 480w\" sizes=\"(min-width: 0px) and (max-width: 480px) 480px, (min-width: 481px) and (max-width: 980px) 980px, (min-width: 981px) 1024px, 100vw\" \/><\/a><figcaption><\/figcaption><\/figure>\n\n\n\n<p>\u00c0 l'\u00e8re du num\u00e9rique, l'optimisation pour les moteurs de recherche (SEO) est devenue une pierre angulaire du marketing moderne. Les entreprises et les organisations s'efforcent de maximiser leur pr\u00e9sence en ligne gr\u00e2ce \u00e0 des strat\u00e9gies de r\u00e9f\u00e9rencement efficaces. De bons textes SEO sont d'une importance cruciale. Dans cet article, nous allons nous plonger plus profond\u00e9ment dans le monde de la r\u00e9daction SEO et examiner les \u00e9l\u00e9ments et crit\u00e8res cl\u00e9s pour la r\u00e9daction d'un texte SEO efficace.<\/p>\n\n\n\n<h2 class=\"wp-block-heading\">Un bon texte de r\u00e9f\u00e9rencement : Une introduction<\/h2>\n\n\n\n<h3 class=\"wp-block-heading\">Qu'est-ce que le SEO ?<\/h3>\n\n\n\n<p>Le SEO, ou optimisation pour les moteurs de recherche, est un processus visant \u00e0 am\u00e9liorer la visibilit\u00e9 d'un site web dans les r\u00e9sultats de recherche des moteurs de recherche tels que Google. Plus de 95% des groupes cibles de nombreuses entreprises recherchent des informations via Google, ce qui souligne l'importance d'une strat\u00e9gie de r\u00e9f\u00e9rencement efficace. L'optimisation pour les moteurs de recherche implique une multitude de techniques et de strat\u00e9gies visant \u00e0 am\u00e9liorer la visibilit\u00e9 d'un site web et \u00e0 obtenir un meilleur classement dans les r\u00e9sultats de recherche.<\/p>\n\n\n\n<h3 class=\"wp-block-heading\">De bons textes SEO - Les bases<\/h3>\n\n\n\n<p>Un texte SEO est un contenu sp\u00e9cialement con\u00e7u pour rendre un site web plus pro\u00e9minent dans les r\u00e9sultats de recherche. La r\u00e9daction d'un tel texte n\u00e9cessite une planification et une strat\u00e9gie minutieuses, qui tiennent compte \u00e0 la fois des aspects techniques du r\u00e9f\u00e9rencement et des besoins et attentes du groupe cible.<\/p>\n\n\n\n<h2 class=\"wp-block-heading\">L'importance d'un contenu unique<\/h2>\n\n\n\n<h3 class=\"wp-block-heading\">Pourquoi l'unicit\u00e9 est-elle importante ?<\/h3>\n\n\n\n<p>Les contenus uniques sont un \u00e9l\u00e9ment essentiel d'un texte SEO r\u00e9ussi. Ils permettent non seulement de se d\u00e9marquer de la concurrence, mais aussi d'attirer l'attention des clients potentiels et d'augmenter l'engagement et l'interaction des utilisateurs. Il est important que le contenu soit informatif et attrayant, tout en respectant les crit\u00e8res SEO tels que la densit\u00e9 des mots-cl\u00e9s, la balise title et la m\u00e9ta-description.<\/p>\n\n\n\n<h3 class=\"wp-block-heading\">Cr\u00e9ation de contenus SEO uniques<\/h3>\n\n\n\n<p>Pour cr\u00e9er un contenu SEO unique, il est tout d'abord n\u00e9cessaire d'effectuer une recherche approfondie afin d'identifier le groupe cible et les mots-cl\u00e9s et expressions pertinents. L'\u00e9tape suivante consiste \u00e0 r\u00e9diger le texte, en veillant \u00e0 ce qu'il soit \u00e0 la fois informatif et attrayant. Il convient \u00e9galement de tenir compte des crit\u00e8res SEO tels que la densit\u00e9 des mots-cl\u00e9s, la balise title, la m\u00e9ta-description et les liens internes. Il est \u00e9galement conseill\u00e9 d'actualiser r\u00e9guli\u00e8rement le contenu afin de maintenir sa pertinence et sa visibilit\u00e9.<\/p>\n\n\n\n<h3 class=\"wp-block-heading\">Unicit\u00e9 et diversit\u00e9<\/h3>\n\n\n\n<p>Il est de la plus haute importance que chaque texte SEO soit unique. Il faut \u00e9viter de copier des passages d'autres textes sur Internet, car les moteurs de recherche peuvent rapidement identifier de tels contenus comme des doublons, ce qui peut entra\u00eener une perte de visibilit\u00e9. Il est donc conseill\u00e9 d'investir du temps pour r\u00e9\u00e9crire le texte et s'assurer qu'il est original et unique.<\/p>\n\n\n\n<h2 class=\"wp-block-heading\">\u00c9crire pour vos lecteurs<\/h2>\n\n\n\n<h3 class=\"wp-block-heading\">Contenu centr\u00e9 sur le lecteur<\/h3>\n\n\n\n<p>Lorsque l'on r\u00e9dige des textes SEO, il est important de se concentrer sur les lecteurs et pas seulement sur les moteurs de recherche. Un texte bien \u00e9crit et facile \u00e0 lire peut augmenter le temps que les utilisateurs passent sur le site, ce qui peut avoir un effet positif sur le classement.<\/p>\n\n\n\n<h3 class=\"wp-block-heading\">La longueur optimale d'un texte<\/h3>\n\n\n\n<p>La longueur du texte est un facteur important dans la cr\u00e9ation d'un texte SEO. Bien qu'il n'existe pas de r\u00e8gles strictes, un texte devrait id\u00e9alement d\u00e9passer 300 mots pour \u00eatre reconnu comme pertinent par Google. Les textes de plus de 500 mots, s'ils sont bien pr\u00e9par\u00e9s et pertinents, peuvent m\u00eame \u00eatre encore plus performants.<\/p>\n\n\n\n<h2 class=\"wp-block-heading\">Le besoin d'experts<\/h2>\n\n\n\n<h3 class=\"wp-block-heading\">Aide d'experts pour la r\u00e9daction de textes SEO<\/h3>\n\n\n\n<p>Cr\u00e9er de bons textes SEO peut \u00eatre une t\u00e2che complexe qui n\u00e9cessite une connaissance approfondie de diff\u00e9rents facteurs. Chez Apalion AG, nous sommes sp\u00e9cialis\u00e9s dans l'aide aux entreprises pour maximiser leur pr\u00e9sence en ligne gr\u00e2ce \u00e0 des strat\u00e9gies de r\u00e9f\u00e9rencement efficaces. Nous sommes persuad\u00e9s que nous pouvons vous aider \u00e0 atteindre vos objectifs.<\/p>\n\n\n\n<h2 class=\"wp-block-heading\">Maximiser votre pr\u00e9sence en ligne<\/h2>\n\n\n\n<h3 class=\"wp-block-heading\">Pertinence et valeur ajout\u00e9e<\/h3>\n\n\n\n<p>Pour maximiser votre pr\u00e9sence en ligne, il est important de cr\u00e9er un contenu qui soit pertinent \u00e0 la fois pour les moteurs de recherche et pour les lecteurs. Cela signifie que vous devez cr\u00e9er des contenus qui apportent une valeur ajout\u00e9e et qui se distinguent de la masse.<\/p>\n\n\n\n<h3 class=\"wp-block-heading\">Le r\u00f4le des mots-cl\u00e9s<\/h3>\n\n\n\n<p>Les mots-cl\u00e9s jouent un r\u00f4le central dans la cr\u00e9ation de bons textes SEO. Il est conseill\u00e9 de choisir un mot-cl\u00e9 principal et cinq \u00e0 dix mots-cl\u00e9s secondaires, qui devraient id\u00e9alement \u00eatre int\u00e9gr\u00e9s dans le texte. Ces mots-cl\u00e9s aident \u00e0 mieux d\u00e9crire et \u00e0 soutenir le contenu.<\/p>\n\n\n\n<p><\/p>\n\n\n\n<figure class=\"wp-block-image size-large\"><a href=\"https:\/\/apalion.com\/wp-content\/uploads\/2023\/09\/Helene_Berger_Ein_Bild_das_den_Prozess_der_Erstellung_guter_SEO_d60ee4cb-356b-49be-838d-9a5723a4e9fb.png\"><img decoding=\"async\" width=\"1024\" height=\"574\" src=\"https:\/\/apalion.com\/wp-content\/uploads\/2023\/09\/Helene_Berger_Ein_Bild_das_den_Prozess_der_Erstellung_guter_SEO_d60ee4cb-356b-49be-838d-9a5723a4e9fb-1024x574.png\" alt=\"Cr\u00e9er de bons textes SEO est un travail de pr\u00e9cision\" class=\"wp-image-1465\" title=\"\" srcset=\"https:\/\/apalion.com\/wp-content\/uploads\/2023\/09\/Helene_Berger_Ein_Bild_das_den_Prozess_der_Erstellung_guter_SEO_d60ee4cb-356b-49be-838d-9a5723a4e9fb-1024x574.png 1024w, https:\/\/apalion.com\/wp-content\/uploads\/2023\/09\/Helene_Berger_Ein_Bild_das_den_Prozess_der_Erstellung_guter_SEO_d60ee4cb-356b-49be-838d-9a5723a4e9fb-980x549.png 980w, https:\/\/apalion.com\/wp-content\/uploads\/2023\/09\/Helene_Berger_Ein_Bild_das_den_Prozess_der_Erstellung_guter_SEO_d60ee4cb-356b-49be-838d-9a5723a4e9fb-480x269.png 480w\" sizes=\"(min-width: 0px) and (max-width: 480px) 480px, (min-width: 481px) and (max-width: 980px) 980px, (min-width: 981px) 1024px, 100vw\" \/><\/a><figcaption><\/figcaption><\/figure>\n\n\n\n<p><em>Apprenez-en plus, nous avons ici quelques articles int\u00e9ressants sur le sujet<\/em>:<\/p>\n\n\n\n<ol class=\"wp-block-list\">\n<li><a href=\"https:\/\/ahrefs.com\/blog\/seo-writing\/\" target=\"_blank\" rel=\"noopener\">Ahrefs<\/a><\/li>\n\n\n\n<li><a href=\"https:\/\/backlinko.com\/seo-content\" target=\"_blank\" rel=\"noopener\">Backlinko<\/a><\/li>\n\n\n\n<li><a href=\"https:\/\/support.google.com\/webmasters\/answer\/7451184?hl=en\/\" target=\"_blank\" rel=\"noopener\">Aide Google<\/a><\/li>\n\n\n\n<li><a href=\"https:\/\/www.semrush.com\/blog\/how-to-create-seo-friendly-content-with-semrush\/\" target=\"_blank\" rel=\"noopener\">Semrush<\/a><\/li>\n<\/ol>","protected":false},"excerpt":{"rendered":"<p>In der digitalen \u00c4ra ist die Suchmaschinenoptimierung (SEO) zu einem Eckpfeiler des modernen Marketings geworden. Unternehmen und Organisationen streben danach, ihre Online-Pr\u00e4senz durch effektive SEO-Strategien zu maximieren. Gute SEO Texte sind von entscheidender Bedeutung. In diesem Artikel werden wir tiefer in die Welt der SEO-Texterstellung eintauchen und die Schl\u00fcsselelemente und Kriterien f\u00fcr die Erstellung eines [&hellip;]<\/p>","protected":false},"author":2,"featured_media":0,"parent":0,"menu_order":0,"comment_status":"closed","ping_status":"closed","template":"","meta":{"_acf_changed":false,"_et_pb_use_builder":"off","_et_pb_old_content":"","_et_gb_content_width":"","footnotes":""},"difl_page_category":[],"class_list":["post-1464","page","type-page","status-publish","hentry"],"acf":[],"_links":{"self":[{"href":"https:\/\/apalion.com\/fr\/wp-json\/wp\/v2\/pages\/1464","targetHints":{"allow":["GET"]}}],"collection":[{"href":"https:\/\/apalion.com\/fr\/wp-json\/wp\/v2\/pages"}],"about":[{"href":"https:\/\/apalion.com\/fr\/wp-json\/wp\/v2\/types\/page"}],"author":[{"embeddable":true,"href":"https:\/\/apalion.com\/fr\/wp-json\/wp\/v2\/users\/2"}],"replies":[{"embeddable":true,"href":"https:\/\/apalion.com\/fr\/wp-json\/wp\/v2\/comments?post=1464"}],"version-history":[{"count":0,"href":"https:\/\/apalion.com\/fr\/wp-json\/wp\/v2\/pages\/1464\/revisions"}],"wp:attachment":[{"href":"https:\/\/apalion.com\/fr\/wp-json\/wp\/v2\/media?parent=1464"}],"wp:term":[{"taxonomy":"difl_page_category","embeddable":true,"href":"https:\/\/apalion.com\/fr\/wp-json\/wp\/v2\/difl_page_category?post=1464"}],"curies":[{"name":"wp","href":"https:\/\/api.w.org\/{rel}","templated":true}]}}