{"id":1459,"date":"2023-09-12T21:35:38","date_gmt":"2023-09-12T19:35:38","guid":{"rendered":"https:\/\/apalion.com\/?page_id=1459"},"modified":"2023-09-12T21:35:38","modified_gmt":"2023-09-12T19:35:38","slug":"agence-seo-serieuse-en-suisse","status":"publish","type":"page","link":"https:\/\/apalion.com\/fr\/serioese-seo-agentur-in-der-schweiz\/","title":{"rendered":"Agence SEO s\u00e9rieuse"},"content":{"rendered":"<figure class=\"wp-block-image size-large\"><a href=\"https:\/\/apalion.com\/wp-content\/uploads\/2023\/09\/Helene_Berger_Das_Bild_zeigt_ein_modernes_Burogebaude_mit_groe_8a0c863b-3547-4f81-b1c0-fc586bd2ae19.png\"><img decoding=\"async\" width=\"1024\" height=\"574\" src=\"https:\/\/apalion.com\/wp-content\/uploads\/2023\/09\/Helene_Berger_Das_Bild_zeigt_ein_modernes_Burogebaude_mit_groe_8a0c863b-3547-4f81-b1c0-fc586bd2ae19-1024x574.png\" alt=\"Agence SEO s\u00e9rieuse\" class=\"wp-image-1461\" title=\"\" srcset=\"https:\/\/apalion.com\/wp-content\/uploads\/2023\/09\/Helene_Berger_Das_Bild_zeigt_ein_modernes_Burogebaude_mit_groe_8a0c863b-3547-4f81-b1c0-fc586bd2ae19-1024x574.png 1024w, https:\/\/apalion.com\/wp-content\/uploads\/2023\/09\/Helene_Berger_Das_Bild_zeigt_ein_modernes_Burogebaude_mit_groe_8a0c863b-3547-4f81-b1c0-fc586bd2ae19-980x549.png 980w, https:\/\/apalion.com\/wp-content\/uploads\/2023\/09\/Helene_Berger_Das_Bild_zeigt_ein_modernes_Burogebaude_mit_groe_8a0c863b-3547-4f81-b1c0-fc586bd2ae19-480x269.png 480w\" sizes=\"(min-width: 0px) and (max-width: 480px) 480px, (min-width: 481px) and (max-width: 980px) 980px, (min-width: 981px) 1024px, 100vw\" \/><\/a><figcaption><\/figcaption><\/figure>\n\n\n\n<p>Pour r\u00e9ussir un projet de r\u00e9f\u00e9rencement, l'expertise est indispensable. C'est pourquoi les petites et moyennes entreprises, en particulier, font appel \u00e0 des agences de r\u00e9f\u00e9rencement comme Apalion AG pour optimiser leur pr\u00e9sence en ligne. Faites appel \u00e0 nous en tant qu'agence SEO s\u00e9rieuse.<\/p>\n\n\n\n<h4 class=\"wp-block-heading\"><strong>Maximisez votre succ\u00e8s et minimisez les risques avec Apalion AG<\/strong><\/h4>\n\n\n\n<h4 class=\"wp-block-heading\"><strong>Apalion AG ne fait pas de fausses promesses<\/strong> - Nous sommes une agence SEO s\u00e9rieuse<\/h4>\n\n\n\n<p>Il est bien connu qu'il n'y a pas de garanties pour un classement \u00e9lev\u00e9 dans les r\u00e9sultats de recherche. Si une agence donne de telles garanties, elle n'est pas digne de confiance. Apalion AG mise sur l'am\u00e9lioration continue et l'expertise pour favoriser le succ\u00e8s de votre site web sans faire de fausses promesses. Nous vous montrons de mani\u00e8re transparente les r\u00e9sultats que nous obtenons pour vous.<\/p>\n\n\n\n<h4 class=\"wp-block-heading\"><strong>TRANSPARENCE<\/strong><\/h4>\n\n\n\n<h4 class=\"wp-block-heading\"><strong>La soci\u00e9t\u00e9 Apalion AG travaille de mani\u00e8re transparente et offre un feedback r\u00e9gulier<\/strong><\/h4>\n\n\n\n<p>Apalion AG accorde une grande importance \u00e0 la transparence et \u00e0 la communication ouverte avec ses clients. Un aspect important de cette transparence est le reporting r\u00e9gulier, gr\u00e2ce auquel le client et l'agence peuvent discuter ensemble des progr\u00e8s r\u00e9alis\u00e9s et planifier les strat\u00e9gies futures.<\/p>\n\n\n\n<h4 class=\"wp-block-heading\"><strong>L'agence de r\u00e9f\u00e9rencement s\u00e9rieuse - Apalion AG<\/strong><\/h4>\n\n\n\n<h4 class=\"wp-block-heading\"><strong>Offres de prix individuelles sur demande<\/strong><\/h4>\n\n\n\n<p>S'il vous pla\u00eet <a href=\"https:\/\/old.apalion.com\/impressum\/\" data-type=\"page\" data-id=\"326\">contacter<\/a> pour une offre personnalis\u00e9e.<\/p>\n\n\n\n<h4 class=\"wp-block-heading\"><strong>La soci\u00e9t\u00e9 Apalion AG : des succ\u00e8s mesurables sans risque financier<\/strong><\/h4>\n\n\n\n<h4 class=\"wp-block-heading\"><strong>Qu'est-ce qui fait d'Apalion AG une agence de r\u00e9f\u00e9rencement digne de confiance ?<\/strong><\/h4>\n\n\n\n<p>Apalion AG se distingue par sa longue exp\u00e9rience, ses comp\u00e9tences professionnelles et ses m\u00e9thodes \u00e9prouv\u00e9es. Nous accordons une grande importance \u00e0 la transparence et aux relations \u00e0 long terme avec nos clients. Nos actions sont compr\u00e9hensibles et vous obtenez ce que nous promettons.  Qu'il s'agisse de l'Offpage SEO, de l'Onpage SEO, ou des Serps.<\/p>\n\n\n\n<h4 class=\"wp-block-heading\"><strong>Pourquoi faire appel \u00e0 Apalion AG ?<\/strong><\/h4>\n\n\n\n<p>Faire appel \u00e0 Apalion AG peut aider votre entreprise \u00e0 augmenter sa visibilit\u00e9 en ligne, \u00e0 surpasser ses concurrents et \u00e0 stimuler la croissance de son activit\u00e9. \u00c9conomisez le temps et les ressources qui seraient autrement n\u00e9cessaires pour les efforts internes de r\u00e9f\u00e9rencement.<\/p>\n\n\n\n<h4 class=\"wp-block-heading\"><strong>Pourquoi choisissez-vous Apalion AG comme votre agence SEO s\u00e9rieuse ?<\/strong><\/h4>\n\n\n\n<p>Nous accordons une grande importance \u00e0 la transparence et commen\u00e7ons notre collaboration par une analyse approfondie de votre site web et de vos objectifs sp\u00e9cifiques. Nos experts d\u00e9veloppent ensuite des strat\u00e9gies de r\u00e9f\u00e9rencement sur mesure, adapt\u00e9es aux besoins de votre entreprise.<\/p>\n\n\n\n<p>Apalion AG dispose d'une \u00e9quipe d\u00e9di\u00e9e de sp\u00e9cialistes du r\u00e9f\u00e9rencement qui sont constamment \u00e0 la pointe des tendances et des techniques de r\u00e9f\u00e9rencement. Nous appliquons des pratiques de r\u00e9f\u00e9rencement \u00e9thiques et respectons les directives des moteurs de recherche afin d'obtenir des r\u00e9sultats durables.<\/p>\n\n\n\n<p>Les r\u00e9f\u00e9rences et les \u00e9valuations de nos clients t\u00e9moignent de nos succ\u00e8s. Nous avons d\u00e9j\u00e0 aid\u00e9 de nombreuses entreprises \u00e0 accro\u00eetre leur visibilit\u00e9 dans les r\u00e9sultats de recherche et \u00e0 augmenter leur trafic. Nous sommes fiers de nos succ\u00e8s et de construire des partenariats \u00e0 long terme avec nos clients.<\/p>\n\n\n\n<p>En fin de compte, vous devriez choisir Apalion AG comme votre agence de r\u00e9f\u00e9rencement si vous recherchez une agence fiable, exp\u00e9riment\u00e9e et transparente, capable d'optimiser votre pr\u00e9sence en ligne et de faire progresser votre entreprise. Nous sommes pr\u00eats \u00e0 vous aider \u00e0 atteindre vos objectifs en mati\u00e8re de r\u00e9f\u00e9rencement et \u00e0 augmenter votre visibilit\u00e9 en ligne.<\/p>\n\n\n\n<h4 class=\"wp-block-heading\"><strong>Quel est le meilleur moment pour faire appel \u00e0 Apalion AG ?<\/strong><\/h4>\n\n\n\n<p>Le moment id\u00e9al pour faire appel \u00e0 Apalion AG est au d\u00e9but d'un projet ou lors de la refonte d'un site web. Nous recommandons d'int\u00e9grer le SEO d\u00e8s le d\u00e9but de la planification afin d'obtenir des r\u00e9sultats optimaux.<\/p>\n\n\n\n<h3 class=\"wp-block-heading\"><strong>C'est ainsi que vous reconna\u00eetrez Apalion AG comme une agence SEO s\u00e9rieuse :<\/strong><\/h3>\n\n\n\n<h6 class=\"wp-block-heading\"><strong>5 signes indiquant qu'une agence n'est pas digne de confiance<\/strong><\/h6>\n\n\n\n<p>Dans le domaine du SEO, il existe malheureusement aussi des prestataires peu s\u00e9rieux. Voici quelques signaux d'alarme qui pourraient indiquer qu'une agence n'est pas s\u00e9rieuse :<\/p>\n\n\n\n<ul class=\"wp-block-list\">\n<li>Site web incomplet ou con\u00e7u de mani\u00e8re non professionnelle, sans mentions l\u00e9gales ni coordonn\u00e9es.<\/li>\n\n\n\n<li>Des promesses irr\u00e9alistes telles que \u201ePositionnement garanti \u00e0 la premi\u00e8re place sur Google\u201c.<\/li>\n\n\n\n<li>Absence d'interlocuteur personnel et personnel injoignable.<\/li>\n\n\n\n<li>Offres de contrat non sollicit\u00e9es avec de longues dur\u00e9es minimales.<\/li>\n\n\n\n<li>R\u00e9ponses \u00e9vasives aux demandes de renseignements.<\/li>\n<\/ul>\n\n\n\n<h4 class=\"wp-block-heading\"><strong>Vous avez besoin d'un nouveau site web ?<\/strong><\/h4>\n\n\n\n<h4 class=\"wp-block-heading\"><strong>La soci\u00e9t\u00e9 Apalion AG propose des offres de prix individuelles<\/strong><\/h4>\n\n\n\n<p>Apalion AG se distingue par des entretiens de conseil individuels, au cours desquels toutes les questions importantes pour une \u00e9ventuelle collaboration sont clarifi\u00e9es. Apr\u00e8s cet entretien, nous pouvons mieux \u00e9valuer les services n\u00e9cessaires et les objectifs que vous poursuivez. Sur la base de ces informations, nous pouvons vous soumettre une offre gratuite et sans engagement.<\/p>\n\n\n\n<figure class=\"wp-block-image size-large\"><a href=\"https:\/\/apalion.com\/wp-content\/uploads\/2023\/09\/Helene_Berger_Das_Bild_zeigt_ein_modernes_Burogebaude_mit_groe_a5e702c6-d532-40b4-aba7-30f16f18ee13.png\"><img decoding=\"async\" width=\"1024\" height=\"574\" src=\"https:\/\/apalion.com\/wp-content\/uploads\/2023\/09\/Helene_Berger_Das_Bild_zeigt_ein_modernes_Burogebaude_mit_groe_a5e702c6-d532-40b4-aba7-30f16f18ee13-1024x574.png\" alt=\"Agence SEO s\u00e9rieuse\" class=\"wp-image-1462\" title=\"\" srcset=\"https:\/\/apalion.com\/wp-content\/uploads\/2023\/09\/Helene_Berger_Das_Bild_zeigt_ein_modernes_Burogebaude_mit_groe_a5e702c6-d532-40b4-aba7-30f16f18ee13-1024x574.png 1024w, https:\/\/apalion.com\/wp-content\/uploads\/2023\/09\/Helene_Berger_Das_Bild_zeigt_ein_modernes_Burogebaude_mit_groe_a5e702c6-d532-40b4-aba7-30f16f18ee13-980x549.png 980w, https:\/\/apalion.com\/wp-content\/uploads\/2023\/09\/Helene_Berger_Das_Bild_zeigt_ein_modernes_Burogebaude_mit_groe_a5e702c6-d532-40b4-aba7-30f16f18ee13-480x269.png 480w\" sizes=\"(min-width: 0px) and (max-width: 480px) 480px, (min-width: 481px) and (max-width: 980px) 980px, (min-width: 981px) 1024px, 100vw\" \/><\/a><figcaption><\/figcaption><\/figure>\n\n\n\n<h2 class=\"wp-block-heading\">Apprendre plus<\/h2>\n\n\n\n<p>Voici deux sources externes qui proposent des contributions pour \u00e9valuer le s\u00e9rieux des agences de r\u00e9f\u00e9rencement :<\/p>\n\n\n\n<ol class=\"wp-block-list\">\n<li><a href=\"https:\/\/www.highervisibility.com\/seo\/learn\/check-credibility-seo-agency\/\" target=\"_blank\" rel=\"noopener\">Comment v\u00e9rifier la cr\u00e9dibilit\u00e9 d'une agence de r\u00e9f\u00e9rencement ?<\/a>\n<ul class=\"wp-block-list\">\n<li>Cet article vous explique comment \u00e9valuer la cr\u00e9dibilit\u00e9 d'une agence de r\u00e9f\u00e9rencement comme un professionnel. Il propose \u00e9galement des conseils pour reconna\u00eetre les drapeaux rouges, fr\u00e9quents chez les agences peu fiables. L'article souligne l'importance d'une recherche approfondie sur l'histoire et la r\u00e9putation d'une agence et fournit des indications sur ce \u00e0 quoi devrait ressembler une agence SEO s\u00e9rieuse.<\/li>\n<\/ul>\n<\/li>\n\n\n\n<li><a href=\"https:\/\/www.searchenginejournal.com\/seo-understanding-credibility-deliverability\/336131\/\" target=\"_blank\" rel=\"noopener\">SEO in a Nutshell : Comprendre, Cr\u00e9dibilit\u00e9 &amp; Livrabilit\u00e9<\/a>\n<ul class=\"wp-block-list\">\n<li>Cet article donne un aper\u00e7u des trois \u201ebesoins\u201c de Google auxquels les strat\u00e9gies de r\u00e9f\u00e9rencement doivent r\u00e9pondre : Compr\u00e9hension, Cr\u00e9dibilit\u00e9 et Livrabilit\u00e9. Il explique comment les sp\u00e9cialistes du marketing num\u00e9rique peuvent utiliser ces aspects pour tirer le meilleur parti des opportunit\u00e9s offertes par Google. L'article souligne \u00e9galement l'importance de la cr\u00e9dibilit\u00e9 (E-A-T : expertise, autorit\u00e9 et fiabilit\u00e9) dans l'\u00e9valuation des contenus.<\/li>\n<\/ul>\n<\/li>\n<\/ol>","protected":false},"excerpt":{"rendered":"<p>F\u00fcr ein erfolgreiches SEO-Projekt ist Expertise unerl\u00e4sslich. Insbesondere kleine und mittelst\u00e4ndische Unternehmen setzen daher auf SEO Agenturen wie die Apalion AG, um ihre Online-Pr\u00e4senz zu optimieren. Nutzen Sie uns als Seri\u00f6se SEO Agentur. Maximieren Sie Ihren Erfolg und minimieren Sie das Risiko mit der Apalion AG Die Apalion AG bietet keine falschen Versprechungen &#8211; Wir [&hellip;]<\/p>\n","protected":false},"author":2,"featured_media":0,"parent":0,"menu_order":0,"comment_status":"closed","ping_status":"closed","template":"","meta":{"_acf_changed":false,"_et_pb_use_builder":"off","_et_pb_old_content":"","_et_gb_content_width":"","footnotes":""},"difl_page_category":[],"class_list":["post-1459","page","type-page","status-publish","hentry"],"acf":[],"_links":{"self":[{"href":"https:\/\/apalion.com\/fr\/wp-json\/wp\/v2\/pages\/1459","targetHints":{"allow":["GET"]}}],"collection":[{"href":"https:\/\/apalion.com\/fr\/wp-json\/wp\/v2\/pages"}],"about":[{"href":"https:\/\/apalion.com\/fr\/wp-json\/wp\/v2\/types\/page"}],"author":[{"embeddable":true,"href":"https:\/\/apalion.com\/fr\/wp-json\/wp\/v2\/users\/2"}],"replies":[{"embeddable":true,"href":"https:\/\/apalion.com\/fr\/wp-json\/wp\/v2\/comments?post=1459"}],"version-history":[{"count":0,"href":"https:\/\/apalion.com\/fr\/wp-json\/wp\/v2\/pages\/1459\/revisions"}],"wp:attachment":[{"href":"https:\/\/apalion.com\/fr\/wp-json\/wp\/v2\/media?parent=1459"}],"wp:term":[{"taxonomy":"difl_page_category","embeddable":true,"href":"https:\/\/apalion.com\/fr\/wp-json\/wp\/v2\/difl_page_category?post=1459"}],"curies":[{"name":"wp","href":"https:\/\/api.w.org\/{rel}","templated":true}]}}