{"id":1455,"date":"2023-09-12T16:30:38","date_gmt":"2023-09-12T14:30:38","guid":{"rendered":"https:\/\/apalion.com\/?page_id=1455"},"modified":"2023-09-12T16:30:38","modified_gmt":"2023-09-12T14:30:38","slug":"offpage-seo-backlinks-pillow-anker","status":"publish","type":"page","link":"https:\/\/apalion.com\/fr\/offpage-seo-backlinks-pillow-anker\/","title":{"rendered":"Que sont les backlinks ?"},"content":{"rendered":"<figure class=\"wp-block-image size-large\"><a href=\"https:\/\/apalion.com\/wp-content\/uploads\/2023\/09\/Helene_Berger_Image_Description_In_a_brightly_lit_environment_a_dd8889c6-e211-412a-b98c-fd672582f3f6.png\"><img decoding=\"async\" src=\"https:\/\/apalion.com\/wp-content\/uploads\/2023\/09\/Helene_Berger_Image_Description_In_a_brightly_lit_environment_a_dd8889c6-e211-412a-b98c-fd672582f3f6-1024x574.png\" alt=\"Backlinks SEO off-page\" class=\"wp-image-1456\" title=\"\"><\/a><figcaption><\/figcaption><\/figure>\n\n\n\n<p>Les backlinks, \u00e9galement connus sous le nom de \u201einbound\u201c ou \u201eincoming links\u201c, sont des liens d'une page d'un site web vers une autre. Ils constituent un signal pour les moteurs de recherche indiquant que d'autres sites se portent garants de votre contenu, ce qui est consid\u00e9r\u00e9 comme une \u201evoix de confiance\u201c. Par exemple, si vous partagez un lien vers votre blog pr\u00e9f\u00e9r\u00e9 sur votre site, le blogueur recevra un backlink de votre part.<\/p>\n\n\n\n<h2 class=\"wp-block-heading\">Pertinence des backlinks pour le SEO<\/h2>\n\n\n\n<h2 class=\"wp-block-heading\"><\/h2>\n\n\n\n<p>Les backlinks sont importants pour le r\u00e9f\u00e9rencement pour deux raisons principales :<\/p>\n\n\n\n<ul class=\"wp-block-list\">\n<li><strong>Classements<\/strong>Plus vos pages web ont de backlinks, plus elles ont de chances d'\u00eatre class\u00e9es pour des requ\u00eates de recherche pertinentes. Un nombre \u00e9lev\u00e9 de backlinks de qualit\u00e9 peut consid\u00e9rablement am\u00e9liorer la visibilit\u00e9 d'un site web dans les r\u00e9sultats de recherche.<\/li>\n\n\n\n<li><strong>D\u00e9couverabilit\u00e9<\/strong>Les moteurs de recherche visitent plus souvent les sites populaires que les sites peu populaires. Votre contenu est d\u00e9couvert plus rapidement si vous obtenez des backlinks de pages populaires. Cela favorise une indexation rapide de votre site par les moteurs de recherche.<\/li>\n<\/ul>\n\n\n\n<h2 class=\"wp-block-heading\">Offpage-SEO et l'importance des backlinks<\/h2>\n\n\n\n<p>L'acquisition de backlinks est en effet un \u00e9l\u00e9ment important du SEO off-page, car les backlinks pointent vers votre site web \u00e0 partir d'autres sites web et sont consid\u00e9r\u00e9s par les moteurs de recherche comme une sorte de recommandation. Cela peut donner plus de poids et d'autorit\u00e9 \u00e0 votre site web, ce qui peut avoir un effet positif sur votre classement dans les r\u00e9sultats de recherche. Voyons cela de plus pr\u00e8s et expliquons les diff\u00e9rences entre les approches White Hat et Black Hat SEO :<\/p>\n\n\n\n<p><strong>1. le r\u00e9f\u00e9rencement White Hat :<\/strong><\/p>\n\n\n\n<ul class=\"wp-block-list\">\n<li><strong>La qualit\u00e9 avant la quantit\u00e9 :<\/strong> Dans le cadre du White Hat Link Building, la strat\u00e9gie se concentre sur l'acquisition de backlinks de qualit\u00e9, pertinents et naturels. Cela signifie que les liens doivent provenir de sites web fiables et li\u00e9s \u00e0 la th\u00e9matique.<\/li>\n\n\n\n<li><strong>Pratiques \u00e9thiques :<\/strong> Le White Hat SEO suit les directives et les meilleures pratiques des moteurs de recherche comme Google. Il \u00e9vite la manipulation et la tricherie pour acqu\u00e9rir des liens. Au lieu de cela, il utilise des tactiques \u00e9thiques comme la cr\u00e9ation de contenus de qualit\u00e9 et le r\u00e9seautage pour obtenir des backlinks naturels.<\/li>\n\n\n\n<li><strong>Durabilit\u00e9 \u00e0 long terme :<\/strong> L'accent est mis sur la durabilit\u00e9 \u00e0 long terme et la construction d'une pr\u00e9sence en ligne solide. Le White Hat SEO cherche \u00e0 gagner la confiance des moteurs de recherche comme des utilisateurs.<\/li>\n<\/ul>\n\n\n\n<p><strong>2. le r\u00e9f\u00e9rencement Black Hat :<\/strong><\/p>\n\n\n\n<ul class=\"wp-block-list\">\n<li><strong>La quantit\u00e9 prime sur la qualit\u00e9 :<\/strong> Le Black Hat SEO vise souvent \u00e0 g\u00e9n\u00e9rer le plus de backlinks possible en un minimum de temps, sans tenir compte de la qualit\u00e9 ou de la pertinence des sources.<\/li>\n\n\n\n<li><strong>Pratiques contraires \u00e0 l'\u00e9thique :<\/strong> Cette strat\u00e9gie peut aller \u00e0 l'encontre des directives des moteurs de recherche et comprend des pratiques telles que la cr\u00e9ation de liens spam, le cloaking de contenu, le bourrage de mots-cl\u00e9s et d'autres manipulations visant \u00e0 am\u00e9liorer le classement.<\/li>\n\n\n\n<li><strong>Gains \u00e0 court terme :<\/strong> Les m\u00e9thodes de Black Hat SEO peuvent donner des r\u00e9sultats \u00e0 court terme en augmentant temporairement le classement dans les moteurs de recherche. Toutefois, \u00e0 long terme, elles peuvent entra\u00eener de lourdes sanctions, comme la suppression des r\u00e9sultats de recherche ou le d\u00e9classement du site.<\/li>\n<\/ul>\n\n\n\n<p>Il est important de souligner que les pratiques de Black Hat SEO sont risqu\u00e9es et peuvent, \u00e0 long terme, faire plus de mal que de bien. Les moteurs de recherche comme Google ont d\u00e9velopp\u00e9 des algorithmes pour d\u00e9tecter et sanctionner ces techniques contraires \u00e0 l'\u00e9thique. La strat\u00e9gie \u00e0 long terme devrait toujours viser \u00e0 acqu\u00e9rir des backlinks de qualit\u00e9 par des pratiques \u00e9thiques et durables (White Hat SEO) afin d'am\u00e9liorer le classement de votre site et de renforcer sa cr\u00e9dibilit\u00e9.<\/p>\n\n\n\n<h2 class=\"wp-block-heading\">Strat\u00e9gies pour un link building efficace<\/h2>\n\n\n\n<p>Le link building, en tant qu'\u00e9l\u00e9ment indispensable de l'optimisation pour les moteurs de recherche (SEO), est une strat\u00e9gie \u00e0 long terme dans le domaine du marketing en ligne. Le processus de construction de backlinks qui renvoient \u00e0 votre site web joue un r\u00f4le d\u00e9cisif dans l'am\u00e9lioration de votre classement dans les r\u00e9sultats de recherche. Voici trois strat\u00e9gies de base, que vous pouvez mettre en \u0153uvre vous-m\u00eame, pour un link building efficace :<\/p>\n\n\n\n<p><strong>1. cr\u00e9ation de contenus de qualit\u00e9 :<\/strong><\/p>\n\n\n\n<p>L'une des strat\u00e9gies de link building les plus durables et les plus \u00e9thiques consiste \u00e0 cr\u00e9er un contenu de qualit\u00e9 sur votre site web. Si votre site web propose des contenus utiles, informatifs et attrayants, d'autres sites web seront plus enclins \u00e0 cr\u00e9er des liens vers ces contenus. Voici quelques conseils :<\/p>\n\n\n\n<ul class=\"wp-block-list\">\n<li><strong>Contenu pertinent et informatif :<\/strong> Cr\u00e9ez un contenu pertinent et informatif pour votre groupe cible. Proposez une valeur ajout\u00e9e qui encouragera les autres \u00e0 cr\u00e9er un lien vers votre site.<\/li>\n\n\n\n<li><strong>\u00c9l\u00e9ments visuels :<\/strong> Int\u00e9grez des \u00e9l\u00e9ments visuels tels que des images, des graphiques et des vid\u00e9os dans vos contenus afin de les rendre plus attrayants et d'encourager le partage et la cr\u00e9ation de liens.<\/li>\n\n\n\n<li><strong>Mettre \u00e0 jour r\u00e9guli\u00e8rement :<\/strong> Maintenez votre contenu \u00e0 jour en l'actualisant r\u00e9guli\u00e8rement et en y ajoutant des informations pertinentes.<\/li>\n<\/ul>\n\n\n\n<p><strong>2. contributions d'invit\u00e9s et coop\u00e9rations :<\/strong><\/p>\n\n\n\n<p>Une autre m\u00e9thode efficace de cr\u00e9ation de liens consiste \u00e0 publier des articles invit\u00e9s sur d'autres sites web ou \u00e0 conclure des coop\u00e9rations avec d'autres experts du secteur. A cet \u00e9gard, il convient de noter que<\/p>\n\n\n\n<ul class=\"wp-block-list\">\n<li><strong>Sites web pertinents :<\/strong> Recherchez des sites web dans votre secteur ou votre niche qui acceptent les contributions d'invit\u00e9s. Ces sites doivent avoir une bonne r\u00e9putation et un lectorat \u00e9tabli.<\/li>\n\n\n\n<li><strong>Des contributions de qualit\u00e9 :<\/strong> Cr\u00e9ez des articles invit\u00e9s de qualit\u00e9 qui offrent un contenu de valeur. Assurez-vous que votre article invit\u00e9 est pertinent pour le groupe cible du site web sur lequel il est publi\u00e9.<\/li>\n\n\n\n<li><strong>Coop\u00e9ration :<\/strong> Collaborez avec d'autres experts du secteur pour cr\u00e9er ensemble des contenus de qualit\u00e9 ou organiser des webinaires et des \u00e9v\u00e9nements. Ces collaborations peuvent contribuer \u00e0 obtenir des backlinks pr\u00e9cieux \u00e0 partir de leurs sites web.<\/li>\n<\/ul>\n\n\n\n<p><strong>3. surveiller et entretenir les backlinks :<\/strong><\/p>\n\n\n\n<p>La surveillance et l'entretien de vos backlinks existants sont tout aussi importants que la cr\u00e9ation de nouveaux liens. Assurez-vous que vos backlinks existants sont actifs et intacts. Voici quelques mesures que vous pouvez prendre :<\/p>\n\n\n\n<ul class=\"wp-block-list\">\n<li><strong>Analyse des backlinks :<\/strong> Utilisez des outils d'analyse des backlinks pour d\u00e9terminer quels sont les sites qui font un lien vers le v\u00f4tre. Identifiez les liens qui posent probl\u00e8me ou qui ne sont plus valables.<\/li>\n\n\n\n<li><strong>Contactez Webmaster :<\/strong> Si vous rencontrez des liens bris\u00e9s ou si vous constatez que des backlinks ne sont plus d'actualit\u00e9, contactez les webmasters des sites qui proposent des liens et demandez-leur de les mettre \u00e0 jour ou de les corriger.<\/li>\n\n\n\n<li><strong>Encourager le partage social :<\/strong> Veillez \u00e0 ce que votre contenu puisse \u00eatre facilement partag\u00e9 sur les m\u00e9dias sociaux afin d'augmenter la probabilit\u00e9 que d'autres personnes cr\u00e9ent un lien vers lui.<\/li>\n<\/ul>\n\n\n\n<p>Un link building efficace exige de la patience et une strat\u00e9gie \u00e0 long terme. En cr\u00e9ant des contenus de qualit\u00e9, des contributions d'invit\u00e9s sur des sites web pertinents et en entretenant les backlinks existants, vous pouvez rendre votre site web plus autoritaire et am\u00e9liorer son classement dans les moteurs de recherche \u00e0 long terme.<\/p>\n\n\n\n<h2 class=\"wp-block-heading\">Apprendre plus<\/h2>\n\n\n\n<p>Nous avons ici quelques articles int\u00e9ressants sur le sujet :<\/p>\n\n\n\n<ol class=\"wp-block-list\">\n<li><a href=\"https:\/\/moz.com\/learn\/seo\/backlinks\" target=\"_blank\" rel=\"noopener\">Moz - Qu'est-ce que les backlinks et pourquoi sont-ils importants pour le SEO ?<\/a><\/li>\n\n\n\n<li><a href=\"https:\/\/ahrefs.com\/blog\/what-are-backlinks\/\" target=\"_blank\" rel=\"noopener\">Ahrefs - Que sont les backlinks dans le SEO ? Tout ce que vous devez savoir<\/a><\/li>\n<\/ol>\n\n\n\n<figure class=\"wp-block-image size-large\"><a href=\"https:\/\/apalion.com\/wp-content\/uploads\/2023\/09\/Helene_Berger_Image_Description_In_a_brightly_lit_environment_a_ef5b1943-fa41-46a6-9400-cb3d7beedac8-1.png\"><img decoding=\"async\" width=\"1024\" height=\"574\" src=\"https:\/\/apalion.com\/wp-content\/uploads\/2023\/09\/Helene_Berger_Image_Description_In_a_brightly_lit_environment_a_ef5b1943-fa41-46a6-9400-cb3d7beedac8-1-1024x574.png\" alt=\"Backlinks SEO off-page\" class=\"wp-image-1457\" title=\"\" srcset=\"https:\/\/apalion.com\/wp-content\/uploads\/2023\/09\/Helene_Berger_Image_Description_In_a_brightly_lit_environment_a_ef5b1943-fa41-46a6-9400-cb3d7beedac8-1-980x549.png 980w, https:\/\/apalion.com\/wp-content\/uploads\/2023\/09\/Helene_Berger_Image_Description_In_a_brightly_lit_environment_a_ef5b1943-fa41-46a6-9400-cb3d7beedac8-1-480x269.png 480w\" sizes=\"(min-width: 0px) and (max-width: 480px) 480px, (min-width: 481px) and (max-width: 980px) 980px, (min-width: 981px) 1024px, 100vw\" \/><\/a><figcaption><\/figcaption><\/figure>","protected":false},"excerpt":{"rendered":"<p>Backlinks, auch als &#8222;inbound&#8220; oder &#8222;incoming links&#8220; bekannt, sind Links von einer Seite auf einer Website zu einer anderen. Sie sind ein Signal f\u00fcr Suchmaschinen, dass andere Websites f\u00fcr Ihren Inhalt b\u00fcrgen, was als &#8222;Stimme des Vertrauens&#8220; angesehen wird. Zum Beispiel, wenn Sie einen Link zu Ihrem Lieblingsblog auf Ihrer Website teilen, erh\u00e4lt der Blogger [&hellip;]<\/p>\n","protected":false},"author":2,"featured_media":0,"parent":0,"menu_order":0,"comment_status":"closed","ping_status":"closed","template":"","meta":{"_acf_changed":false,"_et_pb_use_builder":"off","_et_pb_old_content":"","_et_gb_content_width":"","footnotes":""},"difl_page_category":[],"class_list":["post-1455","page","type-page","status-publish","hentry"],"acf":[],"_links":{"self":[{"href":"https:\/\/apalion.com\/fr\/wp-json\/wp\/v2\/pages\/1455","targetHints":{"allow":["GET"]}}],"collection":[{"href":"https:\/\/apalion.com\/fr\/wp-json\/wp\/v2\/pages"}],"about":[{"href":"https:\/\/apalion.com\/fr\/wp-json\/wp\/v2\/types\/page"}],"author":[{"embeddable":true,"href":"https:\/\/apalion.com\/fr\/wp-json\/wp\/v2\/users\/2"}],"replies":[{"embeddable":true,"href":"https:\/\/apalion.com\/fr\/wp-json\/wp\/v2\/comments?post=1455"}],"version-history":[{"count":0,"href":"https:\/\/apalion.com\/fr\/wp-json\/wp\/v2\/pages\/1455\/revisions"}],"wp:attachment":[{"href":"https:\/\/apalion.com\/fr\/wp-json\/wp\/v2\/media?parent=1455"}],"wp:term":[{"taxonomy":"difl_page_category","embeddable":true,"href":"https:\/\/apalion.com\/fr\/wp-json\/wp\/v2\/difl_page_category?post=1455"}],"curies":[{"name":"wp","href":"https:\/\/api.w.org\/{rel}","templated":true}]}}