{"id":1431,"date":"2023-09-11T15:14:11","date_gmt":"2023-09-11T13:14:11","guid":{"rendered":"https:\/\/apalion.com\/?page_id=1431"},"modified":"2023-09-11T15:14:11","modified_gmt":"2023-09-11T13:14:11","slug":"onpage-seo-le-lien-interne","status":"publish","type":"page","link":"https:\/\/apalion.com\/fr\/onpage-seo-le-lien-interne\/","title":{"rendered":"Lien interne"},"content":{"rendered":"<figure class=\"wp-block-image size-large\"><a href=\"https:\/\/apalion.com\/wp-content\/uploads\/2023\/09\/Helene_Berger_creat_a_picture_of_a_friendly_and_modern_light_fl_92e138ea-f861-4f68-a037-93b4aa47f9dc.png\"><img decoding=\"async\" width=\"1024\" height=\"574\" src=\"https:\/\/apalion.com\/wp-content\/uploads\/2023\/09\/Helene_Berger_creat_a_picture_of_a_friendly_and_modern_light_fl_92e138ea-f861-4f68-a037-93b4aa47f9dc-1024x574.png\" alt=\"\" class=\"wp-image-1432\" title=\"\" srcset=\"https:\/\/apalion.com\/wp-content\/uploads\/2023\/09\/Helene_Berger_creat_a_picture_of_a_friendly_and_modern_light_fl_92e138ea-f861-4f68-a037-93b4aa47f9dc-980x549.png 980w, https:\/\/apalion.com\/wp-content\/uploads\/2023\/09\/Helene_Berger_creat_a_picture_of_a_friendly_and_modern_light_fl_92e138ea-f861-4f68-a037-93b4aa47f9dc-480x269.png 480w\" sizes=\"(min-width: 0px) and (max-width: 480px) 480px, (min-width: 481px) and (max-width: 980px) 980px, (min-width: 981px) 1024px, 100vw\" \/><\/a><figcaption><\/figcaption><\/figure>\n\n\n\n<h4 class=\"wp-block-heading\">L'importance des liens internes<\/h4>\n\n\n\n<p>Dans ce texte, tout tourne autour du lien interne. Quand un lien interne est-il utile ? Est-il vraiment utile ? Quels sont les avantages de l'utilisation des liens internes et \u00e0 quoi faut-il faire attention lors de la mise en place des liens ? Toutes ces questions trouveront d\u00e9sormais une r\u00e9ponse compl\u00e8te, de sorte qu'\u00e0 la fin, vous saurez tout sur le th\u00e8me des liens internes.<\/p>\n\n\n\n<h4 class=\"wp-block-heading\">Questions sur les liens internes<\/h4>\n\n\n\n<p>Le lien interne peut offrir de nombreux avantages lorsqu'il est utilis\u00e9 correctement. Cependant, il est \u00e9galement important de savoir quand il n'est pas utile afin de garantir une exp\u00e9rience utilisateur optimale.<\/p>\n\n\n\n<h4 class=\"wp-block-heading\">Les liens internes comme partie de l'optimisation SEO on-page<\/h4>\n\n\n\n<p>Les liens internes sont un \u00e9l\u00e9ment essentiel de l'optimisation SEO on-page. En cr\u00e9ant des liens strat\u00e9giques au sein de votre site web, vous pouvez non seulement am\u00e9liorer l'exp\u00e9rience utilisateur, mais aussi influencer positivement votre classement dans les r\u00e9sultats de recherche.<\/p>\n\n\n\n<h2 class=\"wp-block-heading\">D\u00e9finition<\/h2>\n\n\n\n<h4 class=\"wp-block-heading\">Qu'est-ce qu'un lien interne ?<\/h4>\n\n\n\n<p>Un lien interne est un lien qui, par exemple, dans un article de blog, m\u00e8ne \u00e0 un autre article de blog qui appartient \u00e9galement au m\u00eame site web. Il peut \u00e9galement s'agir d'un lien vers un produit de la boutique en ligne correspondante. Par exemple, dans un blog sur les animaux de compagnie, vous pouvez inclure dans un texte sur les cochons d'Inde un lien vers un article sur les lapins, qui fait \u00e9galement partie de ce blog. De m\u00eame, il est possible d'ins\u00e9rer dans un article sur la bonne alimentation des chiens un lien vers la boutique en ligne qui fait partie du blog et dans laquelle vous proposez \u00e0 la vente des aliments pour chiens.<\/p>\n\n\n\n<h4 class=\"wp-block-heading\">Exemples d'application<\/h4>\n\n\n\n<p>Un lien interne fonctionne \u00e9galement directement sur le site web de la boutique. Les descriptions de cat\u00e9gories, par exemple, sont id\u00e9ales pour faire r\u00e9f\u00e9rence aux diff\u00e9rents produits de la boutique. Par exemple, si vous avez une boutique de produits de soins capillaires, vous pouvez cr\u00e9er un lien dans la description de la cat\u00e9gorie shampooing vers les shampooings individuels ainsi que vers les apr\u00e8s-shampooings et les soins capillaires correspondants. De cette mani\u00e8re, vous guidez vos clients vers les produits qui pourraient les int\u00e9resser.<\/p>\n\n\n\n<h2 class=\"wp-block-heading\">Optimisation SEO par lien interne<\/h2>\n\n\n\n<h4 class=\"wp-block-heading\">Introduction \u00e0 l'optimisation SEO on-page par les liens internes<\/h4>\n\n\n\n<p>Les liens internes sont un \u00e9l\u00e9ment critique de l'optimisation SEO on-page. Une structure de liens bien pens\u00e9e peut aider \u00e0 am\u00e9liorer le classement de votre site web dans les r\u00e9sultats de recherche.<\/p>\n\n\n\n<h4 class=\"wp-block-heading\">Utilisation de textes d'ancrage pertinents<\/h4>\n\n\n\n<p>Le texte d'ancrage utilis\u00e9 pour un lien doit \u00eatre clair et pr\u00e9cis et donner \u00e0 l'utilisateur et aux moteurs de recherche une indication sur le contenu de la page li\u00e9e.<\/p>\n\n\n\n<h4 class=\"wp-block-heading\">Liens vers des sites pertinents<\/h4>\n\n\n\n<p>Liez des pages pertinentes au sein de votre site web afin d'offrir \u00e0 l'utilisateur un acc\u00e8s facile \u00e0 d'autres informations pertinentes et d'augmenter le temps pass\u00e9 sur votre site web.<\/p>\n\n\n\n<h4 class=\"wp-block-heading\">\u00c9viter les liens morts<\/h4>\n\n\n\n<p>Les liens morts ou les erreurs 404 peuvent nuire \u00e0 l'exp\u00e9rience utilisateur et entra\u00eener une baisse du classement dans les r\u00e9sultats de recherche. Assurez-vous que tous les liens de votre site fonctionnent correctement.<\/p>\n\n\n\n<h4 class=\"wp-block-heading\">Utilisation de cat\u00e9gories pertinentes<\/h4>\n\n\n\n<p>Organisez votre site en cat\u00e9gories judicieuses et cr\u00e9ez des liens \u00e0 l'int\u00e9rieur de ces cat\u00e9gories afin de faciliter la navigation de l'utilisateur.<\/p>\n\n\n\n<h4 class=\"wp-block-heading\">\u00c9viter les liens excessifs<\/h4>\n\n\n\n<p>Un nombre excessif de liens peut nuire \u00e0 l'exp\u00e9rience utilisateur et entra\u00eener une baisse du classement dans les r\u00e9sultats de recherche. N'utilisez que des liens pertinents et limitez le nombre de liens par page.<\/p>\n\n\n\n<h4 class=\"wp-block-heading\">Liens vers des pages de renvoi<\/h4>\n\n\n\n<p>Liez les pages de renvoi importantes au sein de votre site web afin de les rendre plus accessibles aux utilisateurs et d'am\u00e9liorer le classement dans les r\u00e9sultats de recherche.<\/p>\n\n\n\n<h2 class=\"wp-block-heading\">Utilisation judicieuse du lien interne<\/h2>\n\n\n\n<h4 class=\"wp-block-heading\">Quand un lien interne est-il utile ?<\/h4>\n\n\n\n<p>Les liens internes sont toujours utiles lorsque les liens peuvent repr\u00e9senter une solution au probl\u00e8me du client. Ils ne doivent donc \u00eatre envisag\u00e9s que si le sujet ou le produit li\u00e9 est \u00e9galement pertinent \u00e0 ce moment-l\u00e0. Il est peu judicieux d'ins\u00e9rer un lien vers un shampooing dans un texte qui traite de la composition d'une huile de moteur.<\/p>\n\n\n\n<h4 class=\"wp-block-heading\">Potentiel des liens internes<\/h4>\n\n\n\n<p>Un lien interne - s'il est utilis\u00e9 correctement - peut avoir un potentiel incroyable. Il se peut que votre client ne sache pas encore que vous proposez \u00e9galement tel ou tel produit dans votre assortiment et que ce soit le lien qui lui donne l'id\u00e9e d'acheter \u00e9galement ce produit. Il se peut aussi qu'il n'ait jamais entendu parler de ce produit auparavant et que le lien direct lui permette de se faire imm\u00e9diatement une id\u00e9e de ce produit en un seul clic, sans avoir \u00e0 le chercher sp\u00e9cialement.<\/p>\n\n\n\n<h4 class=\"wp-block-heading\">Utilisation correcte du lien interne<\/h4>\n\n\n\n<p>Veillez cependant toujours \u00e0 ne pas exag\u00e9rer avec les liens. Il peut \u00eatre judicieux de lier deux ou trois produits dans un texte de longueur moyenne, mais le texte principal doit toujours parler du produit lui-m\u00eame et donner des informations \u00e0 son sujet. Tout l'art consiste \u00e0 pr\u00e9senter le lien interne comme un bonus, c'est-\u00e0-dire quasiment comme la cerise sur le g\u00e2teau, sans qu'il ne soit pour autant intrusif et que le client se sente agress\u00e9. Il faut beaucoup d'exp\u00e9rience et de doigt\u00e9 pour pouvoir int\u00e9grer de tels liens internes de mani\u00e8re appropri\u00e9e dans les textes.<\/p>\n\n\n\n<p><\/p>\n\n\n\n\n\n<h2 class=\"wp-block-heading\">Contact pour une aide professionnelle<\/h2>\n\n\n\n<h4 class=\"wp-block-heading\">Engagement d'experts en SEO<\/h4>\n\n\n\n<p>Vous souhaitez vous aussi profiter des avantages des liens internes, mais vous ne vous sentez pas tr\u00e8s \u00e0 l'aise avec cette th\u00e9matique ? N'h\u00e9sitez pas \u00e0 faire appel aux experts de notre agence de r\u00e9f\u00e9rencement. <\/p>\n\n\n\n<h4 class=\"wp-block-heading\">Services de l'agence de r\u00e9f\u00e9rencement<\/h4>\n\n\n\n<p>Nous cr\u00e9ons volontiers des textes SEO professionnels \u00e0 l'aide de notre propre logiciel et int\u00e9grons dans ce cadre l'un ou l'autre lien interne judicieux dans les textes. Si vous le souhaitez, nous pouvons \u00e9galement cr\u00e9er directement un site web bien con\u00e7u qui vous permettra de bien vous classer parmi les mots-cl\u00e9s de votre choix. Vous disposez d\u00e9j\u00e0 d'un site web qui a toutefois besoin d'\u00eatre peaufin\u00e9 et optimis\u00e9 ? Nos experts se chargeront volontiers de cette t\u00e2che pour vous.<\/p>\n\n\n\n<figure class=\"wp-block-image size-large\"><a href=\"https:\/\/apalion.com\/wp-content\/uploads\/2023\/09\/Helene_Berger_creat_a_picture_of_a_friendly_and_modern_light_fl_92e138ea-f861-4f68-a037-93b4aa47f9dc.png\"><img decoding=\"async\" width=\"1024\" height=\"574\" src=\"https:\/\/apalion.com\/wp-content\/uploads\/2023\/09\/Helene_Berger_creat_a_picture_of_a_friendly_and_modern_light_fl_92e138ea-f861-4f68-a037-93b4aa47f9dc-1024x574.png\" alt=\"\" class=\"wp-image-1432\" title=\"\" srcset=\"https:\/\/apalion.com\/wp-content\/uploads\/2023\/09\/Helene_Berger_creat_a_picture_of_a_friendly_and_modern_light_fl_92e138ea-f861-4f68-a037-93b4aa47f9dc-980x549.png 980w, https:\/\/apalion.com\/wp-content\/uploads\/2023\/09\/Helene_Berger_creat_a_picture_of_a_friendly_and_modern_light_fl_92e138ea-f861-4f68-a037-93b4aa47f9dc-480x269.png 480w\" sizes=\"(min-width: 0px) and (max-width: 480px) 480px, (min-width: 481px) and (max-width: 980px) 980px, (min-width: 981px) 1024px, 100vw\" \/><\/a><figcaption><\/figcaption><\/figure>\n\n\n\n<h2 class=\"wp-block-heading\">Informations compl\u00e9mentaires<\/h2>\n\n\n\n<ol class=\"wp-block-list\" start=\"3\">\n<li><a href=\"https:\/\/www.mso-digital.de\/blog\/interne-verlinkungen\/\" target=\"_blank\" rel=\"noopener\">Comprendre et optimiser les liens internes | mso digital Blog<\/a>\n<ul class=\"wp-block-list\">\n<li>Cet article de blog propose un guide d\u00e9taill\u00e9 sur l'optimisation des liens internes. Il aborde diff\u00e9rents aspects tels que les menus, les fils d'Ariane, le positionnement des liens et les textes d'ancrage. L'article propose \u00e9galement des conseils sur l'utilisation efficace du linkjuice et sur l'augmentation de l'efficacit\u00e9 SEO gr\u00e2ce \u00e0 des liens internes strat\u00e9giques.<\/li>\n\n\n\n<li>Source : mso-digital.de<\/li>\n<\/ul>\n<\/li>\n\n\n\n<li><a href=\"https:\/\/www.seokratie.de\/interne-verlinkung\/\" target=\"_blank\" rel=\"noopener\">Lien interne &amp; SEO : conseils + astuces - Seocratie<\/a>\n<ul class=\"wp-block-list\">\n<li>Cet article met l'accent sur l'importance des liens internes pour le r\u00e9f\u00e9rencement. Il pr\u00e9sente diff\u00e9rents mod\u00e8les et strat\u00e9gies pour optimiser le linking interne, y compris l'utilisation du linkjuice et le placement de liens internes selon le mod\u00e8le du Reasonable Surfer. L'article propose \u00e9galement une liste d'outils utiles pour le linking interne.<\/li>\n\n\n\n<li>Source : seokratie.de<\/li>\n<\/ul>\n<\/li>\n<\/ol>\n\n\n\n<p><\/p>","protected":false},"excerpt":{"rendered":"<p>Die Bedeutung der internen Verlinkung In diesem Text dreht sich alles um die interne Verlinkung. Wann ist eine interne Verlinkung sinnvoll? Ist sie \u00fcberhaupt sinnvoll? Welche Vorteile ergeben sich durch den Einsatz interner Verlinkungen und worauf sollte man beim Setzen der Verlinkungen achten? All diese Fragen werden nun vollumf\u00e4nglich beantwortet, sodass Sie am Ende alles [&hellip;]<\/p>","protected":false},"author":2,"featured_media":0,"parent":0,"menu_order":0,"comment_status":"closed","ping_status":"closed","template":"","meta":{"_acf_changed":false,"_et_pb_use_builder":"","_et_pb_old_content":"","_et_gb_content_width":"","footnotes":""},"difl_page_category":[],"class_list":["post-1431","page","type-page","status-publish","hentry"],"acf":[],"_links":{"self":[{"href":"https:\/\/apalion.com\/fr\/wp-json\/wp\/v2\/pages\/1431","targetHints":{"allow":["GET"]}}],"collection":[{"href":"https:\/\/apalion.com\/fr\/wp-json\/wp\/v2\/pages"}],"about":[{"href":"https:\/\/apalion.com\/fr\/wp-json\/wp\/v2\/types\/page"}],"author":[{"embeddable":true,"href":"https:\/\/apalion.com\/fr\/wp-json\/wp\/v2\/users\/2"}],"replies":[{"embeddable":true,"href":"https:\/\/apalion.com\/fr\/wp-json\/wp\/v2\/comments?post=1431"}],"version-history":[{"count":0,"href":"https:\/\/apalion.com\/fr\/wp-json\/wp\/v2\/pages\/1431\/revisions"}],"wp:attachment":[{"href":"https:\/\/apalion.com\/fr\/wp-json\/wp\/v2\/media?parent=1431"}],"wp:term":[{"taxonomy":"difl_page_category","embeddable":true,"href":"https:\/\/apalion.com\/fr\/wp-json\/wp\/v2\/difl_page_category?post=1431"}],"curies":[{"name":"wp","href":"https:\/\/api.w.org\/{rel}","templated":true}]}}