{"id":1427,"date":"2023-09-11T14:40:56","date_gmt":"2023-09-11T12:40:56","guid":{"rendered":"https:\/\/apalion.com\/?page_id=1427"},"modified":"2023-09-11T14:40:56","modified_gmt":"2023-09-11T12:40:56","slug":"optimisation-de-la-vitesse-des-pages-google-avec-apalion-ag","status":"publish","type":"page","link":"https:\/\/apalion.com\/fr\/google-pagespeed-optimierung-mit-apalion-ag\/","title":{"rendered":"Optimisation de la vitesse de page Google"},"content":{"rendered":"<figure class=\"wp-block-image size-large\"><a href=\"https:\/\/apalion.com\/wp-content\/uploads\/2023\/09\/Helene_Berger_Das_Bild_zeigt_einen_Desktop-Computerbildschirm_a_4cbf35a6-ae80-4047-b7a4-7accfb42a990.png\"><img decoding=\"async\" width=\"1024\" height=\"574\" src=\"https:\/\/apalion.com\/wp-content\/uploads\/2023\/09\/Helene_Berger_Das_Bild_zeigt_einen_Desktop-Computerbildschirm_a_4cbf35a6-ae80-4047-b7a4-7accfb42a990-1024x574.png\" alt=\"Optimisation de la vitesse de page Google sur un ordinateur portable\" class=\"wp-image-1428\" title=\"\" srcset=\"https:\/\/apalion.com\/wp-content\/uploads\/2023\/09\/Helene_Berger_Das_Bild_zeigt_einen_Desktop-Computerbildschirm_a_4cbf35a6-ae80-4047-b7a4-7accfb42a990-980x549.png 980w, https:\/\/apalion.com\/wp-content\/uploads\/2023\/09\/Helene_Berger_Das_Bild_zeigt_einen_Desktop-Computerbildschirm_a_4cbf35a6-ae80-4047-b7a4-7accfb42a990-480x269.png 480w\" sizes=\"(min-width: 0px) and (max-width: 480px) 480px, (min-width: 481px) and (max-width: 980px) 980px, (min-width: 981px) 1024px, 100vw\" \/><\/a><figcaption><\/figcaption><\/figure>\n\n\n\n<p>Dans le monde num\u00e9rique d'aujourd'hui, la vitesse est tout. Les utilisateurs s'attendent \u00e0 ce que les sites web se chargent rapidement et sans probl\u00e8me, et Google a pris ces attentes au s\u00e9rieux. Depuis 2018, le g\u00e9ant technologique a int\u00e9gr\u00e9 la vitesse de chargement des sites web comme l'un de ses facteurs de classement d\u00e9cisifs dans son algorithme. Dans ce contexte, Google p\u00e9nalise les pages lentes, tant en affichage desktop qu'en affichage mobile, ce qui souligne la n\u00e9cessit\u00e9 d'optimiser la vitesse de votre site web.<\/p>\n\n\n\n<p>Apprenez-en plus sur Google Pagespeed.<\/p>\n\n\n\n<h2 class=\"wp-block-heading\">Importance de la vitesse du site web pour Google<br><\/h2>\n\n\n\n<p><strong>Le message de Google est clair : les sites web lents ne sont pas tol\u00e9r\u00e9s. La vitesse de chargement d'un site web n'est pas seulement un facteur d\u00e9terminant pour une exp\u00e9rience utilisateur positive, mais aussi un facteur critique pour un meilleur classement dans les r\u00e9sultats de recherche. Un site web rapide peut contribuer \u00e0 obtenir un faible taux de rebond et \u00e0 augmenter la visibilit\u00e9 dans les r\u00e9sultats de recherche, ce qui, en fin de compte, attire davantage de visiteurs sur votre site.<\/strong><\/p>\n\n\n\n<h2 class=\"wp-block-heading\">Influence de la vitesse de chargement sur le classement<\/h2>\n\n\n\n<p>La vitesse de chargement d'un site web a une influence directe sur son classement dans les r\u00e9sultats de recherche. Les fichiers plus volumineux n\u00e9cessitent plus de temps pour se charger, ce qui peut nuire au temps de chargement g\u00e9n\u00e9ral du site. Il est donc essentiel de r\u00e9duire la taille des fichiers afin d'am\u00e9liorer le temps de chargement du site et d'obtenir un meilleur classement. En outre, les images repr\u00e9sentent souvent la plus grande partie de la taille des fichiers d'un site web, et leur optimisation peut r\u00e9duire consid\u00e9rablement le temps de chargement sans nuire \u00e0 la qualit\u00e9.<\/p>\n\n\n\n<h2 class=\"wp-block-heading\">Optimisation de Google Pagespeed, strat\u00e9gies d'am\u00e9lioration<\/h2>\n\n\n\n<p>Dans le paysage num\u00e9rique actuel, il est essentiel que votre site web se charge rapidement et efficacement. Voici quelques strat\u00e9gies \u00e9prouv\u00e9es qui peuvent vous aider \u00e0 am\u00e9liorer la vitesse de votre site et \u00e0 offrir une meilleure exp\u00e9rience utilisateur.<\/p>\n\n\n\n<h2 class=\"wp-block-heading\">2.1 Minimiser le temps de chargement<\/h2>\n\n\n\n<p>Le temps de chargement d'un site web est un facteur d\u00e9terminant pour l'exp\u00e9rience utilisateur et le classement dans les r\u00e9sultats de recherche. Un temps de chargement rapide peut contribuer \u00e0 obtenir un faible taux de rebond et un meilleur classement dans les r\u00e9sultats de recherche. Pour minimiser le temps de chargement, il convient de supprimer les lignes de code superflues, d'optimiser les scripts et de minimiser l'utilisation de ressources externes.<\/p>\n\n\n\n<h2 class=\"wp-block-heading\">2.2 R\u00e9duction de la taille des fichiers<\/h2>\n\n\n\n<p>Les fichiers plus volumineux prennent plus de temps \u00e0 charger, ce qui peut affecter le temps de chargement g\u00e9n\u00e9ral du site. Pour r\u00e9duire la taille des fichiers, vous devez supprimer les caract\u00e8res inutiles de votre code, utiliser des formats de fichiers compress\u00e9s et optimiser les \u00e9l\u00e9ments multim\u00e9dias. Cela peut non seulement am\u00e9liorer le temps de chargement de votre site, mais aussi r\u00e9duire l'utilisation de la bande passante.<\/p>\n\n\n\n<h2 class=\"wp-block-heading\">2.3 Optimisation des images<\/h2>\n\n\n\n<p>Les images repr\u00e9sentent souvent la plus grande partie de la taille des fichiers d'un site web. Une optimisation efficace des images peut r\u00e9duire consid\u00e9rablement le temps de chargement sans nuire \u00e0 la qualit\u00e9. Utilisez des techniques telles que la compression des images, l'utilisation d'images responsives et le choix du bon format de fichier pour minimiser le temps de chargement.<\/p>\n\n\n\n<h2 class=\"wp-block-heading\">2.4 Mise en cache<\/h2>\n\n\n\n<p>La mise en cache est une technique qui consiste \u00e0 stocker des pages ou des \u00e9l\u00e9ments d\u00e9j\u00e0 charg\u00e9s dans le navigateur afin qu'ils se chargent plus rapidement lors d'une nouvelle consultation. En mettant en \u0153uvre des technologies de mise en cache, vous pouvez encore am\u00e9liorer le temps de chargement de votre site web. Cela implique de d\u00e9finir des temps d'expiration de cache appropri\u00e9s et d'utiliser la mise en cache du navigateur.<\/p>\n\n\n\n<h2 class=\"wp-block-heading\">Google PageSpeed Insights<\/h2>\n\n\n\n<p>Dans un effort constant d'am\u00e9lioration de l'exp\u00e9rience web, Google propose un outil utile appel\u00e9 Google PageSpeed Insights. Cet outil permet aux exploitants de sites web de calculer et d'analyser le temps de chargement d'une URL afin d'optimiser les performances de leur site. Plongeons-nous plus profond\u00e9ment dans les fonctionnalit\u00e9s et les avantages de cet outil.<\/p>\n\n\n\n<h2 class=\"wp-block-heading\">3.1 Qu'est-ce que Google PageSpeed Insights ?<\/h2>\n\n\n\n<p>Google PageSpeed Insights est un outil SEO qui analyse et calcule le temps de chargement d'une URL en une seule \u00e9tape. Il int\u00e8gre des donn\u00e9es r\u00e9elles d'utilisateurs provenant de Chrome User Experience (CrUX) et des \u00e9valuations de Lighthouse, un outil qui \u00e9value l'accessibilit\u00e9, la performance et la convivialit\u00e9 d'un site Web. En saisissant votre URL dans le champ pr\u00e9vu \u00e0 cet effet, vous obtenez une analyse d\u00e9taill\u00e9e des performances du site, y compris une note de performance sur une \u00e9chelle de 0 \u00e0 100. Cela permet une \u00e9valuation rapide et facile des performances du site.<\/p>\n\n\n\n<h2 class=\"wp-block-heading\">3.2 Que signifie \u201erapide\u201c pour Google PageSpeed Insights ?<\/h2>\n\n\n\n<p>Dans le monde de l'optimisation des moteurs de recherche, la vitesse de chargement est depuis longtemps un facteur important. \u201eRapide\u201c en r\u00e9f\u00e9rence \u00e0 Google PageSpeed Insights ne fait pas seulement r\u00e9f\u00e9rence \u00e0 la vitesse de chargement, mais aussi \u00e0 d'autres aspects tels que la taille des pages, le temps de r\u00e9ponse et la vitesse de t\u00e9l\u00e9chargement. Ces facteurs sont pris en compte dans l'\u00e9valuation d'un site Web par Google et jouent un r\u00f4le d\u00e9cisif dans l'optimisation des performances d'un site Web.<\/p>\n\n\n\n<h2 class=\"wp-block-heading\">3.3 Google PageSpeed Insights - Trois facteurs \u00e0 fort potentiel d'optimisation<\/h2>\n\n\n\n<p>Google PageSpeed Insights offre un aper\u00e7u rapide des performances, des probl\u00e8mes potentiels et des solutions disponibles pour des URL sp\u00e9cifiques ou des domaines entiers. Dans cette section, nous allons aborder trois domaines qui jouent un r\u00f4le crucial dans l'optimisation de la vitesse des sites Web et qui pr\u00e9sentent un potentiel d'optimisation \u00e9lev\u00e9.<\/p>\n\n\n\n<h2 class=\"wp-block-heading\">Conseils pratiques pour l'optimisation<\/h2>\n\n\n\n<p>Pour am\u00e9liorer efficacement la vitesse de votre site web, il est important de se concentrer sur certains domaines qui ont une grande influence sur le temps de chargement. Voici quelques conseils pratiques qui peuvent vous aider \u00e0 optimiser votre site et \u00e0 offrir une meilleure exp\u00e9rience utilisateur.<\/p>\n\n\n\n<h2 class=\"wp-block-heading\">4.1 Optimisation de l'image<\/h2>\n\n\n\n<p>Les images sont souvent les plus grandes consommatrices de ressources sur un site web. Une optimisation efficace des images peut toutefois contribuer \u00e0 r\u00e9duire consid\u00e9rablement le temps de chargement. Voici quelques conseils :<\/p>\n\n\n\n<ul class=\"wp-block-list\">\n<li><strong>Utilisation de formats appropri\u00e9s<\/strong>: utiliser des formats tels que JPEG 2000 et JPEG XR, plus faciles \u00e0 compresser sans perte visible de qualit\u00e9.<\/li>\n\n\n\n<li><strong>Compression avant le t\u00e9l\u00e9chargement<\/strong>: compressez toutes les images avant de les t\u00e9l\u00e9charger sur le site afin de r\u00e9duire la taille des fichiers.<\/li>\n\n\n\n<li><strong>Utilisation de programmes de traitement d'images<\/strong>: Utiliser des programmes comme Photoshop pour enregistrer des images pour le web, ce qui r\u00e9duit la r\u00e9solution sans compromettre la qualit\u00e9.<\/li>\n<\/ul>\n\n\n\n<h2 class=\"wp-block-heading\">4.2 Bonne m\u00e9moire cache<\/h2>\n\n\n\n<p>La mise en cache peut r\u00e9duire consid\u00e9rablement le temps de transfert des donn\u00e9es, ce qui se traduit par une vitesse de page plus rapide. Voici quelques conseils pour utiliser efficacement le cache :<\/p>\n\n\n\n<ul class=\"wp-block-list\">\n<li><strong>R\u00e9glage d'une date d'expiration<\/strong>: D\u00e9finir une date d'expiration pour les fichiers du site web afin de contr\u00f4ler la dur\u00e9e pendant laquelle ils sont stock\u00e9s dans le navigateur.<\/li>\n\n\n\n<li><strong>Utilisation de Mod_expires<\/strong>: Utilisez Mod_expires pour les sites h\u00e9berg\u00e9s sur des serveurs Apache afin de contr\u00f4ler efficacement le cache du navigateur.<\/li>\n\n\n\n<li><strong>Ajustement de la dur\u00e9e d'enregistrement<\/strong>: Ajustez le temps de stockage pour diff\u00e9rents types de fichiers afin d'assurer des performances optimales.<\/li>\n<\/ul>\n\n\n\n<h2 class=\"wp-block-heading\">4.3 Des serveurs \u00e0 la hauteur<\/h2>\n\n\n\n<p>Le choix du bon serveur peut avoir une grande influence sur la vitesse de votre site web. Voici quelques conseils pour amener la vitesse de page de Google \u00e0 un bon niveau.. :<\/p>\n\n\n\n<ul class=\"wp-block-list\">\n<li><strong>\u00c9viter les plateformes d'h\u00e9bergement partag\u00e9es<\/strong>: \u00c9viter les plateformes d'h\u00e9bergement avec des ressources limit\u00e9es qui peuvent affecter la vitesse de chargement.<\/li>\n\n\n\n<li><strong>Mise \u00e0 niveau des ressources du serveur<\/strong>: Envisagez de mettre \u00e0 niveau les ressources du serveur, comme le processeur ou la m\u00e9moire, pour am\u00e9liorer les performances.<\/li>\n\n\n\n<li><strong>Adaptation des param\u00e8tres du mat\u00e9riel<\/strong>: Configurez les param\u00e8tres mat\u00e9riels en fonction des besoins de votre site web afin de garantir des performances optimales.<\/li>\n\n\n\n<li><\/li>\n<\/ul>\n\n\n\n<h2 class=\"wp-block-heading\">5.1 D\u00e9claration de confidentialit\u00e9<\/h2>\n\n\n\n<p>Avant que vous ne remplissiez le formulaire, nous tenons \u00e0 vous informer que vos donn\u00e9es personnelles seront trait\u00e9es avec le plus grand soin. En envoyant le formulaire, vous acceptez le traitement et l'enregistrement des donn\u00e9es personnelles saisies, conform\u00e9ment \u00e0 notre d\u00e9claration de confidentialit\u00e9. Nous attachons une grande importance \u00e0 la protection de vos donn\u00e9es et les utilisons uniquement dans le but de vous contacter et de vous fournir le service demand\u00e9.<\/p>\n\n\n\n<figure class=\"wp-block-image size-large is-resized\"><a href=\"https:\/\/apalion.com\/wp-content\/uploads\/2023\/09\/Helene_Berger_Das_Bild_zeigt_einen_Desktop-Computerbildschirm_a_6cd1f25a-5272-489d-b963-bfed1844adea.png\"><img decoding=\"async\" src=\"https:\/\/apalion.com\/wp-content\/uploads\/2023\/09\/Helene_Berger_Das_Bild_zeigt_einen_Desktop-Computerbildschirm_a_6cd1f25a-5272-489d-b963-bfed1844adea-1024x574.png\" alt=\"Optimisation de la vitesse de page Google sur un ordinateur portable\" class=\"wp-image-1429\" style=\"width:821px;height:460px\" width=\"821\" height=\"460\" title=\"\"><\/a><figcaption><\/figcaption><\/figure>\n\n\n\n<h2 class=\"wp-block-heading\">6. avis d'experts et ressources<\/h2>\n\n\n\n<p>L'optimisation de la vitesse de votre site web peut \u00eatre une t\u00e2che complexe, mais heureusement, il existe de nombreuses ressources et avis d'experts qui peuvent vous aider \u00e0 comprendre et \u00e0 naviguer dans le processus. Voici quatre articles qui plongent plus profond\u00e9ment dans le sujet et offrent de pr\u00e9cieux aper\u00e7us et conseils :<\/p>\n\n\n\n<ol class=\"wp-block-list\">\n<li><strong>Google pour les d\u00e9veloppeurs<\/strong> offre une plate-forme permettant d'analyser et d'optimiser votre site web \u00e0 l'aide d'outils PageSpeed. Vous pouvez obtenir votre score PageSpeed et utiliser les suggestions de PageSpeed pour rendre votre site plus rapide. Pour en savoir plus, consultez leur <a href=\"https:\/\/developers.google.com\/speed\" target=\"_blank\" rel=\"noopener\">site officiel<\/a>.<\/li>\n\n\n\n<li>Le site <strong>Blog HubSpot<\/strong> propose un guide de d\u00e9marrage pour l'utilisation de Google PageSpeed Insights. L'article explique le processus d'utilisation de l'outil et propose un rapport complet avec des donn\u00e9es et des propositions d'optimisation. En savoir plus dans leur <a href=\"https:\/\/blog.hubspot.com\/website\/google-pagespeed-insights\" target=\"_blank\" rel=\"noopener\">Article de blog<\/a>.<\/li>\n\n\n\n<li><strong>Neil Patel<\/strong>, un influenceur bien connu dans le domaine du marketing num\u00e9rique, explique comment obtenir un score parfait de 100% sur Google PageSpeed Insights et pourquoi cela est important. Lisez son article d\u00e9taill\u00e9 <a href=\"https:\/\/neilpatel.com\/blog\/google-pagespeed-insights\/\" target=\"_blank\" rel=\"noopener\">Article de blog<\/a> pour plus d'informations.<\/li>\n\n\n\n<li><strong>Semrush<\/strong>, une plateforme bien connue pour la gestion de la visibilit\u00e9 en ligne, propose un article expliquant ce qu'est Google PageSpeed Insights et comment am\u00e9liorer son score. Apprenez-en plus dans leur <a href=\"https:\/\/www.semrush.com\/blog\/google-pagespeed-insights\/\" target=\"_blank\" rel=\"noopener\">Article de blog<\/a>.<\/li>\n<\/ol>\n\n\n\n<p>En plus de notre contribution, ces articles fournissent une foule d'informations et de ressources qui peuvent vous aider \u00e0 optimiser la vitesse de votre site et \u00e0 offrir une meilleure exp\u00e9rience utilisateur.<\/p>","protected":false},"excerpt":{"rendered":"<p>In der digitalen Welt von heute ist die Geschwindigkeit alles. Nutzer erwarten, dass Websites schnell und reibungslos laden, und Google hat diese Erwartungen ernst genommen. Seit 2018 hat der Technologiegigant die Ladegeschwindigkeit von Websites als einen seiner entscheidenden Rankingfaktoren in seinen Algorithmus integriert. In diesem Zusammenhang straft Google langsame Seiten ab, sowohl in der Desktop- [&hellip;]<\/p>\n","protected":false},"author":2,"featured_media":0,"parent":0,"menu_order":0,"comment_status":"closed","ping_status":"closed","template":"","meta":{"_acf_changed":false,"_et_pb_use_builder":"off","_et_pb_old_content":"","_et_gb_content_width":"","footnotes":""},"difl_page_category":[],"class_list":["post-1427","page","type-page","status-publish","hentry"],"acf":[],"_links":{"self":[{"href":"https:\/\/apalion.com\/fr\/wp-json\/wp\/v2\/pages\/1427","targetHints":{"allow":["GET"]}}],"collection":[{"href":"https:\/\/apalion.com\/fr\/wp-json\/wp\/v2\/pages"}],"about":[{"href":"https:\/\/apalion.com\/fr\/wp-json\/wp\/v2\/types\/page"}],"author":[{"embeddable":true,"href":"https:\/\/apalion.com\/fr\/wp-json\/wp\/v2\/users\/2"}],"replies":[{"embeddable":true,"href":"https:\/\/apalion.com\/fr\/wp-json\/wp\/v2\/comments?post=1427"}],"version-history":[{"count":0,"href":"https:\/\/apalion.com\/fr\/wp-json\/wp\/v2\/pages\/1427\/revisions"}],"wp:attachment":[{"href":"https:\/\/apalion.com\/fr\/wp-json\/wp\/v2\/media?parent=1427"}],"wp:term":[{"taxonomy":"difl_page_category","embeddable":true,"href":"https:\/\/apalion.com\/fr\/wp-json\/wp\/v2\/difl_page_category?post=1427"}],"curies":[{"name":"wp","href":"https:\/\/api.w.org\/{rel}","templated":true}]}}