{"id":1400,"date":"2023-09-07T19:38:11","date_gmt":"2023-09-07T17:38:11","guid":{"rendered":"http:\/\/staging.apalion.com\/?page_id=1400"},"modified":"2023-09-07T19:38:11","modified_gmt":"2023-09-07T17:38:11","slug":"les-bases-dun-seo-reussies-dapalion-ag","status":"publish","type":"page","link":"https:\/\/apalion.com\/fr\/erfolgreiche-seo-grundlagen-von-apalion-ag\/","title":{"rendered":"R\u00e9ussir les bases du SEO avec Apalion AG"},"content":{"rendered":"<h2 class=\"wp-block-heading\">Nous gardons une vue d'ensemble pour vous<\/h2>\n\n\n\n<figure class=\"wp-block-image size-large\"><a href=\"https:\/\/apalion.com\/wp-content\/uploads\/2023\/09\/Helene_Berger_Ein_Team_von_engagierten_Fachleuten_bei_Apalion_A_cbd0f3e5-3be7-49ba-8222-466ed437bc83.png\"><img decoding=\"async\" width=\"1024\" height=\"574\" src=\"https:\/\/apalion.com\/wp-content\/uploads\/2023\/09\/Helene_Berger_Ein_Team_von_engagierten_Fachleuten_bei_Apalion_A_cbd0f3e5-3be7-49ba-8222-466ed437bc83-1024x574.png\" alt=\"\" class=\"wp-image-1401\" title=\"\" srcset=\"https:\/\/apalion.com\/wp-content\/uploads\/2023\/09\/Helene_Berger_Ein_Team_von_engagierten_Fachleuten_bei_Apalion_A_cbd0f3e5-3be7-49ba-8222-466ed437bc83-980x549.png 980w, https:\/\/apalion.com\/wp-content\/uploads\/2023\/09\/Helene_Berger_Ein_Team_von_engagierten_Fachleuten_bei_Apalion_A_cbd0f3e5-3be7-49ba-8222-466ed437bc83-480x269.png 480w\" sizes=\"(min-width: 0px) and (max-width: 480px) 480px, (min-width: 481px) and (max-width: 980px) 980px, (min-width: 981px) 1024px, 100vw\" \/><\/a><figcaption><\/figcaption><\/figure>\n\n\n\n<p>\u00c0 l'\u00e8re du num\u00e9rique, il est indispensable de conna\u00eetre les bases de l'optimisation pour les moteurs de recherche (SEO). Le paysage du SEO est complexe et soumis \u00e0 des changements constants, ce qui souligne la n\u00e9cessit\u00e9 de le g\u00e9rer de mani\u00e8re professionnelle. Chez Apalion AG, nous comprenons que le temps et les ressources manquent souvent pour se pencher sur les nombreux principes de base du SEO. C'est pourquoi nous sommes \u00e0 vos c\u00f4t\u00e9s pour vous aider \u00e0 construire une pr\u00e9sence en ligne solide.<\/p>\n\n\n\n<h3 class=\"wp-block-heading\">La recherche de prix en toute simplicit\u00e9 !<\/h3>\n\n\n\n<p>La d\u00e9cision de faire appel \u00e0 un prestataire de services professionnel peut \u00eatre un raccourci vers votre succ\u00e8s. Chez Apalion AG, nous disposons d'une \u00e9quipe d'experts sp\u00e9cialis\u00e9s dans la cr\u00e9ation de contenus de qualit\u00e9 reposant sur des bases solides en mati\u00e8re de r\u00e9f\u00e9rencement. Nous travaillons depuis 2012 en tant qu'agence d'optimisation pour les moteurs de recherche, o\u00f9 l'exp\u00e9rience et l'innovation caract\u00e9risent nos actions entrepreneuriales.<\/p>\n\n\n\n<p>En tant que prestataire de services de longue date dans ce domaine, nous avons assist\u00e9 \u00e0 l'\u00e9volution de la num\u00e9risation et d\u00e9velopp\u00e9 des strat\u00e9gies pratiques. Nous avons d\u00e9velopp\u00e9 un logiciel interne qui cr\u00e9e des contenus SEO efficaces afin de vous offrir des conditions id\u00e9ales pour que votre entreprise puisse franchir de nouvelles \u00e9tapes. Nous vous faisons profiter pleinement de l'exp\u00e9rience que nous avons acquise.<\/p>\n\n\n\n<h3 class=\"wp-block-heading\">Les principales bases du SEO<\/h3>\n\n\n\n<p>Il y a de nombreux aspects \u00e0 prendre en compte dans le r\u00e9f\u00e9rencement. Voici six des bases les plus importantes \u00e0 conna\u00eetre :<\/p>\n\n\n\n<ol class=\"wp-block-list\">\n<li><strong>Recherche de mots-cl\u00e9s<\/strong>Une recherche approfondie de mots-cl\u00e9s est indispensable pour comprendre ce que les utilisateurs recherchent et quels termes de recherche doivent \u00eatre utilis\u00e9s sur le site.<\/li>\n\n\n\n<li><strong>Optimisation on-page<\/strong>: Cela comprend l'optimisation de la structure du site, des balises m\u00e9ta, des titres, du contenu et des liens internes afin d'augmenter la visibilit\u00e9 dans les r\u00e9sultats de recherche.<\/li>\n\n\n\n<li><strong>Cr\u00e9ation de liens<\/strong>La g\u00e9n\u00e9ration de liens vers votre propre site web \u00e0 partir d'autres sites web est un aspect important du r\u00e9f\u00e9rencement. Des backlinks de qualit\u00e9 provenant de sites de confiance peuvent am\u00e9liorer le classement de votre site.<\/li>\n\n\n\n<li><strong>Optimisation mobile<\/strong>L'optimisation pour les mobiles est indispensable pour garantir une meilleure exp\u00e9rience utilisateur et un bon classement dans les r\u00e9sultats de recherche pour les mobiles.<\/li>\n\n\n\n<li><strong>Contenu<\/strong>: Un contenu de qualit\u00e9, unique et pertinent est essentiel pour une strat\u00e9gie de r\u00e9f\u00e9rencement r\u00e9ussie. Les moteurs de recherche pr\u00e9f\u00e8rent les sites web avec un contenu de qualit\u00e9 qui r\u00e9pond aux besoins des utilisateurs.<\/li>\n\n\n\n<li><strong>Analyse et mesure<\/strong>Une analyse et une mesure continues des performances SEO sont importantes pour contr\u00f4ler le succ\u00e8s de la strat\u00e9gie et proc\u00e9der aux ajustements n\u00e9cessaires.<\/li>\n<\/ol>\n\n\n\n<h3 class=\"wp-block-heading\">Pourquoi le SEO est-il si important aujourd'hui ?<\/h3>\n\n\n\n<p>Dans le paysage num\u00e9rique actuel, il est essentiel pour les entrepreneurs de tirer pleinement parti des possibilit\u00e9s offertes par le r\u00e9f\u00e9rencement. Les principes de base du SEO peuvent servir d'outils pour augmenter la r\u00e9sonance de votre pr\u00e9sence sur le web et pour d\u00e9terminer les m\u00e9thodes les plus appropri\u00e9es pour am\u00e9liorer la visibilit\u00e9 de votre site.<\/p>\n\n\n\n<p>Malgr\u00e9 la qualit\u00e9 d'un texte ou d'un produit, il peut arriver que le nombre de clients potentiels qui trouvent le contenu ne soit pas suffisant. Dans ce cas, m\u00eame un produit de qualit\u00e9 peut passer \u00e0 c\u00f4t\u00e9 du succ\u00e8s qu'il aurait m\u00e9rit\u00e9, car il se perd dans la masse de l'Internet. Il est donc essentiel que le contenu soit non seulement facile \u00e0 lire, mais aussi qu'il tienne compte des aspects li\u00e9s au r\u00e9f\u00e9rencement.<\/p>\n\n\n\n<h3 class=\"wp-block-heading\">Le chemin vers nous est le chemin vers le succ\u00e8s<\/h3>\n\n\n\n<p>Si vous avez des questions ou si vous avez besoin de plus d'informations, n'h\u00e9sitez pas \u00e0 contacter notre \u00e9quipe d'experts. Chez Apalion AG, vous pouvez \u00e9galement effectuer un contr\u00f4le SEO sur notre site web et demander en m\u00eame temps un devis. Cela vous donnera un premier aper\u00e7u de la mesure dans laquelle le contenu de votre site est pertinent pour le r\u00e9f\u00e9rencement.<\/p>\n\n\n\n<p>Nous nous ferons un plaisir de vous conseiller de mani\u00e8re exhaustive afin de vous montrer les possibilit\u00e9s qui s'offrent \u00e0 vous avec nous. Nous r\u00e9pondons \u00e0 vos besoins individuels et \u00e9laborons un concept adapt\u00e9 \u00e0 votre entreprise, en tenant compte des principes de base du SEO.<\/p>\n\n\n\n<p>Avec Apalion AG, vous pouvez compter sur un excellent service client\u00e8le, \u00e0 la fois comp\u00e9tent et exp\u00e9riment\u00e9. Nous sommes le moteur qui fait avancer votre entreprise et vous permet d'atteindre votre objectif en ligne droite. Nous gardons une vue d'ensemble des principes de base du r\u00e9f\u00e9rencement et faisons de notre mieux pour faire cro\u00eetre votre entreprise.<\/p>\n\n\n\n<figure class=\"wp-block-image size-large\"><a href=\"https:\/\/apalion.com\/wp-content\/uploads\/2023\/09\/Helene_Berger_Ein_Team_von_engagierten_Fachleuten_bei_Apalion_A_04b22ae0-5870-47dd-b336-e7ec02d02a20.png\"><img decoding=\"async\" width=\"1024\" height=\"574\" src=\"https:\/\/apalion.com\/wp-content\/uploads\/2023\/09\/Helene_Berger_Ein_Team_von_engagierten_Fachleuten_bei_Apalion_A_04b22ae0-5870-47dd-b336-e7ec02d02a20-1024x574.png\" alt=\"Les bases du SEO\" class=\"wp-image-1402\" title=\"\" srcset=\"https:\/\/apalion.com\/wp-content\/uploads\/2023\/09\/Helene_Berger_Ein_Team_von_engagierten_Fachleuten_bei_Apalion_A_04b22ae0-5870-47dd-b336-e7ec02d02a20-980x549.png 980w, https:\/\/apalion.com\/wp-content\/uploads\/2023\/09\/Helene_Berger_Ein_Team_von_engagierten_Fachleuten_bei_Apalion_A_04b22ae0-5870-47dd-b336-e7ec02d02a20-480x269.png 480w\" sizes=\"(min-width: 0px) and (max-width: 480px) 480px, (min-width: 481px) and (max-width: 980px) 980px, (min-width: 981px) 1024px, 100vw\" \/><\/a><figcaption><\/figcaption><\/figure>\n\n\n\n<h3 class=\"wp-block-heading\">Apprenez-en plus, nous avons ici quelques articles int\u00e9ressants sur le sujet<\/h3>\n\n\n\n<ol class=\"wp-block-list\">\n<li><a href=\"https:\/\/support.google.com\/webmasters\/answer\/7451184?hl=de\" target=\"_blank\" rel=\"noopener\">Assistance Google - Les bases du SEO<\/a><\/li>\n\n\n\n<li><a href=\"https:\/\/ahrefs.com\/blog\/de\/seo-grundlagen\/\" target=\"_blank\" rel=\"noopener\">Blog d'Ahref - Les bases du SEO<\/a><\/li>\n<\/ol>","protected":false},"excerpt":{"rendered":"<p>Wir behalten den \u00dcberblick f\u00fcr Sie In der digitalen \u00c4ra ist es unerl\u00e4sslich, sich mit den Grundlagen der Suchmaschinenoptimierung (SEO) auseinanderzusetzen. Die SEO-Landschaft ist komplex und unterliegt st\u00e4ndigen \u00c4nderungen, was die Notwendigkeit einer professionellen Handhabung unterstreicht. Bei Apalion AG verstehen wir, dass es oft an Zeit und Ressourcen mangelt, um sich mit den zahlreichen SEO-Grundlagen [&hellip;]<\/p>\n","protected":false},"author":2,"featured_media":0,"parent":0,"menu_order":0,"comment_status":"closed","ping_status":"closed","template":"","meta":{"_acf_changed":false,"_et_pb_use_builder":"off","_et_pb_old_content":"","_et_gb_content_width":"","footnotes":""},"difl_page_category":[],"class_list":["post-1400","page","type-page","status-publish","hentry"],"acf":[],"_links":{"self":[{"href":"https:\/\/apalion.com\/fr\/wp-json\/wp\/v2\/pages\/1400","targetHints":{"allow":["GET"]}}],"collection":[{"href":"https:\/\/apalion.com\/fr\/wp-json\/wp\/v2\/pages"}],"about":[{"href":"https:\/\/apalion.com\/fr\/wp-json\/wp\/v2\/types\/page"}],"author":[{"embeddable":true,"href":"https:\/\/apalion.com\/fr\/wp-json\/wp\/v2\/users\/2"}],"replies":[{"embeddable":true,"href":"https:\/\/apalion.com\/fr\/wp-json\/wp\/v2\/comments?post=1400"}],"version-history":[{"count":0,"href":"https:\/\/apalion.com\/fr\/wp-json\/wp\/v2\/pages\/1400\/revisions"}],"wp:attachment":[{"href":"https:\/\/apalion.com\/fr\/wp-json\/wp\/v2\/media?parent=1400"}],"wp:term":[{"taxonomy":"difl_page_category","embeddable":true,"href":"https:\/\/apalion.com\/fr\/wp-json\/wp\/v2\/difl_page_category?post=1400"}],"curies":[{"name":"wp","href":"https:\/\/api.w.org\/{rel}","templated":true}]}}