{"id":1396,"date":"2023-09-07T16:38:06","date_gmt":"2023-09-07T14:38:06","guid":{"rendered":"http:\/\/staging.apalion.com\/?page_id=1396"},"modified":"2023-09-07T16:38:06","modified_gmt":"2023-09-07T14:38:06","slug":"google-search-console-lancre-dans-le-ressac-seo","status":"publish","type":"page","link":"https:\/\/apalion.com\/fr\/google-search-console-der-anker-in-der-seo-brandung\/","title":{"rendered":"Optimisez votre site web avec la Google Search Console"},"content":{"rendered":"<h1 class=\"wp-block-heading\">Un guide pour les webmasters<\/h1>\n\n\n\n<h2 class=\"wp-block-heading\">Introduction \u00e0 la Google Search Console<\/h2>\n\n\n\n<figure class=\"wp-block-image size-large\"><a href=\"https:\/\/apalion.com\/wp-content\/uploads\/2023\/09\/Helene_Berger_Dieses_Bild_zeigt_einen_Screenshot_der_Google_Sea_df642287-165a-4be8-ab0d-792eb82dd3e2.png\"><img decoding=\"async\" width=\"1024\" height=\"574\" src=\"https:\/\/apalion.com\/wp-content\/uploads\/2023\/09\/Helene_Berger_Dieses_Bild_zeigt_einen_Screenshot_der_Google_Sea_df642287-165a-4be8-ab0d-792eb82dd3e2-1024x574.png\" alt=\"Console de recherche Google\" class=\"wp-image-1397\" title=\"\" srcset=\"https:\/\/apalion.com\/wp-content\/uploads\/2023\/09\/Helene_Berger_Dieses_Bild_zeigt_einen_Screenshot_der_Google_Sea_df642287-165a-4be8-ab0d-792eb82dd3e2-980x549.png 980w, https:\/\/apalion.com\/wp-content\/uploads\/2023\/09\/Helene_Berger_Dieses_Bild_zeigt_einen_Screenshot_der_Google_Sea_df642287-165a-4be8-ab0d-792eb82dd3e2-480x269.png 480w\" sizes=\"(min-width: 0px) and (max-width: 480px) 480px, (min-width: 481px) and (max-width: 980px) 980px, (min-width: 981px) 1024px, 100vw\" \/><\/a><figcaption><\/figcaption><\/figure>\n\n\n\n<p>La Google Search Console, un outil indispensable pour les webmasters et les experts en r\u00e9f\u00e9rencement, sert de pont entre votre site web et les r\u00e9sultats de recherche Google. Cet instrument gratuit offre une multitude d'outils et de rapports qui vous aideront \u00e0 am\u00e9liorer la visibilit\u00e9 et les performances de votre site web. Dans ce guide, nous aborderons les diff\u00e9rents aspects de la Google Search Console et leur importance pour l'optimisation de votre site.<\/p>\n\n\n\n<h3 class=\"wp-block-heading\">Surveillance et gestion de votre site web<\/h3>\n\n\n\n<p>La Google Search Console vous permet de surveiller et de g\u00e9rer la pr\u00e9sence de votre site web dans les r\u00e9sultats de recherche Google sans qu'il soit n\u00e9cessaire de vous inscrire. Cet outil vous permet de comprendre comment Google voit votre site web et vous offre la possibilit\u00e9 de proc\u00e9der aux am\u00e9liorations n\u00e9cessaires. Il offre de nombreuses fonctionnalit\u00e9s, notamment<\/p>\n\n\n\n<ol class=\"wp-block-list\">\n<li>v\u00e9rifier que Google peut explorer et trouver votre site web.<\/li>\n\n\n\n<li>Demander une nouvelle indexation pour les contenus nouveaux ou mis \u00e0 jour afin de r\u00e9soudre les probl\u00e8mes d'indexation.<\/li>\n\n\n\n<li>Obtenir des donn\u00e9es sur les recherches Google de votre site pour savoir combien de fois il appara\u00eet dans les r\u00e9sultats de recherche, quelles recherches g\u00e9n\u00e8rent du trafic, les taux de clics et d'autres informations pertinentes.<\/li>\n\n\n\n<li>Recevoir des notifications de Google en cas d'apparition de spam, d'erreurs d'indexation ou d'autres probl\u00e8mes sur votre site.<\/li>\n\n\n\n<li>R\u00e9ception de notifications sur les pages web qui ont un lien vers votre site.<\/li>\n\n\n\n<li>R\u00e9soudre les probl\u00e8mes li\u00e9s aux pages AMP, \u00e0 l'exp\u00e9rience utilisateur mobile et aux autres options de recherche.<\/li>\n<\/ol>\n\n\n\n<h3 class=\"wp-block-heading\">V\u00e9rification des prix et suite d'analyse web<\/h3>\n\n\n\n<p>La Google Search Console propose \u00e9galement une suite d'analyse web qui vous aide \u00e0 surveiller et \u00e0 am\u00e9liorer les performances de votre site web. Certaines des derni\u00e8res mises \u00e0 jour de cette suite comprennent<\/p>\n\n\n\n<ol class=\"wp-block-list\">\n<li>Compatibilit\u00e9 avec les appareils mobiles pour vous offrir un acc\u00e8s flexible.<\/li>\n\n\n\n<li>Am\u00e9lioration de la pr\u00e9sentation de toutes les donn\u00e9es avec de nouvelles options de filtrage permettant une analyse pr\u00e9cise.<\/li>\n\n\n\n<li>Disponibilit\u00e9 accrue des donn\u00e9es de performance sur les recherches et les clics, qui peuvent d\u00e9sormais \u00eatre suivis jusqu'\u00e0 16 mois en arri\u00e8re, contre 3 mois auparavant.<\/li>\n\n\n\n<li>Des informations plus d\u00e9taill\u00e9es sur les diff\u00e9rentes pages pour vous donner une id\u00e9e plus pr\u00e9cise des performances de votre site.<\/li>\n\n\n\n<li>Un syst\u00e8me am\u00e9lior\u00e9 pour signaler les probl\u00e8mes d'exploration et autres erreurs, ainsi qu'une possibilit\u00e9 simplifi\u00e9e de demander une nouvelle indexation.<\/li>\n<\/ol>\n\n\n\n<h3 class=\"wp-block-heading\">Activation et configuration de la Google Search Console<\/h3>\n\n\n\n<p>Pour utiliser la Google Search Console, vous devez d'abord confirmer que vous \u00eates bien le propri\u00e9taire du site. Cela peut se faire en t\u00e9l\u00e9chargeant un simple fichier HTML sur votre serveur web. Vous pouvez \u00e9galement utiliser Google Analytics ou le Google Tag Manager pour v\u00e9rifier votre site web. Chaque site web \u00e0 surveiller peut \u00eatre consid\u00e9r\u00e9 comme une \u201epropri\u00e9t\u00e9\u201c, et vous pouvez cr\u00e9er jusqu'\u00e0 100 propri\u00e9t\u00e9s de ce type, qui peuvent \u00e9galement \u00eatre des sous-r\u00e9pertoires.<\/p>\n\n\n\n<h3 class=\"wp-block-heading\">Nouveaut\u00e9s et d\u00e9veloppements<\/h3>\n\n\n\n<p>Depuis que Google Webmaster Tools a \u00e9t\u00e9 rebaptis\u00e9 Google Search Console, la suite d'analyse web de Google a subi de nombreuses modifications. Apr\u00e8s une longue phase b\u00eata, une version r\u00e9vis\u00e9e de la GSC a \u00e9t\u00e9 publi\u00e9e en 2018, offrant une option pour revenir \u00e0 la version pr\u00e9c\u00e9dente. Toutefois, la plupart des utilisateurs ne devraient pas trouver de donn\u00e9es \u00e0 cet endroit.<\/p>\n\n\n\n<h3 class=\"wp-block-heading\">L'\u00e9volution du secteur du r\u00e9f\u00e9rencement<\/h3>\n\n\n\n<p>Au cours des deux derni\u00e8res d\u00e9cennies, le secteur du r\u00e9f\u00e9rencement a consid\u00e9rablement \u00e9volu\u00e9. Les algorithmes sont devenus plus complexes et une plus grande attention est accord\u00e9e \u00e0 la qualit\u00e9 et \u00e0 l'exp\u00e9rience utilisateur. Le secteur s'est diversifi\u00e9, avec un nombre croissant de femmes travaillant et reconnues dans le secteur. Aujourd'hui, le r\u00e9f\u00e9rencement va bien au-del\u00e0 de la simple compr\u00e9hension des mots-cl\u00e9s ; il n\u00e9cessite \u00e9galement une compr\u00e9hension des intentions des utilisateurs et la capacit\u00e9 de trouver des solutions cr\u00e9atives aux probl\u00e8mes.<\/p>\n\n\n\n<h3 class=\"wp-block-heading\">Savoir-faire technique et relations dans le secteur du SEO<\/h3>\n\n\n\n<p>Le savoir-faire technique est essentiel dans le secteur du r\u00e9f\u00e9rencement. Les professionnels du SEO doivent \u00eatre en mesure de collaborer avec les d\u00e9veloppeurs et d'autres \u00e9quipes techniques. Les relations sont importantes dans le secteur du r\u00e9f\u00e9rencement, et la r\u00e9ussite dans le domaine du r\u00e9f\u00e9rencement d\u00e9pend souvent de la capacit\u00e9 \u00e0 collaborer avec d'autres \u00e9quipes et parties prenantes. Le SEO requiert \u00e9galement une capacit\u00e9 de persuasion et d'argumentation afin de promouvoir le travail n\u00e9cessaire \u00e0 l'optimisation des sites web.<\/p>\n\n\n\n<h3 class=\"wp-block-heading\">Une compr\u00e9hension approfondie des utilisateurs et de leurs intentions<\/h3>\n\n\n\n<p>Une compr\u00e9hension approfondie des utilisateurs et de leurs intentions est essentielle pour r\u00e9ussir dans le SEO. Le SEO est une discipline nuanc\u00e9e qui n\u00e9cessite une compr\u00e9hension approfondie des utilisateurs, des concurrents et du contenu du site. Le storytelling est un aspect important du SEO, et les professionnels du SEO doivent \u00eatre en mesure de raconter une histoire convaincante sur leur site web, qui attire \u00e0 la fois les utilisateurs et les moteurs de recherche.<\/p>\n\n\n\n<h3 class=\"wp-block-heading\">Diff\u00e9rences entre une agence et un SEO interne<\/h3>\n\n\n\n<p>Le travail dans une agence est tr\u00e8s diff\u00e9rent du travail en interne, avec des priorit\u00e9s et des d\u00e9fis diff\u00e9rents. Dans une agence, vous devez souvent travailler avec un grand nombre de clients ayant des besoins diff\u00e9rents, alors qu'en interne, vous avez la possibilit\u00e9 de vous concentrer sur les besoins sp\u00e9cifiques d'une entreprise.<\/p>\n\n\n\n<h3 class=\"wp-block-heading\">Conclusion<\/h3>\n\n\n\n<p>La Google Search Console est un outil indispensable pour tout webmaster et expert en r\u00e9f\u00e9rencement. Elle offre un lien direct vers les r\u00e9sultats de recherche de Google et est un outil gratuit. La Google Search Console vous donne un aper\u00e7u complet de l'\u00e9tat de votre site web et de sa pertinence dans les r\u00e9sultats de recherche. Vous pouvez \u00e9galement utiliser les nombreux outils et options de param\u00e9trage pour identifier les probl\u00e8mes et obtenir des propositions de solutions.<\/p>\n\n\n\n<figure class=\"wp-block-image size-large\"><a href=\"https:\/\/apalion.com\/wp-content\/uploads\/2023\/09\/Helene_Berger_Dieses_Bild_zeigt_einen_Screenshot_der_Google_Sea_4cbb681b-92d4-46c1-904b-5df967415818.png\"><img decoding=\"async\" width=\"1024\" height=\"574\" src=\"https:\/\/apalion.com\/wp-content\/uploads\/2023\/09\/Helene_Berger_Dieses_Bild_zeigt_einen_Screenshot_der_Google_Sea_4cbb681b-92d4-46c1-904b-5df967415818-1024x574.png\" alt=\"Console de recherche Google\" class=\"wp-image-1398\" title=\"\" srcset=\"https:\/\/apalion.com\/wp-content\/uploads\/2023\/09\/Helene_Berger_Dieses_Bild_zeigt_einen_Screenshot_der_Google_Sea_4cbb681b-92d4-46c1-904b-5df967415818-980x549.png 980w, https:\/\/apalion.com\/wp-content\/uploads\/2023\/09\/Helene_Berger_Dieses_Bild_zeigt_einen_Screenshot_der_Google_Sea_4cbb681b-92d4-46c1-904b-5df967415818-480x269.png 480w\" sizes=\"(min-width: 0px) and (max-width: 480px) 480px, (min-width: 481px) and (max-width: 980px) 980px, (min-width: 981px) 1024px, 100vw\" \/><\/a><figcaption><\/figcaption><\/figure>\n\n\n\n<h3 class=\"wp-block-heading\">Informations compl\u00e9mentaires<\/h3>\n\n\n\n<p>Vous souhaitez en savoir plus ? Voici quelques articles int\u00e9ressants sur le sujet :<\/p>\n\n\n\n<ol class=\"wp-block-list\">\n<li><a href=\"https:\/\/www.searchenginejournal.com\/google-search-console-guide\/209318\/\" target=\"_blank\" rel=\"noopener\">Guide du Search Engine Journal sur la Google Search Console<\/a><\/li>\n\n\n\n<li><a href=\"https:\/\/www.searchenginejournal.com\/google-search-console-guide\/380069\/\" target=\"_blank\" rel=\"noopener\">20 Things I Learned From 20 Years of Working in the SEO Industry (20 le\u00e7ons que j'ai tir\u00e9es de 20 ans de travail dans l'industrie du r\u00e9f\u00e9rencement)<\/a><\/li>\n<\/ol>","protected":false},"excerpt":{"rendered":"<p>Ein Leitfaden f\u00fcr Webmaster Einf\u00fchrung in die Google Search Console Die Google Search Console, ein unverzichtbares Tool f\u00fcr Webmaster und SEO-Experten, dient als Br\u00fccke zwischen Ihrer Website und den Google-Suchergebnissen. Dieses kostenlose Instrument bietet eine F\u00fclle von Tools und Berichten, die Ihnen helfen, die Sichtbarkeit und Leistung Ihrer Website zu verbessern. In diesem Leitfaden werden [&hellip;]<\/p>\n","protected":false},"author":2,"featured_media":0,"parent":0,"menu_order":0,"comment_status":"closed","ping_status":"closed","template":"","meta":{"_acf_changed":false,"_et_pb_use_builder":"off","_et_pb_old_content":"","_et_gb_content_width":"","footnotes":""},"difl_page_category":[],"class_list":["post-1396","page","type-page","status-publish","hentry"],"acf":[],"_links":{"self":[{"href":"https:\/\/apalion.com\/fr\/wp-json\/wp\/v2\/pages\/1396","targetHints":{"allow":["GET"]}}],"collection":[{"href":"https:\/\/apalion.com\/fr\/wp-json\/wp\/v2\/pages"}],"about":[{"href":"https:\/\/apalion.com\/fr\/wp-json\/wp\/v2\/types\/page"}],"author":[{"embeddable":true,"href":"https:\/\/apalion.com\/fr\/wp-json\/wp\/v2\/users\/2"}],"replies":[{"embeddable":true,"href":"https:\/\/apalion.com\/fr\/wp-json\/wp\/v2\/comments?post=1396"}],"version-history":[{"count":0,"href":"https:\/\/apalion.com\/fr\/wp-json\/wp\/v2\/pages\/1396\/revisions"}],"wp:attachment":[{"href":"https:\/\/apalion.com\/fr\/wp-json\/wp\/v2\/media?parent=1396"}],"wp:term":[{"taxonomy":"difl_page_category","embeddable":true,"href":"https:\/\/apalion.com\/fr\/wp-json\/wp\/v2\/difl_page_category?post=1396"}],"curies":[{"name":"wp","href":"https:\/\/api.w.org\/{rel}","templated":true}]}}