{"id":1392,"date":"2023-09-07T11:10:00","date_gmt":"2023-09-07T09:10:00","guid":{"rendered":"http:\/\/staging.apalion.com\/?page_id=1392"},"modified":"2023-09-07T11:10:00","modified_gmt":"2023-09-07T09:10:00","slug":"publicite-sur-les-moteurs-de-recherche-avec-apalion-ag","status":"publish","type":"page","link":"https:\/\/apalion.com\/fr\/suchmaschinenwerbung-mit-apalion-ag\/","title":{"rendered":"La publicit\u00e9 sur les moteurs de recherche : un guide complet"},"content":{"rendered":"<h2 class=\"wp-block-heading\" id=\"markdown-einf\u00fchrung-in-die-suchmaschinenwerbung\">Introduction \u00e0 la publicit\u00e9 sur les moteurs de recherche<\/h2>\n\n\n\n<figure class=\"wp-block-image size-large\"><a href=\"https:\/\/apalion.com\/wp-content\/uploads\/2023\/09\/Helene_Berger_Ein_dynamisches_Bild_das_die_Komplexitat_und_Viel_13a9f9f5-86d9-4a90-a770-39824dcac7f4.png\"><img decoding=\"async\" width=\"1024\" height=\"574\" src=\"https:\/\/apalion.com\/wp-content\/uploads\/2023\/09\/Helene_Berger_Ein_dynamisches_Bild_das_die_Komplexitat_und_Viel_13a9f9f5-86d9-4a90-a770-39824dcac7f4-1024x574.png\" alt=\"Publicit\u00e9 sur les moteurs de recherche Marketing en ligne Optimisation pour les moteurs de recherche (SEO) Marketing pour les moteurs de recherche (SEM) Mots-cl\u00e9s Google Ads Facteur de qualit\u00e9 Exp\u00e9rience utilisateur Page de renvoi SERPs (pages de r\u00e9sultats de recherche) Co\u00fbt par clic (PPC) Co\u00fbt par vue (CPV) Co\u00fbt par 1000 impressions (CPM) Google Maps Google Shopping R\u00e9seau d&#039;affichage YouTube Gmail Google My Business\" class=\"wp-image-1394\" title=\"\" srcset=\"https:\/\/apalion.com\/wp-content\/uploads\/2023\/09\/Helene_Berger_Ein_dynamisches_Bild_das_die_Komplexitat_und_Viel_13a9f9f5-86d9-4a90-a770-39824dcac7f4-980x549.png 980w, https:\/\/apalion.com\/wp-content\/uploads\/2023\/09\/Helene_Berger_Ein_dynamisches_Bild_das_die_Komplexitat_und_Viel_13a9f9f5-86d9-4a90-a770-39824dcac7f4-480x269.png 480w\" sizes=\"(min-width: 0px) and (max-width: 480px) 480px, (min-width: 481px) and (max-width: 980px) 980px, (min-width: 981px) 1024px, 100vw\" \/><\/a><figcaption><\/figcaption><\/figure>\n\n\n\n<p>La publicit\u00e9 sur les moteurs de recherche, un \u00e9l\u00e9ment central du marketing en ligne, travaille main dans la main avec l'optimisation pour les moteurs de recherche (SEO) et forme ensemble le marketing sur les moteurs de recherche (SEM). Dans ce domaine dynamique du marketing num\u00e9rique, il est essentiel d'utiliser les bonnes strat\u00e9gies et les bons outils pour obtenir une pr\u00e9sence optimale dans les pages de r\u00e9sultats de recherche (SERPs).<\/p>\n\n\n\n<h3 class=\"wp-block-heading\" id=\"markdown-suchmaschinenwerbung-und-keywords\">Publicit\u00e9 sur les moteurs de recherche et mots-cl\u00e9s<\/h3>\n\n\n\n<p>Lorsqu'un utilisateur saisit un terme de recherche dans la barre de recherche Google, des r\u00e9sultats de recherche sp\u00e9cifiques et s\u00e9lectionn\u00e9s lui sont pr\u00e9sent\u00e9s. Ces termes de recherche, \u00e9galement connus sous le nom de mots-cl\u00e9s, constituent l'\u00e9pine dorsale de toute campagne publicitaire r\u00e9ussie sur les moteurs de recherche. Les r\u00e9sultats peuvent \u00eatre divis\u00e9s en deux cat\u00e9gories principales : les r\u00e9sultats organiques et les r\u00e9sultats payants, une combinaison de SEO et de SEA (publicit\u00e9 sur les moteurs de recherche).<\/p>\n\n\n\n<p>Le choix des bons mots-cl\u00e9s est une \u00e9tape critique dans la publicit\u00e9 sur les moteurs de recherche. Google \u00e9value la pertinence de vos mots-cl\u00e9s, annonces et pages de renvoi par un facteur de qualit\u00e9 mesur\u00e9 sur une \u00e9chelle de un \u00e0 dix. Un score plus \u00e9lev\u00e9 peut conduire \u00e0 un meilleur positionnement et \u00e0 des co\u00fbts moins \u00e9lev\u00e9s.<\/p>\n\n\n\n<h4 class=\"wp-block-heading\" id=\"markdown-strategien-f\u00fcr-erfolgreiche-suchmaschinenwerbung\">Strat\u00e9gies pour une publicit\u00e9 r\u00e9ussie sur les moteurs de recherche<\/h4>\n\n\n\n<p>L'optimisation pour les moteurs de recherche se concentre sur l'am\u00e9lioration des donn\u00e9es OnPage et OffPage afin d'atteindre des positions plus \u00e9lev\u00e9es dans les SERPs et d'obtenir ainsi une plus grande visibilit\u00e9. En revanche, la publicit\u00e9 sur les moteurs de recherche permet de cr\u00e9er des annonces sous Google Ads qui correspondent \u00e0 des mots-cl\u00e9s sp\u00e9cifiques en rapport avec votre produit ou votre service. L'annonceur fixe \u00e9galement un prix qu'il est pr\u00eat \u00e0 payer pour un clic sur son annonce.<\/p>\n\n\n\n<p>Il est toutefois important de noter que ce n'est pas toujours le plus offrant qui gagne. L'algorithme de Google utilise des centaines de crit\u00e8res pour fournir les r\u00e9sultats de recherche les plus pertinents pour l'utilisateur. Un indicateur important pour \u00e9valuer l'efficacit\u00e9 des campagnes publicitaires est le facteur de qualit\u00e9, qui fait de l'exp\u00e9rience utilisateur le crit\u00e8re le plus \u00e9lev\u00e9.<\/p>\n\n\n\n<h3 class=\"wp-block-heading\" id=\"markdown-die-kosten-und-formate-der-suchmaschinenwerbung\">Les co\u00fbts et les formats de la publicit\u00e9 sur les moteurs de recherche<\/h3>\n\n\n\n<p>Le co\u00fbt d'un placement en t\u00eate de liste sur Google peut varier en fonction de diff\u00e9rents facteurs tels que la concurrence, l'ench\u00e8re et la qualit\u00e9 de votre annonce. Il existe \u00e9galement diff\u00e9rents formats d'annonces au choix. Outre les annonces textuelles classiques sur le r\u00e9seau de recherche, Google propose \u00e9galement d'autres possibilit\u00e9s pour placer vos annonces publicitaires, comme Google Maps ou Google Shopping.<\/p>\n\n\n\n<p>Le r\u00e9seau de recherche n'est qu'une partie du vaste r\u00e9seau publicitaire de Google, qui comprend \u00e9galement les sites Web de Google, les sites partenaires du r\u00e9seau de recherche et d'autres emplacements tels que les applications mobiles. En fonction de votre strat\u00e9gie et de votre offre, vous pouvez \u00e9galement diffuser des annonces sur le R\u00e9seau Display, sur YouTube, sur Gmail ou sur Google My Business.<\/p>\n\n\n\n<p>Afin de d\u00e9finir l'approche id\u00e9ale pour votre entreprise et de cibler parfaitement vos clients, l'\u00e9quipe d'Apalion AG se tient \u00e0 votre disposition pour travailler en \u00e9troite collaboration avec vous.<\/p>\n\n\n\n<h3 class=\"wp-block-heading\" id=\"markdown-abrechnungsmodelle-in-der-suchmaschinenwerbung\">Mod\u00e8les de facturation dans la publicit\u00e9 sur les moteurs de recherche<\/h3>\n\n\n\n<p>La facturation pour Bing et Google Ads s'effectue selon la m\u00e9thode du paiement par clic. Cela signifie que l'annonceur ne paie que si l'utilisateur clique sur l'annonce. Si l'utilisateur voit l'annonce mais ne clique pas dessus, il n'y a pas de frais. Il existe \u00e9galement d'autres mod\u00e8les de facturation tels que le co\u00fbt par vue (CPV) et le co\u00fbt par 1000 impressions (CPM), qui mettent l'accent sur les clics, les vues ou les conversions de mani\u00e8re diff\u00e9rente selon la strat\u00e9gie d'ench\u00e8res et le type de campagne.<\/p>\n\n\n\n<p>Avec cette m\u00e9thode, vous ne payez que lorsqu'une action sp\u00e9cifique est effectu\u00e9e, ce qui constitue un avantage certain.<\/p>\n\n\n\n<h2 class=\"wp-block-heading\" id=\"markdown-lernen-sie-mehr-\u00fcber-suchmaschinenwerbung\">En savoir plus sur la publicit\u00e9 sur les moteurs de recherche<\/h2>\n\n\n\n<p>La publicit\u00e9 sur les moteurs de recherche (SEA), une composante essentielle du marketing sur les moteurs de recherche (SEM), permet aux entreprises d'accro\u00eetre leur pr\u00e9sence en ligne gr\u00e2ce \u00e0 des annonces cibl\u00e9es. Ces annonces, bas\u00e9es sur des mots-cl\u00e9s pr\u00e9d\u00e9finis, sont diffus\u00e9es sur les pages de r\u00e9sultats de recherche (SERP) de moteurs de recherche tels que Google et Bing. Il est important de noter que le SEA n'est pas synonyme de SEM, car le SEM comprend \u00e9galement l'optimisation pour les moteurs de recherche (SEO), un processus visant \u00e0 am\u00e9liorer les r\u00e9sultats de recherche organiques d'un site web.<\/p>\n\n\n\n<p>Les avantages du SEA sont nombreux. Les entreprises peuvent obtenir une visibilit\u00e9 imm\u00e9diate et atteindre des clients potentiels qui recherchent d\u00e9j\u00e0 leurs offres. De plus, les plateformes publicitaires permettent de cibler pr\u00e9cis\u00e9ment les campagnes sur des groupes d'utilisateurs sp\u00e9cifiques, ce qui augmente l'efficacit\u00e9 des campagnes et r\u00e9duit les co\u00fbts.<\/p>\n\n\n\n<p>La mise en \u0153uvre d'une campagne SEA n\u00e9cessite une inscription sur une plateforme publicitaire telle que Google Ads, o\u00f9 les entreprises peuvent cr\u00e9er des campagnes avec diff\u00e9rents groupes d'annonces et annonces. La position de l'annonce est d\u00e9termin\u00e9e par une ench\u00e8re qui prend en compte diff\u00e9rents facteurs tels que le prix et la pertinence de la page de destination.<\/p>\n\n\n\n<p>Un autre aspect important du SEA est le ciblage, qui permet aux entreprises de d\u00e9terminer qui peut voir leurs annonces, sur la base de crit\u00e8res tels que les mots cl\u00e9s, la langue, la r\u00e9gion, l'\u00e2ge et le sexe. Cela permet de cibler pr\u00e9cis\u00e9ment les annonces sur le groupe cible, ce qui minimise les pertes de diffusion et augmente les chances de conversion.<\/p>\n\n\n\n<p>Vous souhaitez en savoir plus ? Visitez les pages suivantes pour plus d'informations :<\/p>\n\n\n\n<ol class=\"wp-block-list\">\n<li><a href=\"https:\/\/www.seabox.ch\/\" target=\"_blank\" rel=\"noopener\">Seabox<\/a><\/li>\n\n\n\n<li><a href=\"https:\/\/www.seo-kueche.de\/lexikon\/suchmaschinenwerbung\/\" target=\"_blank\" rel=\"noopener\">SEO Cuisine<\/a><\/li>\n\n\n\n<li><a href=\"https:\/\/blog.hubspot.de\/marketing\/suchmaschinenwerbung\" target=\"_blank\" rel=\"noopener\">Blog HubSpot<\/a><\/li>\n\n\n\n<li><a href=\"https:\/\/www.luna-park.de\/blog\/36368-was-ist-suchmaschinenwerbung-sea-einfach-erklaert\/\" target=\"_blank\" rel=\"noopener\">Parc Luna<\/a><\/li>\n<\/ol>\n\n\n\n<figure class=\"wp-block-image size-large\"><a href=\"https:\/\/apalion.com\/wp-content\/uploads\/2023\/09\/Helene_Berger_Ein_dynamisches_Bild_das_die_Komplexitat_und_Viel_8bf4360b-afd8-4fe5-b7bb-26076ae6f2b3.png\"><img decoding=\"async\" width=\"1024\" height=\"574\" src=\"https:\/\/apalion.com\/wp-content\/uploads\/2023\/09\/Helene_Berger_Ein_dynamisches_Bild_das_die_Komplexitat_und_Viel_8bf4360b-afd8-4fe5-b7bb-26076ae6f2b3-1024x574.png\" alt=\"Publicit\u00e9 sur les moteurs de rechercheMarketing en ligneOptimisation des moteurs de recherche (SEO)Marketing sur les moteurs de recherche (SEM)Mots-cl\u00e9sGoogle AdsFacteur de qualit\u00e9Exp\u00e9rience utilisateurPage d&#039;atterrissageSERPs (pages de r\u00e9sultats de recherche)Paiement au clic (PPC)Co\u00fbt par clic (CPC)Co\u00fbt par vue (CPV)Co\u00fbt par 1000 impressions (CPM)Google MapsGoogle ShoppingR\u00e9seau d&#039;affichageYouTubeGmailGoogle My Business\" class=\"wp-image-1393\" title=\"\" srcset=\"https:\/\/apalion.com\/wp-content\/uploads\/2023\/09\/Helene_Berger_Ein_dynamisches_Bild_das_die_Komplexitat_und_Viel_8bf4360b-afd8-4fe5-b7bb-26076ae6f2b3-980x549.png 980w, https:\/\/apalion.com\/wp-content\/uploads\/2023\/09\/Helene_Berger_Ein_dynamisches_Bild_das_die_Komplexitat_und_Viel_8bf4360b-afd8-4fe5-b7bb-26076ae6f2b3-480x269.png 480w\" sizes=\"(min-width: 0px) and (max-width: 480px) 480px, (min-width: 481px) and (max-width: 980px) 980px, (min-width: 981px) 1024px, 100vw\" \/><\/a><figcaption><\/figcaption><\/figure>","protected":false},"excerpt":{"rendered":"<p>Einf\u00fchrung in die Suchmaschinenwerbung Die Suchmaschinenwerbung, ein zentraler Bestandteil des Online-Marketings, arbeitet Hand in Hand mit der Suchmaschinenoptimierung (SEO) und bildet zusammen das Suchmaschinenmarketing (SEM). In diesem dynamischen Bereich des digitalen Marketings ist es von entscheidender Bedeutung, die richtigen Strategien und Werkzeuge zu nutzen, um eine optimale Pr\u00e4senz in den Suchergebnisseiten (SERPs) zu erreichen. Suchmaschinenwerbung [&hellip;]<\/p>\n","protected":false},"author":2,"featured_media":0,"parent":0,"menu_order":0,"comment_status":"closed","ping_status":"closed","template":"","meta":{"_acf_changed":false,"_et_pb_use_builder":"off","_et_pb_old_content":"","_et_gb_content_width":"","footnotes":""},"difl_page_category":[],"class_list":["post-1392","page","type-page","status-publish","hentry"],"acf":[],"_links":{"self":[{"href":"https:\/\/apalion.com\/fr\/wp-json\/wp\/v2\/pages\/1392","targetHints":{"allow":["GET"]}}],"collection":[{"href":"https:\/\/apalion.com\/fr\/wp-json\/wp\/v2\/pages"}],"about":[{"href":"https:\/\/apalion.com\/fr\/wp-json\/wp\/v2\/types\/page"}],"author":[{"embeddable":true,"href":"https:\/\/apalion.com\/fr\/wp-json\/wp\/v2\/users\/2"}],"replies":[{"embeddable":true,"href":"https:\/\/apalion.com\/fr\/wp-json\/wp\/v2\/comments?post=1392"}],"version-history":[{"count":0,"href":"https:\/\/apalion.com\/fr\/wp-json\/wp\/v2\/pages\/1392\/revisions"}],"wp:attachment":[{"href":"https:\/\/apalion.com\/fr\/wp-json\/wp\/v2\/media?parent=1392"}],"wp:term":[{"taxonomy":"difl_page_category","embeddable":true,"href":"https:\/\/apalion.com\/fr\/wp-json\/wp\/v2\/difl_page_category?post=1392"}],"curies":[{"name":"wp","href":"https:\/\/api.w.org\/{rel}","templated":true}]}}