{"id":1379,"date":"2023-09-07T01:23:16","date_gmt":"2023-09-06T23:23:16","guid":{"rendered":"http:\/\/staging.apalion.com\/?page_id=1379"},"modified":"2023-09-07T01:23:16","modified_gmt":"2023-09-06T23:23:16","slug":"partenariat-reussi-meilleures-prestations-seo","status":"publish","type":"page","link":"https:\/\/apalion.com\/fr\/erfolgreiche-partnerschaft-beste-seo-leistungen\/","title":{"rendered":"Un partenariat r\u00e9ussi : transparence et \u00e9quit\u00e9 pour les meilleures prestations SEO"},"content":{"rendered":"<figure class=\"wp-block-image size-large\"><a href=\"https:\/\/apalion.com\/wp-content\/uploads\/2023\/09\/Helene_Berger_Auf_diesem_Bild_sehen_wir_ein_Team_von_SEO-Expert_722cb204-a50e-4bef-b7f7-a30b4f709cce.png\"><img decoding=\"async\" width=\"1024\" height=\"574\" src=\"https:\/\/apalion.com\/wp-content\/uploads\/2023\/09\/Helene_Berger_Auf_diesem_Bild_sehen_wir_ein_Team_von_SEO-Expert_722cb204-a50e-4bef-b7f7-a30b4f709cce-1024x574.png\" alt=\"\" class=\"wp-image-1381\" title=\"\" srcset=\"https:\/\/apalion.com\/wp-content\/uploads\/2023\/09\/Helene_Berger_Auf_diesem_Bild_sehen_wir_ein_Team_von_SEO-Expert_722cb204-a50e-4bef-b7f7-a30b4f709cce-980x550.png 980w, https:\/\/apalion.com\/wp-content\/uploads\/2023\/09\/Helene_Berger_Auf_diesem_Bild_sehen_wir_ein_Team_von_SEO-Expert_722cb204-a50e-4bef-b7f7-a30b4f709cce-480x269.png 480w\" sizes=\"(min-width: 0px) and (max-width: 480px) 480px, (min-width: 481px) and (max-width: 980px) 980px, (min-width: 981px) 1024px, 100vw\" \/><\/a><figcaption><\/figcaption><\/figure>\n\n\n\n<h2 class=\"wp-block-heading\">Contactez-nous<\/h2>\n\n\n\n<p>Contactez-nous pour b\u00e9n\u00e9ficier de nos services sp\u00e9cialis\u00e9s en mati\u00e8re de r\u00e9f\u00e9rencement afin de progresser.<\/p>\n\n\n\n<h2 class=\"wp-block-heading\">Prestations SEO pour votre site web<\/h2>\n\n\n\n<h3 class=\"wp-block-heading\">Conseil personnalis\u00e9 par Apalion AG<\/h3>\n\n\n\n<p>Chez Apalion AG, nos experts se tiennent personnellement \u00e0 vos c\u00f4t\u00e9s. Nous travaillons selon des crit\u00e8res individuels, en vous pla\u00e7ant, en tant que propri\u00e9taire d'entreprise, au centre de nos pr\u00e9occupations. Notre \u00e9quipe exp\u00e9riment\u00e9e d\u00e9veloppe des solutions sur mesure pour am\u00e9liorer votre classement. Dans le cadre d'une collaboration \u00e0 long terme, vous aurez un interlocuteur attitr\u00e9 qui vous soutiendra.<\/p>\n\n\n\n<h3 class=\"wp-block-heading\">Un service client innovant<\/h3>\n\n\n\n<p>Comptez sur notre excellent service \u00e0 la client\u00e8le. Notre offre est compl\u00e9t\u00e9e par une m\u00e9thode de travail innovante qui s'appuie sur les connaissances les plus r\u00e9centes. Notre \u00e9quipe s'efforce de rester \u00e0 jour, car les directives \u00e9voluent constamment. Avec notre agence, vous ne manquerez plus aucune tendance.<\/p>\n\n\n\n<h3 class=\"wp-block-heading\">Importance des strat\u00e9gies de r\u00e9f\u00e9rencement<\/h3>\n\n\n\n<p>M\u00eame le meilleur produit n'aura qu'un succ\u00e8s limit\u00e9 s'il n'est pas trouv\u00e9 par les clients potentiels et s'il est noy\u00e9 dans la masse. Il est donc important d'int\u00e9grer des aspects pertinents dans votre strat\u00e9gie marketing. Avec un contenu pertinent, les clients potentiels vous trouveront plus rapidement, ce qui assurera la rentabilit\u00e9 de votre entreprise et vous aidera \u00e0 vous \u00e9tablir comme un entrepreneur \u00e0 succ\u00e8s.<\/p>\n\n\n\n<h3 class=\"wp-block-heading\">De multiples possibilit\u00e9s pour augmenter votre visibilit\u00e9<\/h3>\n\n\n\n<p>De nombreuses possibilit\u00e9s s'offrent \u00e0 vous pour augmenter votre visibilit\u00e9 gr\u00e2ce \u00e0 nos services de r\u00e9f\u00e9rencement. Il peut s'agir d'une analyse, d'un contenu textuel optimis\u00e9 ou d'un rapport. Cela demande une expertise et des comp\u00e9tences cl\u00e9s pour augmenter la pertinence. En tant qu'entrepreneur, il n'est pas facile de se consacrer enti\u00e8rement \u00e0 ce sujet, surtout si d'autres activit\u00e9s commerciales occupent votre temps.<\/p>\n\n\n\n<h3 class=\"wp-block-heading\">Des solutions rentables gr\u00e2ce \u00e0 l'externalisation<\/h3>\n\n\n\n<p>Pour \u00e9viter des co\u00fbts suppl\u00e9mentaires, vous pouvez faire appel \u00e0 nos services de r\u00e9f\u00e9rencement plut\u00f4t que d'engager du personnel pour d\u00e9velopper une strat\u00e9gie marketing avec un contenu pertinent. L'externalisation du travail \u00e0 un prestataire de services vous soulage et favorise en m\u00eame temps votre succ\u00e8s. Votre pr\u00e9sence en ligne est votre carte de visite. Nos services de r\u00e9f\u00e9rencement vous permettent d'atteindre davantage de groupes cibles, ce qui favorise votre acquisition de clients et augmente votre chiffre d'affaires.<\/p>\n\n\n\n<h2 class=\"wp-block-heading\">D\u00e9couvrir les secrets des strat\u00e9gies gagnantes<\/h2>\n\n\n\n<h3 class=\"wp-block-heading\">Strat\u00e9gies de mots-cl\u00e9s pour les f\u00eates<\/h3>\n\n\n\n<p>La recherche de mots-cl\u00e9s est un \u00e9l\u00e9ment essentiel de toute strat\u00e9gie de r\u00e9f\u00e9rencement. L'objectif est de trouver des requ\u00eates, des th\u00e8mes et des termes avec un volume relativement important, mais avec une intention d'utilisateur cibl\u00e9e. Les mots-cl\u00e9s de longue tra\u00eene sont particuli\u00e8rement importants, car ils re\u00e7oivent 1,76 fois plus de clics dans les SERP organiques. Ils conviennent parfaitement aux billets de blog informatifs et aux guides d\u00e9taill\u00e9s.<\/p>\n\n\n\n<h3 class=\"wp-block-heading\">Planification et optimisation du contenu pour les f\u00eates de fin d'ann\u00e9e<\/h3>\n\n\n\n<p>Une strat\u00e9gie de contenu efficace n\u00e9cessite une planification et une optimisation minutieuses. Utilisez Google Trends pour obtenir un aper\u00e7u des tendances \u00e9mergentes en mati\u00e8re de produits et des changements dans l'int\u00e9r\u00eat des consommateurs. Analysez les donn\u00e9es de votre site web avec Google Search Console et Google Analytics afin d'identifier les pages et les requ\u00eates de recherche les plus efficaces.<\/p>\n\n\n\n<h2 class=\"wp-block-heading\">Prestations SEO sur mesure<\/h2>\n\n\n\n<h3 class=\"wp-block-heading\">Des services professionnels de r\u00e9f\u00e9rencement pour votre succ\u00e8s<\/h3>\n\n\n\n<p>Pour r\u00e9ussir, vous avez besoin d'un partenaire comp\u00e9tent. Chez Apalion AG, nous cr\u00e9ons les bases de votre succ\u00e8s. Depuis 2012, nous nous sommes \u00e9tablis comme agence d'optimisation pour les moteurs de recherche. Notre \u00e9quipe sp\u00e9cialis\u00e9e vous soutient avec des solutions innovantes afin d'atteindre de nouveaux jalons avec votre entreprise.<\/p>\n\n\n\n<h3 class=\"wp-block-heading\">La passion de votre r\u00e9ussite<\/h3>\n\n\n\n<p>Chez Apalion AG, nous sommes passionn\u00e9s par ce que nous faisons, car nous avons une vision : vous donner plus de succ\u00e8s et de visibilit\u00e9. Vos projets sont aussi les n\u00f4tres ! Nous sommes fermement convaincus que notre m\u00e9thode de travail vous sera b\u00e9n\u00e9fique. Nous vous aidons \u00e0 cr\u00e9er des contenus SEO uniques qui se lisent de mani\u00e8re fluide tout en augmentant votre visibilit\u00e9 gr\u00e2ce \u00e0 des logiciels sp\u00e9cifiques d\u00e9velopp\u00e9s au sein de notre entreprise.<\/p>\n\n\n\n<h3 class=\"wp-block-heading\">Une collaboration sans risque<\/h3>\n\n\n\n<p>Avec nous, vous ne prenez aucun risque. Nous vous offrons la possibilit\u00e9 d'effectuer un contr\u00f4le SEO gratuit et de demander un devis pour obtenir un premier aper\u00e7u et d\u00e9terminer o\u00f9 vous avez besoin d'aide pour optimiser votre pr\u00e9sence sur le web en mati\u00e8re de SEO.<\/p>\n\n\n\n<figure class=\"wp-block-image size-large\"><a href=\"https:\/\/apalion.com\/wp-content\/uploads\/2023\/09\/Helene_Berger_Auf_diesem_Bild_sehen_wir_ein_Team_von_SEO-Expert_5bd78490-ba3c-45f7-9c5b-6c6a06dff120.png\"><img decoding=\"async\" width=\"1024\" height=\"574\" src=\"https:\/\/apalion.com\/wp-content\/uploads\/2023\/09\/Helene_Berger_Auf_diesem_Bild_sehen_wir_ein_Team_von_SEO-Expert_5bd78490-ba3c-45f7-9c5b-6c6a06dff120-1024x574.png\" alt=\"Prestations SEO\" class=\"wp-image-1380\" title=\"\" srcset=\"https:\/\/apalion.com\/wp-content\/uploads\/2023\/09\/Helene_Berger_Auf_diesem_Bild_sehen_wir_ein_Team_von_SEO-Expert_5bd78490-ba3c-45f7-9c5b-6c6a06dff120-980x550.png 980w, https:\/\/apalion.com\/wp-content\/uploads\/2023\/09\/Helene_Berger_Auf_diesem_Bild_sehen_wir_ein_Team_von_SEO-Expert_5bd78490-ba3c-45f7-9c5b-6c6a06dff120-480x269.png 480w\" sizes=\"(min-width: 0px) and (max-width: 480px) 480px, (min-width: 481px) and (max-width: 980px) 980px, (min-width: 981px) 1024px, 100vw\" \/><\/a><figcaption><\/figcaption><\/figure>\n\n\n\n<p><strong>Apprenez-en plus, nous avons ici quelques articles int\u00e9ressants sur le sujet :<\/strong><\/p>\n\n\n\n<ol class=\"wp-block-list\">\n<li><a href=\"https:\/\/searchengineland.com\/this-seo-strategy-led-to-497-page-one-rankings-in-7-weeks-431627\" target=\"_blank\" rel=\"noopener\">Cette strat\u00e9gie de r\u00e9f\u00e9rencement a permis d'obtenir 497 classements de pages uniques en 7 semaines<\/a><\/li>\n\n\n\n<li><a href=\"https:\/\/searchengineland.com\/seo-strategy-holiday-season-431538\" target=\"_blank\" rel=\"noopener\">Comment cr\u00e9er une strat\u00e9gie de r\u00e9f\u00e9rencement r\u00e9ussie pour la saison des vacances 2023 ?<\/a><\/li>\n<\/ol>\n\n\n\n<p><\/p>","protected":false},"excerpt":{"rendered":"<p>Kontaktieren Sie uns Setzen Sie sich mit uns in Kontakt, um unsere spezialisierten SEO-Leistungen f\u00fcr Ihren Fortschritt zu nutzen. SEO-Leistungen f\u00fcr Ihre Webseite Pers\u00f6nliche Beratung durch Apalion AG Unsere Experten bei Apalion AG stehen Ihnen pers\u00f6nlich zur Seite. Wir arbeiten nach individuellen Ma\u00dfst\u00e4ben, wobei Sie als Gesch\u00e4ftsinhaber im Mittelpunkt unserer Bem\u00fchungen stehen. Unser erfahrenes Team [&hellip;]<\/p>\n","protected":false},"author":2,"featured_media":0,"parent":0,"menu_order":0,"comment_status":"closed","ping_status":"closed","template":"","meta":{"_acf_changed":false,"_et_pb_use_builder":"off","_et_pb_old_content":"","_et_gb_content_width":"","footnotes":""},"difl_page_category":[],"class_list":["post-1379","page","type-page","status-publish","hentry"],"acf":[],"_links":{"self":[{"href":"https:\/\/apalion.com\/fr\/wp-json\/wp\/v2\/pages\/1379","targetHints":{"allow":["GET"]}}],"collection":[{"href":"https:\/\/apalion.com\/fr\/wp-json\/wp\/v2\/pages"}],"about":[{"href":"https:\/\/apalion.com\/fr\/wp-json\/wp\/v2\/types\/page"}],"author":[{"embeddable":true,"href":"https:\/\/apalion.com\/fr\/wp-json\/wp\/v2\/users\/2"}],"replies":[{"embeddable":true,"href":"https:\/\/apalion.com\/fr\/wp-json\/wp\/v2\/comments?post=1379"}],"version-history":[{"count":0,"href":"https:\/\/apalion.com\/fr\/wp-json\/wp\/v2\/pages\/1379\/revisions"}],"wp:attachment":[{"href":"https:\/\/apalion.com\/fr\/wp-json\/wp\/v2\/media?parent=1379"}],"wp:term":[{"taxonomy":"difl_page_category","embeddable":true,"href":"https:\/\/apalion.com\/fr\/wp-json\/wp\/v2\/difl_page_category?post=1379"}],"curies":[{"name":"wp","href":"https:\/\/api.w.org\/{rel}","templated":true}]}}