{"id":1367,"date":"2023-09-07T00:12:41","date_gmt":"2023-09-06T22:12:41","guid":{"rendered":"http:\/\/staging.apalion.com\/?page_id=1367"},"modified":"2023-09-07T00:12:41","modified_gmt":"2023-09-06T22:12:41","slug":"onpage-seo-par-apalion-ag","status":"publish","type":"page","link":"https:\/\/apalion.com\/fr\/onpage-seo-par-apalion-ag\/","title":{"rendered":"OnPage SEO pour votre succ\u00e8s"},"content":{"rendered":"<figure class=\"wp-block-image size-large\"><a href=\"https:\/\/apalion.com\/wp-content\/uploads\/2023\/09\/Helene_Berger_Das_Bild_zeigt_einen_informativen_und_detailliert_6a881b89-34b4-49f0-a2cc-e440ab927af7.png\"><img decoding=\"async\" width=\"1024\" height=\"574\" src=\"https:\/\/apalion.com\/wp-content\/uploads\/2023\/09\/Helene_Berger_Das_Bild_zeigt_einen_informativen_und_detailliert_6a881b89-34b4-49f0-a2cc-e440ab927af7-1024x574.png\" alt=\"\" class=\"wp-image-1368\" title=\"\" srcset=\"https:\/\/apalion.com\/wp-content\/uploads\/2023\/09\/Helene_Berger_Das_Bild_zeigt_einen_informativen_und_detailliert_6a881b89-34b4-49f0-a2cc-e440ab927af7-980x550.png 980w, https:\/\/apalion.com\/wp-content\/uploads\/2023\/09\/Helene_Berger_Das_Bild_zeigt_einen_informativen_und_detailliert_6a881b89-34b4-49f0-a2cc-e440ab927af7-480x269.png 480w\" sizes=\"(min-width: 0px) and (max-width: 480px) 480px, (min-width: 481px) and (max-width: 980px) 980px, (min-width: 981px) 1024px, 100vw\" \/><\/a><figcaption><\/figcaption><\/figure>\n\n\n\n<h3 class=\"wp-block-heading\">Qu'est-ce que le SEO on-page exactement ?<\/h3>\n\n\n\n<p>Le SEO on-page, \u00e9galement connu sous le nom d'optimisation sur site, est un aspect essentiel de l'optimisation des moteurs de recherche qui se concentre sur l'am\u00e9lioration des aspects techniques et du contenu d'un site web. L'objectif est d'obtenir une meilleure visibilit\u00e9 dans les r\u00e9sultats de recherche des moteurs de recherche tels que Google, tout en am\u00e9liorant l'exp\u00e9rience utilisateur. Cela comprend une vari\u00e9t\u00e9 d'actions qui peuvent \u00eatre men\u00e9es directement sur le site, y compris l'optimisation du contenu, des aspects techniques et des \u00e9l\u00e9ments structurels.<\/p>\n\n\n\n<h3 class=\"wp-block-heading\">Les facteurs les plus importants pour l'optimisation on-page<\/h3>\n\n\n\n<p>L'optimisation on-page commence par la structuration de l'URL et de l'ensemble du site web. Un aspect essentiel \u00e0 cet \u00e9gard est la longueur de l'URL qui, bien qu'elle ne soit pas le facteur d\u00e9cisif, joue un r\u00f4le dans la d\u00e9termination du taux de clics. Les URL courtes ont tendance \u00e0 \u00eatre plus souvent cliqu\u00e9es que les longues. Le positionnement des mots-cl\u00e9s centraux est \u00e9galement un facteur critique dans ce processus.<\/p>\n\n\n\n<p>Les \u00e9l\u00e9ments HTML jouent un r\u00f4le crucial dans l'optimisation on-page. La balise Title, \u00e9galement connue sous le nom de Meta Title, est l'\u00e9l\u00e9ment m\u00e9ta le plus important sur votre site web. Elle ne sert pas seulement de titre pour l'affichage dans les r\u00e9sultats de recherche, mais devrait \u00e9galement attirer des visiteurs potentiels sur le site. D'autres \u00e9l\u00e9ments HTML importants sont la Meta Description et la balise Canonical.<\/p>\n\n\n\n<h2 class=\"wp-block-heading\">R\u00e9f\u00e9rencement OnPage<\/h2>\n\n\n\n<h3 class=\"wp-block-heading\">Faites confiance aux experts<\/h3>\n\n\n\n<p>L'optimisation on-page est un vaste domaine qui englobe de nombreux facteurs et mesures. Sans l'aide d'un expert qui conna\u00eet tous les aspects du r\u00e9f\u00e9rencement on-page, il est difficile pour les entreprises d'obtenir un classement optimal. L'importance du classement dans les moteurs de recherche pour les strat\u00e9gies marketing est bien connue.<\/p>\n\n\n\n<h3 class=\"wp-block-heading\">Pourquoi l'optimisation on-page est-elle si importante pour le r\u00e9f\u00e9rencement ?<\/h3>\n\n\n\n<p>L'optimisation on-page comprend toutes les mesures qui visent \u00e0 am\u00e9liorer le classement dans les moteurs de recherche et \u00e0 optimiser l'exp\u00e9rience utilisateur. Il s'agit d'une \u00e9tape cruciale pour augmenter la visibilit\u00e9 de votre site et attirer davantage de visiteurs.<\/p>\n\n\n\n<h3 class=\"wp-block-heading\">Quels sont les facteurs on-page \u00e0 prendre en compte lors de l'optimisation d'un site web ?<\/h3>\n\n\n\n<p>Parmi les facteurs importants de l'optimisation on-page figurent la structure de l'URL, la structure de la page web, la balise Title, la m\u00e9ta description, la balise Canonical, le contenu, les liens internes, les images et les vid\u00e9os ainsi que le code source du site web.<\/p>\n\n\n\n<h3 class=\"wp-block-heading\">Comment utiliser efficacement les mots-cl\u00e9s dans l'optimisation on-page ?<\/h3>\n\n\n\n<p>Les mots-cl\u00e9s sont un \u00e9l\u00e9ment essentiel de l'optimisation on-page. Ils doivent \u00eatre plac\u00e9s de mani\u00e8re strat\u00e9gique dans les zones importantes de la page web, y compris la balise Title, la m\u00e9ta description, les titres, le contenu, les textes Alt des images et les liens internes.<\/p>\n\n\n\n<h3 class=\"wp-block-heading\">Bonnes pratiques pour am\u00e9liorer l'exp\u00e9rience utilisateur sur un site web<\/h3>\n\n\n\n<p>Pour am\u00e9liorer l'exp\u00e9rience utilisateur sur un site web, il convient de tenir compte d'une structure claire et logique, d'une navigation simple, d'un temps de chargement rapide, d'une optimisation mobile, d'un contenu pertinent et de qualit\u00e9 et d'un design attrayant.<\/p>\n\n\n\n<h3 class=\"wp-block-heading\">Le r\u00f4le des liens internes dans l'optimisation on-page<\/h3>\n\n\n\n<p>Les liens internes sont un outil efficace dans l'optimisation on-page, car ils permettent d'am\u00e9liorer la structure du site, d'optimiser l'exp\u00e9rience utilisateur et d'augmenter la pertinence de certaines pages.<\/p>\n\n\n\n<h3 class=\"wp-block-heading\">Mesure du succ\u00e8s de l'optimisation on-page<\/h3>\n\n\n\n<p>Le succ\u00e8s de l'optimisation on-page peut \u00eatre mesur\u00e9 \u00e0 l'aide de diff\u00e9rents facteurs, dont le classement dans les moteurs de recherche, le nombre de visiteurs, le temps que les utilisateurs passent sur le site, le taux de rebond et le taux de conversion.<\/p>\n\n\n\n<figure class=\"wp-block-image size-large\"><a href=\"https:\/\/apalion.com\/wp-content\/uploads\/2023\/09\/Helene_Berger_Das_Bild_zeigt_einen_informativen_und_detailliert_6a881b89-34b4-49f0-a2cc-e440ab927af7.png\"><img decoding=\"async\" width=\"1024\" height=\"574\" src=\"https:\/\/apalion.com\/wp-content\/uploads\/2023\/09\/Helene_Berger_Das_Bild_zeigt_einen_informativen_und_detailliert_6a881b89-34b4-49f0-a2cc-e440ab927af7-1024x574.png\" alt=\"R\u00e9f\u00e9rencement on-page\" class=\"wp-image-1368\" title=\"\" srcset=\"https:\/\/apalion.com\/wp-content\/uploads\/2023\/09\/Helene_Berger_Das_Bild_zeigt_einen_informativen_und_detailliert_6a881b89-34b4-49f0-a2cc-e440ab927af7-980x550.png 980w, https:\/\/apalion.com\/wp-content\/uploads\/2023\/09\/Helene_Berger_Das_Bild_zeigt_einen_informativen_und_detailliert_6a881b89-34b4-49f0-a2cc-e440ab927af7-480x269.png 480w\" sizes=\"(min-width: 0px) and (max-width: 480px) 480px, (min-width: 481px) and (max-width: 980px) 980px, (min-width: 981px) 1024px, 100vw\" \/><\/a><figcaption><\/figcaption><\/figure>\n\n\n\n<h2 class=\"wp-block-heading\">Apprendre plus<\/h2>\n\n\n\n<p>Nous avons ici quelques articles int\u00e9ressants sur le sujet :<\/p>\n\n\n\n<ol class=\"wp-block-list\">\n<li><a href=\"https:\/\/backlinko.com\/on-page-seo\" target=\"_blank\" rel=\"noopener\">On-Page SEO : The Definitive Guide - Backlinko<\/a> Il s'agit d'un guide complet sur le r\u00e9f\u00e9rencement on-page pour l'ann\u00e9e 2023. Le guide aborde des sujets tels que l'optimisation de votre contenu, la cr\u00e9ation d'URL favorables au r\u00e9f\u00e9rencement, la r\u00e9daction de titres et de descriptions et bien plus encore.<\/li>\n\n\n\n<li><a href=\"https:\/\/moz.com\/blog\/category\/on-page-seo\" target=\"_blank\" rel=\"noopener\">On-Page SEO - Moz<\/a> Ce site propose une collection de ressources et d'articles sur le SEO on-page, y compris un guide pour d\u00e9butants, un centre d'apprentissage et des articles plus sp\u00e9cifiques sur des concepts avanc\u00e9s de SEO on-page.<\/li>\n\n\n\n<li><a href=\"https:\/\/ahrefs.com\/blog\/on-page-seo\/\" target=\"_blank\" rel=\"noopener\">On-Page SEO : What It Is - Ahrefs<\/a> Cet article d'Ahrefs traite des bases du r\u00e9f\u00e9rencement on-page et explique comment les mettre en \u0153uvre efficacement pour am\u00e9liorer le classement d'une page. Il propose \u00e9galement une liste de contr\u00f4le et des conseils pour optimiser l'intention de recherche.<\/li>\n<\/ol>\n\n\n\n<p><\/p>","protected":false},"excerpt":{"rendered":"<p>Was genau ist Onpage SEO? Onpage SEO, auch bekannt als Onsite-Optimierung, ist ein wesentlicher Aspekt der Suchmaschinenoptimierung, der sich auf die Verbesserung der technischen und inhaltlichen Aspekte einer Website konzentriert. Ziel ist es, eine h\u00f6here Sichtbarkeit in den Suchergebnissen von Suchmaschinen wie Google zu erzielen und gleichzeitig die Nutzererfahrung zu verbessern. Dies umfasst eine Vielzahl [&hellip;]<\/p>","protected":false},"author":2,"featured_media":0,"parent":0,"menu_order":0,"comment_status":"closed","ping_status":"closed","template":"","meta":{"_acf_changed":false,"_et_pb_use_builder":"off","_et_pb_old_content":"","_et_gb_content_width":"","footnotes":""},"difl_page_category":[],"class_list":["post-1367","page","type-page","status-publish","hentry"],"acf":[],"_links":{"self":[{"href":"https:\/\/apalion.com\/fr\/wp-json\/wp\/v2\/pages\/1367","targetHints":{"allow":["GET"]}}],"collection":[{"href":"https:\/\/apalion.com\/fr\/wp-json\/wp\/v2\/pages"}],"about":[{"href":"https:\/\/apalion.com\/fr\/wp-json\/wp\/v2\/types\/page"}],"author":[{"embeddable":true,"href":"https:\/\/apalion.com\/fr\/wp-json\/wp\/v2\/users\/2"}],"replies":[{"embeddable":true,"href":"https:\/\/apalion.com\/fr\/wp-json\/wp\/v2\/comments?post=1367"}],"version-history":[{"count":0,"href":"https:\/\/apalion.com\/fr\/wp-json\/wp\/v2\/pages\/1367\/revisions"}],"wp:attachment":[{"href":"https:\/\/apalion.com\/fr\/wp-json\/wp\/v2\/media?parent=1367"}],"wp:term":[{"taxonomy":"difl_page_category","embeddable":true,"href":"https:\/\/apalion.com\/fr\/wp-json\/wp\/v2\/difl_page_category?post=1367"}],"curies":[{"name":"wp","href":"https:\/\/api.w.org\/{rel}","templated":true}]}}