{"id":1364,"date":"2023-09-06T22:42:03","date_gmt":"2023-09-06T20:42:03","guid":{"rendered":"http:\/\/staging.apalion.com\/?page_id=1364"},"modified":"2023-09-06T22:42:03","modified_gmt":"2023-09-06T20:42:03","slug":"quest-ce-quun-plan-de-site","status":"publish","type":"page","link":"https:\/\/apalion.com\/fr\/quest-ce-quun-plan-de-site\/","title":{"rendered":"Qu'est-ce qu'un plan de site et quel est le rapport avec le r\u00e9f\u00e9rencement ?"},"content":{"rendered":"<figure class=\"wp-block-image size-full\"><a href=\"https:\/\/apalion.com\/wp-content\/uploads\/2023\/09\/Helene_Berger_Das_Bild_zeigt_eine_stilisierte_Darstellung_einer_6551cb07-2f66-4865-993f-9efd451228c8.png\"><img decoding=\"async\" width=\"1024\" height=\"1024\" src=\"https:\/\/apalion.com\/wp-content\/uploads\/2023\/09\/Helene_Berger_Das_Bild_zeigt_eine_stilisierte_Darstellung_einer_6551cb07-2f66-4865-993f-9efd451228c8.png\" alt=\"SITEMAP pour un meilleur r\u00e9f\u00e9rencement, \u00e0 trouver sous Sitemap.xml Sitemap.html\" class=\"wp-image-1348\" title=\"\" srcset=\"https:\/\/apalion.com\/wp-content\/uploads\/2023\/09\/Helene_Berger_Das_Bild_zeigt_eine_stilisierte_Darstellung_einer_6551cb07-2f66-4865-993f-9efd451228c8.png 1024w, https:\/\/apalion.com\/wp-content\/uploads\/2023\/09\/Helene_Berger_Das_Bild_zeigt_eine_stilisierte_Darstellung_einer_6551cb07-2f66-4865-993f-9efd451228c8-980x980.png 980w, https:\/\/apalion.com\/wp-content\/uploads\/2023\/09\/Helene_Berger_Das_Bild_zeigt_eine_stilisierte_Darstellung_einer_6551cb07-2f66-4865-993f-9efd451228c8-480x480.png 480w\" sizes=\"(min-width: 0px) and (max-width: 480px) 480px, (min-width: 481px) and (max-width: 980px) 980px, (min-width: 981px) 1024px, 100vw\" \/><\/a><figcaption><\/figcaption><\/figure>\n\n\n\n<p>Dans le monde dynamique d'Internet, il est essentiel que les sites Web soient bien organis\u00e9s et facilement accessibles aux moteurs de recherche. C'est l\u00e0 qu'intervient le sitemap, un outil efficace qui sert de pont entre les propri\u00e9taires de sites web et les moteurs de recherche. Plongeons plus profond\u00e9ment dans cet univers et comprenons sa signification et son fonctionnement. Comprenez avec nous pourquoi le SEO s'appuie aussi l\u00e0-dessus.<\/p>\n\n\n\n<h2 class=\"wp-block-heading\">D\u00e9finition et signification<\/h2>\n\n\n\n<p>Les sitemaps, \u00e9galement connus sous le nom de cartes de site, sont des listes hi\u00e9rarchiques de tous les documents ou pages web d'une pr\u00e9sence en ligne. Ils offrent une vue d'ensemble claire de toute la structure du site, y compris de toutes les sous-pages. \u00c0 l'origine, elles ont \u00e9t\u00e9 con\u00e7ues pour faciliter la navigation sur les sites web en les affichant dans un cadre suppl\u00e9mentaire \u00e0 c\u00f4t\u00e9 du contenu principal. Cela permettait aux visiteurs de naviguer d'une page \u00e0 l'autre sans avoir \u00e0 consulter chaque lien individuellement.<\/p>\n\n\n\n<p>De nos jours, les syst\u00e8mes de navigation sont, dans la plupart des cas, beaucoup plus simples et intuitifs. N\u00e9anmoins, la carte du site conserve toute sa pertinence, car elle am\u00e9liore la convivialit\u00e9 et permet aux moteurs de recherche d'acc\u00e9der \u00e0 ces fichiers. Elle agit comme une sorte de \u201ecarte\u201c du site web, aidant les crawlers des moteurs de recherche \u00e0 trouver et \u00e0 indexer le contenu plus efficacement.<\/p>\n\n\n\n<h2 class=\"wp-block-heading\">Types de cartes de synth\u00e8se des pages<\/h2>\n\n\n\n<p>Il existe deux types principaux de cartes de page : XML et HTML. Toutes deux ont leurs propres fonctions et avantages sp\u00e9cifiques :<\/p>\n\n\n\n<h3 class=\"wp-block-heading\">Plan du site XML<\/h3>\n\n\n\n<p>Les cartes de site XML ont \u00e9t\u00e9 sp\u00e9cialement con\u00e7ues pour les moteurs de recherche. Ces fichiers au format texte contiennent toutes les URL au sein du site web et aident les robots d'exploration \u00e0 d\u00e9couvrir et \u00e0 indexer plus rapidement les pages importantes. Vous pouvez fournir des informations suppl\u00e9mentaires pour chaque URL, comme la fr\u00e9quence des mises \u00e0 jour et la priorit\u00e9 du contenu. Cela permet une indexation plus efficace et contribue \u00e0 am\u00e9liorer la visibilit\u00e9 du site dans les r\u00e9sultats de recherche.<\/p>\n\n\n\n<h3 class=\"wp-block-heading\">Plan du site HTML<\/h3>\n\n\n\n<p>Contrairement au XML, les cartes de site HTML sont davantage ax\u00e9es sur les visiteurs humains. Elles permettent aux utilisateurs de naviguer plus efficacement sur le site en offrant un aper\u00e7u clair et structur\u00e9 de toutes les pages essentielles. Cela am\u00e9liore non seulement l'exp\u00e9rience utilisateur, mais peut \u00e9galement contribuer \u00e0 augmenter le temps pass\u00e9 sur le site.<\/p>\n\n\n\n<h2 class=\"wp-block-heading\">SEO et plans du site<\/h2>\n\n\n\n<p>La carte de site est un outil essentiel dans l'optimisation des moteurs de recherche (SEO). Elle aide les robots d'exploration web ou les robots de recherche \u00e0 parcourir Internet plus efficacement et \u00e0 trouver et indexer les informations. En fournissant un index clair qui contient toutes les pages, l'indexation est simplifi\u00e9e, en particulier pour les sites web volumineux ou les pages qui ne sont pas bien reli\u00e9es \u00e0 d'autres sites. Les deux types de cartes de pages sont tout aussi importants dans le contexte du r\u00e9f\u00e9rencement, car ils am\u00e9liorent la convivialit\u00e9 et peuvent potentiellement contribuer \u00e0 un meilleur classement dans les r\u00e9sultats de recherche.<\/p>\n\n\n\n<h2 class=\"wp-block-heading\">Applications pratiques et conseils<\/h2>\n\n\n\n<p>Si vous exploitez un site web, il est conseill\u00e9 de cr\u00e9er \u00e0 la fois un sitemap XML et un sitemap HTML. Alors que la variante XML garantit que les crawlers des moteurs de recherche peuvent facilement trouver et indexer toutes les pages importantes de votre site, la variante HTML aide vos visiteurs \u00e0 s'orienter facilement sur votre site.<\/p>\n\n\n\n<p>Il est \u00e9galement important de les mettre \u00e0 jour r\u00e9guli\u00e8rement, notamment lorsque vous ajoutez de nouveaux contenus ou modifiez des pages existantes. Cela permet de s'assurer que les moteurs de recherche et les visiteurs ont toujours acc\u00e8s aux informations les plus r\u00e9centes.<\/p>\n\n\n\n<h2 class=\"wp-block-heading\">Utiliser WordPress <\/h2>\n\n\n\n<p>Souvent, les installations WordPress ne disposent ni d'une variante HTML ni d'une variante XML du plan du site. Cela est d\u00fb en grande partie au fait que les gens ne connaissent pas l'importance de cette technique. Pour un bon r\u00e9f\u00e9rencement, il est donc absolument indispensable d'en avoir une. Pour cela, il est possible de cr\u00e9er un fichier manuellement ou d'utiliser un plug-in.  Quelle que soit votre d\u00e9cision. C'est un must have pour vous en tant que propri\u00e9taire de site web. <\/p>\n\n\n\n<figure class=\"wp-block-image size-full\"><a href=\"https:\/\/apalion.com\/wp-content\/uploads\/2023\/09\/Helene_Berger_Das_Bild_zeigt_eine_stilisierte_Darstellung_einer_6bed27fc-e13e-46dc-b650-5a999e77e2dd.png\"><img decoding=\"async\" width=\"1024\" height=\"1024\" src=\"https:\/\/apalion.com\/wp-content\/uploads\/2023\/09\/Helene_Berger_Das_Bild_zeigt_eine_stilisierte_Darstellung_einer_6bed27fc-e13e-46dc-b650-5a999e77e2dd.png\" alt=\"SITEMAP pour un meilleur r\u00e9f\u00e9rencement, \u00e0 trouver sous Sitemap.xml Sitemap.html\" class=\"wp-image-1347\" title=\"\" srcset=\"https:\/\/apalion.com\/wp-content\/uploads\/2023\/09\/Helene_Berger_Das_Bild_zeigt_eine_stilisierte_Darstellung_einer_6bed27fc-e13e-46dc-b650-5a999e77e2dd.png 1024w, https:\/\/apalion.com\/wp-content\/uploads\/2023\/09\/Helene_Berger_Das_Bild_zeigt_eine_stilisierte_Darstellung_einer_6bed27fc-e13e-46dc-b650-5a999e77e2dd-980x980.png 980w, https:\/\/apalion.com\/wp-content\/uploads\/2023\/09\/Helene_Berger_Das_Bild_zeigt_eine_stilisierte_Darstellung_einer_6bed27fc-e13e-46dc-b650-5a999e77e2dd-480x480.png 480w\" sizes=\"(min-width: 0px) and (max-width: 480px) 480px, (min-width: 481px) and (max-width: 980px) 980px, (min-width: 981px) 1024px, 100vw\" \/><\/a><figcaption><\/figcaption><\/figure>\n\n\n\n<h2 class=\"wp-block-heading\">Ressources compl\u00e9mentaires<\/h2>\n\n\n\n<p>Pour plus d'informations et d'instructions sur la cr\u00e9ation et la gestion de sitemaps, vous pouvez consulter les ressources suivantes :<\/p>\n\n\n\n<ol class=\"wp-block-list\">\n<li><a href=\"https:\/\/www.hostinger.com\/tutorials\/what-is-a-sitemap\" target=\"_blank\" rel=\"noopener\">Qu'est-ce qu'un plan de site et pourquoi est-il important pour le SEO ? - Hostinger<\/a><\/li>\n\n\n\n<li><a href=\"https:\/\/developers.google.com\/search\/docs\/crawling-indexing\/sitemaps\/overview\" target=\"_blank\" rel=\"noopener\">Qu'est-ce qu'un plan de site | Google Search Central<\/a><\/li>\n<\/ol>\n\n\n\n<p>En approfondissant vos connaissances, vous pouvez am\u00e9liorer la pr\u00e9sence en ligne de votre site et offrir une meilleure exp\u00e9rience utilisateur.<\/p>","protected":false},"excerpt":{"rendered":"<p>In der dynamischen Welt des Internets ist es unerl\u00e4sslich, dass Websites gut organisiert und f\u00fcr Suchmaschinen leicht zug\u00e4nglich sind. Hier kommt die Sitemap ins Spiel, ein effektives Werkzeug, das als Br\u00fccke zwischen Website-Betreibern und Suchmaschinen dient. Lassen Sie uns tiefer in diese Welt eintauchen und ihre Bedeutung und Funktionsweise verstehen. Verstehen Sie mit uns warum [&hellip;]<\/p>","protected":false},"author":2,"featured_media":0,"parent":0,"menu_order":0,"comment_status":"closed","ping_status":"closed","template":"","meta":{"_acf_changed":false,"_et_pb_use_builder":"off","_et_pb_old_content":"","_et_gb_content_width":"","footnotes":""},"difl_page_category":[],"class_list":["post-1364","page","type-page","status-publish","hentry"],"acf":[],"_links":{"self":[{"href":"https:\/\/apalion.com\/fr\/wp-json\/wp\/v2\/pages\/1364","targetHints":{"allow":["GET"]}}],"collection":[{"href":"https:\/\/apalion.com\/fr\/wp-json\/wp\/v2\/pages"}],"about":[{"href":"https:\/\/apalion.com\/fr\/wp-json\/wp\/v2\/types\/page"}],"author":[{"embeddable":true,"href":"https:\/\/apalion.com\/fr\/wp-json\/wp\/v2\/users\/2"}],"replies":[{"embeddable":true,"href":"https:\/\/apalion.com\/fr\/wp-json\/wp\/v2\/comments?post=1364"}],"version-history":[{"count":0,"href":"https:\/\/apalion.com\/fr\/wp-json\/wp\/v2\/pages\/1364\/revisions"}],"wp:attachment":[{"href":"https:\/\/apalion.com\/fr\/wp-json\/wp\/v2\/media?parent=1364"}],"wp:term":[{"taxonomy":"difl_page_category","embeddable":true,"href":"https:\/\/apalion.com\/fr\/wp-json\/wp\/v2\/difl_page_category?post=1364"}],"curies":[{"name":"wp","href":"https:\/\/api.w.org\/{rel}","templated":true}]}}