{"id":1360,"date":"2023-09-06T17:36:50","date_gmt":"2023-09-06T15:36:50","guid":{"rendered":"http:\/\/staging.apalion.com\/?page_id=1360"},"modified":"2023-09-06T17:36:50","modified_gmt":"2023-09-06T15:36:50","slug":"les-backlinks-contribuent-de-maniere-determinante-a-un-seo-reussi","status":"publish","type":"page","link":"https:\/\/apalion.com\/fr\/les-backlinks-contribuent-de-maniere-determinante-a-un-seo-reussi\/","title":{"rendered":"La qualit\u00e9 des backlinks plut\u00f4t que la quantit\u00e9 : une optimisation off-page r\u00e9ussie"},"content":{"rendered":"<figure class=\"wp-block-image size-large\"><a href=\"https:\/\/apalion.com\/wp-content\/uploads\/2023\/09\/Helene_Berger_Das_Bild_zeigt_eine_visuelle_Darstellung_der_vers_e5084966-d3b5-4e7d-b694-615d9ccf94aa.png\"><img decoding=\"async\" width=\"1024\" height=\"574\" src=\"https:\/\/apalion.com\/wp-content\/uploads\/2023\/09\/Helene_Berger_Das_Bild_zeigt_eine_visuelle_Darstellung_der_vers_e5084966-d3b5-4e7d-b694-615d9ccf94aa-1024x574.png\" alt=\"Les backlinks de qualit\u00e9 sont des \u00e9l\u00e9ments essentiels de l&#039;optimisation SEO off-page.\" class=\"wp-image-1361\" title=\"\" srcset=\"https:\/\/apalion.com\/wp-content\/uploads\/2023\/09\/Helene_Berger_Das_Bild_zeigt_eine_visuelle_Darstellung_der_vers_e5084966-d3b5-4e7d-b694-615d9ccf94aa-980x549.png 980w, https:\/\/apalion.com\/wp-content\/uploads\/2023\/09\/Helene_Berger_Das_Bild_zeigt_eine_visuelle_Darstellung_der_vers_e5084966-d3b5-4e7d-b694-615d9ccf94aa-480x269.png 480w\" sizes=\"(min-width: 0px) and (max-width: 480px) 480px, (min-width: 481px) and (max-width: 980px) 980px, (min-width: 981px) 1024px, 100vw\" \/><\/a><figcaption><\/figcaption><\/figure>\n\n\n\n<h3 class=\"wp-block-heading\">Qu'est-ce que le SEO off-page et quel est le rapport avec le backlink ?<\/h3>\n\n\n\n<p>Le r\u00e9f\u00e9rencement off-page est un \u00e9l\u00e9ment indispensable du marketing moderne, qui contribue \u00e0 augmenter la visibilit\u00e9 et \u00e0 g\u00e9n\u00e9rer des leads gr\u00e2ce \u00e0 un bon classement dans les moteurs de recherche. Elle comprend toutes les mesures qui peuvent \u00eatre prises en dehors de son propre site web pour am\u00e9liorer son classement dans les r\u00e9sultats de recherche des moteurs de recherche comme Google ou Bing.<\/p>\n\n\n\n<h3 class=\"wp-block-heading\">Objectifs de l'optimisation off-page<\/h3>\n\n\n\n<p>L'objectif principal de l'optimisation off-page est de cr\u00e9er plus de pertinence, d'autorit\u00e9 et de popularit\u00e9 autour de votre pr\u00e9sence sur Internet. Il s'agit d'\u00e9mettre des recommandations pour votre site web ou votre boutique en ligne, qui soient s\u00e9rieuses et attrayantes et qui doivent \u00eatre adapt\u00e9es \u00e0 l'algorithme des moteurs de recherche.<\/p>\n\n\n\n<h3 class=\"wp-block-heading\">Comment fonctionne le r\u00e9f\u00e9rencement off-page ?<\/h3>\n\n\n\n<p>Le link building est au c\u0153ur de l'optimisation off-page. Les liens externes, \u00e9galement connus sous le nom de backlinks, signalent aux grands moteurs de recherche que votre pr\u00e9sence sur le web est de qualit\u00e9, pertinente et attractive, et qu'elle offre une valeur ajout\u00e9e aux utilisateurs. C'est pourquoi le SEO off-page a une grande influence sur l'optimisation des moteurs de recherche.<\/p>\n\n\n\n<h2 class=\"wp-block-heading\">Plus de port\u00e9e et de visibilit\u00e9 gr\u00e2ce \u00e0 une optimisation off-page cibl\u00e9e<\/h2>\n\n\n\n<h3 class=\"wp-block-heading\">Qu'est-ce que l'optimisation off-page et comment fonctionne-t-elle ?<\/h3>\n\n\n\n<p>L'optimisation off-page fait r\u00e9f\u00e9rence \u00e0 toutes les mesures qui ont lieu en dehors de votre site web afin d'am\u00e9liorer le classement de votre site dans les r\u00e9sultats des moteurs de recherche. Ces mesures peuvent aller de la cr\u00e9ation de contenus de qualit\u00e9 \u00e0 la collaboration avec des influenceurs.<\/p>\n\n\n\n<h3 class=\"wp-block-heading\">Pourquoi l'optimisation off-page est-elle importante pour le r\u00e9f\u00e9rencement ?<\/h3>\n\n\n\n<p>L'optimisation off-page est importante, car elle contribue \u00e0 \u00e9tablir la confiance et l'autorit\u00e9 de votre site web, ce qui am\u00e9liore \u00e0 son tour le classement de votre site dans les r\u00e9sultats des moteurs de recherche. C'est un processus continu qui n\u00e9cessite une planification et une mise en \u0153uvre minutieuses.<\/p>\n\n\n\n<h3 class=\"wp-block-heading\">Que sont les backlinks et comment peuvent-ils contribuer \u00e0 l'optimisation off-page ?<\/h3>\n\n\n\n<p>Les backlinks sont des liens d'autres sites web qui renvoient \u00e0 votre site web. Ils sont un facteur off-page important et peuvent contribuer \u00e0 am\u00e9liorer le classement de votre site s'ils proviennent de sites web pertinents et de qualit\u00e9.<\/p>\n\n\n\n<h3 class=\"wp-block-heading\">Comment r\u00e9ussir une optimisation off-page ?<\/h3>\n\n\n\n<p>Une optimisation off-page r\u00e9ussie n\u00e9cessite une planification et une mise en \u0153uvre minutieuses de la strat\u00e9gie, en fonction des objectifs et des besoins de votre site web. Cela implique une r\u00e9vision et une adaptation r\u00e9guli\u00e8res des tactiques afin d'obtenir le meilleur r\u00e9sultat possible.<\/p>\n\n\n\n<h3 class=\"wp-block-heading\">Quelles sont quelques tactiques efficaces pour l'optimisation off-page ?<\/h3>\n\n\n\n<p>Les tactiques efficaces pour l'optimisation off-page comprennent la cr\u00e9ation de contenus de haute qualit\u00e9 qui peuvent \u00eatre partag\u00e9s et reli\u00e9s \u00e0 d'autres sites web, la collaboration avec des influenceurs et la participation \u00e0 des communaut\u00e9s en ligne pertinentes.<\/p>\n\n\n\n<h3 class=\"wp-block-heading\">Comment mesurer le succ\u00e8s de l'optimisation off-page ?<\/h3>\n\n\n\n<p>Le succ\u00e8s de l'optimisation off-page peut \u00eatre mesur\u00e9 \u00e0 l'aide de facteurs tels que le nombre et la qualit\u00e9 des backlinks, les signaux sociaux et la visibilit\u00e9 du site web dans les r\u00e9sultats des moteurs de recherche.<\/p>\n\n\n\n<h2 class=\"wp-block-heading\">L'optimisation pour les moteurs de recherche par des experts - tout d'une seule main.<\/h2>\n\n\n\n<p>La qualit\u00e9 des liens est v\u00e9rifi\u00e9e et interpr\u00e9t\u00e9e par les moteurs de recherche. Il y a de nombreux facteurs \u00e0 prendre en compte pour le r\u00e9f\u00e9rencement off-page. Dans tous les cas, la pertinence des diff\u00e9rents th\u00e8mes est importante. Les algorithmes de Google peuvent reconna\u00eetre tr\u00e8s rapidement si les pages web qui font l'objet d'un lien ont un rapport th\u00e9matique avec le site web vers lequel elles renvoient. Si le lien est contest\u00e9, le moteur de recherche flaire rapidement une manipulation et p\u00e9nalise votre site dans le classement.<\/p>\n\n\n\n<p>Le texte du lien (ou texte d'ancrage), qui repr\u00e9sente la partie cliquable d'un lien hypertexte, est \u00e9galement un crit\u00e8re important. Les mots-cl\u00e9s et les combinaisons de termes peuvent \u00eatre utiles dans le texte du lien, mais il existe aussi d'autres possibilit\u00e9s qui plaisent aux moteurs de recherche. La position d'un lien sur le site web est \u00e9galement importante - vous voyez que le r\u00e9f\u00e9rencement off-page est une t\u00e2che vari\u00e9e pour laquelle vous devriez absolument faire appel \u00e0 un partenaire exp\u00e9riment\u00e9 et digne de confiance.<\/p>\n\n\n\n<h2 class=\"wp-block-heading\">Facteurs quantitatifs :<\/h2>\n\n\n\n<p>Plus il y a de backlinks vers une page, mieux c'est - c'est clair. Gr\u00e2ce aux backlinks, la popularit\u00e9 de votre pr\u00e9sence sur Internet augmente. Pour y parvenir, il existe de nombreuses possibilit\u00e9s et m\u00e9thodes diff\u00e9rentes. Vous devez toutefois faire attention, car Google et autres p\u00e9nalisent de nombreux types d'influence.<\/p>\n\n\n\n<h2 class=\"wp-block-heading\">Un partenaire de confiance et comp\u00e9tent<\/h2>\n\n\n\n<p>Les entreprises et les organisations qui souhaitent exploiter toutes les possibilit\u00e9s offertes par le marketing moderne gr\u00e2ce au r\u00e9f\u00e9rencement off-page devraient se faire aider par un partenaire qui conna\u00eet le domaine du r\u00e9f\u00e9rencement et qui dispose d\u00e9j\u00e0 d'une grande exp\u00e9rience.<\/p>\n\n\n\n<p>Notre soci\u00e9t\u00e9 SEO.CH AG a \u00e9t\u00e9 fond\u00e9e en 2012 d\u00e9j\u00e0. Notre particularit\u00e9 est de travailler en fonction des r\u00e9sultats. En tant que client, vous ne payez que pour les succ\u00e8s obtenus, nous avan\u00e7ons nos prestations. Vous ne payez que lorsque nous avons effectivement am\u00e9lior\u00e9 le classement dans les moteurs de recherche et que nous atteignons peu \u00e0 peu vos objectifs. Gr\u00e2ce \u00e0 notre exp\u00e9rience, nous savons que diff\u00e9rentes approches sont prometteuses pour les entreprises, mais le langage de base du SEO est le m\u00eame - et nous le parlons couramment. Nous sommes toujours pr\u00eats \u00e0 relever de nouveaux d\u00e9fis. N'h\u00e9sitez pas \u00e0 nous contacter.<\/p>\n\n\n\n<p>En utilisant les bons mots-cl\u00e9s, vous pouvez mieux atteindre votre groupe cible et augmenter le trafic sur votre site web.<\/p>\n\n\n\n<p><strong>Informations compl\u00e9mentaires :<\/strong><\/p>\n\n\n\n<ul class=\"wp-block-list\">\n<li><a href=\"https:\/\/moz.com\/learn\/seo\/backlinks\" target=\"_blank\" rel=\"noopener\">Que sont les backlinks et pourquoi sont-ils importants pour le SEO ?<\/a><\/li>\n<\/ul>","protected":false},"excerpt":{"rendered":"<p>Was ist Offpage SEO und was hat der Backlink damit zu tun ? Die Offpage SEO ist ein unverzichtbarer Bestandteil des modernen Marketings, der dazu beitr\u00e4gt, die Sichtbarkeit zu erh\u00f6hen und Leads durch ein gutes Ranking in den Suchmaschinen zu generieren. Sie beinhaltet alle Ma\u00dfnahmen, die abseits der eigenen Website ergriffen werden k\u00f6nnen, um das [&hellip;]<\/p>","protected":false},"author":2,"featured_media":0,"parent":0,"menu_order":0,"comment_status":"closed","ping_status":"closed","template":"","meta":{"_acf_changed":false,"_et_pb_use_builder":"off","_et_pb_old_content":"","_et_gb_content_width":"","footnotes":""},"difl_page_category":[],"class_list":["post-1360","page","type-page","status-publish","hentry"],"acf":[],"_links":{"self":[{"href":"https:\/\/apalion.com\/fr\/wp-json\/wp\/v2\/pages\/1360","targetHints":{"allow":["GET"]}}],"collection":[{"href":"https:\/\/apalion.com\/fr\/wp-json\/wp\/v2\/pages"}],"about":[{"href":"https:\/\/apalion.com\/fr\/wp-json\/wp\/v2\/types\/page"}],"author":[{"embeddable":true,"href":"https:\/\/apalion.com\/fr\/wp-json\/wp\/v2\/users\/2"}],"replies":[{"embeddable":true,"href":"https:\/\/apalion.com\/fr\/wp-json\/wp\/v2\/comments?post=1360"}],"version-history":[{"count":0,"href":"https:\/\/apalion.com\/fr\/wp-json\/wp\/v2\/pages\/1360\/revisions"}],"wp:attachment":[{"href":"https:\/\/apalion.com\/fr\/wp-json\/wp\/v2\/media?parent=1360"}],"wp:term":[{"taxonomy":"difl_page_category","embeddable":true,"href":"https:\/\/apalion.com\/fr\/wp-json\/wp\/v2\/difl_page_category?post=1360"}],"curies":[{"name":"wp","href":"https:\/\/api.w.org\/{rel}","templated":true}]}}