{"id":1354,"date":"2023-09-06T14:20:44","date_gmt":"2023-09-06T12:20:44","guid":{"rendered":"http:\/\/staging.apalion.com\/?page_id=1354"},"modified":"2023-09-06T14:20:44","modified_gmt":"2023-09-06T12:20:44","slug":"seo-killer-duplicate-content","status":"publish","type":"page","link":"https:\/\/apalion.com\/fr\/seo-killer-duplicate-content\/","title":{"rendered":"Contenu dupliqu\u00e9"},"content":{"rendered":"<figure class=\"wp-block-image size-large\"><a href=\"https:\/\/apalion.com\/wp-content\/uploads\/2023\/09\/Helene_Berger_Das_Bild_zeigt_eine_visuelle_Darstellung_des_Konz_0db44899-bb26-476f-adf6-c6e172cae57e.png\"><img decoding=\"async\" width=\"1024\" height=\"574\" src=\"https:\/\/apalion.com\/wp-content\/uploads\/2023\/09\/Helene_Berger_Das_Bild_zeigt_eine_visuelle_Darstellung_des_Konz_0db44899-bb26-476f-adf6-c6e172cae57e-1024x574.png\" alt=\"Duplicate content, contenu dupliqu\u00e9, le tueur de SEO\" class=\"wp-image-1358\" title=\"\" srcset=\"https:\/\/apalion.com\/wp-content\/uploads\/2023\/09\/Helene_Berger_Das_Bild_zeigt_eine_visuelle_Darstellung_des_Konz_0db44899-bb26-476f-adf6-c6e172cae57e-980x549.png 980w, https:\/\/apalion.com\/wp-content\/uploads\/2023\/09\/Helene_Berger_Das_Bild_zeigt_eine_visuelle_Darstellung_des_Konz_0db44899-bb26-476f-adf6-c6e172cae57e-480x269.png 480w\" sizes=\"(min-width: 0px) and (max-width: 480px) 480px, (min-width: 481px) and (max-width: 980px) 980px, (min-width: 981px) 1024px, 100vw\" \/><\/a><figcaption><\/figcaption><\/figure>\n\n\n\n<h2 class=\"wp-block-heading\">Que signifie le contenu dupliqu\u00e9 et comment peut-on l'\u00e9viter ?<\/h2>\n\n\n\n<p>Le contenu dupliqu\u00e9, ou en fran\u00e7ais contenu double ou dupliqu\u00e9, fait r\u00e9f\u00e9rence \u00e0 la publication de contenus identiques ou tr\u00e8s similaires sous diff\u00e9rentes URL. Il s'agit d'un probl\u00e8me tr\u00e8s r\u00e9pandu qui peut nuire consid\u00e9rablement aux performances SEO d'un site web.<\/p>\n\n\n\n<h3 class=\"wp-block-heading\">Pourquoi le contenu dupliqu\u00e9 est-il un probl\u00e8me ?<\/h3>\n\n\n\n<p>Les moteurs de recherche tels que Google s'efforcent de fournir aux utilisateurs les informations les plus pertinentes et les meilleures possibles. La pr\u00e9sence de contenus dupliqu\u00e9s va \u00e0 l'encontre de cet objectif, car les r\u00e9sultats de recherche affich\u00e9s seraient tous identiques, ce qui n'est pas tr\u00e8s convivial. C'est pourquoi un contenu unique et de qualit\u00e9 est un facteur essentiel pour l'algorithme de Google lorsqu'il \u00e9value la qualit\u00e9 d'un site web.<\/p>\n\n\n\n<h3 class=\"wp-block-heading\">Comment l'agence de r\u00e9f\u00e9rencement aide \u00e0 prot\u00e9ger vos classements<\/h3>\n\n\n\n<p>Le contenu dupliqu\u00e9 peut appara\u00eetre lorsque des contenus identiques sont pr\u00e9sents sur plusieurs sites web. Cela peut conduire \u00e0 ce que les moteurs de recherche r\u00e9trogradent les pages, voire les suppriment de leur index. Pour \u00e9viter cela, les agences de r\u00e9f\u00e9rencement proposent des services sp\u00e9cialis\u00e9s pour prot\u00e9ger votre site contre les effets n\u00e9gatifs du contenu dupliqu\u00e9.<\/p>\n\n\n\n<h4 class=\"wp-block-heading\">Contenu dupliqu\u00e9 interne<\/h4>\n\n\n\n<p>Le contenu dupliqu\u00e9 interne peut appara\u00eetre lorsque des contenus identiques sont pr\u00e9sents sur diff\u00e9rentes pages du m\u00eame site web. Cela doit \u00eatre \u00e9vit\u00e9 afin d'obtenir un bon classement aupr\u00e8s des moteurs de recherche. Il est important d'avoir une structure claire et un contenu unique sur chaque page de votre site.<\/p>\n\n\n\n<h4 class=\"wp-block-heading\">Contenu dupliqu\u00e9 dans l'e-commerce<\/h4>\n\n\n\n<p>Les sites de commerce \u00e9lectronique sont particuli\u00e8rement vuln\u00e9rables au contenu dupliqu\u00e9, car des produits similaires ont souvent des descriptions et des images similaires. Il est toutefois important de l'\u00e9viter afin de pr\u00e9server le classement SEO. Des descriptions de produits uniques et des avis de clients peuvent y contribuer.<\/p>\n\n\n\n<h4 class=\"wp-block-heading\">Comment d\u00e9tecter le contenu dupliqu\u00e9 sur les sites web de tiers ?<\/h4>\n\n\n\n<p>Il est important de d\u00e9tecter le contenu dupliqu\u00e9 sur les sites web de tiers, car il peut \u00eatre potentiellement nuisible pour votre classement SEO. Des outils comme <a href=\"https:\/\/www.copyscape.com\/\" target=\"_blank\" rel=\"noopener\">Copyscape<\/a> peuvent aider \u00e0 identifier de tels contenus et \u00e0 prendre les mesures appropri\u00e9es.<\/p>\n\n\n\n<h4 class=\"wp-block-heading\">Comment g\u00e9rer le contenu en double<\/h4>\n\n\n\n<p>Il existe plusieurs fa\u00e7ons de g\u00e9rer le contenu dupliqu\u00e9, par exemple en supprimant les pages dont le contenu est identique ou en utilisant des balises Canonical pour indiquer aux moteurs de recherche quelle page est consid\u00e9r\u00e9e comme la source originale. Cela permet de pr\u00e9server l'int\u00e9grit\u00e9 de votre site et d'obtenir un meilleur classement.<\/p>\n\n\n\n<h4 class=\"wp-block-heading\">Comment g\u00e9rer les contenus en double lorsque l'on utilise plusieurs langues<\/h4>\n\n\n\n<p>Le contenu dupliqu\u00e9 sur des sites multilingues peut \u00eatre plus difficile \u00e0 \u00e9viter, mais il existe des strat\u00e9gies telles que l'utilisation de balises hreflang rel=\u201calternate\u201c pour indiquer aux moteurs de recherche que chaque langue est une page distincte avec un contenu unique. Cela favorise une strat\u00e9gie SEO globale et am\u00e9liore l'exp\u00e9rience utilisateur pour les personnes de diff\u00e9rents pays. Dans le cas de WordPress, WPML serait par exemple un des premiers points de d\u00e9part. <\/p>\n\n\n\n<h4 class=\"wp-block-heading\">Comment se forme le contenu dupliqu\u00e9 ?<\/h4>\n\n\n\n<p>Le contenu dupliqu\u00e9 peut appara\u00eetre de diff\u00e9rentes mani\u00e8res, aussi bien en interne qu'en externe. Le contenu interne r\u00e9p\u00e9titif peut se produire lorsque votre propre site est accessible via plusieurs URL, par exemple en raison de noms de domaine ou de protocoles diff\u00e9rents. Le contenu dupliqu\u00e9 externe est le r\u00e9sultat du m\u00eame contenu sur plusieurs domaines, ce qui peut \u00eatre caus\u00e9 par la distribution de communiqu\u00e9s de presse ou le content scraping.<\/p>\n\n\n\n<p>Chez Apalion AG, nous v\u00e9rifions dans la premi\u00e8re \u00e9tape de l'optimisation pour les moteurs de recherche, \u00e0 l'aide de diff\u00e9rents outils et m\u00e9thodes d'investigation, s'il existe un contenu dupliqu\u00e9 sur vos sites web. Un \u00e9tat des lieux de la situation actuelle constitue la base de notre travail. Sur la base des donn\u00e9es disponibles et des indicateurs de performance cl\u00e9s, nous pouvons d\u00e9terminer les points \u00e0 am\u00e9liorer et d\u00e9finir les objectifs correspondants.<\/p>\n\n\n\n<h4 class=\"wp-block-heading\">Le contenu est roi et constitue un facteur de classement important pour les moteurs de recherche<\/h4>\n\n\n\n<p>Bien que le contenu dupliqu\u00e9 soit g\u00e9n\u00e9ralement consid\u00e9r\u00e9 comme n\u00e9gatif, il existe des cas o\u00f9 il peut \u00eatre n\u00e9cessaire, comme les mentions l\u00e9gales ou la r\u00e9p\u00e9tition de certains \u00e9l\u00e9ments de contenu dans les boutiques de commerce \u00e9lectronique ayant des structures similaires. Dans ces cas, il est consid\u00e9r\u00e9 comme n\u00e9cessaire par Google et n'est pas automatiquement p\u00e9nalis\u00e9.<\/p>\n\n\n\n<h4 class=\"wp-block-heading\">Comment \u00e9viter le contenu dupliqu\u00e9 ?<\/h4>\n\n\n\n<p>La pr\u00e9vention du contenu dupliqu\u00e9 commence par la cr\u00e9ation de contenus personnalis\u00e9s et la v\u00e9rification r\u00e9guli\u00e8re du contenu du site. Il existe diff\u00e9rentes solutions pour rem\u00e9dier \u00e0 ce probl\u00e8me et chacune d'entre elles n\u00e9cessite une mesure sp\u00e9cifique. Chez Apalion AG, notre \u00e9quipe d\u00e9veloppe et met en \u0153uvre la solution adapt\u00e9e \u00e0 vos d\u00e9fis sp\u00e9cifiques. L'une des meilleures options est d'\u00e9crire le texte soi-m\u00eame. C'est l'une des m\u00e9thodes les plus co\u00fbteuses. Mais elle offre la meilleure qualit\u00e9. <\/p>\n\n\n\n<figure class=\"wp-block-image size-large\"><a href=\"https:\/\/apalion.com\/wp-content\/uploads\/2023\/09\/Helene_Berger_Das_Bild_zeigt_eine_visuelle_Darstellung_des_Konz_89bd6e6b-e92b-4962-94d2-9dfb7c724473.png\"><img decoding=\"async\" width=\"1024\" height=\"574\" src=\"https:\/\/apalion.com\/wp-content\/uploads\/2023\/09\/Helene_Berger_Das_Bild_zeigt_eine_visuelle_Darstellung_des_Konz_89bd6e6b-e92b-4962-94d2-9dfb7c724473-1024x574.png\" alt=\"Duplicate content, contenu dupliqu\u00e9, le tueur de SEO\" class=\"wp-image-1357\" title=\"\" srcset=\"https:\/\/apalion.com\/wp-content\/uploads\/2023\/09\/Helene_Berger_Das_Bild_zeigt_eine_visuelle_Darstellung_des_Konz_89bd6e6b-e92b-4962-94d2-9dfb7c724473-980x549.png 980w, https:\/\/apalion.com\/wp-content\/uploads\/2023\/09\/Helene_Berger_Das_Bild_zeigt_eine_visuelle_Darstellung_des_Konz_89bd6e6b-e92b-4962-94d2-9dfb7c724473-480x269.png 480w\" sizes=\"(min-width: 0px) and (max-width: 480px) 480px, (min-width: 481px) and (max-width: 980px) 980px, (min-width: 981px) 1024px, 100vw\" \/><\/a><figcaption><\/figcaption><\/figure>\n\n\n\n<h2 class=\"wp-block-heading\">Apprendre davantage ?<\/h2>\n\n\n\n<p>Pour approfondir vos connaissances sur le contenu dupliqu\u00e9 et. Nous vous recommandons de lire les articles suivants pour approfondir vos connaissances sur les strat\u00e9gies de r\u00e9f\u00e9rencement :<\/p>\n\n\n\n<ol class=\"wp-block-list\">\n<li><a href=\"https:\/\/www.seo-suedwest.de\/\" target=\"_blank\" rel=\"noopener\">Comment \u00e9viter les contenus en double : Un guide pour les webmasters - SEO S\u00fcdwest<\/a><\/li>\n\n\n\n<li><a href=\"https:\/\/de.ryte.com\/wiki\/Duplicate_Content\" target=\"_blank\" rel=\"noopener\">Contenu dupliqu\u00e9 : comment identifier et corriger le contenu dupliqu\u00e9 - Ryte Wiki<\/a><\/li>\n\n\n\n<li><a href=\"https:\/\/www.sistrix.de\/\" target=\"_blank\" rel=\"noopener\">Identifier et g\u00e9rer correctement le contenu en double - SISTRIX<\/a><\/li>\n\n\n\n<li><a href=\"https:\/\/www.searchmetrics.com\/de\/glossar\/duplicate-content\/\" target=\"_blank\" rel=\"noopener\">Comment lutter contre le contenu dupliqu\u00e9 - Searchmetrics<\/a><\/li>\n\n\n\n<li><a href=\"https:\/\/de.ryte.com\/magazine\/duplicate-content-definition-beispiele-tipps\" target=\"_blank\" rel=\"noopener\">Contenu en double : D\u00e9finition, exemples, conseils - OnPage.org<\/a><\/li>\n<\/ol>\n\n\n\n<p>Ces articles fournissent des informations d\u00e9taill\u00e9es et des conseils pratiques pour identifier et corriger le contenu dupliqu\u00e9 afin d'am\u00e9liorer le r\u00e9f\u00e9rencement de votre site. Utilisez ces ressources pour optimiser votre site web pour les moteurs de recherche et obtenir un meilleur classement.<\/p>","protected":false},"excerpt":{"rendered":"<p>Was bedeutet Duplicate Content und wie kann man ihn verhindern? Duplicate Content, oder auf Deutsch doppelter oder duplizierter Inhalt, bezieht sich auf die Ver\u00f6ffentlichung von identischen oder sehr \u00e4hnlichen Inhalten unter verschiedenen URLs. Dies ist ein weit verbreitetes Problem, das die SEO-Performance einer Website erheblich beeintr\u00e4chtigen kann. Warum ist Duplicate Content ein Problem? Suchmaschinen wie [&hellip;]<\/p>\n","protected":false},"author":2,"featured_media":0,"parent":0,"menu_order":0,"comment_status":"closed","ping_status":"closed","template":"","meta":{"_acf_changed":false,"_et_pb_use_builder":"off","_et_pb_old_content":"","_et_gb_content_width":"","footnotes":""},"difl_page_category":[],"class_list":["post-1354","page","type-page","status-publish","hentry"],"acf":[],"_links":{"self":[{"href":"https:\/\/apalion.com\/fr\/wp-json\/wp\/v2\/pages\/1354","targetHints":{"allow":["GET"]}}],"collection":[{"href":"https:\/\/apalion.com\/fr\/wp-json\/wp\/v2\/pages"}],"about":[{"href":"https:\/\/apalion.com\/fr\/wp-json\/wp\/v2\/types\/page"}],"author":[{"embeddable":true,"href":"https:\/\/apalion.com\/fr\/wp-json\/wp\/v2\/users\/2"}],"replies":[{"embeddable":true,"href":"https:\/\/apalion.com\/fr\/wp-json\/wp\/v2\/comments?post=1354"}],"version-history":[{"count":0,"href":"https:\/\/apalion.com\/fr\/wp-json\/wp\/v2\/pages\/1354\/revisions"}],"wp:attachment":[{"href":"https:\/\/apalion.com\/fr\/wp-json\/wp\/v2\/media?parent=1354"}],"wp:term":[{"taxonomy":"difl_page_category","embeddable":true,"href":"https:\/\/apalion.com\/fr\/wp-json\/wp\/v2\/difl_page_category?post=1354"}],"curies":[{"name":"wp","href":"https:\/\/api.w.org\/{rel}","templated":true}]}}