{"id":1503,"date":"2023-09-13T02:04:40","date_gmt":"2023-09-13T00:04:40","guid":{"rendered":"https:\/\/apalion.com\/?page_id=1503"},"modified":"2023-09-13T02:04:40","modified_gmt":"2023-09-13T00:04:40","slug":"what-are-robot-meta-tags","status":"publish","type":"page","link":"https:\/\/apalion.com\/en\/was-sind-robot-meta-tags\/","title":{"rendered":"What are robot meta tags"},"content":{"rendered":"<figure class=\"wp-block-image size-large\"><a href=\"https:\/\/apalion.com\/wp-content\/uploads\/2023\/09\/Helene_Berger_Bildbeschreibung_Eine_visuelle_Darstellung_die_ze_7bc0346e-fa58-4de6-8a52-cce0b95bfc96.png\"><img decoding=\"async\" width=\"1024\" height=\"574\" src=\"https:\/\/apalion.com\/wp-content\/uploads\/2023\/09\/Helene_Berger_Bildbeschreibung_Eine_visuelle_Darstellung_die_ze_7bc0346e-fa58-4de6-8a52-cce0b95bfc96-1024x574.png\" alt=\"Robot meta tags\" class=\"wp-image-1504\" title=\"\" srcset=\"https:\/\/apalion.com\/wp-content\/uploads\/2023\/09\/Helene_Berger_Bildbeschreibung_Eine_visuelle_Darstellung_die_ze_7bc0346e-fa58-4de6-8a52-cce0b95bfc96-1024x574.png 1024w, https:\/\/apalion.com\/wp-content\/uploads\/2023\/09\/Helene_Berger_Bildbeschreibung_Eine_visuelle_Darstellung_die_ze_7bc0346e-fa58-4de6-8a52-cce0b95bfc96-980x549.png 980w, https:\/\/apalion.com\/wp-content\/uploads\/2023\/09\/Helene_Berger_Bildbeschreibung_Eine_visuelle_Darstellung_die_ze_7bc0346e-fa58-4de6-8a52-cce0b95bfc96-480x269.png 480w\" sizes=\"(min-width: 0px) and (max-width: 480px) 480px, (min-width: 481px) and (max-width: 980px) 980px, (min-width: 981px) 1024px, 100vw\" \/><\/a><figcaption><\/figcaption><\/figure>\n\n\n\n<p><\/p>\n\n\n\n<h1 class=\"wp-block-heading\">Robot meta tags<\/h1>\n\n\n\n<p>Robot meta tags are special tags that are integrated into the header area of the HTML code of a website. They play a crucial role in technical search engine optimization by giving search engines such as Google specific instructions for crawling and indexing the URL. These tags are an essential tool in building an effective web presence, as they are used in conjunction with the robots.txt file to control crawl frequency and avoid duplicate content.<\/p>\n\n\n\n<h2 class=\"wp-block-heading\">The different types of robot meta tags and their functions<\/h2>\n\n\n\n<p>At first glance, the structure of the robot meta tag may appear complex. It is therefore important to take a closer look at the various attributes behind it. The main attributes are \u201ename\u201c and \u201econtent\u201c, each of which must be assigned a specific value.<\/p>\n\n\n\n<h3 class=\"wp-block-heading\">The structure and use of the \u201ename\u201c attribute<\/h3>\n\n\n\n<p>The \u201ename\u201c attribute is responsible for ensuring that the bots and crawlers follow the instructions contained in the robots meta tag. A typical structure could look like this:<\/p>\n\n\n\n<p><\/p>\n\n\n\n<p><code>name=\"robots\"<\/code><\/p>\n\n\n\n<p>However, it is also possible to issue different commands for each crawler. For example, you could use this robots meta tag:<\/p>\n\n\n\n<p><\/p>\n\n\n\n<p><code>&lt;meta name=\"googlebot\" content=\"noindex\"&gt;<\/code><\/p>\n\n\n\n<p>prevent indexing by the Google search engine.<\/p>\n\n\n\n<h3 class=\"wp-block-heading\">The \u201econtent\u201c attribute and its meaning<\/h3>\n\n\n\n<p>The \u201econtent\u201c attribute is used to provide the user agent with specific information. The user agent is part of the HTTP header that is transmitted with a request. On the Internet, clients, such as your browser, communicate with web servers via the HTTP protocol. The user agent provides the server with certain information about the client. If the robots meta tag of a website is not specified, it remains in the default setting and is indexed regularly.<\/p>\n\n\n\n<h3 class=\"wp-block-heading\">Control of indexing by search engines<\/h3>\n\n\n\n<p>It is not necessary for every piece of content on your website to be indexed by a search engine. By using robots meta tags, you can prevent certain information from being indexed by search engines such as Google and displayed in the search results. This is achieved by including specific instructions in the source code of your website, such as<\/p>\n\n\n\n<p><\/p>\n\n\n\n<p><code>&lt;meta name=\"robots\" content=\"noindex\"&gt;<\/code><\/p>\n\n\n\n<p>This code prevents the page from appearing in the search results by storing it in the robots.txt file of your website. This file allows you to define various instructions for bots, such as the crawling frequency, the location of the sitemap or preventing the indexing of duplicate content.<\/p>\n\n\n\n<h2 class=\"wp-block-heading\">Apalion AG: Your reliable partner for SEO<\/h2>\n\n\n\n<p>At Apalion AG, we are committed to making your online presence visible and attractive to your target audience. We focus on the correct implementation and application of relevant metadata to achieve the best possible results. Our approach is not only search engine oriented, but also user friendly, with a focus on content creation and technical customization developed by people for people.<\/p>\n\n\n\n<figure class=\"wp-block-image size-large\"><a href=\"https:\/\/apalion.com\/wp-content\/uploads\/2023\/09\/Helene_Berger_Bildbeschreibung_Eine_visuelle_Darstellung_die_ze_699dd307-4e0c-41ba-8b37-5aa264bdecbd-1.png\"><img decoding=\"async\" width=\"1024\" height=\"574\" src=\"https:\/\/apalion.com\/wp-content\/uploads\/2023\/09\/Helene_Berger_Bildbeschreibung_Eine_visuelle_Darstellung_die_ze_699dd307-4e0c-41ba-8b37-5aa264bdecbd-1-1024x574.png\" alt=\"Robot meta tags\" class=\"wp-image-1505\" title=\"\" srcset=\"https:\/\/apalion.com\/wp-content\/uploads\/2023\/09\/Helene_Berger_Bildbeschreibung_Eine_visuelle_Darstellung_die_ze_699dd307-4e0c-41ba-8b37-5aa264bdecbd-1-1024x574.png 1024w, https:\/\/apalion.com\/wp-content\/uploads\/2023\/09\/Helene_Berger_Bildbeschreibung_Eine_visuelle_Darstellung_die_ze_699dd307-4e0c-41ba-8b37-5aa264bdecbd-1-980x549.png 980w, https:\/\/apalion.com\/wp-content\/uploads\/2023\/09\/Helene_Berger_Bildbeschreibung_Eine_visuelle_Darstellung_die_ze_699dd307-4e0c-41ba-8b37-5aa264bdecbd-1-480x269.png 480w\" sizes=\"(min-width: 0px) and (max-width: 480px) 480px, (min-width: 481px) and (max-width: 980px) 980px, (min-width: 981px) 1024px, 100vw\" \/><\/a><figcaption><\/figcaption><\/figure>\n\n\n\n<h3 class=\"wp-block-heading\">Learn more<\/h3>\n\n\n\n<p>We have compiled some interesting articles on this topic for you here:<\/p>\n\n\n\n<ol class=\"wp-block-list\">\n<li><a href=\"https:\/\/old.apalion.com\/effektive-seo-analyse-mit-apalion-ag\/\" data-type=\"page\" data-id=\"1371\">Robots Meta Tags: An introduction<\/a><\/li>\n\n\n\n<li><a href=\"https:\/\/www.example.com\/article2\" target=\"_blank\" rel=\"noopener\">Best practices for the <\/a><a href=\"https:\/\/old.apalion.com\/seo-selber-machen\/\" data-type=\"post\" data-id=\"1987\">Use <\/a><a href=\"https:\/\/developers.google.com\/search\/docs\/crawling-indexing\/special-tags?hl=de\" target=\"_blank\" rel=\"noopener\">from Robots Meta Tags<\/a><\/li>\n\n\n\n<li><a href=\"https:\/\/www.example.com\/article3\" target=\"_blank\" rel=\"noopener\">Technical SEO: A <\/a><a href=\"https:\/\/old.apalion.com\/gute-seo-texte-erstellen-fuer-onpage-optimierung\/\" data-type=\"page\" data-id=\"1464\">Guide <\/a><a href=\"https:\/\/developers.google.com\/search\/docs\/crawling-indexing\/robots-meta-tag?hl=de\" target=\"_blank\" rel=\"noopener\">to Robots Meta Tags<\/a><\/li>\n<\/ol>","protected":false},"excerpt":{"rendered":"<p>Robot-Meta-Tags Robot-Meta-Tags sind spezielle Tags, die in den Header-Bereich des HTML-Codes einer Webseite integriert werden. Sie spielen eine entscheidende Rolle in der technischen Suchmaschinenoptimierung, indem sie Suchmaschinen wie Google spezifische Anweisungen zum Crawlen und zur Indexierung der URL geben. Diese Tags sind ein wesentliches Werkzeug beim Aufbau einer effektiven Internetpr\u00e4senz, da sie zusammen mit der [&hellip;]<\/p>\n","protected":false},"author":2,"featured_media":0,"parent":0,"menu_order":0,"comment_status":"closed","ping_status":"closed","template":"","meta":{"_acf_changed":false,"_et_pb_use_builder":"off","_et_pb_old_content":"<!-- wp:image {\"id\":1504,\"sizeSlug\":\"large\",\"linkDestination\":\"media\"} -->\n<figure class=\"wp-block-image size-large\"><a href=\"https:\/\/apalion.com\/wp-content\/uploads\/2023\/09\/Helene_Berger_Bildbeschreibung_Eine_visuelle_Darstellung_die_ze_7bc0346e-fa58-4de6-8a52-cce0b95bfc96.png\"><img src=\"https:\/\/apalion.com\/wp-content\/uploads\/2023\/09\/Helene_Berger_Bildbeschreibung_Eine_visuelle_Darstellung_die_ze_7bc0346e-fa58-4de6-8a52-cce0b95bfc96-1024x574.png\" alt=\"Robot-Meta-Tags\" class=\"wp-image-1504\"\/><\/a><\/figure>\n<!-- \/wp:image -->\n\n<!-- wp:paragraph -->\n<p>Robot-Meta-Tags sind spezielle Tags, die in den Header-Bereich des HTML-Codes einer Webseite integriert werden. Sie spielen eine entscheidende Rolle in der technischen Suchmaschinenoptimierung, indem sie Suchmaschinen wie Google spezifische Anweisungen zum Crawlen und zur Indexierung der URL geben. Diese Tags sind ein wesentliches Werkzeug beim Aufbau einer effektiven Internetpr\u00e4senz, da sie zusammen mit der robots.txt Datei verwendet werden, um die Crawling-Frequenz zu steuern und Duplicate Content zu vermeiden.<\/p>\n<!-- \/wp:paragraph -->\n\n<!-- wp:heading -->\n<h2 class=\"wp-block-heading\">Die verschiedenen Arten von Robot-Meta-Tags und ihre Funktionen<\/h2>\n<!-- \/wp:heading -->\n\n<!-- wp:paragraph -->\n<p>Auf den ersten Blick mag der Aufbau des Robot-Meta-Tags komplex erscheinen. Daher ist es wichtig, die verschiedenen Attribute, die sich dahinter verbergen, genauer zu betrachten. Die Hauptattribute sind \u201ename\u201c und \u201econtent\u201c, die jeweils mit einem spezifischen Wert versehen werden m\u00fcssen.<\/p>\n<!-- \/wp:paragraph -->\n\n<!-- wp:heading {\"level\":3} -->\n<h3 class=\"wp-block-heading\">Der Aufbau und die Anwendung des \"name\"-Attributs<\/h3>\n<!-- \/wp:heading -->\n\n<!-- wp:paragraph -->\n<p>Das \u201ename\u201c-Attribut ist daf\u00fcr verantwortlich, dass die Bots und Crawler den im Robots Meta Tag enthaltenen Anweisungen folgen. Ein typischer Aufbau k\u00f6nnte so aussehen:<\/p>\n<!-- \/wp:paragraph -->\n\n<!-- wp:paragraph -->\n<p><\/p>\n<!-- \/wp:paragraph -->\n\n<!-- wp:paragraph -->\n<p><code>name=\"robots\"<\/code><\/p>\n<!-- \/wp:paragraph -->\n\n<!-- wp:paragraph -->\n<p>Es ist jedoch auch m\u00f6glich, unterschiedliche Befehle f\u00fcr jeden Crawler auszugeben. Zum Beispiel k\u00f6nnte die Verwendung dieses Robots Meta Tags:<\/p>\n<!-- \/wp:paragraph -->\n\n<!-- wp:paragraph -->\n<p><\/p>\n<!-- \/wp:paragraph -->\n\n<!-- wp:paragraph -->\n<p><code>&lt;meta name=\"googlebot\" content=\"noindex\"&gt;<\/code><\/p>\n<!-- \/wp:paragraph -->\n\n<!-- wp:paragraph -->\n<p>die Indexierung durch die Google-Suchmaschine verhindern.<\/p>\n<!-- \/wp:paragraph -->\n\n<!-- wp:heading {\"level\":3} -->\n<h3 class=\"wp-block-heading\">Der \"content\"-Attribut und seine Bedeutung<\/h3>\n<!-- \/wp:heading -->\n\n<!-- wp:paragraph -->\n<p>Das \u201econtent\u201c-Attribut dient dazu, dem User Agent spezifische Hinweise zu geben. Der User Agent ist ein Teil des HTTP-Headers, der bei einer Anfrage \u00fcbermittelt wird. Im Internet kommunizieren Clients, wie Ihr Browser, \u00fcber das HTTP-Protokoll mit Webservern. Der User Agent liefert dem Server bestimmte Informationen \u00fcber den Client. Wenn der Robots Meta Tag einer Webseite nicht spezifiziert ist, bleibt sie in der Standardeinstellung und wird regul\u00e4r indexiert.<\/p>\n<!-- \/wp:paragraph -->\n\n<!-- wp:heading {\"level\":3} -->\n<h3 class=\"wp-block-heading\">Kontrolle der Indexierung durch Suchmaschinen<\/h3>\n<!-- \/wp:heading -->\n\n<!-- wp:paragraph -->\n<p>Es ist nicht notwendig, dass jeder Inhalt Ihrer Website von einer Suchmaschine indexiert wird. Mit dem Einsatz von Robots Meta Tags k\u00f6nnen Sie verhindern, dass bestimmte Informationen von Suchmaschinen wie Google indexiert und in den Suchergebnissen angezeigt werden. Dies wird erreicht, indem spezifische Anweisungen im Quelltext Ihrer Website hinterlegt werden, wie zum Beispiel:<\/p>\n<!-- \/wp:paragraph -->\n\n<!-- wp:paragraph -->\n<p><\/p>\n<!-- \/wp:paragraph -->\n\n<!-- wp:paragraph -->\n<p><code>&lt;meta name=\"robots\" content=\"noindex\"&gt;<\/code><\/p>\n<!-- \/wp:paragraph -->\n\n<!-- wp:paragraph -->\n<p>Dieser Code verhindert, dass die Seite in den Suchergebnissen erscheint, indem er in der robots.txt Datei Ihrer Website hinterlegt wird. Diese Datei erm\u00f6glicht es Ihnen, verschiedene Anweisungen f\u00fcr Bots festzulegen, wie die Crawling-Frequenz, den Standort der Sitemap oder das Verhindern der Indexierung von Duplicate Content.<\/p>\n<!-- \/wp:paragraph -->\n\n<!-- wp:heading -->\n<h2 class=\"wp-block-heading\">Apalion AG: Ihr zuverl\u00e4ssiger Partner f\u00fcr SEO<\/h2>\n<!-- \/wp:heading -->\n\n<!-- wp:paragraph -->\n<p>Bei Apalion AG setzen wir uns daf\u00fcr ein, Ihre Online-Pr\u00e4senz sichtbar und attraktiv f\u00fcr Ihre Zielgruppe zu machen. Wir konzentrieren uns auf die korrekte Implementierung und Anwendung relevanter Metadaten, um die bestm\u00f6glichen Ergebnisse zu erzielen. Unser Ansatz ist nicht nur suchmaschinenorientiert, sondern auch nutzerfreundlich, mit einem Fokus auf die Erstellung von Inhalten und technischen Anpassungen, die von Menschen f\u00fcr Menschen entwickelt wurden.<\/p>\n<!-- \/wp:paragraph -->\n\n<!-- wp:image {\"id\":1505,\"sizeSlug\":\"large\",\"linkDestination\":\"media\"} -->\n<figure class=\"wp-block-image size-large\"><a href=\"https:\/\/apalion.com\/wp-content\/uploads\/2023\/09\/Helene_Berger_Bildbeschreibung_Eine_visuelle_Darstellung_die_ze_699dd307-4e0c-41ba-8b37-5aa264bdecbd-1.png\"><img src=\"https:\/\/apalion.com\/wp-content\/uploads\/2023\/09\/Helene_Berger_Bildbeschreibung_Eine_visuelle_Darstellung_die_ze_699dd307-4e0c-41ba-8b37-5aa264bdecbd-1-1024x574.png\" alt=\"Robot-Meta-Tags\" class=\"wp-image-1505\"\/><\/a><\/figure>\n<!-- \/wp:image -->\n\n<!-- wp:heading {\"level\":3} -->\n<h3 class=\"wp-block-heading\">Lernen Sie mehr<\/h3>\n<!-- \/wp:heading -->\n\n<!-- wp:paragraph -->\n<p>Wir haben hier einige interessante Artikel zum Thema f\u00fcr Sie zusammengestellt:<\/p>\n<!-- \/wp:paragraph -->\n\n<!-- wp:list {\"ordered\":true} -->\n<ol><!-- wp:list-item -->\n<li><a href=\"https:\/\/old.apalion.com\/effektive-seo-analyse-mit-apalion-ag\/\" data-type=\"page\" data-id=\"1371\">Robots Meta Tags: Eine Einf\u00fchrung<\/a><\/li>\n<!-- \/wp:list-item -->\n\n<!-- wp:list-item -->\n<li><a href=\"https:\/\/www.example.com\/article2\">Best Practices f\u00fcr die <\/a><a href=\"https:\/\/old.apalion.com\/seo-selber-machen\/\" data-type=\"post\" data-id=\"1987\">Verwendung <\/a><a href=\"https:\/\/www.example.com\/article2\">von Robots Meta Tags<\/a><\/li>\n<!-- \/wp:list-item -->\n\n<!-- wp:list-item -->\n<li><a href=\"https:\/\/www.example.com\/article3\">Technische SEO: Ein <\/a><a href=\"https:\/\/old.apalion.com\/gute-seo-texte-erstellen-fuer-onpage-optimierung\/\" data-type=\"page\" data-id=\"1464\">Leitfaden <\/a><a href=\"https:\/\/www.example.com\/article3\">zu Robots Meta Tags<\/a><\/li>\n<!-- \/wp:list-item --><\/ol>\n<!-- \/wp:list -->","_et_gb_content_width":"","footnotes":""},"difl_page_category":[],"class_list":["post-1503","page","type-page","status-publish","hentry"],"acf":[],"_links":{"self":[{"href":"https:\/\/apalion.com\/en\/wp-json\/wp\/v2\/pages\/1503","targetHints":{"allow":["GET"]}}],"collection":[{"href":"https:\/\/apalion.com\/en\/wp-json\/wp\/v2\/pages"}],"about":[{"href":"https:\/\/apalion.com\/en\/wp-json\/wp\/v2\/types\/page"}],"author":[{"embeddable":true,"href":"https:\/\/apalion.com\/en\/wp-json\/wp\/v2\/users\/2"}],"replies":[{"embeddable":true,"href":"https:\/\/apalion.com\/en\/wp-json\/wp\/v2\/comments?post=1503"}],"version-history":[{"count":0,"href":"https:\/\/apalion.com\/en\/wp-json\/wp\/v2\/pages\/1503\/revisions"}],"wp:attachment":[{"href":"https:\/\/apalion.com\/en\/wp-json\/wp\/v2\/media?parent=1503"}],"wp:term":[{"taxonomy":"difl_page_category","embeddable":true,"href":"https:\/\/apalion.com\/en\/wp-json\/wp\/v2\/difl_page_category?post=1503"}],"curies":[{"name":"wp","href":"https:\/\/api.w.org\/{rel}","templated":true}]}}