{"id":1379,"date":"2023-09-07T01:23:16","date_gmt":"2023-09-06T23:23:16","guid":{"rendered":"http:\/\/staging.apalion.com\/?page_id=1379"},"modified":"2023-09-07T01:23:16","modified_gmt":"2023-09-06T23:23:16","slug":"successful-partnership-best-seo-services","status":"publish","type":"page","link":"https:\/\/apalion.com\/en\/erfolgreiche-partnerschaft-beste-seo-leistungen\/","title":{"rendered":"Successful partnership: transparency and fairness for the best SEO services"},"content":{"rendered":"<figure class=\"wp-block-image size-large\"><a href=\"https:\/\/apalion.com\/wp-content\/uploads\/2023\/09\/Helene_Berger_Auf_diesem_Bild_sehen_wir_ein_Team_von_SEO-Expert_722cb204-a50e-4bef-b7f7-a30b4f709cce.png\"><img decoding=\"async\" width=\"1024\" height=\"574\" src=\"https:\/\/apalion.com\/wp-content\/uploads\/2023\/09\/Helene_Berger_Auf_diesem_Bild_sehen_wir_ein_Team_von_SEO-Expert_722cb204-a50e-4bef-b7f7-a30b4f709cce-1024x574.png\" alt=\"\" class=\"wp-image-1381\" title=\"\" srcset=\"https:\/\/apalion.com\/wp-content\/uploads\/2023\/09\/Helene_Berger_Auf_diesem_Bild_sehen_wir_ein_Team_von_SEO-Expert_722cb204-a50e-4bef-b7f7-a30b4f709cce-980x550.png 980w, https:\/\/apalion.com\/wp-content\/uploads\/2023\/09\/Helene_Berger_Auf_diesem_Bild_sehen_wir_ein_Team_von_SEO-Expert_722cb204-a50e-4bef-b7f7-a30b4f709cce-480x269.png 480w\" sizes=\"(min-width: 0px) and (max-width: 480px) 480px, (min-width: 481px) and (max-width: 980px) 980px, (min-width: 981px) 1024px, 100vw\" \/><\/a><figcaption><\/figcaption><\/figure>\n\n\n\n<h2 class=\"wp-block-heading\">Get in touch with us<\/h2>\n\n\n\n<p>Get in touch with us to use our specialized SEO services for your progress.<\/p>\n\n\n\n<h2 class=\"wp-block-heading\">SEO services for your website<\/h2>\n\n\n\n<h3 class=\"wp-block-heading\">Personal advice from Apalion AG<\/h3>\n\n\n\n<p>Our experts at Apalion AG are at your side personally. We work according to individual standards, with you as the business owner at the center of our efforts. Our experienced team develops customized solutions to improve your ranking. In a long-term collaboration, you will have a dedicated contact person to support you.<\/p>\n\n\n\n<h3 class=\"wp-block-heading\">Innovative customer service<\/h3>\n\n\n\n<p>You can rely on our outstanding customer service. Our offer is rounded off by an innovative way of working that is based on the latest findings. Our team always strives to stay up to date, as guidelines are constantly changing. With our agency, you won't miss any more trends.<\/p>\n\n\n\n<h3 class=\"wp-block-heading\">Importance of SEO strategies<\/h3>\n\n\n\n<p>Even the best product will only have limited success if it is not found by potential customers and gets lost in the crowd. It is therefore important to integrate relevant aspects into your marketing strategy. With relevant content, you will be found more quickly by potential customers, which ensures the profitability of your company and helps you to establish yourself as a successful entrepreneur.<\/p>\n\n\n\n<h3 class=\"wp-block-heading\">A wide range of options to increase your visibility<\/h3>\n\n\n\n<p>There are numerous options available to you to increase your visibility through our SEO services. This can be an analysis, optimized text content or a report. It requires expertise and core competencies to increase relevance. As an entrepreneur, it is not easy to fully engage with this topic, especially when other business activities take up your time.<\/p>\n\n\n\n<h3 class=\"wp-block-heading\">Cost-efficient solutions through outsourcing<\/h3>\n\n\n\n<p>To avoid additional costs, you can use our SEO services instead of hiring staff to develop a marketing strategy with relevant content. Outsourcing the work to a service provider takes the pressure off you and promotes your success at the same time. Your online presence is your business card. Our SEO services allow you to reach more target groups, which benefits your customer acquisition and increases your sales.<\/p>\n\n\n\n<h2 class=\"wp-block-heading\">Discover the secrets of successful strategies<\/h2>\n\n\n\n<h3 class=\"wp-block-heading\">Keyword strategies for the holidays<\/h3>\n\n\n\n<p>Keyword research is an essential part of any SEO strategy. The aim is to find queries, topics and terms with relatively high volume but targeted user intent. Long-tail keywords are particularly important as they receive 1.76 times more clicks in organic SERPs. They are great for informative blog posts and in-depth guides.<\/p>\n\n\n\n<h3 class=\"wp-block-heading\">Planning and optimizing content for the holidays<\/h3>\n\n\n\n<p>An effective content strategy requires careful planning and optimization. Use Google Trends to gain insights into emerging product trends and changes in consumer interest. Analyze your website data with Google Search Console and Google Analytics to identify the most effective pages and search queries.<\/p>\n\n\n\n<h2 class=\"wp-block-heading\">Customized SEO services<\/h2>\n\n\n\n<h3 class=\"wp-block-heading\">Professional SEO services for your success<\/h3>\n\n\n\n<p>To be successful, you need a competent partner. At Apalion AG, we create the foundation for your success. Since 2012, we have established ourselves as an agency for search engine optimization. Our specialized team supports you with innovative solutions to reach new milestones with your company.<\/p>\n\n\n\n<h3 class=\"wp-block-heading\">Passion for your success<\/h3>\n\n\n\n<p>At Apalion AG, we are passionate about what we do because we have a vision: to give you more success and visibility. Your projects are our projects too! We are firmly convinced that our way of working will benefit you. We support you with specialized software developed in-house to create unique SEO content that reads smoothly while increasing your visibility.<\/p>\n\n\n\n<h3 class=\"wp-block-heading\">Risk-free collaboration<\/h3>\n\n\n\n<p>You don't take any risks with us. We offer you the opportunity to carry out a free SEO check and obtain a quote to get an initial overview and determine where you need support with the SEO optimization of your web presence.<\/p>\n\n\n\n<figure class=\"wp-block-image size-large\"><a href=\"https:\/\/apalion.com\/wp-content\/uploads\/2023\/09\/Helene_Berger_Auf_diesem_Bild_sehen_wir_ein_Team_von_SEO-Expert_5bd78490-ba3c-45f7-9c5b-6c6a06dff120.png\"><img decoding=\"async\" width=\"1024\" height=\"574\" src=\"https:\/\/apalion.com\/wp-content\/uploads\/2023\/09\/Helene_Berger_Auf_diesem_Bild_sehen_wir_ein_Team_von_SEO-Expert_5bd78490-ba3c-45f7-9c5b-6c6a06dff120-1024x574.png\" alt=\"SEO services\" class=\"wp-image-1380\" title=\"\" srcset=\"https:\/\/apalion.com\/wp-content\/uploads\/2023\/09\/Helene_Berger_Auf_diesem_Bild_sehen_wir_ein_Team_von_SEO-Expert_5bd78490-ba3c-45f7-9c5b-6c6a06dff120-980x550.png 980w, https:\/\/apalion.com\/wp-content\/uploads\/2023\/09\/Helene_Berger_Auf_diesem_Bild_sehen_wir_ein_Team_von_SEO-Expert_5bd78490-ba3c-45f7-9c5b-6c6a06dff120-480x269.png 480w\" sizes=\"(min-width: 0px) and (max-width: 480px) 480px, (min-width: 481px) and (max-width: 980px) 980px, (min-width: 981px) 1024px, 100vw\" \/><\/a><figcaption><\/figcaption><\/figure>\n\n\n\n<p><strong>Learn more, we have some interesting articles on the subject here:<\/strong><\/p>\n\n\n\n<ol class=\"wp-block-list\">\n<li><a href=\"https:\/\/searchengineland.com\/this-seo-strategy-led-to-497-page-one-rankings-in-7-weeks-431627\" target=\"_blank\" rel=\"noopener\">This SEO strategy led to 497 page-one rankings in 7 weeks<\/a><\/li>\n\n\n\n<li><a href=\"https:\/\/searchengineland.com\/seo-strategy-holiday-season-431538\" target=\"_blank\" rel=\"noopener\">How to create a successful 2023 holiday season SEO strategy<\/a><\/li>\n<\/ol>\n\n\n\n<p><\/p>","protected":false},"excerpt":{"rendered":"<p>Kontaktieren Sie uns Setzen Sie sich mit uns in Kontakt, um unsere spezialisierten SEO-Leistungen f\u00fcr Ihren Fortschritt zu nutzen. SEO-Leistungen f\u00fcr Ihre Webseite Pers\u00f6nliche Beratung durch Apalion AG Unsere Experten bei Apalion AG stehen Ihnen pers\u00f6nlich zur Seite. Wir arbeiten nach individuellen Ma\u00dfst\u00e4ben, wobei Sie als Gesch\u00e4ftsinhaber im Mittelpunkt unserer Bem\u00fchungen stehen. Unser erfahrenes Team [&hellip;]<\/p>\n","protected":false},"author":2,"featured_media":0,"parent":0,"menu_order":0,"comment_status":"closed","ping_status":"closed","template":"","meta":{"_acf_changed":false,"_et_pb_use_builder":"off","_et_pb_old_content":"","_et_gb_content_width":"","footnotes":""},"difl_page_category":[],"class_list":["post-1379","page","type-page","status-publish","hentry"],"acf":[],"_links":{"self":[{"href":"https:\/\/apalion.com\/en\/wp-json\/wp\/v2\/pages\/1379","targetHints":{"allow":["GET"]}}],"collection":[{"href":"https:\/\/apalion.com\/en\/wp-json\/wp\/v2\/pages"}],"about":[{"href":"https:\/\/apalion.com\/en\/wp-json\/wp\/v2\/types\/page"}],"author":[{"embeddable":true,"href":"https:\/\/apalion.com\/en\/wp-json\/wp\/v2\/users\/2"}],"replies":[{"embeddable":true,"href":"https:\/\/apalion.com\/en\/wp-json\/wp\/v2\/comments?post=1379"}],"version-history":[{"count":0,"href":"https:\/\/apalion.com\/en\/wp-json\/wp\/v2\/pages\/1379\/revisions"}],"wp:attachment":[{"href":"https:\/\/apalion.com\/en\/wp-json\/wp\/v2\/media?parent=1379"}],"wp:term":[{"taxonomy":"difl_page_category","embeddable":true,"href":"https:\/\/apalion.com\/en\/wp-json\/wp\/v2\/difl_page_category?post=1379"}],"curies":[{"name":"wp","href":"https:\/\/api.w.org\/{rel}","templated":true}]}}